{"id":9,"date":"2012-08-09T01:22:17","date_gmt":"2012-08-09T01:22:17","guid":{"rendered":"http:\/\/Instru\u00e7\u00e3odeServi\u00e7on\u00ba01\/2012-GelabEditald"},"modified":"2023-05-24T13:03:38","modified_gmt":"2023-05-24T13:03:38","slug":"legislacao","status":"publish","type":"page","link":"https:\/\/www.cidasc.sc.gov.br\/laboratorial\/legislacao\/","title":{"rendered":"Legisla\u00e7\u00e3o"},"content":{"rendered":"\n<ul class=\"wp-block-list\">\n<li>EDITAL PARA CREDENCIAMENTO DE LABORAT\u00d3RIOS PARA REALIZA\u00c7\u00c3O DE EXAMES DE ELISA PARA DETEC\u00c7\u00c3O DE ANTICORPOS NO LEITE COM FINALIDADE DE TRIAGEM DE DIAGN\u00d3STICO DE BRUCELOSE BOVINA EM REBANHOS<\/li>\n<\/ul>\n\n\n\n<p class=\"has-text-align-left\"><a href=\"http:\/\/www.cidasc.sc.gov.br\/laboratorial\/files\/2020\/07\/Edital-001_2020_DILAB-2.pdf\">EDITAL-001_2020<\/a><\/p>\n\n\n\n<ul class=\"wp-block-list\">\n<li><span style=\"color: #191e23;background-color: #ffffff\">EDITAL PARA AUTORIZA\u00c7\u00c3O DE LABORAT\u00d3RIOS PARA REALIZA\u00c7\u00c3O DE EXAMES ELISA PARA DIAGN\u00d3STICO DE TUBERCULOSE BOVINA<\/span><\/li>\n<\/ul>\n\n\n\n<div><a href=\"http:\/\/www.cidasc.sc.gov.br\/laboratorial\/files\/2021\/09\/EDITAL-001_2019.pdf\">EDITAL-001_2019<\/a><\/div>\n\n\n\n<ul class=\"wp-block-list\">\n<li>MODELO DE REQUISI\u00c7\u00c3O ELISA LEITE DO EDITAL 001-19<\/li>\n<\/ul>\n\n\n\n<div><a href=\"http:\/\/www.cidasc.sc.gov.br\/laboratorial\/files\/2021\/09\/MODELO-DE-REQUISICAO-ELISA-BRUCELOSE-.xlsx\">MODELO DE REQUISICAO ELISA BRUCELOSE<\/a><\/div>\n\n\n\n<div>&nbsp;<\/div>\n\n\n\n<ul class=\"wp-block-list\">\n<li>INSTRUTIVO DE EXPORTA\u00c7\u00c3O DE DADOS DO BI PARA PREENCHIMENTO DA REQUISI\u00c7\u00c3O<\/li>\n<\/ul>\n\n\n\n<p><a href=\"https:\/\/drive.google.com\/file\/d\/1oQgNH_bwjGP1jJjUOTj9X4uUiJFZ65F8\/view?usp=sharing\">INSTRUTIVO REQUISI\u00c7\u00c3O ELISA BRUCELOSE<\/a><\/p>\n\n\n\n<ul class=\"wp-block-list\">\n<li>INSTRUTIVO DE NOTIFICA\u00c7\u00c3O DE SUSPEITA DE BRUCELOSE SISBRAVET &#8211; LABORAT\u00d3RIO DE VIGIL\u00c2NCIA EM LEITE<\/li>\n<\/ul>\n\n\n\n<p><a href=\"http:\/\/www.cidasc.sc.gov.br\/laboratorial\/files\/2020\/07\/Instrutivo-de-notifica\u00e7\u00e3o-de-suspeita-de-brucelose-SISBRAVET-Laborat\u00f3rio-Vigil\u00e2ncia-em-Leite-1.pdf\">INSTRUTIVO NOTIFICA\u00c7\u00c3O SISBRAVET<\/a><\/p>\n\n\n\n<p><\/p>\n","protected":false},"excerpt":{"rendered":"<p>EDITAL-001_2020 EDITAL-001_2019 MODELO DE REQUISICAO ELISA BRUCELOSE &nbsp; INSTRUTIVO REQUISI\u00c7\u00c3O ELISA BRUCELOSE INSTRUTIVO NOTIFICA\u00c7\u00c3O SISBRAVET<\/p>\n","protected":false},"author":1,"featured_media":0,"parent":0,"menu_order":0,"comment_status":"open","ping_status":"open","template":"","meta":{"footnotes":""},"class_list":["post-9","page","type-page","status-publish","hentry"],"_links":{"self":[{"href":"https:\/\/www.cidasc.sc.gov.br\/laboratorial\/wp-json\/wp\/v2\/pages\/9","targetHints":{"allow":["GET"]}}],"collection":[{"href":"https:\/\/www.cidasc.sc.gov.br\/laboratorial\/wp-json\/wp\/v2\/pages"}],"about":[{"href":"https:\/\/www.cidasc.sc.gov.br\/laboratorial\/wp-json\/wp\/v2\/types\/page"}],"author":[{"embeddable":true,"href":"https:\/\/www.cidasc.sc.gov.br\/laboratorial\/wp-json\/wp\/v2\/users\/1"}],"replies":[{"embeddable":true,"href":"https:\/\/www.cidasc.sc.gov.br\/laboratorial\/wp-json\/wp\/v2\/comments?post=9"}],"version-history":[{"count":40,"href":"https:\/\/www.cidasc.sc.gov.br\/laboratorial\/wp-json\/wp\/v2\/pages\/9\/revisions"}],"predecessor-version":[{"id":1197,"href":"https:\/\/www.cidasc.sc.gov.br\/laboratorial\/wp-json\/wp\/v2\/pages\/9\/revisions\/1197"}],"wp:attachment":[{"href":"https:\/\/www.cidasc.sc.gov.br\/laboratorial\/wp-json\/wp\/v2\/media?parent=9"}],"curies":[{"name":"wp","href":"https:\/\/api.w.org\/{rel}","templated":true}]}}