{"id":17,"date":"2012-08-10T16:45:20","date_gmt":"2012-08-10T16:45:20","guid":{"rendered":"http:\/\/Qualidade%20dos%20AlimentosProposta%20para%20o%20mecanismo%20de%20expans\u00e3o%20do%20Polvilho%20Azedo%20com%20base%20nas%20caracter\u00edsticas%20f\u00edsico%20qu\u00edmicasBioqu\u00edmica%20Maria%20Janete%20Ange"},"modified":"2017-03-30T13:52:41","modified_gmt":"2017-03-30T13:52:41","slug":"artigos","status":"publish","type":"page","link":"https:\/\/www.cidasc.sc.gov.br\/laboratorial\/artigos\/","title":{"rendered":"Artigos"},"content":{"rendered":"","protected":false},"excerpt":{"rendered":"","protected":false},"author":1,"featured_media":0,"parent":0,"menu_order":0,"comment_status":"open","ping_status":"open","template":"","meta":{"footnotes":""},"class_list":["post-17","page","type-page","status-publish","hentry"],"_links":{"self":[{"href":"https:\/\/www.cidasc.sc.gov.br\/laboratorial\/wp-json\/wp\/v2\/pages\/17","targetHints":{"allow":["GET"]}}],"collection":[{"href":"https:\/\/www.cidasc.sc.gov.br\/laboratorial\/wp-json\/wp\/v2\/pages"}],"about":[{"href":"https:\/\/www.cidasc.sc.gov.br\/laboratorial\/wp-json\/wp\/v2\/types\/page"}],"author":[{"embeddable":true,"href":"https:\/\/www.cidasc.sc.gov.br\/laboratorial\/wp-json\/wp\/v2\/users\/1"}],"replies":[{"embeddable":true,"href":"https:\/\/www.cidasc.sc.gov.br\/laboratorial\/wp-json\/wp\/v2\/comments?post=17"}],"version-history":[{"count":3,"href":"https:\/\/www.cidasc.sc.gov.br\/laboratorial\/wp-json\/wp\/v2\/pages\/17\/revisions"}],"predecessor-version":[{"id":760,"href":"https:\/\/www.cidasc.sc.gov.br\/laboratorial\/wp-json\/wp\/v2\/pages\/17\/revisions\/760"}],"wp:attachment":[{"href":"https:\/\/www.cidasc.sc.gov.br\/laboratorial\/wp-json\/wp\/v2\/media?parent=17"}],"curies":[{"name":"wp","href":"https:\/\/api.w.org\/{rel}","templated":true}]}}