{"id":7733,"date":"2022-05-06T18:20:52","date_gmt":"2022-05-06T18:20:52","guid":{"rendered":"http:\/\/www.cidasc.sc.gov.br\/inspecao\/?page_id=7733"},"modified":"2024-01-04T14:45:32","modified_gmt":"2024-01-04T14:45:32","slug":"videos-e-publicacoes","status":"publish","type":"page","link":"https:\/\/www.cidasc.sc.gov.br\/inspecao\/videos-e-publicacoes\/","title":{"rendered":"V\u00eddeos e Publica\u00e7\u00f5es"},"content":{"rendered":"\n<p class=\"has-text-align-center has-text-color has-background\" style=\"color:#ffffff;background-color:#21a675\"><strong>Publica\u00e7\u00f5es<\/strong><\/p>\n\n\n<p><strong>2019<\/strong><\/p>\n<p>Artigos Publicados na Revista Higiene Alimentar <em>Volume 33- n\u00b0288. <\/em>ANAIS, 2019, IX\u00a0 Congresso Brasileiro de Higienistas de Alimentos e XV Congresso Brasileiro de Higienistas de Alimentos.<\/p>\n<p><a href=\"http:\/\/www.cidasc.sc.gov.br\/inspecao\/files\/2022\/07\/Prevalencia.jpg\"><img loading=\"lazy\" decoding=\"async\" class=\"wp-image-7894 alignleft\" src=\"http:\/\/www.cidasc.sc.gov.br\/inspecao\/files\/2022\/07\/Prevalencia-300x67.jpg\" alt=\"\" width=\"532\" height=\"119\" srcset=\"https:\/\/www.cidasc.sc.gov.br\/inspecao\/files\/2022\/07\/Prevalencia-300x67.jpg 300w, https:\/\/www.cidasc.sc.gov.br\/inspecao\/files\/2022\/07\/Prevalencia-768x171.jpg 768w, https:\/\/www.cidasc.sc.gov.br\/inspecao\/files\/2022\/07\/Prevalencia-222x49.jpg 222w, https:\/\/www.cidasc.sc.gov.br\/inspecao\/files\/2022\/07\/Prevalencia-100x22.jpg 100w, https:\/\/www.cidasc.sc.gov.br\/inspecao\/files\/2022\/07\/Prevalencia.jpg 803w\" sizes=\"auto, (max-width: 532px) 100vw, 532px\" \/><\/a><\/p>\n<p>\u00a0<\/p>\n<p style=\"text-align: left\">\u00a0<\/p>\n<p>\u00a0<\/p>\n<p>\u00a0<\/p>\n<p><a href=\"http:\/\/www.cidasc.sc.gov.br\/inspecao\/files\/2022\/07\/PREVAL\u00caNCIA-DE-CISTICERCOSE-EM-BOVINOS-ABATIDOS-EM-MATADOUROSFRIGOR\u00cdFICOS-QUE-POSSUEM-O-SERVI\u00c7O-DE-INSPE\u00c7\u00c3O-ESTADUAL-DE-SANTA-2.pdf\"><span style=\"color: #339966\">Preval\u00eancia de Cisticercose em Bovinos Abatidos em Matadouros Frigor\u00edficos que Possuem o Servi\u00e7o de Inspe\u00e7\u00e3o Estadual de Santa Catarina<\/span><\/a><\/p>\n<p><span style=\"color: #339966\"><a style=\"color: #339966\" href=\"http:\/\/www.cidasc.sc.gov.br\/inspecao\/files\/2022\/07\/AVALIA\u00c7\u00c3O-DE-PAR\u00c2METROS-MICROBIOL\u00d3GICOS-F\u00cdSICO-QU\u00cdMICO-E-DE.pdf\">Avalia\u00e7\u00e3o de par\u00e2metros microbiol\u00f3gicos, f\u00edsico-qu\u00edmico e de rotulagem de produtos l\u00e1cteos com an\u00e1lises n\u00e3o conformes registrados no Servi\u00e7o de Inspe\u00e7\u00e3o Estadual de Santa Catarina<\/a><\/span><\/p>\n<p><span style=\"color: #339966\"><a style=\"color: #339966\" href=\"http:\/\/www.cidasc.sc.gov.br\/inspecao\/files\/2022\/07\/Poster-Congresso-Higienistas-2019-Preval\u00eancia-de-cisticercose-em-bovinos-abatidos-em-matadouros-frigor\u00edficos.pdf\">Poster Preval\u00eancia de cisticercose em bovinos abatidos em matadouros-frigor\u00edficos que possuem o Servi\u00e7o de Inspe\u00e7\u00e3o Estadual de Santa Catarina<\/a><\/span><\/p>\n<p><a href=\"http:\/\/www.cidasc.sc.gov.br\/inspecao\/files\/2022\/07\/Poster-Avalia\u00e7\u00e3o-de-par\u00e2metros-VF-05-03-2019.docx.pdf\"><span style=\"color: #339966\">Poster Avalia\u00e7\u00e3o de par\u00e2metros microbiol\u00f3gicos, f\u00edsico-qu\u00edmico e de rotulagem de produtos l\u00e1cteos com an\u00e1lises n\u00e3o conformes registrados no Servi\u00e7o de Inspe\u00e7\u00e3o Estadual de Santa Catarina<\/span><\/a><\/p>\n<p>\u00a0<\/p>\n<p><strong>2022<\/strong><\/p>\n<p>Trabalhos apresentados no XVI Congresso Brasileiro de Higienistas de Alimentos e Publicado na Revista Higiene Alimentar <em>Volume 35- n\u00b0294. <\/em>ANAIS 2022<a href=\"http:\/\/www.cidasc.sc.gov.br\/inspecao\/videos-e-publicacoes-2\/capturar-2\/\" rel=\"attachment wp-att-7752\"><img loading=\"lazy\" decoding=\"async\" class=\"alignleft wp-image-7752\" src=\"http:\/\/www.cidasc.sc.gov.br\/inspecao\/files\/2022\/05\/Capturar-1.jpg\" alt=\"\" width=\"478\" height=\"109\" srcset=\"https:\/\/www.cidasc.sc.gov.br\/inspecao\/files\/2022\/05\/Capturar-1.jpg 822w, https:\/\/www.cidasc.sc.gov.br\/inspecao\/files\/2022\/05\/Capturar-1-300x69.jpg 300w, https:\/\/www.cidasc.sc.gov.br\/inspecao\/files\/2022\/05\/Capturar-1-768x176.jpg 768w, https:\/\/www.cidasc.sc.gov.br\/inspecao\/files\/2022\/05\/Capturar-1-222x51.jpg 222w, https:\/\/www.cidasc.sc.gov.br\/inspecao\/files\/2022\/05\/Capturar-1-100x23.jpg 100w\" sizes=\"auto, (max-width: 478px) 100vw, 478px\" \/><\/a><\/p>\n<p>\u00a0<\/p>\n<p>\u00a0<\/p>\n<p>\u00a0<\/p>\n<p style=\"text-align: left\"><span style=\"color: #339966\"><a style=\"color: #339966\" href=\"http:\/\/www.cidasc.sc.gov.br\/inspecao\/files\/2022\/05\/An\u00e1lise-de-Laudos-Microbiol\u00f3gicos-de-Produtos-L\u00e1cteos-1.pdf\">An\u00e1lise de Laudos Microbiol\u00f3gicos de Produtos L\u00e1cteos<\/a><\/span><\/p>\n<p style=\"text-align: left\"><span style=\"color: #339966\"><a style=\"color: #339966\" href=\"http:\/\/www.cidasc.sc.gov.br\/inspecao\/files\/2022\/05\/An\u00e1lise-de-Laudos-F\u00edsicos-Qu\u00edmicos-de-Produtos-L\u00e1cteos.pdf\">An\u00e1lise de Laudos F\u00edsicos-Qu\u00edmicos de Produtos L\u00e1cteos<\/a><\/span><\/p>\n<p style=\"text-align: left\"><a href=\"http:\/\/www.cidasc.sc.gov.br\/inspecao\/files\/2022\/05\/An\u00e1lisesMC_L\u00e1cteos_Higienistas2022-6.pdf\"><span style=\"color: #339966\">Poster An\u00e1lises MC L\u00e1cteos Higienistas 2022<\/span><\/a><\/p>\n<p style=\"text-align: left\"><span style=\"color: #339966\"><a style=\"color: #339966\" href=\"http:\/\/www.cidasc.sc.gov.br\/inspecao\/files\/2022\/05\/An\u00e1lisesFQ_L\u00e1cteos_Higienistas2022.pdf\">Poster An\u00e1lises FQ L\u00e1cteos Higienistas 2022<\/a><\/span><\/p>\n<p><a href=\"http:\/\/www.cidasc.sc.gov.br\/inspecao\/files\/2022\/08\/avaliacao_dos_casos_de_contusoes_e_fraturas_em_bovinos_destinados_a_abatedouros_frigorificos_registrados_no_servico_de_inspecao_estadual_de_santa_catarina_no_periodo_de_2019_a_2021.pdf\">Avalia\u00e7\u00e3o dos casos de contus\u00f5es e fraturas em bovinos destinados \u00e0 abatedouros frigor\u00edficos registrados no Servi\u00e7o de Inspe\u00e7\u00e3o Estadual de Santa Catarina no per\u00edodo de 2019 a 2021<\/a><\/p>\n<p><a href=\"http:\/\/www.cidasc.sc.gov.br\/inspecao\/files\/2022\/08\/prevalencia_de_cisticercose_em_bovinos_abatidos_em_abatedouros_frigorificos_que_possuem_o_servico_de_inspecao_estadual_de_santa_catarina_durante_o_segundo_semestre_de_2021.pdf\">Preval\u00eancia de cisticercose em bovinos abatidos em abatedouros frigor\u00edficos que possuem o Servi\u00e7o de Inspe\u00e7\u00e3o Estadual de Santa Catarina durante o segundo semestre de 2021<\/a><\/p>\n<p>\u00a0<\/p>\n<p>\u00a0<\/p>\n\n\n<hr class=\"wp-block-separator has-css-opacity is-style-default\" \/>\n\n\n\n<p class=\"has-text-align-center has-text-color has-background\" style=\"color:#fff9f9;background-color:#11a06c\"><strong>V\u00eddeos<\/strong> <strong>20<\/strong>22<\/p>\n\n\n\n<p><\/p>\n\n\n\n<figure class=\"wp-block-embed is-type-video is-provider-youtube wp-block-embed-youtube wp-embed-aspect-16-9 wp-has-aspect-ratio\"><div class=\"wp-block-embed__wrapper\">\n<iframe loading=\"lazy\" title=\"Registro de Produtos de Origem Animal\" width=\"500\" height=\"281\" src=\"https:\/\/www.youtube.com\/embed\/h216s9T43e8?feature=oembed\" frameborder=\"0\" allow=\"accelerometer; autoplay; clipboard-write; encrypted-media; gyroscope; picture-in-picture; web-share\" referrerpolicy=\"strict-origin-when-cross-origin\" allowfullscreen><\/iframe>\n<\/div><figcaption class=\"wp-element-caption\">e- SISBI SGSI- Registro de Produtos de Origem Animal &#8211; Deinp<\/figcaption><\/figure>\n\n\n\n<figure class=\"wp-block-embed is-type-video is-provider-youtube wp-block-embed-youtube wp-embed-aspect-16-9 wp-has-aspect-ratio\"><div class=\"wp-block-embed__wrapper\">\n<iframe loading=\"lazy\" title=\"Registro de Produto de Origem Animal\" width=\"500\" height=\"281\" src=\"https:\/\/www.youtube.com\/embed\/5eihbL7JV54?feature=oembed\" frameborder=\"0\" allow=\"accelerometer; autoplay; clipboard-write; encrypted-media; gyroscope; picture-in-picture; web-share\" referrerpolicy=\"strict-origin-when-cross-origin\" allowfullscreen><\/iframe>\n<\/div><figcaption class=\"wp-element-caption\"> e-SISBI SGE- Registro de Produto de Origem Animal- Deinp<\/figcaption><\/figure>\n","protected":false},"excerpt":{"rendered":"<p>Publica\u00e7\u00f5es 2019 Artigos Publicados na Revista Higiene Alimentar Volume 33- n\u00b0288. ANAIS, 2019, IX\u00a0 Congresso Brasileiro de Higienistas de Alimentos e XV Congresso Brasileiro de Higienistas de Alimentos. \u00a0 \u00a0 \u00a0 \u00a0 Preval\u00eancia de Cisticercose em Bovinos Abatidos em Matadouros Frigor\u00edficos que Possuem o Servi\u00e7o de Inspe\u00e7\u00e3o Estadual de Santa Catarina Avalia\u00e7\u00e3o de par\u00e2metros microbiol\u00f3gicos,[&#8230;] <a class=\"moretag\" href=\"https:\/\/www.cidasc.sc.gov.br\/inspecao\/videos-e-publicacoes\/\">Leia mais&#8230;<\/a><\/p>\n","protected":false},"author":1,"featured_media":0,"parent":0,"menu_order":0,"comment_status":"closed","ping_status":"closed","template":"","meta":{"footnotes":""},"class_list":["post-7733","page","type-page","status-publish","hentry"],"_links":{"self":[{"href":"https:\/\/www.cidasc.sc.gov.br\/inspecao\/wp-json\/wp\/v2\/pages\/7733","targetHints":{"allow":["GET"]}}],"collection":[{"href":"https:\/\/www.cidasc.sc.gov.br\/inspecao\/wp-json\/wp\/v2\/pages"}],"about":[{"href":"https:\/\/www.cidasc.sc.gov.br\/inspecao\/wp-json\/wp\/v2\/types\/page"}],"author":[{"embeddable":true,"href":"https:\/\/www.cidasc.sc.gov.br\/inspecao\/wp-json\/wp\/v2\/users\/1"}],"replies":[{"embeddable":true,"href":"https:\/\/www.cidasc.sc.gov.br\/inspecao\/wp-json\/wp\/v2\/comments?post=7733"}],"version-history":[{"count":27,"href":"https:\/\/www.cidasc.sc.gov.br\/inspecao\/wp-json\/wp\/v2\/pages\/7733\/revisions"}],"predecessor-version":[{"id":10170,"href":"https:\/\/www.cidasc.sc.gov.br\/inspecao\/wp-json\/wp\/v2\/pages\/7733\/revisions\/10170"}],"wp:attachment":[{"href":"https:\/\/www.cidasc.sc.gov.br\/inspecao\/wp-json\/wp\/v2\/media?parent=7733"}],"curies":[{"name":"wp","href":"https:\/\/api.w.org\/{rel}","templated":true}]}}