{"id":7,"date":"2012-08-14T03:42:58","date_gmt":"2012-08-14T03:42:58","guid":{"rendered":"http:\/\/Executaservi\u00e7osdeinspe\u00e7\u00e3odeprodutosdeorigemanimal,comafinalidadedepermitiracomercializa\u00e7\u00e3odestesprodutosentremunic\u00edpiosegarantiraqualidadedosprodutosquechegamanossamesa.\u2022Inspecionacarnesederivadosemabatedouros,f\u00e1br"},"modified":"2026-04-22T14:26:54","modified_gmt":"2026-04-22T14:26:54","slug":"inspecao-de-produtos-de-origem-animal","status":"publish","type":"page","link":"https:\/\/www.cidasc.sc.gov.br\/inspecao\/","title":{"rendered":"Inspe\u00e7\u00e3o Estadual &#8211; SIE"},"content":{"rendered":"\n<hr class=\"wp-block-separator has-css-opacity\" \/>\n\n\n\n<hr class=\"wp-block-separator has-css-opacity\" \/>\n\n\n<h5>\u00a0<\/h5>\n<h5 style=\"text-align: center\"><span style=\"font-family: Arial, sans-serif;color: #000000\"><span style=\"font-size: large\"><b>Servi\u00e7o de Inspe\u00e7\u00e3o Estadual<\/b><\/span><\/span><\/h5>\n<p>&nbsp;<\/p>\n<p style=\"text-align: justify\"><span style=\"font-weight: 400\">Em Santa Catarina, a execu\u00e7\u00e3o do Servi\u00e7o de Inspe\u00e7\u00e3o Estadual (SIE) \u00e9 de responsabilidade da Companhia Integrada de Desenvolvimento Agr\u00edcola de Santa Catarina (Cidasc), delegada pela Secretaria da Agricultura e Pecu\u00e1ria de Santa Catarina (SAPE).<\/span><\/p>\n<p style=\"text-align: justify\"><span style=\"font-weight: 400\">Compete ao Departamento Estadual de Inspe\u00e7\u00e3o de Produtos de Origem Animal (Deinp) coordenar as a\u00e7\u00f5es de inspe\u00e7\u00e3o e fiscaliza\u00e7\u00e3o executadas nos estabelecimentos de inspe\u00e7\u00e3o peri\u00f3dica e permanente, registrados no SIE.<\/span><\/p>\n<p style=\"text-align: justify\"><span style=\"font-weight: 400\">O objetivo do servi\u00e7o de inspe\u00e7\u00e3o \u00e9 garantir a seguran\u00e7a dos alimentos ao consumidor, atrav\u00e9s da inspe\u00e7\u00e3o\u00a0<\/span><i><span style=\"font-weight: 400\">ante<\/span><\/i><span style=\"font-weight: 400\">\u00a0e\u00a0<\/span><i><span style=\"font-weight: 400\">post mortem<\/span><\/i><span style=\"font-weight: 400\">\u00a0dos animais e da ado\u00e7\u00e3o de medidas de controle de todo processo produtivo de alimentos de origem animal. A inspe\u00e7\u00e3o atua prevenindo a ocorr\u00eancia de zoonoses e outras doen\u00e7as veiculadas pelos alimentos e contribui para a vigil\u00e2ncia de doen\u00e7as relacionadas \u00e0 sanidade dos animais.<\/span><\/p>\n<p style=\"text-align: justify\"><span style=\"font-weight: 400\">O\u00a0 corpo t\u00e9cnico do Deinp por m\u00e9dicos veterin\u00e1rios oficiais, analisam os processos de\u00a0 solicita\u00e7\u00f5es dos interessados que almejam ter seus produtos de origem animal (carne, leite, pescado, ovos e mel) e seus derivados aptos a serem comercializados em todo o territ\u00f3rio catarinense.<\/span><\/p>\n<p style=\"text-align: justify\"><span style=\"font-weight: 400\">A inspe\u00e7\u00e3o de produtos de origem animal, sob a fiscaliza\u00e7\u00e3o de <\/span><span style=\"font-weight: 400\">m\u00e9dicos veterin\u00e1rios da Cidasc, \u00e9 realizada com o apoio de m\u00e9dicos veterin\u00e1rios vinculados a empresas credenciadas e m\u00e9dicos veterin\u00e1rios de prefeituras, que atuam por meio de conv\u00eanios firmados com a Cidasc.<\/span><\/p>\n<p style=\"text-align: justify\"><span style=\"font-weight: 400\">As a\u00e7\u00f5es dos profissionais da Cidasc compreendem, principalmente: 1) vistorias nos locais em que as ind\u00fastrias est\u00e3o ou almejam se instalar; 2) realiza\u00e7\u00e3o e aprova\u00e7\u00e3o de projetos de fluxo de produ\u00e7\u00e3o das agroind\u00fastrias; 3) realiza\u00e7\u00e3o de an\u00e1lises de processos de fabrica\u00e7\u00e3o e de rotulagem de produtos n\u00e3o regulamentados; 4) acompanhamento e fiscaliza\u00e7\u00e3o das atividades de rotina das ind\u00fastrias; 5) fiscaliza\u00e7\u00e3o e supervis\u00e3o das atividades dos m\u00e9dicos veterin\u00e1rios de apoio; 6) realiza\u00e7\u00e3o de coleta de produtos de origem animal para an\u00e1lises laboratoriais; 7) combate a fraudes e falsifica\u00e7\u00f5es de produtos; 8) combate a clandestinidade; 9) a\u00e7\u00f5es de educa\u00e7\u00e3o sanit\u00e1ria; 10) realiza\u00e7\u00e3o e\/ou apoio de pesquisas relacionadas \u00e0 produ\u00e7\u00e3o de alimentos e seguran\u00e7a dos alimentos; 11) supervis\u00e3o do SIE.<\/span><\/p>\n<p style=\"text-align: justify\"><span style=\"font-weight: 400\">O selo de inspe\u00e7\u00e3o do SIE permite a comercializa\u00e7\u00e3o em todo o territ\u00f3rio catarinense. Al\u00e9m disso, cabe destacar que o Servi\u00e7o de Inspe\u00e7\u00e3o Estadual de Santa Catarina aderiu, desde 2013, ao Sistema Brasileiro de Inspe\u00e7\u00e3o de Produtos de Origem Animal (SISBI-POA). Tal condi\u00e7\u00e3o permite que estabelecimentos com selo SIE possam comercializar sua produ\u00e7\u00e3o em todas as Unidades da Federa\u00e7\u00e3o, desde que cumpridas pelas agroind\u00fastrias as exig\u00eancias de ades\u00e3o a este sistema (SISBI).<\/span><\/p>\n<p style=\"text-align: justify\"><span style=\"font-weight: 400\">Nas pr\u00f3ximas p\u00e1ginas do site ser\u00e1 poss\u00edvel obter informa\u00e7\u00f5es sobre as coordena\u00e7\u00f5es t\u00e9cnicas estaduais do Deinp, incluindo o Selo Arte e SISBI, o funcionamento e os controles realizados pelo SIE, assim como verificar e obter as principais legisla\u00e7\u00f5es e demais normativas que regulamentam este Servi\u00e7o, por \u00e1rea t\u00e9cnica e temas.<\/span><\/p>\n<p style=\"text-align: justify\"><span style=\"font-weight: 400\">Promover a sa\u00fade p\u00fablica e auxiliar no desenvolvimento sustent\u00e1vel de empresas catarinenses \u00e9 um dever de todo cidad\u00e3o! Portanto, esfor\u00e7os conjuntos por meio das a\u00e7\u00f5es do Servi\u00e7o de Inspe\u00e7\u00e3o Estadual, participa\u00e7\u00e3o da popula\u00e7\u00e3o, inspetores, respons\u00e1veis t\u00e9cnicos e respons\u00e1veis por agroind\u00fastrias s\u00e3o fundamentais para que o direito de adquirir e consumir alimentos de origem animal seguros possa ser alcan\u00e7ado.<\/span><\/p>\n<p style=\"text-align: justify\" align=\"justify\">\n\n\n<div class=\"wp-block-buttons is-layout-flex wp-block-buttons-is-layout-flex\">\n<div class=\"wp-block-button is-style-fill\"><a class=\"wp-block-button__link has-very-dark-gray-color has-light-green-cyan-to-vivid-green-cyan-gradient-background has-text-color has-background wp-element-button\" href=\"http:\/\/www.cidasc.sc.gov.br\/inspecao\/files\/2020\/08\/folder-inspecao-estadual-de-produtos-de-origem-animal-final.pdf\" style=\"border-radius:39px\" target=\"_blank\" rel=\"noopener noreferrer\"><strong>Link: Folder Inspe\u00e7\u00e3o Estadual<\/strong><\/a><\/div>\n<\/div>\n\n\n\n<hr class=\"wp-block-separator has-css-opacity\" \/>\n\n\n\n<p class=\"has-vivid-green-cyan-color has-text-color\" style=\"font-size:19px\"><strong>ESTABELECIMENTOS SIE &#8211; ATIVOS<\/strong><\/p>\n\n\n\n<p>Esta rela\u00e7\u00e3o pode n\u00e3o representar as altera\u00e7\u00f5es documentais ocorridas nos \u00faltimos dias.<\/p>\n\n\n<ul>\n<li><strong><a href=\"https:\/\/www.cidasc.sc.gov.br\/inspecao\/files\/2026\/04\/Relacao-de-Estabelecimentos-Ativos.pdf\">Rela\u00e7\u00e3o de Estabelecimentos Ativos.pdf<\/a>\u00a0&#8211; Atualizado em 22<\/strong><strong>\/04\/2026<\/strong><\/li>\n<li><strong><a href=\"https:\/\/www.cidasc.sc.gov.br\/inspecao\/files\/2026\/04\/Relacao-de-Estabelecimentos-Ativos.xlsx\">Rela\u00e7\u00e3o de Estabelecimentos Ativos.xlsx<\/a>\u00a0&#8211; Atualizado em 22\/04\/2026<\/strong><\/li>\n<\/ul>\n\n\n<hr class=\"wp-block-separator has-css-opacity\" \/>\n\n\n\n<h4 class=\"wp-block-heading\"><strong>POP \u2013 PROCEDIMENTOS&nbsp;OPERACIONAIS PADRONIZADOS<\/strong><\/h4>\n\n\n<p align=\"justify\"><span style=\"color: #191e23\"><span style=\"font-family: Arial, sans-serif\"><span style=\"font-size: medium\">O objetivo dos POP&#8217;s \u00e9 de estabelecer os Procedimentos Operacionais Padronizados do processo de obten\u00e7\u00e3o do Servi\u00e7o de Inspe\u00e7\u00e3o Estadual (SIE).<\/span><\/span><\/span><\/p>\n<p align=\"justify\">\n\n\n<blockquote class=\"wp-block-quote has-text-align-left is-layout-flow wp-block-quote-is-layout-flow\">\n<ul class=\"wp-block-list\">\n<li>POP SIE 001 &#8211; <a href=\"https:\/\/www.cidasc.sc.gov.br\/inspecao\/pop-sie-001-versao-5-0\/\">PROCESSO DE REGISTRO DE ESTABELECIMENTOS NO SIE<\/a><br><\/li>\n<\/ul>\n\n\n\n<ul>\n<li>POP SIE 002 (Vers\u00e3o 5.0) &#8211; <a href=\"http:\/\/www.cidasc.sc.gov.br\/inspecao\/pop-sie-002-anexos\/\">REGISTRO DE R\u00d3TULOS DE PRODUTOS DE ORIGEM ANIMAL\u00a0<\/a><\/li>\n<\/ul>\n<\/blockquote>\n\n\n\n<ul class=\"wp-block-list\">\n<li>POP SIE 003 (Vers\u00e3o 10) &#8211; <a href=\"https:\/\/www.cidasc.sc.gov.br\/inspecao\/pop-sie-003-versao-10\/\">ROTEIRO DE A\u00c7\u00d5ES PARA INSPE\u00c7\u00c3O E FISCALIZA\u00c7\u00c3O NOS ESTABELECIMENTOS SOB SIE<\/a><br>\u3164<\/li>\n\n\n\n<li>POP SIE 004 &#8211; <a href=\"http:\/\/www.cidasc.sc.gov.br\/inspecao\/pop-sie-004-02-02-anexo-38-resumo-de-legislacao-de-inspecao-para-fiscalizacoes\/\">PROCESSOS DE ALTERA\u00c7\u00c3O DO&nbsp;SIE<\/a><\/li>\n<\/ul>\n\n\n\n<ul class=\"wp-block-list\">\n<li>POP SIE 005 &#8211; <a href=\"http:\/\/www.cidasc.sc.gov.br\/inspecao\/files\/2024\/11\/NT-501.2024-Revogacao-POP-SIE-005.pdf\">NOTA T\u00c9CNICA N.\u00ba 501\/2024 &#8211; REVOGA\u00c7\u00c3O DO POP SIE 005 &#8211; PROCESSOS ADMINISTRATIVOS DO SIE<\/a><br><\/li>\n<\/ul>\n\n\n\n<hr class=\"wp-block-separator has-css-opacity\" \/>\n\n\n\n<hr class=\"wp-block-separator has-css-opacity\" \/>\n\n\n\n<h4 class=\"wp-block-heading\">TAXAS<\/h4>\n\n\n<ul>\n<li><a href=\"http:\/\/www.cidasc.sc.gov.br\/inspecao\/files\/2020\/05\/01.-TAXA-CIDASC.pdf\">Taxa de Vigil\u00e2ncia Sanit\u00e1ria Animal<\/a><\/li>\n<\/ul>\n\n\n<hr class=\"wp-block-separator has-css-opacity\" \/>\n\n\n\n<hr class=\"wp-block-separator has-css-opacity\" \/>\n\n\n\n<h4 class=\"wp-block-heading\"> <strong>MANUAIS DO SI<\/strong>E<\/h4>\n\n\n\n<hr class=\"wp-block-separator has-css-opacity\" \/>\n\n\n\n<hr class=\"wp-block-separator has-css-opacity\" \/>\n\n\n\n<h4 class=\"wp-block-heading\">PROGRAMA DE PROTE\u00c7\u00c3O JUR\u00cdDICO-SANIT\u00c1RIA<\/h4>\n\n\n<ul>\n<li><a href=\"http:\/\/www.cidasc.sc.gov.br\/inspecao\/files\/2025\/04\/Manual-de-Operacoes-POA.pdf\">Manual de Fiscaliza\u00e7\u00e3o &#8211; Programa de Prote\u00e7\u00e3o Jur\u00eddico-Sanit\u00e1ria<\/a><\/li>\n<\/ul>\n<ul>\n<li><a href=\"http:\/\/www.cidasc.sc.gov.br\/inspecao\/files\/2020\/05\/04.-ANEXO-QUESTION\u00c1RIO-A-EQUIPE-DE-FISCALIZA\u00c7\u00c3O.pdf\">Anexo &#8211; Question\u00e1rio \u00e0 ser Preenchido pela Equipe de Fiscaliza\u00e7\u00e3o<\/a><\/li>\n<\/ul>\n<ul>\n<li><a href=\"http:\/\/www.cidasc.sc.gov.br\/inspecao\/files\/2020\/05\/05.-2016-Termo-de-coopera\u00e7\u00e3o-T\u00e9cnica_048_2016_publicadoDOEMPSC_n1791_21-07-2016-1.pdf\">Termo de coopera\u00e7\u00e3o T\u00e9cnica n\u00ba 048\/2016<\/a><\/li>\n<\/ul>\n\n\n<hr class=\"wp-block-separator has-alpha-channel-opacity is-style-default\" \/>\n\n\n\n<hr class=\"wp-block-separator has-alpha-channel-opacity is-style-wide\" \/>\n\n\n\n<h4 class=\"wp-block-heading has-text-align-left\"><\/h4>\n","protected":false},"excerpt":{"rendered":"<p>\u00a0 Servi\u00e7o de Inspe\u00e7\u00e3o Estadual &nbsp; Em Santa Catarina, a execu\u00e7\u00e3o do Servi\u00e7o de Inspe\u00e7\u00e3o Estadual (SIE) \u00e9 de responsabilidade da Companhia Integrada de Desenvolvimento Agr\u00edcola de Santa Catarina (Cidasc), delegada pela Secretaria da Agricultura e Pecu\u00e1ria de Santa Catarina (SAPE). Compete ao Departamento Estadual de Inspe\u00e7\u00e3o de Produtos de Origem Animal (Deinp) coordenar as[&#8230;] <a class=\"moretag\" href=\"https:\/\/www.cidasc.sc.gov.br\/inspecao\/\">Leia mais&#8230;<\/a><\/p>\n","protected":false},"author":1,"featured_media":6241,"parent":0,"menu_order":0,"comment_status":"open","ping_status":"open","template":"","meta":{"footnotes":""},"class_list":["post-7","page","type-page","status-publish","has-post-thumbnail","hentry"],"_links":{"self":[{"href":"https:\/\/www.cidasc.sc.gov.br\/inspecao\/wp-json\/wp\/v2\/pages\/7","targetHints":{"allow":["GET"]}}],"collection":[{"href":"https:\/\/www.cidasc.sc.gov.br\/inspecao\/wp-json\/wp\/v2\/pages"}],"about":[{"href":"https:\/\/www.cidasc.sc.gov.br\/inspecao\/wp-json\/wp\/v2\/types\/page"}],"author":[{"embeddable":true,"href":"https:\/\/www.cidasc.sc.gov.br\/inspecao\/wp-json\/wp\/v2\/users\/1"}],"replies":[{"embeddable":true,"href":"https:\/\/www.cidasc.sc.gov.br\/inspecao\/wp-json\/wp\/v2\/comments?post=7"}],"version-history":[{"count":926,"href":"https:\/\/www.cidasc.sc.gov.br\/inspecao\/wp-json\/wp\/v2\/pages\/7\/revisions"}],"predecessor-version":[{"id":12515,"href":"https:\/\/www.cidasc.sc.gov.br\/inspecao\/wp-json\/wp\/v2\/pages\/7\/revisions\/12515"}],"wp:featuredmedia":[{"embeddable":true,"href":"https:\/\/www.cidasc.sc.gov.br\/inspecao\/wp-json\/wp\/v2\/media\/6241"}],"wp:attachment":[{"href":"https:\/\/www.cidasc.sc.gov.br\/inspecao\/wp-json\/wp\/v2\/media?parent=7"}],"curies":[{"name":"wp","href":"https:\/\/api.w.org\/{rel}","templated":true}]}}