{"id":5290,"date":"2020-06-19T19:31:49","date_gmt":"2020-06-19T19:31:49","guid":{"rendered":"http:\/\/www.cidasc.sc.gov.br\/inspecao\/?page_id=5290"},"modified":"2025-11-26T17:26:34","modified_gmt":"2025-11-26T17:26:34","slug":"credenciadas","status":"publish","type":"page","link":"https:\/\/www.cidasc.sc.gov.br\/inspecao\/credenciadas\/","title":{"rendered":"Credenciadas"},"content":{"rendered":"\n<hr class=\"wp-block-separator has-css-opacity\" \/>\n\n\n\n<hr class=\"wp-block-separator has-css-opacity\" \/>\n\n\n<\/p>\n<p style=\"text-align: center\"><strong>Servi\u00e7o de Inspe\u00e7\u00e3o &#8211; CREDENCIADAS<\/strong><\/p>\n<p align=\"justify\"><span style=\"font-family: Arial, sans-serif\"><span style=\"font-size: medium\">A partir do ano de 2011, o Servi\u00e7o de inspe\u00e7\u00e3o de Produtos de Origem Animal do Estado de Santa Catarina (SIE-SC) adotou o sistema de credenciamento de empresas, associa\u00e7\u00f5es e cooperativas para realiza\u00e7\u00e3o do servi\u00e7o de inspe\u00e7\u00e3o industrial e sanit\u00e1ria de produtos de origem animal em estabelecimentos registrados no SIE.<\/span><\/span><\/p>\n<p align=\"justify\"><span style=\"font-family: Arial, sans-serif\"><span style=\"font-size: medium\"> O credenciamento das empresas e entidades \u00e9 regido pelo edital de credenciamento Cidasc 001\/2018, o qual possui regras e normas a serem seguidas, al\u00e9m de descrever e normatizar a documenta\u00e7\u00e3o necess\u00e1ria para o credenciamento.<\/span><\/span><\/p>\n<p align=\"justify\"><span style=\"font-family: Arial, sans-serif\"><span style=\"font-size: medium\"> Na aus\u00eancia de m\u00e9dicos veterin\u00e1rios vinculados \u00e0 Cidasc por meio de conv\u00eanios firmados com prefeituras, as empresas e entidades credenciadas na Cidasc, prestam o servi\u00e7o de inspe\u00e7\u00e3o de produtos de origem animal por meio de M\u00e9dicos Veterin\u00e1rios habilitados, treinados e capacitados para realiza\u00e7\u00e3o da inspe\u00e7\u00e3o de produtos de origem animal.<\/span><\/span><\/p>\n<p align=\"justify\"><span style=\"font-family: Arial, sans-serif\"><span style=\"font-size: medium\"> A Cidasc, neste processo, atua controlando e fiscalizando as a\u00e7\u00f5es e procedimentos das empresas credenciadas e dos M\u00e9dicos Veterin\u00e1rios habilitados que atuam nos estabelecimentos SIE.<\/span><\/span><\/p>\n<p align=\"justify\"><a name=\"_GoBack\"><\/a> <span style=\"font-family: Arial, sans-serif\"><span style=\"font-size: medium\"> Esta estrat\u00e9gia, de credenciamento, tem sido modelo para outras Unidades da Federa\u00e7\u00e3o, empreendida com o objetivo de assegurar a identidade e seguran\u00e7a higi\u00eanico-sanit\u00e1ria dos produtos de origem animal destinados aos consumidores.<\/span><\/span><\/p>\n<p align=\"justify\"><span style=\"font-family: Arial, sans-serif\"><span style=\"font-size: medium\">A seguir s\u00e3o apresentadas as Empresas Credenciadas para a Inspe\u00e7\u00e3o de Produtos de Origem Animal, conforme o Edital 01\/2018:<\/span><\/span><\/p>\n<p align=\"justify\"><span style=\"font-family: Arial, sans-serif\"><span style=\"font-size: medium\">&nbsp;<\/span><\/span><\/p>\n\n\n<h4 class=\"wp-block-heading has-text-align-center\"><strong>EMPRESAS CREDENCIADAS PARA INSPE\u00c7\u00c3O DE PRODUTOS DE ORIGEM ANIMAL \u2013 CONFORME EDITAL 01\/2018<\/strong><\/h4>\n\n\n\n<p><\/p>\n\n\n\n<hr class=\"wp-block-separator has-css-opacity\" \/>\n\n\n\n<figure class=\"wp-block-table is-style-stripes\"><table class=\"has-background has-fixed-layout\" style=\"background-color:#e7f5fe\"><tbody><tr><td class=\"has-text-align-center\" data-align=\"center\"><strong>CRED<\/strong><\/td><td class=\"has-text-align-center\" data-align=\"center\"><strong>NOME<\/strong><\/td><td class=\"has-text-align-center\" data-align=\"center\"><strong>ENDERE\u00c7O<\/strong><\/td><td class=\"has-text-align-center\" data-align=\"center\"><strong>CNPJ<\/strong><\/td><td class=\"has-text-align-center\" data-align=\"center\"><strong>RESPONS\u00c1VEL<\/strong><\/td><td class=\"has-text-align-center\" data-align=\"center\"><strong>TEL<\/strong><\/td><td class=\"has-text-align-center\" data-align=\"center\"><strong>SITE\/E-MAIL<\/strong><\/td><\/tr><tr><td class=\"has-text-align-center\" data-align=\"center\"><br><br>1<br><br><\/td><td class=\"has-text-align-center\" data-align=\"center\"><br><br>ALIMENTE &#8211; CONSULTORIA E ASSESSORIA AGROPECU\u00c1RIA LTDA<br><br><\/td><td class=\"has-text-align-center\" data-align=\"center\"><br><br>Rua Sete de Setembro, 525 \u2013 AP 303 \u2013 Presidente M\u00e9dice &#8211; 89801-140 \u2013 Chapec\u00f3<br><br><\/td><td class=\"has-text-align-center\" data-align=\"center\"><br><br>30.941.414\/0001-86<br><br><\/td><td class=\"has-text-align-center\" data-align=\"center\"><br><br>Tain\u00e1 Carolina Bor\u00e7a<br><br><\/td><td class=\"has-text-align-center\" data-align=\"center\"><br><br>(49) 99916-7037<br><br><\/td><td class=\"has-text-align-center\" data-align=\"center\"><br><br>tainaborca@gmail.com<br><br><\/td><\/tr><tr><td class=\"has-text-align-center\" data-align=\"center\"><br><br>4<br><br><\/td><td class=\"has-text-align-center\" data-align=\"center\"><br><br>COOPERATIVA SUL CATARINENSE DE INSPE\u00c7\u00c3O SANIT\u00c1RIA E CONSULTORIA EM ESTABELECIMENTOS DE PRODUTOS DE ORIGEM ANIMAL \u2013 COOPERSULVE<br><br><\/td><td class=\"has-text-align-center\" data-align=\"center\"><br><br>Rua Albino Mondardo, S\/N\u00ba \u2013 S\u00e3o Bento \u2013 88865-000 \u2013 Nova Veneza<br><br><\/td><td class=\"has-text-align-center\" data-align=\"center\"><br><br>27.191.175\/0001-80<br><br><\/td><td class=\"has-text-align-center\" data-align=\"center\"><br><br>Ronaldo Luiz Mondardo<br><br><\/td><td class=\"has-text-align-center\" data-align=\"center\"><br><br>(48) 99689-5378 (48) 98833-5557<br><br><\/td><td class=\"has-text-align-center\" data-align=\"center\"><br><br>ronaldomondardonv@hotmail.com<br><br><\/td><\/tr><tr><td class=\"has-text-align-center\" data-align=\"center\"><br><br>5<br><br><\/td><td class=\"has-text-align-center\" data-align=\"center\"><br><br>UNITECNO &#8211; COOPERATIVA DE TRABALHO DE PROFISSIONAIS E SERVI\u00c7OS TECNOL\u00d3GICOS<br><br><\/td><td class=\"has-text-align-center\" data-align=\"center\"><br><br>Rua Travessa Lamonatto, 67 \u2013 Centro \u2013 89700-000 \u2013 Conc\u00f3rdia<br><br><\/td><td class=\"has-text-align-center\" data-align=\"center\"><br><br>02.696.637\/0001-90<br><br><\/td><td class=\"has-text-align-center\" data-align=\"center\"><br><br>Jaime F. S. Costa<br><br><\/td><td class=\"has-text-align-center\" data-align=\"center\"><br><br>(49) 3444-5315<br><br><\/td><td class=\"has-text-align-center\" data-align=\"center\"><br><br>escritorio@unitecno.com.br<br><br><\/td><\/tr><tr><td class=\"has-text-align-center\" data-align=\"center\">6<\/td><td class=\"has-text-align-center\" data-align=\"center\">UNIDADE CENTRAL DAS AGROIND\u00daSTRIAS FAMILIARES RURAIS DO OESTE CATARINENSE \u2013 UCAF<\/td><td class=\"has-text-align-center\" data-align=\"center\">Rua Porto Alegre, 223 E<br>Sala 602 \u2013 89802-132 \u2013 Chapec\u00f3<\/td><td class=\"has-text-align-center\" data-align=\"center\">03.629.435\/0001-98<\/td><td class=\"has-text-align-center\" data-align=\"center\">Neusa Terzinha Bergamin<\/td><td class=\"has-text-align-center\" data-align=\"center\">(49) 3322-0154<\/td><td class=\"has-text-align-center\" data-align=\"center\">ucaf@ucaf.org.br<\/td><\/tr><tr><td class=\"has-text-align-center\" data-align=\"center\">8<br><br><\/td><td class=\"has-text-align-center\" data-align=\"center\">COOPERATIVA DE TRABALHO DOS INSPETORES INDEPENDENTES DE PRODUTOS DE ORIGEM ANIMAL \u2013 CIIA<\/td><td class=\"has-text-align-center\" data-align=\"center\">Travessa Germano Magrin, 100 \u2013 Centro \u2013 88802-090 \u2013 Crici\u00fama<\/td><td class=\"has-text-align-center\" data-align=\"center\">23.390.417\/0001-03<\/td><td class=\"has-text-align-center\" data-align=\"center\">Luiz Felipe Zanette<\/td><td class=\"has-text-align-center\" data-align=\"center\">(48) 99945-5353<\/td><td class=\"has-text-align-center\" data-align=\"center\">daf.ciia@gmail.com \/ &nbsp;secretario.ciia@gmail.com<\/td><\/tr><tr><td class=\"has-text-align-center\" data-align=\"center\"><br><br>9<br><br><\/td><td class=\"has-text-align-center\" data-align=\"center\"><br><br>COOPERATIVA DE TRABALHO DOS M\u00c9DICOS VETERIN\u00c1RIOS DE SANTA CATARINA \u2013 UNIMEV\/SC<br><br><\/td><td class=\"has-text-align-center\" data-align=\"center\"><br><br>Rod. Ademar Gonzaga, 755 \u2013 Itacorubi \u2013 7\u00b0 andar \u2013 88034 -000 \u2013 Florian\u00f3polis<br><br><\/td><td class=\"has-text-align-center\" data-align=\"center\"><br><br>00.742.631\/0001-86<br><br><\/td><td class=\"has-text-align-center\" data-align=\"center\"><br><br>Geraldo Bach<br><br><\/td><td class=\"has-text-align-center\" data-align=\"center\"><br><br>(48) 3334-0009<br><br><\/td><td class=\"has-text-align-center\" data-align=\"center\"><br><br>unimev@unimev.coop.br<br><br><\/td><\/tr><tr><td class=\"has-text-align-center\" data-align=\"center\">10<\/td><td class=\"has-text-align-center\" data-align=\"center\"><br><br>BARBOSA CONSULTORIA VETERIN\u00c1RIA, TESTES E ANALISES TECNICAS EM PRODUTOS DE ORIGEM ANIMAL EIRELI (Quality Assessoria Veterin\u00e1ria)&nbsp;<br><br><\/td><td class=\"has-text-align-center\" data-align=\"center\"><br><br>Rua Santa Luzia, 100 &#8211; Sala 414 &#8211; 88036-540 &#8211; Trindade &#8211; Florian\u00f3polis<br><br><\/td><td class=\"has-text-align-center\" data-align=\"center\"><br><br>15.296.439\/0001-80<br><br><\/td><td class=\"has-text-align-center\" data-align=\"center\"><br><br>Roni Tadeu Naschenveng Barbosa<br><br><\/td><td class=\"has-text-align-center\" data-align=\"center\"><br><br>(48) 99128-2811 \/ (48) 3364-3227<br><br><\/td><td class=\"has-text-align-center\" data-align=\"center\"><br><br>qualityveterinaria.adm@gmail.com<br><br><\/td><\/tr><tr><td class=\"has-text-align-center\" data-align=\"center\"><br><br>14<br><br><\/td><td class=\"has-text-align-center\" data-align=\"center\"><br><br>COOPERATIVA DE TRABALHO DE M\u00c9DICOS VETERIN\u00c1RIOS DO SUL \u2013 COMVETSUL<br><br><\/td><td class=\"has-text-align-center\" data-align=\"center\"><br><br>Rua Os\u00f3rio Galdino da Rosa, 139 \u2013 Vila Jos\u00e9 Naz\u00e1rio \u2013 8874-000 \u2013 Armaz\u00e9m<br><br><\/td><td class=\"has-text-align-center\" data-align=\"center\"><br><br>37.441.307\/0001-38<br><br><\/td><td class=\"has-text-align-center\" data-align=\"center\"><br><br>Priscila Braga de Souza<br><br><\/td><td class=\"has-text-align-center\" data-align=\"center\"><br><br>(48) 98813-4946<br><br><\/td><td class=\"has-text-align-center\" data-align=\"center\"><br><br>comvetsul@gmail.com<br><br><\/td><\/tr><tr><td class=\"has-text-align-center\" data-align=\"center\">16<\/td><td class=\"has-text-align-center\" data-align=\"center\">i-PAC TECNOLOGIA DE GEST\u00c3O DE QUALIDADE<\/td><td class=\"has-text-align-center\" data-align=\"center\">Rua Florian\u00f3polis, 2801, Sala 02 &#8211; Pioneiro &#8211; 89870-000 &#8211;<br>Pinhalzinho<\/td><td class=\"has-text-align-center\" data-align=\"center\">35.543.802\/0001-22<\/td><td class=\"has-text-align-center\" data-align=\"center\">Marlise Ortmeier Nalin<\/td><td class=\"has-text-align-center\" data-align=\"center\">(49) 98828-2424<\/td><td class=\"has-text-align-center\" data-align=\"center\">marlise.nalin@siosi.com.br<\/td><\/tr><tr><td class=\"has-text-align-center\" data-align=\"center\">18<\/td><td class=\"has-text-align-center\" data-align=\"center\">Consultoria Alisafe Ltda<\/td><td class=\"has-text-align-center\" data-align=\"center\">Avenida Santos Dumon, n\u00b0 1665, Santa B\u00e1rbara &#8211; 88.804-342 -Crici\u00fama\/SC<\/td><td class=\"has-text-align-center\" data-align=\"center\">44.516.937\/0001-90<\/td><td class=\"has-text-align-center\" data-align=\"center\">Morgana Pozzolo<\/td><td class=\"has-text-align-center\" data-align=\"center\">(48) 99632-9276<\/td><td class=\"has-text-align-center\" data-align=\"center\">consultoria.alisafe@gmail.com<\/td><\/tr><tr><td class=\"has-text-align-center\" data-align=\"center\">20<\/td><td class=\"has-text-align-center\" data-align=\"center\">MEDVTAL &#8211; ASSIST\u00caNCIA M\u00c9DICA VETERIN\u00c1RIA NA TECNOLOGIA DE ALIMENTOS LTDA<\/td><td class=\"has-text-align-center\" data-align=\"center\">Rua Paraguai, 272, Vila Moema &#8211; 88.705-876 &#8211; Tubar\u00e3o\/SC<\/td><td class=\"has-text-align-center\" data-align=\"center\">61.966.696\/0001-08<\/td><td class=\"has-text-align-center\" data-align=\"center\">Vit\u00f3ria Cargnin Vargas<\/td><td class=\"has-text-align-center\" data-align=\"center\">(48) 9976-5332<\/td><td class=\"has-text-align-center\" data-align=\"center\">MEDVTAL@GMAIL.COM<\/td><\/tr><\/tbody><\/table><\/figure>\n\n\n\n<p style=\"font-size:19px\"><strong>LEGISLA\u00c7\u00c3O<\/strong><\/p>\n\n\n\n<div class=\"wp-block-columns is-layout-flex wp-container-core-columns-is-layout-9d6595d7 wp-block-columns-is-layout-flex\">\n<div class=\"wp-block-column is-layout-flow wp-block-column-is-layout-flow\">\n<p><strong>DOCUMENTO<\/strong><\/p>\n<\/div>\n\n\n\n<div class=\"wp-block-column is-layout-flow wp-block-column-is-layout-flow\">\n<p><strong>DESCRI\u00c7\u00c3O<\/strong><\/p>\n<\/div>\n<\/div>\n\n\n\n<figure class=\"wp-block-table is-style-stripes\"><table class=\"has-fixed-layout\"><thead><tr><th class=\"has-text-align-left\" data-align=\"left\"><br>INSTRU\u00c7\u00c3O NORMATIVA<\/th><th><br><\/th><\/tr><\/thead><tbody><tr><td class=\"has-text-align-left\" data-align=\"left\"><a href=\"http:\/\/www.cidasc.sc.gov.br\/inspecao\/files\/2012\/08\/Instru%C3%A7%C3%A3o-Normativa-002-2014.pdf\">Instru\u00e7\u00e3o Normativa CIDASC n\u00ba 002\/2014<\/a><\/td><td>Normas de habilita\u00e7\u00e3o de inspetores credenciados<\/td><\/tr><\/tbody><tfoot><tr><td class=\"has-text-align-left\" data-align=\"left\"><br><br><\/td><td><\/td><\/tr><\/tfoot><\/table><\/figure>\n\n\n\n<p><strong>INSTRU\u00c7\u00c3O DE SERVI\u00c7O &#8211;  CIDASC\/DEINP<\/strong><\/p>\n\n\n\n<figure class=\"wp-block-table is-style-stripes\"><table class=\"has-fixed-layout\"><thead><tr><th class=\"has-text-align-left\" data-align=\"left\"><\/th><th><\/th><\/tr><\/thead><tbody><tr><td class=\"has-text-align-left\" data-align=\"left\"><a href=\"http:\/\/www.cidasc.sc.gov.br\/inspecao\/files\/2020\/06\/03.-IS-006.2019-Orienta\u00e7\u00f5es-sobre-processos-relacionados-ao-Edital-de-Credenciamento-01.2018.pdf\">Instru\u00e7\u00e3o de Servi\u00e7o DEINP n\u00ba 06\/2019<\/a><\/td><td>Orienta\u00e7\u00f5es \u2013 Controle Credenciadas e M\u00e9dicos Veterin\u00e1rio Habilitado<\/td><\/tr><\/tbody><tfoot><tr><td class=\"has-text-align-left\" data-align=\"left\"><br><\/td><td><\/td><\/tr><\/tfoot><\/table><\/figure>\n\n\n\n<hr class=\"wp-block-separator has-css-opacity\" \/>\n\n\n\n<hr class=\"wp-block-separator has-css-opacity\" \/>\n\n\n\n<p style=\"font-size:19px\"><strong>EDITAL DE CREDENCIAMENTO<\/strong><\/p>\n\n\n\n<figure class=\"wp-block-table is-style-stripes\"><table class=\"has-fixed-layout\"><tbody><tr><td><a href=\"http:\/\/www.cidasc.sc.gov.br\/inspecao\/files\/2019\/06\/Edital-de-credencimaneto-RETIFICADO-vers%C3%A3o-INTEGRAL-publica%C3%A7%C3%A3o.pdf\">Edital DEINP n\u00ba 001\/2018 &#8211; Retificado em 25 de junho de 2019<\/a><\/td><td>Credenciamento de empresas, cooperativas e associa\u00e7\u00f5es para a realiza\u00e7\u00e3o do servi\u00e7o de inspe\u00e7\u00e3o industrial e sanit\u00e1ria de produtos de origem animal<\/td><\/tr><tr><td><a href=\"http:\/\/www.cidasc.sc.gov.br\/inspecao\/files\/2024\/03\/Anexos-Edital-de-Credenciamento-001_2018-atualizado_2024.pdf\">Anexos &#8211; Edital de Credenciamento 001\/2018<\/a><\/td><td>Anexos do edital de credenciamento N\u00ba 001\/2018 &#8211; Atualizado em 2024 <strong>(pdf)<\/strong><\/td><\/tr><tr><td><a href=\"http:\/\/www.cidasc.sc.gov.br\/inspecao\/files\/2024\/03\/Anexos-Edital-de-Credenciamento-001_2018-atualizado_2024.docx\">Anexos &#8211; Edital de Credenciamento 001\/2018<\/a><\/td><td>Anexos do edital de credenciamento N\u00ba 001\/2018 &#8211; Atualizado em 2024 <strong>(edit\u00e1vel)<\/strong><\/td><\/tr><\/tbody><\/table><\/figure>\n\n\n\n<hr class=\"wp-block-separator has-css-opacity\" \/>\n\n\n\n<hr class=\"wp-block-separator has-css-opacity\" \/>\n\n\n\n<figure class=\"wp-block-table is-style-stripes\"><table class=\"has-fixed-layout\"><thead><tr><th class=\"has-text-align-left\" data-align=\"left\">NOTA T\u00c9CNICA E DOCUMENTOS<\/th><th><\/th><\/tr><\/thead><tbody><tr><td class=\"has-text-align-left\" data-align=\"left\"><a href=\"http:\/\/www.cidasc.sc.gov.br\/inspecao\/files\/2020\/07\/NT-145-Esclarecimentos-credenciadas-fluxo-documental-VF-13-06-2020.pdf\">Nota T\u00e9cnica DEINP n\u00ba 145\/2020<\/a><\/td><td>Esclarecimento credenciadas \u2013 fluxo documental \u2013 contratos e demais documentos pertinentes<\/td><\/tr><tr><td class=\"has-text-align-left\" data-align=\"left\"><a href=\"http:\/\/www.cidasc.sc.gov.br\/inspecao\/files\/2020\/08\/200-NT-200.2020-Esclarecimentos-relat\u00f3rios-mensais-MVH-Credenciadas-VF.pdf\">Nota T\u00e9cnica DEINP n\u00ba 200\/2020<\/a><\/td><td>Esclarecimentos &#8211; relat\u00f3rios mensais &#8211; MVH &#8211; Credenciadas<\/td><\/tr><tr><td class=\"has-text-align-left\" data-align=\"left\"><a href=\"http:\/\/www.cidasc.sc.gov.br\/inspecao\/files\/2021\/03\/044-NT-044.2021-Orienta\u00e7\u00f5es-sobre-eventuais-quebras-de-contrato-com-credenciadas-VF.pdf\">Nota T\u00e9cnica DEINP n\u00ba 44\/2021<\/a><\/td><td>Orienta\u00e7\u00f5es para rescis\u00e3o de contratos &#8211; credenciadas<\/td><\/tr><\/tbody><tfoot><tr><td class=\"has-text-align-left\" data-align=\"left\"><\/td><td><\/td><\/tr><\/tfoot><\/table><\/figure>\n\n\n\n<hr class=\"wp-block-separator has-css-opacity\" \/>\n\n\n\n<hr class=\"wp-block-separator has-css-opacity\" \/>\n\n\n\n<p><\/p>\n","protected":false},"excerpt":{"rendered":"<p>Servi\u00e7o de Inspe\u00e7\u00e3o &#8211; CREDENCIADAS A partir do ano de 2011, o Servi\u00e7o de inspe\u00e7\u00e3o de Produtos de Origem Animal do Estado de Santa Catarina (SIE-SC) adotou o sistema de credenciamento de empresas, associa\u00e7\u00f5es e cooperativas para realiza\u00e7\u00e3o do servi\u00e7o de inspe\u00e7\u00e3o industrial e sanit\u00e1ria de produtos de origem animal em estabelecimentos registrados no SIE.[&#8230;] <a class=\"moretag\" href=\"https:\/\/www.cidasc.sc.gov.br\/inspecao\/credenciadas\/\">Leia mais&#8230;<\/a><\/p>\n","protected":false},"author":17,"featured_media":0,"parent":0,"menu_order":0,"comment_status":"closed","ping_status":"closed","template":"","meta":{"footnotes":""},"class_list":["post-5290","page","type-page","status-publish","hentry"],"_links":{"self":[{"href":"https:\/\/www.cidasc.sc.gov.br\/inspecao\/wp-json\/wp\/v2\/pages\/5290","targetHints":{"allow":["GET"]}}],"collection":[{"href":"https:\/\/www.cidasc.sc.gov.br\/inspecao\/wp-json\/wp\/v2\/pages"}],"about":[{"href":"https:\/\/www.cidasc.sc.gov.br\/inspecao\/wp-json\/wp\/v2\/types\/page"}],"author":[{"embeddable":true,"href":"https:\/\/www.cidasc.sc.gov.br\/inspecao\/wp-json\/wp\/v2\/users\/17"}],"replies":[{"embeddable":true,"href":"https:\/\/www.cidasc.sc.gov.br\/inspecao\/wp-json\/wp\/v2\/comments?post=5290"}],"version-history":[{"count":129,"href":"https:\/\/www.cidasc.sc.gov.br\/inspecao\/wp-json\/wp\/v2\/pages\/5290\/revisions"}],"predecessor-version":[{"id":12144,"href":"https:\/\/www.cidasc.sc.gov.br\/inspecao\/wp-json\/wp\/v2\/pages\/5290\/revisions\/12144"}],"wp:attachment":[{"href":"https:\/\/www.cidasc.sc.gov.br\/inspecao\/wp-json\/wp\/v2\/media?parent=5290"}],"curies":[{"name":"wp","href":"https:\/\/api.w.org\/{rel}","templated":true}]}}