{"id":5274,"date":"2020-06-19T18:34:22","date_gmt":"2020-06-19T18:34:22","guid":{"rendered":"http:\/\/www.cidasc.sc.gov.br\/inspecao\/?page_id=5274"},"modified":"2026-03-17T13:17:26","modified_gmt":"2026-03-17T13:17:26","slug":"sisbi","status":"publish","type":"page","link":"https:\/\/www.cidasc.sc.gov.br\/inspecao\/sisbi\/","title":{"rendered":"SISBI"},"content":{"rendered":"\n<hr class=\"wp-block-separator has-css-opacity\" \/>\n\n\n\n<hr class=\"wp-block-separator has-css-opacity\" \/>\n\n\n<p align=\"justify\">\n<p style=\"text-align: center\" align=\"justify\"><strong>Servi\u00e7o de Inspe\u00e7\u00e3o &#8211; SISBI<\/strong><\/p>\n<p align=\"justify\"><span style=\"font-family: Arial, sans-serif\"><span style=\"font-size: medium\">O Sistema Brasileiro de Inspe\u00e7\u00e3o de Produtos de Origem Animal (SISBI-POA), faz parte do Sistema Unificado de Aten\u00e7\u00e3o a Sanidade Agropecu\u00e1ria (SUASA), que tem como objetivo padronizar e harmonizar os procedimentos de inspe\u00e7\u00e3o de produtos de origem animal para garantir a inocuidade e seguran\u00e7a alimentar.<\/span><\/span><\/p>\n<p align=\"justify\"><span style=\"font-family: Arial, sans-serif\"><span style=\"font-size: medium\">O&nbsp;SISBI&nbsp;possibilita a equival\u00eancia do servi\u00e7o de inspe\u00e7\u00e3o do Estado, Munic\u00edpios e seus cons\u00f3rcios, com o Servi\u00e7o de Inspe\u00e7\u00e3o Federal (SIF). A equival\u00eancia dos servi\u00e7os de inspe\u00e7\u00e3o promove a sa\u00fade p\u00fablica, o combate a clandestinidade, a seguran\u00e7a e qualidade dos alimentos de origem animal, bem como contribui para o fortalecimento e desenvolvimento do setor agropecu\u00e1rio catarinense.<\/span><\/span><\/p>\n<p align=\"justify\"><span style=\"font-family: Arial, sans-serif\"><span style=\"font-size: medium\">O&nbsp;SISBI&nbsp;traz a possibilidade, para os estabelecimentos de produtos de origem animal registrados nos Servi\u00e7os de Inspe\u00e7\u00e3o Estaduais, Municipais e seus cons\u00f3rcios, ampliarem a comercializa\u00e7\u00e3o de seus produtos em todo o territ\u00f3rio nacional. <\/span><\/span><\/p>\n<p align=\"justify\"><a name=\"_GoBack\"><\/a> <span style=\"font-family: Arial, sans-serif\"><span style=\"font-size: medium\">A ades\u00e3o dos servi\u00e7os de inspe\u00e7\u00e3o dos Estados, dos Munic\u00edpios e cons\u00f3rcios de Munic\u00edpios ao SISBI\/POA \u00e9 volunt\u00e1ria. Estabelecimentos registrados nos Servi\u00e7os de Inspe\u00e7\u00e3o Estaduais e Municipais, para aderirem ao SISBI, s\u00e3o supervisionados e auditados, com padr\u00f5es e crit\u00e9rios, sendo que somente estabelecimentos que atingem a excel\u00eancia no processo de elabora\u00e7\u00e3o de mat\u00e9rias primas e produtos, al\u00e9m de seguirem as determina\u00e7\u00f5es dos \u00f3rg\u00e3os competentes e comprovarem a equival\u00eancia com o sistema de inspe\u00e7\u00e3o federal \u00e9 que conseguem a ades\u00e3o ao SISBI.<\/span><\/span><\/p>\n<p class=\"western\" align=\"justify\"><span style=\"font-family: Arial, sans-serif\"><span style=\"font-size: medium\"><span style=\"color: #222222\">A seguir encontram-se os estabelecimentos aderidos ao SISBI-POA:<\/span><\/span><\/span><\/p>\n<p align=\"justify\">\n\n\n<h2 class=\"wp-block-heading has-text-align-center\"><strong>ESTABELECIMENTOS ADERIDOS AO SISBI-POA&nbsp;<\/strong><\/h2>\n\n\n\n<hr class=\"wp-block-separator has-alpha-channel-opacity\" \/>\n\n\n\n<ul class=\"wp-block-list\">\n<li><strong><a href=\"https:\/\/www.cidasc.sc.gov.br\/inspecao\/files\/2026\/03\/Relacao-de-Estabelecimentos-Ativos-1.pdf\">Rela\u00e7\u00e3o de Estabelecimentos Ativos.pdf<\/a>\u00a0\u2013 Atualizado em 17<\/strong><strong>\/03\/2026<\/strong><\/li>\n\n\n\n<li><strong><a href=\"https:\/\/www.cidasc.sc.gov.br\/inspecao\/files\/2026\/03\/Relacao-de-Estabelecimentos-Ativos-1.xlsx\">Rela\u00e7\u00e3o de Estabelecimentos Ativos.xlsx<\/a>\u00a0\u2013 Atualizado em 17\/03\/2026<\/strong><\/li>\n<\/ul>\n\n\n\n<p>Obs: Esta rela\u00e7\u00e3o pode n\u00e3o representar as altera\u00e7\u00f5es documentais ocorridas nos \u00faltimos dias.<\/p>\n\n\n\n<hr class=\"wp-block-separator has-css-opacity\" \/>\n\n\n\n<hr class=\"wp-block-separator has-css-opacity\" \/>\n\n\n\n<p style=\"font-size:19px\"><strong>LEGISLA\u00c7\u00c3O<\/strong><\/p>\n\n\n\n<div class=\"wp-block-columns is-layout-flex wp-container-core-columns-is-layout-9d6595d7 wp-block-columns-is-layout-flex\">\n<div class=\"wp-block-column is-layout-flow wp-block-column-is-layout-flow\">\n<p><strong>DOCUMENTO<\/strong><\/p>\n<\/div>\n\n\n\n<div class=\"wp-block-column is-layout-flow wp-block-column-is-layout-flow\">\n<p><strong>DESCRI\u00c7\u00c3O<\/strong><\/p>\n<\/div>\n<\/div>\n\n\n\n<figure class=\"wp-block-table is-style-stripes\"><table class=\"has-fixed-layout\"><tbody><tr><td><a href=\"http:\/\/www.cidasc.sc.gov.br\/inspecao\/files\/2019\/08\/LEI-N%C2%BA-8.171-DE-17-DE-JANEIRO-DE-1991-Pol%C3%ADtica-Agr%C3%ADcola.pdf\">Lei n\u00ba 8.171 de 17 de janeiro de 1991<\/a><\/td><td>Pol\u00edtica agr\u00edcola<\/td><\/tr><tr><td><a href=\"http:\/\/www.cidasc.sc.gov.br\/inspecao\/files\/2019\/08\/LEI-N%C2%BA-9.712-DE-20-DE-NOVEMBRO-DE-1998-Defesa-Agropecuaria.pdf\">Lei n\u00ba 9.712 de 20 de novembro de 1998<\/a><\/td><td>Defesa agropecu\u00e1ria<\/td><\/tr><tr><td><a href=\"https:\/\/www.cidasc.sc.gov.br\/inspecao\/files\/2026\/02\/Programa-de-Trabalho-Novo-CIDASC-_versao-2.pdf\">Programa de Trabalho eSISBI\/2026<\/a><\/td><td>Programa de Trabalho<\/td><\/tr><\/tbody><\/table><\/figure>\n\n\n\n<hr class=\"wp-block-separator has-alpha-channel-opacity\" \/>\n\n\n\n<h3 class=\"wp-block-heading\">PORTARIAS<\/h3>\n\n\n\n<hr class=\"wp-block-separator has-alpha-channel-opacity\" \/>\n\n\n\n<figure class=\"wp-block-table is-style-stripes\"><table class=\"has-fixed-layout\"><tbody><tr><td class=\"has-text-align-left\" data-align=\"left\"><a href=\"http:\/\/www.cidasc.sc.gov.br\/inspecao\/files\/2024\/02\/PORTARIA-MAPA-No-73-DE-16-DE-MAIO-DE-2013.pdf\">Portaria MAPA n.\u00ba 73, de 16 de maio de 2013<\/a><br><br><a href=\"http:\/\/www.cidasc.sc.gov.br\/inspecao\/files\/2024\/02\/Portaria-MAPA-n\u00b0-73-de-16-de-maio-de-2013-DIARIO-OFICIAL-DA-UNIAO.pdf\">Di\u00e1rio Oficial da Uni\u00e3o &#8211; Portaria MAPA n\u00b0 73 &#8211; 16.05.2013<\/a><\/td><td>Reconhece a equival\u00eancia do Servi\u00e7o de Inspe\u00e7\u00e3o de Produtos de Origem Animal.<\/td><\/tr><tr><td class=\"has-text-align-left\" data-align=\"left\"><a href=\"http:\/\/www.cidasc.sc.gov.br\/inspecao\/files\/2024\/10\/PORTARIA-MAPA-No-672-DE-8-DE-ABRIL-DE-2024-PORTARIA-MAPA-No-672-DE-8-DE-ABRIL-DE-2024-DOU-Imprensa-Nacional-1.pdf\">Portaria MAPA n.\u00ba 672, de 8 de abril de 2024<\/a><\/td><td>Estabelece os procedimentos de cadastro no Sistema de Gest\u00e3o de Servi\u00e7os de Inspe\u00e7\u00e3o (e-Sisbi), as diretrizes e as regras de transi\u00e7\u00e3o para a integra\u00e7\u00e3o de Servi\u00e7os de Inspe\u00e7\u00e3o ao Sistema Brasileiro de Inspe\u00e7\u00e3o de Produtos de Origem Animal (Sisbi-Poa).<\/td><\/tr><\/tbody><tfoot><tr><td class=\"has-text-align-left\" data-align=\"left\"><\/td><td><\/td><\/tr><\/tfoot><\/table><\/figure>\n\n\n\n<hr class=\"wp-block-separator has-alpha-channel-opacity\" \/>\n\n\n\n<h3 class=\"wp-block-heading\">FORMUL\u00c1RIOS<\/h3>\n\n\n\n<hr class=\"wp-block-separator has-alpha-channel-opacity\" \/>\n\n\n\n<figure class=\"wp-block-table is-style-stripes\"><table class=\"has-fixed-layout\"><tbody><tr><td>Formul\u00e1rio (pdf)<\/td><td><a href=\"http:\/\/www.cidasc.sc.gov.br\/inspecao\/files\/2018\/01\/Requerimento-Ades%C3%A3o-ao-SISBI.pdf\">Requerimento de Ades\u00e3o ao SISBI\/POA<\/a><\/td><\/tr><tr><td>Formul\u00e1rio (word)<\/td><td><a href=\"http:\/\/www.cidasc.sc.gov.br\/inspecao\/files\/2018\/01\/Requerimento-Ades%C3%A3o-ao-SISBI.odt\">Requerimento de Ades\u00e3o ao SISBI\/POA<\/a><\/td><\/tr><\/tbody><\/table><\/figure>\n\n\n\n<hr class=\"wp-block-separator has-css-opacity\" \/>\n\n\n\n<h3 class=\"wp-block-heading\">NOTAS T\u00c9CNICAS E DOCUMENTOS<\/h3>\n\n\n\n<hr class=\"wp-block-separator has-alpha-channel-opacity\" \/>\n\n\n\n<figure class=\"wp-block-table is-style-stripes\"><table class=\"has-fixed-layout\"><tbody><tr><td><a href=\"http:\/\/www.cidasc.sc.gov.br\/inspecao\/files\/2020\/12\/NT-277_inclus\u00e3o-prod-e-SISBI_2020-VF.pdf\"><\/a><a href=\"http:\/\/www.cidasc.sc.gov.br\/inspecao\/files\/2020\/12\/NT-277_inclus\u00e3o-prod-e-SISBI_2020-VF.pdf\">Nota T\u00e9cnica DEINP n\u00ba 277\/2020<\/a><br><\/td><td>Inclus\u00e3o de produtos no sistema e-SISBI<\/td><\/tr><tr><td><a href=\"https:\/\/www.cidasc.sc.gov.br\/inspecao\/files\/2025\/05\/NT-017.2025-Formulario-Cadastro-Estabelecimentos-e-SISBI.pdf\">Nota T\u00e9cnica DEINP n.\u00ba 17\/2025<\/a><\/td><td>Preenchimento de formul\u00e1rio &#8211; cadastro estabelecimentos SIE no e-SISBI <\/td><\/tr><tr><td><a href=\"http:\/\/www.cidasc.sc.gov.br\/inspecao\/files\/2021\/11\/320-NT-320.2021-Orienta\u00e7\u00f5es-avalia\u00e7\u00e3o-produtos-eSISBI.docx-1.pdf\">Nota T\u00e9cnica DEINP n\u00ba 320\/2021<\/a><\/td><td>Padroniza\u00e7\u00e3o de procedimentos \u2013 e-SISBI &#8211; avalia\u00e7\u00e3o de produtos<\/td><\/tr><tr><td><a href=\"http:\/\/www.cidasc.sc.gov.br\/inspecao\/files\/2022\/05\/Nota-T\u00e9cnica-n\u00b0-166-2022.pdf\">Nota T\u00e9cnica DEINP n\u00b0 166\/2022<\/a><\/td><td>Checklist para inser\u00e7\u00e3o de r\u00f3tulos na plataforma e-SISBI &#8211; Vers\u00e3o 1.0 e orienta\u00e7\u00f5es<\/td><\/tr><tr><td><a href=\"https:\/\/www.cidasc.sc.gov.br\/inspecao\/files\/2026\/02\/NT-001_2026_CIDASC_DEINP_COSIS-1.pdf\">Nota T\u00e9cnica DEINP n\u00ba 001\/2026<\/a><\/td><td>Recebimento de produto, por estabelecimento registrado no SIE, oriundo de entrepostos\/estabelecimentos com registro na vigil\u00e2ncia sanit\u00e1ria.<\/td><\/tr><tr><td><a href=\"https:\/\/www.cidasc.sc.gov.br\/inspecao\/files\/2026\/02\/NT-002_2026_CIDASC_DEINP_COSIS.pdf\">Nota T\u00e9cnica DEINP n\u00ba 002\/2026<\/a><\/td><td>Revoga\u00e7\u00e3o das Notas T\u00e9cnicas 35\/2021, 140\/2021 e 15\/2022.<\/td><\/tr><\/tbody><\/table><\/figure>\n\n\n\n<hr class=\"wp-block-separator has-css-opacity\" \/>\n\n\n\n<hr class=\"wp-block-separator has-css-opacity\" \/>\n","protected":false},"excerpt":{"rendered":"<p>Servi\u00e7o de Inspe\u00e7\u00e3o &#8211; SISBI O Sistema Brasileiro de Inspe\u00e7\u00e3o de Produtos de Origem Animal (SISBI-POA), faz parte do Sistema Unificado de Aten\u00e7\u00e3o a Sanidade Agropecu\u00e1ria (SUASA), que tem como objetivo padronizar e harmonizar os procedimentos de inspe\u00e7\u00e3o de produtos de origem animal para garantir a inocuidade e seguran\u00e7a alimentar. O&nbsp;SISBI&nbsp;possibilita a equival\u00eancia do servi\u00e7o[&#8230;] <a class=\"moretag\" href=\"https:\/\/www.cidasc.sc.gov.br\/inspecao\/sisbi\/\">Leia mais&#8230;<\/a><\/p>\n","protected":false},"author":17,"featured_media":0,"parent":0,"menu_order":0,"comment_status":"closed","ping_status":"closed","template":"","meta":{"footnotes":""},"class_list":["post-5274","page","type-page","status-publish","hentry"],"_links":{"self":[{"href":"https:\/\/www.cidasc.sc.gov.br\/inspecao\/wp-json\/wp\/v2\/pages\/5274","targetHints":{"allow":["GET"]}}],"collection":[{"href":"https:\/\/www.cidasc.sc.gov.br\/inspecao\/wp-json\/wp\/v2\/pages"}],"about":[{"href":"https:\/\/www.cidasc.sc.gov.br\/inspecao\/wp-json\/wp\/v2\/types\/page"}],"author":[{"embeddable":true,"href":"https:\/\/www.cidasc.sc.gov.br\/inspecao\/wp-json\/wp\/v2\/users\/17"}],"replies":[{"embeddable":true,"href":"https:\/\/www.cidasc.sc.gov.br\/inspecao\/wp-json\/wp\/v2\/comments?post=5274"}],"version-history":[{"count":318,"href":"https:\/\/www.cidasc.sc.gov.br\/inspecao\/wp-json\/wp\/v2\/pages\/5274\/revisions"}],"predecessor-version":[{"id":12458,"href":"https:\/\/www.cidasc.sc.gov.br\/inspecao\/wp-json\/wp\/v2\/pages\/5274\/revisions\/12458"}],"wp:attachment":[{"href":"https:\/\/www.cidasc.sc.gov.br\/inspecao\/wp-json\/wp\/v2\/media?parent=5274"}],"curies":[{"name":"wp","href":"https:\/\/api.w.org\/{rel}","templated":true}]}}