{"id":5258,"date":"2020-06-19T16:55:24","date_gmt":"2020-06-19T16:55:24","guid":{"rendered":"http:\/\/www.cidasc.sc.gov.br\/inspecao\/?page_id=5258"},"modified":"2025-11-18T12:12:22","modified_gmt":"2025-11-18T12:12:22","slug":"mel","status":"publish","type":"page","link":"https:\/\/www.cidasc.sc.gov.br\/inspecao\/mel\/","title":{"rendered":"Mel"},"content":{"rendered":"\n<hr class=\"wp-block-separator has-css-opacity\" \/>\n\n\n\n<hr class=\"wp-block-separator has-css-opacity\" \/>\n\n\n<\/p>\n<p style=\"text-align: center\"><strong>Servi\u00e7o de Inspe\u00e7\u00e3o &#8211; MEL<\/strong><\/p>\n<p align=\"justify\"><span style=\"color: #000000\"><span style=\"font-family: Arial, sans-serif\">Entende-se por mel o produto aliment\u00edcio produzido pelas abelhas mel\u00edferas, a partir do n\u00e9ctar das flores ou das secre\u00e7\u00f5es procedentes de partes vivas das plantas ou de excre\u00e7\u00f5es de insetos sugadores de seiva. As abelhas recolhem, transformam e combinam com subst\u00e2ncias espec\u00edficas pr\u00f3prias, armazenam e deixam madurar nos favos da colmeia. <\/span><\/span><\/p>\n<p align=\"justify\"><span style=\"color: #000000\"><span style=\"font-family: Arial, sans-serif\">Dessa forma, o mel n\u00e3o pode sofrer nenhuma altera\u00e7\u00e3o na sua composi\u00e7\u00e3o e deve obrigatoriamente seguir as normativas de que definem suas caracter\u00edsticas.<\/span><\/span><\/p>\n<p align=\"justify\"><span style=\"color: #000000\"><span style=\"font-family: Arial, sans-serif\">Os estabelecimentos de produtos de abelhas e derivados s\u00e3o classificados em:<\/span><\/span><\/p>\n<p align=\"justify\"><span style=\"color: #000000\"><span style=\"font-family: Arial, sans-serif\">I &#8211;&nbsp; unidade de beneficiamento de produtos de abelhas<\/span><\/span><\/p>\n<p align=\"justify\"><span style=\"color: #000000\"><span style=\"font-family: Arial, sans-serif\">Os produtores rurais devem manter atualizado o seu cadastro no Servi\u00e7o Oficial, sendo em Santa Catarina este cadastro realizado pela Cidasc.<\/span><\/span><\/p>\n<p align=\"justify\"><span style=\"color: #000000\"><span style=\"font-family: Arial, sans-serif\">Os produtos de abelhas sem ferr\u00e3o devem ser procedentes de criadouros, na forma de melipon\u00e1rios, autorizados pelo \u00f3rg\u00e3o ambiental competente.<\/span><\/span><\/p>\n<p align=\"justify\"><span style=\"color: #000000\"><span style=\"font-family: Arial, sans-serif\">Os produtos de abelhas s\u00e3o aqueles elaborados por elas sem qualquer est\u00edmulo de alimenta\u00e7\u00e3o artificial capaz de alterar sua composi\u00e7\u00e3o original, sendo eles: mel, p\u00f3len, geleia real, pr\u00f3polis, cera de abelhas, apitoxina, mel de abelhas em ferr\u00e3o, p\u00f3len de abelhas em ferr\u00e3o e pr\u00f3polis de abelhas em ferr\u00e3o.<\/span><\/span><\/p>\n<p align=\"justify\"><span style=\"color: #000000\"><span style=\"font-family: Arial, sans-serif\">Os derivados de produtos de abelhas s\u00e3o aqueles elaborados com produtos de abelhas, com adi\u00e7\u00e3o ou n\u00e3o de ingredientes permitidos. <\/span><\/span><\/p>\n<p align=\"right\"><span style=\"font-family: Times New Roman, serif\"><span style=\"color: #000000\"><span style=\"font-family: Arial, sans-serif\"><i>Fonte:<\/i><\/span><\/span> <span style=\"color: #000000\"><span style=\"font-family: Arial, sans-serif\"><i>Instru\u00e7\u00e3o Normativa n\u00ba 11, de 20\/10\/2000<\/i><\/span><\/span><span style=\"color: #000000\"><span style=\"font-family: Arial, sans-serif\"> e <\/span><\/span><span style=\"color: #000000\"><span style=\"font-family: Arial, sans-serif\"><i>Decreto 9.013 de 29\/03\/2017.<\/i><\/span><\/span><\/span><\/p>\n<\/p>\n\n\n<hr class=\"wp-block-separator has-css-opacity\" \/>\n\n\n\n<hr class=\"wp-block-separator has-css-opacity\" \/>\n\n\n\n<p style=\"font-size:19px\"><strong>LEGISLA\u00c7\u00c3O<\/strong><\/p>\n\n\n\n<div class=\"wp-block-columns is-layout-flex wp-container-core-columns-is-layout-9d6595d7 wp-block-columns-is-layout-flex\">\n<div class=\"wp-block-column is-layout-flow wp-block-column-is-layout-flow\">\n<p><strong>DOCUMENTO<\/strong><\/p>\n<\/div>\n\n\n\n<div class=\"wp-block-column is-layout-flow wp-block-column-is-layout-flow\">\n<p><strong>DESCRI\u00c7\u00c3O<\/strong><\/p>\n<\/div>\n<\/div>\n\n\n\n<figure class=\"wp-block-table is-style-stripes\"><table class=\"has-fixed-layout\"><thead><tr><th class=\"has-text-align-left\" data-align=\"left\">DECRETO<\/th><th><\/th><\/tr><\/thead><tbody><tr><td class=\"has-text-align-left\" data-align=\"left\"><br><a href=\"http:\/\/www.cidasc.sc.gov.br\/inspecao\/files\/2019\/01\/DECRETO-N-178.pdf\">Decreto n\u00ba 178, de 22&nbsp; de maio de 2015<\/a><br><br><\/td><td><br>Cria\u00e7\u00e3o, o com\u00e9rcio e o transporte de Abelhas-sem-ferr\u00e3o (melipon\u00edneas)<br><br><\/td><\/tr><tr><td class=\"has-text-align-left\" data-align=\"left\"><br><br><a href=\"http:\/\/www.cidasc.sc.gov.br\/inspecao\/files\/2019\/01\/DECRETO-N-16.971.pdf\">Decreto n\u00ba 16.971, de 26 de julho de 2016<\/a><br><br><\/td><td><br><br>Tratamento Favorecido e Simplificado para o Microprodutor Prim\u00e1rio<br><br><\/td><\/tr><\/tbody><tfoot><tr><td class=\"has-text-align-left\" data-align=\"left\"><\/td><td><\/td><\/tr><\/tfoot><\/table><figcaption class=\"wp-element-caption\"><br><br><\/figcaption><\/figure>\n\n\n\n<figure class=\"wp-block-table is-style-stripes\"><table class=\"has-fixed-layout\"><thead><tr><th class=\"has-text-align-left\" data-align=\"left\"><br>PORTARIA<\/th><th><br><\/th><\/tr><\/thead><tbody><tr><td class=\"has-text-align-left\" data-align=\"left\"><a href=\"http:\/\/www.cidasc.sc.gov.br\/inspecao\/files\/2020\/11\/Portaria-SAR-n\u00ba-37-Mel-de-Abelha-sem-Ferr\u00e3o.pdf\">Portaria SAR n\u00ba 37, 04 de novmebro de 2020<\/a><\/td><td>NIR &#8211; Mel de Abelhas Sem Ferr\u00e3o<\/td><\/tr><tr><td class=\"has-text-align-left\" data-align=\"left\"><a href=\"http:\/\/www.cidasc.sc.gov.br\/inspecao\/files\/2021\/09\/PORTARIA-N\u00ba-289-DE-13-DE-SETEMBRO-DE-2021-produtos-de-abelhas-e-seus-derivados-para-Selo-Arte-1.pdf\">Portaria MAPA n\u00ba 289, de 13 de setembro de 2021<\/a><\/td><td>Enquadramento dos produtos de<br>abelhas e seus derivados em Artesanal para concess\u00e3o do selo<br>ARTE<\/td><\/tr><tr><td class=\"has-text-align-left\" data-align=\"left\"><a href=\"https:\/\/www.cidasc.sc.gov.br\/inspecao\/files\/2025\/11\/Portaria-SDA-No-795-DE-10_05_2023.pdf\">Portaria SDA n.\u00ba 795, de 10 de maio de 2023<\/a> <br><br><a href=\"https:\/\/www.cidasc.sc.gov.br\/inspecao\/files\/2025\/11\/Portaria-MAPA_SDA-No-1439-DE-06_11_2025.pdf\">Portaria MAPA\/SDA n.\u00ba 1.439, de 06 novembro de 2025<\/a> (Altera a Portaria SDA n.\u00ba 795, de 10 de maio de 2023)<\/td><td>Define as normas higi\u00eanico sanit\u00e1rias e tecnol\u00f3gicas para os estabelecimentos que elaborem produtos de abelhas e seus derivados.<\/td><\/tr><tr><td class=\"has-text-align-left\" data-align=\"left\"><a href=\"http:\/\/www.cidasc.sc.gov.br\/inspecao\/files\/2023\/12\/PORTARIA-No-665-DE-3-DE-NOVEMBRO-DE-2021-PORTARIA-No-665-DE-3-DE-NOVEMBRO-DE-2021-DOU-Imprensa-Nacional.pdf\">Portaria MMA\/ICMBio n\u00ba 665, de 03 de novembro de 2021<\/a> <strong>(PDF)<\/strong><br><br><a href=\"http:\/\/www.cidasc.sc.gov.br\/inspecao\/files\/2023\/12\/PORTARIA-No-665-DE-3-DE-NOVEMBRO-DE-2021-PORTARIA-No-665-DE-3-DE-NOVEMBRO-DE-2021pdf.pdf\">Portaria MMA\/ICMBio n\u00ba 665, de 03 de novembro de 2021<\/a> <strong>(DOU)<\/strong><\/td><td>Institui o Cat\u00e1logo Nacional de Abelhas Nativas Sem Ferr\u00e3o.<\/td><\/tr><\/tbody><tfoot><tr><td class=\"has-text-align-left\" data-align=\"left\"><\/td><td><br><br><\/td><\/tr><\/tfoot><\/table><\/figure>\n\n\n\n<figure class=\"wp-block-table is-style-stripes\"><table class=\"has-fixed-layout\"><thead><tr><th class=\"has-text-align-left\" data-align=\"left\"><br>INSTRU\u00c7\u00c3O NORMATIVA<\/th><th><br><\/th><\/tr><\/thead><tbody><tr><td class=\"has-text-align-left\" data-align=\"left\"><br><a href=\"http:\/\/www.cidasc.sc.gov.br\/inspecao\/files\/2012\/08\/IN-11-de-2000.pdf\">Instru\u00e7\u00e3o Normativa MAPA n\u00ba 11, de 20 de outubro de 2000<\/a><br><br><\/td><td><br>RTIQ &#8211; Mel<br><br><\/td><\/tr><tr><td class=\"has-text-align-left\" data-align=\"left\"><br><br><a href=\"http:\/\/extranet.agricultura.gov.br\/sislegis-consulta\/consultarLegislacao.do?operacao=visualizar&amp;id=1798\"><\/a><a href=\"http:\/\/www.cidasc.sc.gov.br\/inspecao\/files\/2020\/09\/IN-MAPA-n\u00ba-03-de-19-de-janeiro-de-2001.pdf\">Instru\u00e7\u00e3o Normativa MAPA n\u00ba 03, de 19 de janeiro de 2001<\/a><br><br><\/td><td><br><br>RTIQ &#8211; Apitoxina, cera de abelha, geleia real, geleia real liofilizada, p\u00f3len ap\u00edcola, pr\u00f3polis e extrato de pr\u00f3polis<br><br><\/td><\/tr><tr><td class=\"has-text-align-left\" data-align=\"left\"><br><br><a href=\"http:\/\/www.cidasc.sc.gov.br\/inspecao\/files\/2018\/04\/17_02_16_10_41_23_instrucao_normativa_mapa_no_16_de_23_de_junho_de_2015.pdf\"><\/a><a href=\"http:\/\/www.cidasc.sc.gov.br\/inspecao\/files\/2020\/09\/IN-MAPA-n\u00ba-16-de-23-de-junho-de-2015.pdf\">Instru\u00e7\u00e3o Normativa MAPA n\u00ba 16, de 23 de junho de 2015<\/a><br><br><\/td><td><br><br>Normas espec\u00edficas de<br>inspe\u00e7\u00e3o e a fiscaliza\u00e7\u00e3o sanit\u00e1ria &#8211; Agroind\u00fastrias de pequeno porte<br><br><\/td><\/tr><tr><td class=\"has-text-align-left\" data-align=\"left\"><br><br><a href=\"http:\/\/www.cidasc.sc.gov.br\/inspecao\/files\/2018\/04\/INSTRU%C3%87%C3%83O-NORMATIVA-No-5-DE-14-DE-FEVEREIRO-DE-2017-1.pdf\"><\/a><a href=\"http:\/\/www.cidasc.sc.gov.br\/inspecao\/files\/2020\/09\/IN-MAPA-n\u00ba-05-de-14-de-fevereiro-de-2017.pdf\">Instru\u00e7\u00e3o Normativa MAPA n\u00ba 05, de 14 de fevereiro de 2017<\/a><br><br><\/td><td><br><br>Estrutura f\u00edsica, \u00e0s depend\u00eancias e aos equipamentos \u2013 agroindustriais de pequeno porte<br><br><\/td><\/tr><tr><td class=\"has-text-align-left\" data-align=\"left\"><br><br><a href=\"http:\/\/www.cidasc.sc.gov.br\/inspecao\/files\/2022\/08\/Instru\u00e7\u00e3o-Normativa-n\u00b0-09-de-18-de-janeiro-de-2018.pdf\">Instru\u00e7\u00e3o Normativa n\u00b0 09, de 18 de janeiro de 2018<\/a><br><br><\/td><td>Altera a Instru\u00e7\u00e3o Normativa MAPA n\u00ba 05, de 14 de fevereiro de 2017.<\/td><\/tr><\/tbody><tfoot><tr><td class=\"has-text-align-left\" data-align=\"left\"><\/td><td><br><br><br><\/td><\/tr><\/tfoot><\/table><\/figure>\n\n\n\n<hr class=\"wp-block-separator has-css-opacity\" \/>\n\n\n\n<hr class=\"wp-block-separator has-css-opacity\" \/>\n\n\n\n<figure class=\"wp-block-table is-style-stripes\"><table class=\"has-fixed-layout\"><thead><tr><th class=\"has-text-align-left\" data-align=\"left\">MANUAIS<\/th><th><\/th><\/tr><\/thead><tbody><tr><td class=\"has-text-align-left\" data-align=\"left\"><br><br>01<br><br><\/td><td><br><br><a href=\"http:\/\/www.cidasc.sc.gov.br\/inspecao\/files\/2020\/06\/01.-Manual-de-Cadastro-de-Rotas-de-Transporte.pdf\"><\/a><a href=\"http:\/\/www.cidasc.sc.gov.br\/inspecao\/files\/2020\/09\/Cadastro-de-rota_-Manual-VF-24_08_2020.pdf\">Cadastro de Rotas de Transporte<\/a><br><br><\/td><\/tr><\/tbody><tfoot><tr><td class=\"has-text-align-left\" data-align=\"left\"><br><br><\/td><td><\/td><\/tr><\/tfoot><\/table><\/figure>\n\n\n\n<hr class=\"wp-block-separator has-css-opacity\" \/>\n\n\n\n<hr class=\"wp-block-separator has-css-opacity\" \/>\n\n\n\n<p><strong>NOTAS T\u00c9CNICAS E DOCUMENTOS<\/strong><\/p>\n\n\n\n<p><\/p>\n\n\n\n<p><\/p>\n\n\n\n<p><\/p>\n\n\n\n<p><\/p>\n\n\n\n<p><\/p>\n\n\n\n<hr class=\"wp-block-separator has-css-opacity\" \/>\n\n\n\n<hr class=\"wp-block-separator has-css-opacity\" \/>\n","protected":false},"excerpt":{"rendered":"<p>Servi\u00e7o de Inspe\u00e7\u00e3o &#8211; MEL Entende-se por mel o produto aliment\u00edcio produzido pelas abelhas mel\u00edferas, a partir do n\u00e9ctar das flores ou das secre\u00e7\u00f5es procedentes de partes vivas das plantas ou de excre\u00e7\u00f5es de insetos sugadores de seiva. As abelhas recolhem, transformam e combinam com subst\u00e2ncias espec\u00edficas pr\u00f3prias, armazenam e deixam madurar nos favos da[&#8230;] <a class=\"moretag\" href=\"https:\/\/www.cidasc.sc.gov.br\/inspecao\/mel\/\">Leia mais&#8230;<\/a><\/p>\n","protected":false},"author":17,"featured_media":0,"parent":0,"menu_order":0,"comment_status":"closed","ping_status":"closed","template":"","meta":{"footnotes":""},"class_list":["post-5258","page","type-page","status-publish","hentry"],"_links":{"self":[{"href":"https:\/\/www.cidasc.sc.gov.br\/inspecao\/wp-json\/wp\/v2\/pages\/5258","targetHints":{"allow":["GET"]}}],"collection":[{"href":"https:\/\/www.cidasc.sc.gov.br\/inspecao\/wp-json\/wp\/v2\/pages"}],"about":[{"href":"https:\/\/www.cidasc.sc.gov.br\/inspecao\/wp-json\/wp\/v2\/types\/page"}],"author":[{"embeddable":true,"href":"https:\/\/www.cidasc.sc.gov.br\/inspecao\/wp-json\/wp\/v2\/users\/17"}],"replies":[{"embeddable":true,"href":"https:\/\/www.cidasc.sc.gov.br\/inspecao\/wp-json\/wp\/v2\/comments?post=5258"}],"version-history":[{"count":42,"href":"https:\/\/www.cidasc.sc.gov.br\/inspecao\/wp-json\/wp\/v2\/pages\/5258\/revisions"}],"predecessor-version":[{"id":12130,"href":"https:\/\/www.cidasc.sc.gov.br\/inspecao\/wp-json\/wp\/v2\/pages\/5258\/revisions\/12130"}],"wp:attachment":[{"href":"https:\/\/www.cidasc.sc.gov.br\/inspecao\/wp-json\/wp\/v2\/media?parent=5258"}],"curies":[{"name":"wp","href":"https:\/\/api.w.org\/{rel}","templated":true}]}}