{"id":4949,"date":"2020-06-23T12:14:29","date_gmt":"2020-06-23T12:14:29","guid":{"rendered":"http:\/\/www.cidasc.sc.gov.br\/inspecao\/?page_id=4949"},"modified":"2026-05-13T12:15:07","modified_gmt":"2026-05-13T12:15:07","slug":"legislacao-estadual","status":"publish","type":"page","link":"https:\/\/www.cidasc.sc.gov.br\/inspecao\/legislacoes-e-normativas\/legislacao-estadual\/","title":{"rendered":"Legisla\u00e7\u00e3o Estadual"},"content":{"rendered":"\n<hr class=\"wp-block-separator has-css-opacity\" \/>\n\n\n\n<hr class=\"wp-block-separator has-css-opacity\" \/>\n\n\n\n<p><\/p>\n\n\n\n<p><\/p>\n\n\n\n<div class=\"wp-block-group\"><div class=\"wp-block-group__inner-container is-layout-flow wp-block-group-is-layout-flow\">\n<div class=\"wp-block-group\"><div class=\"wp-block-group__inner-container is-layout-flow wp-block-group-is-layout-flow\">\n<div class=\"wp-block-columns is-layout-flex wp-container-core-columns-is-layout-9d6595d7 wp-block-columns-is-layout-flex\">\n<div class=\"wp-block-column is-layout-flow wp-block-column-is-layout-flow\">\n<p><strong>DOCUMENTO<\/strong><\/p>\n<\/div>\n\n\n\n<div class=\"wp-block-column is-layout-flow wp-block-column-is-layout-flow\">\n<p><strong>DESCRI\u00c7\u00c3O<\/strong><\/p>\n<\/div>\n<\/div>\n<\/div><\/div>\n<\/div><\/div>\n\n\n\n<figure class=\"wp-block-table is-style-stripes\"><table class=\"has-fixed-layout\"><thead><tr><th class=\"has-text-align-left\" data-align=\"left\">LEI<\/th><th><\/th><\/tr><\/thead><tbody><tr><td class=\"has-text-align-left\" data-align=\"left\"><a href=\"http:\/\/www.cidasc.sc.gov.br\/inspecao\/files\/2020\/06\/02.-lei-10.610-de-1997-Normas-sanit\u00e1rias-para-Produ\u00e7\u00e3o-e-Comercializa\u00e7\u00e3o-de-Produtos-Artesanais.pdf\">Lei n\u00ba 10.610, de 01 de dezembro de 1997<\/a><\/td><td>Normas sanit\u00e1rias para Produ\u00e7\u00e3o e Comercializa\u00e7\u00e3o de Produtos Artesanais<\/td><\/tr><tr><td class=\"has-text-align-left\" data-align=\"left\"><a href=\"https:\/\/www.cidasc.sc.gov.br\/inspecao\/files\/2026\/05\/Lei-no-12.854-de-22-de-dezembro-de-2003-2.pdf\">Lei n\u00ba 12.854, de 22 de dezembro de 2003<\/a><\/td><td>C\u00f3digo Estadual de Prote\u00e7\u00e3o aos Animais, que estabelece normas para a prote\u00e7\u00e3o dos animais no Estado de Santa Catarina, visando compatibilizar o desenvolvimento socioecon\u00f4mico com a preserva\u00e7\u00e3o ambiental<\/td><\/tr><tr><td class=\"has-text-align-left\" data-align=\"left\"><a href=\"http:\/\/www.cidasc.sc.gov.br\/inspecao\/files\/2022\/08\/Lei-Complementar-N\u00b0-741-de-12-de-junho-de-2019.pdf\">Lei Complementar n\u00b0 741, de 12 de junho de 2019<\/a><\/td><td>Disp\u00f5e sobre a estrutura organizacional b\u00e1sica e o modelo de gest\u00e3o da Administra\u00e7\u00e3o P\u00fablica Estadual, no \u00e2mbito do Poder Executivo, e estabelece outras provid\u00eancias.<\/td><\/tr><tr><td class=\"has-text-align-left\" data-align=\"left\"><a href=\"http:\/\/www.cidasc.sc.gov.br\/inspecao\/files\/2024\/09\/Lei-n\u00b0-19.054-de-17-de-setembro-de-2024.pdf\">Lei n\u00b0 19.054, de 17 de setembro de 2024<\/a> <strong>(DOE)<\/strong><br><br><a href=\"http:\/\/www.cidasc.sc.gov.br\/inspecao\/files\/2024\/09\/LEI-No-19.054-DE-17-de-setembro-de-2024.pdf\">Lei n\u00ba 19.054, de 17 de setembro de 2024<\/a> <strong>(PDF)<\/strong><\/td><td>Disp\u00f5e sobre a inspe\u00e7\u00e3o e fiscaliza\u00e7\u00e3o sanit\u00e1ria e industrial dos produtos de origem animal produzidos no Estado e estabelece outras provid\u00eancias.<\/td><\/tr><\/tbody><tfoot><tr><td class=\"has-text-align-left\" data-align=\"left\"><\/td><td><\/td><\/tr><\/tfoot><\/table><\/figure>\n\n\n\n<hr class=\"wp-block-separator has-css-opacity\" \/>\n\n\n\n<figure class=\"wp-block-table is-style-stripes\"><table class=\"has-fixed-layout\"><thead><tr><th class=\"has-text-align-left\" data-align=\"left\"><br>DECRETO<\/th><th><\/th><\/tr><\/thead><tbody><tr><td class=\"has-text-align-left\" data-align=\"left\"><a href=\"http:\/\/www.cidasc.sc.gov.br\/inspecao\/files\/2020\/06\/01.-decreto-lei-986-de-1969-Institui-normas-b\u00e1sicas-sobre-alimentos.-1.pdf\">Decreto Lei n\u00ba 986, de 21 de outubro de 1969<\/a><\/td><td>Institui normas b\u00e1sicas sobre alimentos<\/td><\/tr><tr><td class=\"has-text-align-left\" data-align=\"left\"><a href=\"http:\/\/www.cidasc.sc.gov.br\/inspecao\/files\/2020\/06\/002.-DECRETO-ESTADUAL-31455_87_regulamenta-os-artigos-30-e-31-da-Lei-6.320_83-sobre-alimentos-e-bebidas.pdf.pdf\">Decreto n\u00ba 31.455, de 20 de fevereiro de 1987<\/a><\/td><td>Regulamenta os artigos 30 e 31 da Lei no. 6.320, de 20 de dezembro de 1983, que disp\u00f5em sobre<br>Alimentos e Bebidas.<\/td><\/tr><tr><td class=\"has-text-align-left\" data-align=\"left\"><a href=\"http:\/\/www.cidasc.sc.gov.br\/inspecao\/files\/2020\/04\/06.-20131029165034730.pdf\">Decreto n\u00ba 3.100, de 20 de julho de 1998<\/a><\/td><td>Normas Sanit\u00e1rias para Produtos Artesanais<\/td><\/tr><\/tbody><tfoot><tr><td class=\"has-text-align-left\" data-align=\"left\"><\/td><td><br><br><\/td><\/tr><\/tfoot><\/table><\/figure>\n\n\n\n<hr class=\"wp-block-separator has-css-opacity\" \/>\n\n\n\n<figure class=\"wp-block-table is-style-stripes\"><table class=\"has-fixed-layout\"><thead><tr><th class=\"has-text-align-left\" data-align=\"left\"><br>PORTARIA<\/th><th><\/th><\/tr><\/thead><tbody><tr><td class=\"has-text-align-left\" data-align=\"left\"><a href=\"http:\/\/www.cidasc.sc.gov.br\/inspecao\/files\/2020\/04\/05.-Portaria-SAR-n-20-de-08.08.2018.pdf\">Portaria SAR n\u00ba 20, de 08 de agosto de 2018<\/a><\/td><td>Delega \u00e0 Cidasc o recolhimento das taxas de fiscaliza\u00e7\u00e3o e vigil\u00e2ncia sanit\u00e1ria animal<\/td><\/tr><tr><td class=\"has-text-align-left\" data-align=\"left\"><a href=\"http:\/\/www.cidasc.sc.gov.br\/inspecao\/files\/2020\/04\/12.-Jornal_1972.pdf\">Portaria SAR n\u00ba 23, de 30 de agosto de 2018<\/a><\/td><td>Delegar \u00e0 Cidasc a elabora\u00e7\u00e3o de Normas Internas Regulamentadoras (NIRs)<\/td><\/tr><tr><td class=\"has-text-align-left\" data-align=\"left\"><a href=\"http:\/\/www.cidasc.sc.gov.br\/inspecao\/files\/2021\/02\/Portaria_SAR_9_2019-formato-pdf-assinada-em-27-de-mar\u00e7o-de-2019.pdf\">Portaria SAR n\u00ba 9\/2019, de 27 de mar\u00e7o de 2019<\/a><\/td><td>Obrigatoriedade na Implanta\u00e7\u00e3o dos Programas de Autocontrole &#8211; PACs<\/td><\/tr><tr><td class=\"has-text-align-left\" data-align=\"left\"><a href=\"http:\/\/www.cidasc.sc.gov.br\/inspecao\/files\/2023\/10\/PORTARIA-SAR-52-2023-CIDASC-1-1.pdf\">Portaria SAR n\u00ba 52, de 23 de outubro de 2023<\/a> <br><br><br><a href=\"http:\/\/www.cidasc.sc.gov.br\/inspecao\/files\/2025\/03\/Portaria-SAR-no-08-2025-de-25.02.2025.pdf\" data-type=\"URL\" data-id=\"http:\/\/www.cidasc.sc.gov.br\/inspecao\/files\/2025\/03\/Portaria-SAR-no-08-2025-de-25.02.2025.pdf\">Portaria SAR n\u00ba 08, de 2 de fevereiro de 2025<\/a><br><\/td><td>Estabelece os procedimentos de inspe\u00e7\u00e3o e fiscaliza\u00e7\u00e3o<br><br>Altera a reda\u00e7\u00e3o do \u00a7 2\u00ba do art. 10 da Portaria n.\u00ba 52, de 2023.<\/td><\/tr><tr><td class=\"has-text-align-left\" data-align=\"left\"><a href=\"https:\/\/www.cidasc.sc.gov.br\/inspecao\/files\/2023\/01\/Portaria-3-2021.pdf\">Portaria SAR n\u00b0 03, de 13 de janeiro de 2021<\/a><\/td><td>Estabelece o fluxo padr\u00e3o e os requisitos operacionais para interposi\u00e7\u00e3o e processamento dos recursos administrativos em face da imposi\u00e7\u00e3o de multas pelo servi\u00e7o oficial da Cidasc.<\/td><\/tr><tr><td class=\"has-text-align-left\" data-align=\"left\"><a href=\"http:\/\/www.cidasc.sc.gov.br\/inspecao\/files\/2024\/02\/Portaria-Conjunta-SES.SEA-no56.2023-1.pdf\">Portaria Conjunta SES\/SAR n\u00b0 56, 21 de Dezembro de 2023<\/a><br><br><br><br><br><br><br><a href=\"http:\/\/www.cidasc.sc.gov.br\/inspecao\/files\/2024\/03\/NT-058.2024-Perguntas-e-respostas-Portaria-56.2023-assinada.pdf\">Nota T\u00e9cnica DEINP n\u00b0 058.2024<\/a><\/td><td>Requisitos e exig\u00eancias para o funcionamento, licenciamento, fiscaliza\u00e7\u00e3o, controle e boas pr\u00e1ticas de produ\u00e7\u00e3o e comercializa\u00e7\u00e3o nos estabelecimentos que exer\u00e7am as atividades de com\u00e9rcio varejista de produtos de origem animal como A\u00c7OUGUES, FIAMBRERIAS, ENTREPOSTOS EM SUPERMERCADOS E SIMILARES em todo territ\u00f3rio de Santa Catarina.<br><br><br>Perguntas e respostas &#8211; Portaria SES\/SAR n\u00b0 56\/2023 &#8211; Entrepostos em Supermercados e afins<\/td><\/tr><\/tbody><tfoot><tr><td class=\"has-text-align-left\" data-align=\"left\"><\/td><td><\/td><\/tr><\/tfoot><\/table><\/figure>\n\n\n\n<hr class=\"wp-block-separator has-css-opacity\" \/>\n\n\n\n<hr class=\"wp-block-separator has-css-opacity\" \/>\n","protected":false},"excerpt":{"rendered":"<p>DOCUMENTO DESCRI\u00c7\u00c3O LEI Lei n\u00ba 10.610, de 01 de dezembro de 1997 Normas sanit\u00e1rias para Produ\u00e7\u00e3o e Comercializa\u00e7\u00e3o de Produtos Artesanais Lei n\u00ba 12.854, de 22 de dezembro de 2003 C\u00f3digo Estadual de Prote\u00e7\u00e3o aos Animais, que estabelece normas para a prote\u00e7\u00e3o dos animais no Estado de Santa Catarina, visando compatibilizar o desenvolvimento socioecon\u00f4mico com[&#8230;] <a class=\"moretag\" href=\"https:\/\/www.cidasc.sc.gov.br\/inspecao\/legislacoes-e-normativas\/legislacao-estadual\/\">Leia mais&#8230;<\/a><\/p>\n","protected":false},"author":17,"featured_media":0,"parent":4874,"menu_order":0,"comment_status":"closed","ping_status":"closed","template":"","meta":{"footnotes":""},"class_list":["post-4949","page","type-page","status-publish","hentry"],"_links":{"self":[{"href":"https:\/\/www.cidasc.sc.gov.br\/inspecao\/wp-json\/wp\/v2\/pages\/4949","targetHints":{"allow":["GET"]}}],"collection":[{"href":"https:\/\/www.cidasc.sc.gov.br\/inspecao\/wp-json\/wp\/v2\/pages"}],"about":[{"href":"https:\/\/www.cidasc.sc.gov.br\/inspecao\/wp-json\/wp\/v2\/types\/page"}],"author":[{"embeddable":true,"href":"https:\/\/www.cidasc.sc.gov.br\/inspecao\/wp-json\/wp\/v2\/users\/17"}],"replies":[{"embeddable":true,"href":"https:\/\/www.cidasc.sc.gov.br\/inspecao\/wp-json\/wp\/v2\/comments?post=4949"}],"version-history":[{"count":173,"href":"https:\/\/www.cidasc.sc.gov.br\/inspecao\/wp-json\/wp\/v2\/pages\/4949\/revisions"}],"predecessor-version":[{"id":12787,"href":"https:\/\/www.cidasc.sc.gov.br\/inspecao\/wp-json\/wp\/v2\/pages\/4949\/revisions\/12787"}],"up":[{"embeddable":true,"href":"https:\/\/www.cidasc.sc.gov.br\/inspecao\/wp-json\/wp\/v2\/pages\/4874"}],"wp:attachment":[{"href":"https:\/\/www.cidasc.sc.gov.br\/inspecao\/wp-json\/wp\/v2\/media?parent=4949"}],"curies":[{"name":"wp","href":"https:\/\/api.w.org\/{rel}","templated":true}]}}