{"id":4874,"date":"2020-06-19T13:29:30","date_gmt":"2020-06-19T13:29:30","guid":{"rendered":"http:\/\/www.cidasc.sc.gov.br\/inspecao\/?page_id=4874"},"modified":"2026-05-06T16:27:19","modified_gmt":"2026-05-06T16:27:19","slug":"legislacoes-e-normativas","status":"publish","type":"page","link":"https:\/\/www.cidasc.sc.gov.br\/inspecao\/legislacoes-e-normativas\/","title":{"rendered":"Legisla\u00e7\u00f5es e Normativas"},"content":{"rendered":"\n<h4 class=\"wp-block-heading\"><\/h4>\n\n\n\n<hr class=\"wp-block-separator has-css-opacity\" \/>\n\n\n<\/p>\n<p align=\"center\"><strong><span style=\"font-family: Arial, sans-serif\">Servi\u00e7o de Inspe\u00e7\u00e3o &#8211; LEGISLA\u00c7\u00c3O E NORMATIVAS<\/span><\/strong><\/p>\n<p align=\"justify\">\n<p align=\"justify\"><span style=\"font-family: Arial, sans-serif\">As principais Legisla\u00e7\u00f5es e materiais de Consulta P\u00fablica utilizadas pelo Servi\u00e7o de Inspe\u00e7\u00e3o Estadual encontram-se abaixo:<\/span><\/p>\n<\/p>\n<p>1. <a href=\"http:\/\/www.cidasc.sc.gov.br\/inspecao\/legislacoes-e-normativas\/legislacao-estadual\/\">LEGISLA\u00c7\u00c3O ESTADUAL<\/a><\/p>\n<p>2.&nbsp;<a href=\"http:\/\/www.cidasc.sc.gov.br\/inspecao\/legislacoes-e-normativas\/legislacao-federal\/\">LEGISLA\u00c7\u00c3O FEDERAL<\/a><\/p>\n<p>3.&nbsp;<a href=\"http:\/\/www.cidasc.sc.gov.br\/inspecao\/legislacoes-e-normativas\/legislacao-institucional\/\">LEGISLA\u00c7\u00c3O INSTITUCIONAL<\/a><\/p>\n<p>4. <a href=\"http:\/\/www.cidasc.sc.gov.br\/inspecao\/legislacoes-e-normativas\/consulta-publica\/\">CONSULTA P\u00daBLICA<\/a><\/p>\n<p align=\"justify\">\n<p align=\"justify\"><span style=\"font-family: Arial, sans-serif\">Para mais informa\u00e7\u00f5es detalhadas sobre as legisla\u00e7\u00f5es referentes as \u00e1reas espec\u00edficas (Carne, Novilho Precoce, Leite, Mel, Ovos, Pescado, SISBI\/Cons\u00f3rcios, Laborat\u00f3rios Inspe\u00e7\u00e3o e Credenciamento Inspe\u00e7\u00e3o) acesse as abas principais destinadas a cada \u00e1rea. <\/span><\/p>\n\n\n<div class=\"wp-block-buttons is-horizontal is-content-justification-center is-layout-flex wp-container-core-buttons-is-layout-499968f5 wp-block-buttons-is-layout-flex\" style=\"font-style:normal;font-weight:1000\">\n<div class=\"wp-block-button has-custom-width wp-block-button__width-75\"><a class=\"wp-block-button__link has-black-color has-light-green-cyan-background-color has-text-color has-background has-link-color wp-element-button\" href=\"https:\/\/www.gov.br\/agricultura\/pt-br\/assuntos\/inspecao\/produtos-animal\/legislacao\" style=\"border-radius:100px;font-style:normal;font-weight:1000\" target=\"_blank\" rel=\"noreferrer noopener\"><strong>Link: Regulamentos de abate de animais, de industrializa\u00e7\u00e3o e identidade e qualidade de produtos<\/strong><\/a><\/div>\n<\/div>\n\n\n\n<p><\/p>\n\n\n\n<hr class=\"wp-block-separator has-css-opacity\" \/>\n\n\n\n<p><strong>A legisla\u00e7\u00e3o aqui presente n\u00e3o substitui o texto publicado em Di\u00e1rio Oficial.<\/strong><\/p>\n","protected":false},"excerpt":{"rendered":"<p>Servi\u00e7o de Inspe\u00e7\u00e3o &#8211; LEGISLA\u00c7\u00c3O E NORMATIVAS As principais Legisla\u00e7\u00f5es e materiais de Consulta P\u00fablica utilizadas pelo Servi\u00e7o de Inspe\u00e7\u00e3o Estadual encontram-se abaixo: 1. LEGISLA\u00c7\u00c3O ESTADUAL 2.&nbsp;LEGISLA\u00c7\u00c3O FEDERAL 3.&nbsp;LEGISLA\u00c7\u00c3O INSTITUCIONAL 4. CONSULTA P\u00daBLICA Para mais informa\u00e7\u00f5es detalhadas sobre as legisla\u00e7\u00f5es referentes as \u00e1reas espec\u00edficas (Carne, Novilho Precoce, Leite, Mel, Ovos, Pescado, SISBI\/Cons\u00f3rcios, Laborat\u00f3rios Inspe\u00e7\u00e3o e[&#8230;] <a class=\"moretag\" href=\"https:\/\/www.cidasc.sc.gov.br\/inspecao\/legislacoes-e-normativas\/\">Leia mais&#8230;<\/a><\/p>\n","protected":false},"author":17,"featured_media":0,"parent":0,"menu_order":0,"comment_status":"closed","ping_status":"closed","template":"","meta":{"footnotes":""},"class_list":["post-4874","page","type-page","status-publish","hentry"],"_links":{"self":[{"href":"https:\/\/www.cidasc.sc.gov.br\/inspecao\/wp-json\/wp\/v2\/pages\/4874","targetHints":{"allow":["GET"]}}],"collection":[{"href":"https:\/\/www.cidasc.sc.gov.br\/inspecao\/wp-json\/wp\/v2\/pages"}],"about":[{"href":"https:\/\/www.cidasc.sc.gov.br\/inspecao\/wp-json\/wp\/v2\/types\/page"}],"author":[{"embeddable":true,"href":"https:\/\/www.cidasc.sc.gov.br\/inspecao\/wp-json\/wp\/v2\/users\/17"}],"replies":[{"embeddable":true,"href":"https:\/\/www.cidasc.sc.gov.br\/inspecao\/wp-json\/wp\/v2\/comments?post=4874"}],"version-history":[{"count":101,"href":"https:\/\/www.cidasc.sc.gov.br\/inspecao\/wp-json\/wp\/v2\/pages\/4874\/revisions"}],"predecessor-version":[{"id":12617,"href":"https:\/\/www.cidasc.sc.gov.br\/inspecao\/wp-json\/wp\/v2\/pages\/4874\/revisions\/12617"}],"wp:attachment":[{"href":"https:\/\/www.cidasc.sc.gov.br\/inspecao\/wp-json\/wp\/v2\/media?parent=4874"}],"curies":[{"name":"wp","href":"https:\/\/api.w.org\/{rel}","templated":true}]}}