{"id":3963,"date":"2019-01-28T12:25:37","date_gmt":"2019-01-28T12:25:37","guid":{"rendered":"http:\/\/www.cidasc.sc.gov.br\/inspecao\/?page_id=3963"},"modified":"2021-01-28T20:34:04","modified_gmt":"2021-01-28T20:34:04","slug":"is-01-2019","status":"publish","type":"page","link":"https:\/\/www.cidasc.sc.gov.br\/inspecao\/is-01-2019\/","title":{"rendered":"Anexos IS 01\/2019"},"content":{"rendered":"<ul>\n<li><a href=\"http:\/\/www.cidasc.sc.gov.br\/inspecao\/files\/2021\/01\/Instru\u00e7\u00e3o-de-Servi\u00e7o-DEINP-01.2021-orienta\u00e7\u00e3o-para-coleta-de-material-biol\u00f3gico-LFDA.pdf\">IS 01\/2021 &#8211; Orienta\u00e7\u00e3o para coleta de material biol\u00f3gico &#8211; LFDA<\/a><\/li>\n<li><a href=\"http:\/\/www.cidasc.sc.gov.br\/inspecao\/files\/2021\/01\/ANEXO-I-Modelo-de-Solicita\u00e7\u00e3o-Oficial-de-An\u00e1lises.odt\">ANEXO I &#8211; Modelo de Solicita\u00e7\u00e3o Oficial de An\u00e1lises<\/a><\/li>\n<li><a href=\"http:\/\/www.cidasc.sc.gov.br\/inspecao\/files\/2021\/01\/ANEXO-III-Modelo-de-Solicita\u00e7\u00e3o-de-an\u00e1lise-de-per\u00edcia.2021.docx\">ANEXO III &#8211; Modelo de Solicita\u00e7\u00e3o de an\u00e1lise de per\u00edcia<\/a><\/li>\n<\/ul>\n","protected":false},"excerpt":{"rendered":"<p>IS 01\/2021 &#8211; Orienta\u00e7\u00e3o para coleta de material biol\u00f3gico &#8211; LFDA ANEXO I &#8211; Modelo de Solicita\u00e7\u00e3o Oficial de An\u00e1lises ANEXO III &#8211; Modelo de Solicita\u00e7\u00e3o de an\u00e1lise de per\u00edcia<\/p>\n","protected":false},"author":17,"featured_media":0,"parent":0,"menu_order":0,"comment_status":"closed","ping_status":"closed","template":"","meta":{"footnotes":""},"class_list":["post-3963","page","type-page","status-publish","hentry"],"_links":{"self":[{"href":"https:\/\/www.cidasc.sc.gov.br\/inspecao\/wp-json\/wp\/v2\/pages\/3963","targetHints":{"allow":["GET"]}}],"collection":[{"href":"https:\/\/www.cidasc.sc.gov.br\/inspecao\/wp-json\/wp\/v2\/pages"}],"about":[{"href":"https:\/\/www.cidasc.sc.gov.br\/inspecao\/wp-json\/wp\/v2\/types\/page"}],"author":[{"embeddable":true,"href":"https:\/\/www.cidasc.sc.gov.br\/inspecao\/wp-json\/wp\/v2\/users\/17"}],"replies":[{"embeddable":true,"href":"https:\/\/www.cidasc.sc.gov.br\/inspecao\/wp-json\/wp\/v2\/comments?post=3963"}],"version-history":[{"count":11,"href":"https:\/\/www.cidasc.sc.gov.br\/inspecao\/wp-json\/wp\/v2\/pages\/3963\/revisions"}],"predecessor-version":[{"id":6689,"href":"https:\/\/www.cidasc.sc.gov.br\/inspecao\/wp-json\/wp\/v2\/pages\/3963\/revisions\/6689"}],"wp:attachment":[{"href":"https:\/\/www.cidasc.sc.gov.br\/inspecao\/wp-json\/wp\/v2\/media?parent=3963"}],"curies":[{"name":"wp","href":"https:\/\/api.w.org\/{rel}","templated":true}]}}