{"id":12174,"date":"2025-12-19T15:21:58","date_gmt":"2025-12-19T15:21:58","guid":{"rendered":"https:\/\/www.cidasc.sc.gov.br\/inspecao\/?page_id=12174"},"modified":"2026-04-14T18:16:46","modified_gmt":"2026-04-14T18:16:46","slug":"pop-sie-003-versao-10","status":"publish","type":"page","link":"https:\/\/www.cidasc.sc.gov.br\/inspecao\/pop-sie-003-versao-10\/","title":{"rendered":"POP SIE 003 (Vers\u00e3o 10)"},"content":{"rendered":"\n<hr class=\"wp-block-separator has-alpha-channel-opacity\" \/>\n\n\n\n<h4 class=\"wp-block-heading\"><strong>POP SIE 003 \u2013 <\/strong><a href=\"https:\/\/www.cidasc.sc.gov.br\/inspecao\/files\/2026\/04\/Roteiro-de-Acoes-para-Inspecao-e-Fiscalizacao-nos-Estabelecimentos-sob-SIE.pdf\">Roteiro de A\u00e7\u00f5es para Inspe\u00e7\u00e3o e Fiscaliza\u00e7\u00e3o nos Estabelecimentos sob SIE<\/a><\/h4>\n\n\n\n<hr class=\"wp-block-separator has-alpha-channel-opacity\" \/>\n\n\n\n<ul class=\"wp-block-list\">\n<li><strong>POP SIE 003.1<\/strong>&nbsp;\u2013&nbsp;<a href=\"https:\/\/www.cidasc.sc.gov.br\/inspecao\/files\/2026\/04\/POP-SIE-003.1-Inspecao-e-Fiscalizacao-Rotina-v4.pdf\"><strong>Inspe\u00e7\u00e3o e Fiscaliza\u00e7\u00e3o de Rotina<\/strong><\/a><strong><br><\/strong><br><\/li>\n\n\n\n<li><strong>POP SIE 003.2&nbsp;<\/strong>\u2013<strong>&nbsp;<\/strong><a href=\"https:\/\/www.cidasc.sc.gov.br\/inspecao\/files\/2026\/03\/Analises-Laboratoriais-1.pdf\"><strong>An\u00e1lises Laboratoriais<\/strong><\/a><br><br><\/li>\n\n\n\n<li><strong>POP SIE 003.3<\/strong>&nbsp;\u2013&nbsp;<a href=\"https:\/\/www.cidasc.sc.gov.br\/inspecao\/files\/2025\/12\/3.3-Adesao-e-Manutencao-do-SISBI.pdf\"><strong>Ades\u00e3o e Manuten\u00e7\u00e3o do SISBI<\/strong><\/a><br><br><\/li>\n\n\n\n<li><strong>POP SIE 003.4<\/strong>&nbsp;\u2013&nbsp;<a href=\"https:\/\/www.cidasc.sc.gov.br\/inspecao\/files\/2025\/12\/Selo-ARTE.pdf\"><strong>Selo ARTE<\/strong><\/a><br><br><\/li>\n\n\n\n<li><strong>POP SIE 003.5<\/strong>&nbsp;\u2013<strong>&nbsp;<\/strong><a href=\"https:\/\/www.cidasc.sc.gov.br\/inspecao\/files\/2025\/12\/Programa-Novilho-Precoce.pdf\"><strong>Programa Novilho Precoce<\/strong><\/a><br><br><\/li>\n\n\n\n<li><strong>POP SIE 003.6<\/strong>&nbsp;\u2013 <a href=\"https:\/\/www.cidasc.sc.gov.br\/inspecao\/files\/2025\/12\/Supervisao.pdf\"><strong><\/strong><\/a><strong><a href=\"https:\/\/www.cidasc.sc.gov.br\/inspecao\/files\/2026\/01\/POP-SIE-003.6-Supervisao-v3-3.pdf\">Supervis\u00e3o<\/a><\/strong><br><br><\/li>\n\n\n\n<li><strong>POP SIE 003.7<\/strong>&nbsp;\u2013 <a href=\"https:\/\/www.cidasc.sc.gov.br\/inspecao\/files\/2025\/12\/Denuncias-e-Atendimento-a-Manifestacoes.pdf\"><strong><\/strong><\/a><strong><a href=\"https:\/\/www.cidasc.sc.gov.br\/inspecao\/files\/2025\/12\/POP-SIE-003.7-Controle-de-Denuncias-e-Manifestacoes.pdf\">Controle de Den\u00fancias e Manifesta\u00e7\u00f5es<\/a><\/strong><br><\/li>\n<\/ul>\n\n\n\n<hr class=\"wp-block-separator has-alpha-channel-opacity\" \/>\n\n\n\n<h4 class=\"wp-block-heading\"><strong>Documenta\u00e7\u00e3o prevista no POP SIE 003 e demais vinculados:<\/strong><\/h4>\n\n\n\n<hr class=\"wp-block-separator has-alpha-channel-opacity\" \/>\n\n\n\n<p>Anexo 1 \u2013&nbsp;<a href=\"https:\/\/www.cidasc.sc.gov.br\/inspecao\/files\/2025\/12\/Anexo-1-Registro-de-Atividade-do-MVO.pdf\">Registro de Atividade do MVO<\/a><\/p>\n\n\n\n<p>Anexo 2 \u2013&nbsp;<a href=\"https:\/\/www.cidasc.sc.gov.br\/inspecao\/files\/2025\/12\/Anexo-2-Caracterizacao-do-risco-associado-ao-desempenho-do-estabelecimento-RD.pdf\">Caracteriza\u00e7\u00e3o do Risco Associado ao Desempenho do Estabelecimento (RD)<\/a><\/p>\n\n\n\n<p>Anexo 3 \u2013&nbsp;<a href=\"https:\/\/www.cidasc.sc.gov.br\/inspecao\/files\/2025\/12\/Anexo-3-Checklist-Combate-a-Fraude.pdf\">Checklist Combate \u00e0 Fraude<\/a><\/p>\n\n\n\n<p>Anexo 4 \u2013&nbsp;<a href=\"https:\/\/www.cidasc.sc.gov.br\/inspecao\/files\/2025\/12\/Anexo-4-Checklist-Credenciado-Novilho-Precoce-Credenciamento.pdf\">Checklist Credenciado Novilho Precoce (Credenciamento)<\/a><\/p>\n\n\n\n<p>Anexo 5 \u2013&nbsp;<a href=\"https:\/\/www.cidasc.sc.gov.br\/inspecao\/files\/2025\/12\/Anexo-5-Checklist-Credenciado-Novilho-Precoce-Manutencao.pdf\">Checklist Credenciado Novilho Precoce (Manuten\u00e7\u00e3o)<\/a><\/p>\n\n\n\n<p>Anexo 6 \u2013&nbsp;<a href=\"https:\/\/www.cidasc.sc.gov.br\/inspecao\/files\/2025\/12\/Anexo-6-Checklist-do-Estabelecimento.pdf.pdf\">Checklist do Estabelecimento.pdf<\/a><\/p>\n\n\n\n<p>Anexo 7 \u2013&nbsp;<a href=\"https:\/\/www.cidasc.sc.gov.br\/inspecao\/files\/2025\/12\/Anexo-7-Checklist-do-Selo-ARTE.pdf\">Checklist do Selo ARTE<\/a><\/p>\n\n\n\n<p>Anexo 8 \u2013&nbsp;<a href=\"https:\/\/www.cidasc.sc.gov.br\/inspecao\/files\/2025\/12\/Anexo-8-Supervisao-do-Servico-de-Inspecao-Estadual-SIE.pdf.pdf\">Supervis\u00e3o do Servi\u00e7o de Inspe\u00e7\u00e3o Estadual (SIE)<\/a><\/p>\n\n\n\n<p>Anexo 9 \u2013&nbsp;<a href=\"https:\/\/www.cidasc.sc.gov.br\/inspecao\/files\/2025\/12\/Anexo-9-Supervisao-MVA-e-Auxiliares-de-Inspecao-Aves.pdf\">Supervis\u00e3o MVA e Auxiliares de Inspe\u00e7\u00e3o (Aves)<\/a><\/p>\n\n\n\n<p>Anexo 10 \u2013 <a href=\"https:\/\/www.cidasc.sc.gov.br\/inspecao\/files\/2025\/12\/Anexo-10-Supervisao-MVA-e-Auxiliares-de-Inspecao-Lagomorfos.pdf\">Supervis\u00e3o MVA e Auxiliares de Inspe\u00e7\u00e3o (Lagomorfos)<\/a><\/p>\n\n\n\n<p>Anexo 11 \u2013 <a href=\"https:\/\/www.cidasc.sc.gov.br\/inspecao\/files\/2025\/12\/Anexo-11-Supervisao-MVA-e-Auxiliares-de-Inspecao-Ruminantes.pdf\">Supervis\u00e3o MVA e Auxiliares de Inspe\u00e7\u00e3o (Ruminantes)<\/a><\/p>\n\n\n\n<p>Anexo 12 \u2013&nbsp;<a href=\"https:\/\/www.cidasc.sc.gov.br\/inspecao\/files\/2025\/12\/Anexo-12-Supervisao-MVA-e-Auxiliares-de-Inspecao-Suinos.pdf\">Supervis\u00e3o MVA e Auxiliares de Inspe\u00e7\u00e3o (Su\u00ednos)<\/a><\/p>\n\n\n\n<p>Anexo 13 \u2013 <a href=\"https:\/\/www.cidasc.sc.gov.br\/inspecao\/files\/2025\/12\/Anexo-13-Nota-Tecnica-NT.pdf\">Nota T\u00e9cnica (NT)<\/a>&nbsp;<strong>\u21d2<\/strong>&nbsp;<a href=\"https:\/\/www.cidasc.sc.gov.br\/inspecao\/files\/2025\/12\/Anexo-13-Nota-Tecnica-NT.docx\">Vers\u00e3o edit\u00e1vel<\/a><\/p>\n\n\n\n<p>Anexo 14 \u2013&nbsp;<a href=\"https:\/\/www.cidasc.sc.gov.br\/inspecao\/files\/2024\/12\/Anexo-14-Lista-de-Presenca.pdf\"><\/a><a href=\"https:\/\/www.cidasc.sc.gov.br\/inspecao\/files\/2025\/12\/Anexo-14-Lista-de-Presenca.pdf\">Lista de Presen\u00e7a<\/a>&nbsp;<strong>\u21d2<\/strong> <a href=\"https:\/\/www.cidasc.sc.gov.br\/inspecao\/files\/2025\/12\/Anexo-14-Lista-de-Presenca-Editavel-.docx\">Vers\u00e3o edit\u00e1vel<\/a><\/p>\n\n\n\n<p>Anexo 15 \u2013 <a href=\"https:\/\/www.cidasc.sc.gov.br\/inspecao\/files\/2025\/12\/Anexo-15-Relatorio-Descritivo-de-Fiscalizacao.pdf\">Relat\u00f3rio Descritivo de Fiscaliza\u00e7\u00e3o<\/a><\/p>\n\n\n\n<p>Anexo 16 \u2013&nbsp;<a href=\"https:\/\/www.cidasc.sc.gov.br\/inspecao\/files\/2025\/12\/Anexo-16-Termo-de-Coleta-de-Amostra-TCA.pdf\">Termo de Coleta de Amostra (TCA)<\/a><\/p>\n\n\n\n<p>Anexo 17 \u2013&nbsp;<a href=\"https:\/\/www.cidasc.sc.gov.br\/inspecao\/files\/2025\/12\/Anexo-17-Ficha-de-Verificacao-Ante-Mortem-e-Liberacao-de-Abate.pdf\">Ficha de Verifica\u00e7\u00e3o Ante Mortem e Libera\u00e7\u00e3o de Abate<\/a><\/p>\n\n\n\n<p>Anexo 18 \u2013&nbsp;<a href=\"https:\/\/www.cidasc.sc.gov.br\/inspecao\/files\/2025\/12\/Anexo-18-Roteiro-de-Fiscalizacao-e-Inspecao-de-Abate-Aves.pdf\">Roteiro de Fiscaliza\u00e7\u00e3o e Inspe\u00e7\u00e3o de Abate (Aves)<\/a><\/p>\n\n\n\n<p>Anexo 19 \u2013&nbsp;<a href=\"https:\/\/www.cidasc.sc.gov.br\/inspecao\/files\/2025\/12\/Anexo-19-Roteiro-de-Fiscalizacao-e-Inspecao-de-Abate-Lagomorfos.pdf\">Roteiro de Fiscaliza\u00e7\u00e3o e Inspe\u00e7\u00e3o de Abate (Lagomorfos)<\/a><\/p>\n\n\n\n<p>Anexo 20 \u2013 <a href=\"https:\/\/www.cidasc.sc.gov.br\/inspecao\/files\/2025\/12\/Anexo-20-Roteiro-de-Fiscalizacao-e-Inspecao-de-Abate-Ruminantes.pdf\">Roteiro de Fiscaliza\u00e7\u00e3o e Inspe\u00e7\u00e3o de Abate (Ruminantes)<\/a><\/p>\n\n\n\n<p>Anexo 21 \u2013&nbsp;<a href=\"https:\/\/www.cidasc.sc.gov.br\/inspecao\/files\/2025\/12\/Anexo-21-Roteiro-de-Fiscalizacao-e-Inspecao-de-Abate-Suinos-1.pdf\">Roteiro de Fiscaliza\u00e7\u00e3o e Inspe\u00e7\u00e3o de Abate (Su\u00ednos)<\/a><\/p>\n\n\n\n<p>Anexo 22 \u2013&nbsp;<a href=\"https:\/\/www.cidasc.sc.gov.br\/inspecao\/files\/2025\/12\/Anexo-22-Registro-de-Abate-e-Condenacao-Aves.pdf\">Registro de Abate e Condena\u00e7\u00e3o (Aves)<\/a> <strong>\u21d2<\/strong> <a href=\"https:\/\/www.cidasc.sc.gov.br\/inspecao\/files\/2025\/12\/Anexo-22-Registro-de-Abate-e-Condenacao-Aves-Editavel.xlsx\">Vers\u00e3o edit\u00e1vel<\/a><\/p>\n\n\n\n<p>Anexo 23 \u2013&nbsp;<a href=\"https:\/\/www.cidasc.sc.gov.br\/inspecao\/files\/2025\/12\/Anexo-23-Registro-de-Abate-e-Condenacao-Lagomorfos.pdf\">Registro de Abate e Condena\u00e7\u00e3o (Lagomorfos)<\/a> <strong>\u21d2<\/strong> <a href=\"https:\/\/www.cidasc.sc.gov.br\/inspecao\/files\/2025\/12\/Anexo-23-Registro-de-Abate-e-Condenacao-Lagomorfos.xlsx\">Vers\u00e3o edit\u00e1vel<\/a><\/p>\n\n\n\n<p>Anexo 24 \u2013&nbsp;<a href=\"https:\/\/www.cidasc.sc.gov.br\/inspecao\/files\/2025\/12\/Anexo-24-Registro-de-Abate-e-Condenacao-Ruminantes.pdf\">Registro de Abate e Condena\u00e7\u00e3o (Ruminantes)<\/a> <strong>\u21d2<\/strong>&nbsp;<a href=\"https:\/\/www.cidasc.sc.gov.br\/inspecao\/files\/2025\/12\/Anexo-24-Registro-de-Abate-e-Condenacao-Ruminantes-Editavel.xlsx\">Vers\u00e3o edit\u00e1vel<\/a><\/p>\n\n\n\n<p>Anexo 25 \u2013&nbsp;<a href=\"https:\/\/www.cidasc.sc.gov.br\/inspecao\/files\/2025\/12\/Anexo-25-Registro-de-Abate-e-Condenacao-Suinos.pdf\">Registro de Abate e Condena\u00e7\u00e3o (Su\u00ednos)<\/a> <strong>\u21d2<\/strong>&nbsp;<a href=\"https:\/\/www.cidasc.sc.gov.br\/inspecao\/files\/2025\/12\/Anexo-25-Registro-de-Abate-e-Condenacao-Suinos.xlsx\">Vers\u00e3o edit\u00e1vel<\/a><\/p>\n\n\n\n<p>Anexo 26 \u2013&nbsp;<a href=\"https:\/\/www.cidasc.sc.gov.br\/inspecao\/files\/2025\/12\/Anexo-26-Registro-de-Atividade-do-MVA-Medico-Veterinario-de-Apoio.pdf\">Registro de Atividade do MVA &#8211; M\u00e9dico Veterin\u00e1rio de Apoio<\/a><\/p>\n\n\n\n<p>Anexo 27 \u2013&nbsp;<a href=\"https:\/\/www.cidasc.sc.gov.br\/inspecao\/files\/2025\/12\/Anexo-27-Planejamento-de-Carga-Horaria-do-Medico-Veterinario-de-Apoio.pdf\">Planejamento de Carga Hor\u00e1ria do M\u00e9dico Veterin\u00e1rio de Apoio<\/a> <strong>\u21d2<\/strong>&nbsp;<a href=\"https:\/\/www.cidasc.sc.gov.br\/inspecao\/files\/2025\/12\/Anexo-27-Planejamento-de-Carga-Horaria-do-Medico-Veterinario-de-Apoio-Editavel.xlsx\">Vers\u00e3o edit\u00e1vel<\/a><\/p>\n\n\n\n<p>Anexo 28 \u2013 <a href=\"https:\/\/www.cidasc.sc.gov.br\/inspecao\/files\/2026\/03\/Plano-de-Acoes-Corretivas.pdf\">Plano de A\u00e7\u00f5es Corretivas<\/a> <strong>\u21d2<\/strong>&nbsp;<a href=\"https:\/\/www.cidasc.sc.gov.br\/inspecao\/files\/2026\/03\/Anexo-28-Plano-de-Acoes-Corretivas-atualizado-Editavel.xlsx\">Vers\u00e3o edit\u00e1vel<\/a><\/p>\n\n\n\n<p>Anexo 28b &#8211; <a href=\"https:\/\/www.cidasc.sc.gov.br\/inspecao\/files\/2026\/03\/Instrutivo-Plano-de-Acoes-Corretivas.pdf\">Instrutivo Plano de A\u00e7\u00f5es Corretivas<\/a><\/p>\n\n\n\n<p>Anexo 29 \u2013 <a href=\"https:\/\/www.cidasc.sc.gov.br\/inspecao\/files\/2025\/12\/Anexo-29-Boletim-Sanitario-Aves.pdf\">Boletim Sanit\u00e1rio (Aves)<\/a> <strong>\u21d2<\/strong> <a href=\"https:\/\/www.cidasc.sc.gov.br\/inspecao\/files\/2025\/12\/Anexo-29-Boletim-Sanitario-Aves-Editavel.docx\">Vers\u00e3o edit\u00e1vel<\/a><\/p>\n\n\n\n<p>Anexo 30 \u2013 <a href=\"https:\/\/www.cidasc.sc.gov.br\/inspecao\/files\/2025\/12\/Anexo-30-Boletim-Sanitario-Lagomorfos.pdf\">Boletim Sanit\u00e1rio (Lagomorfos)<\/a>&nbsp;<strong>\u21d2<\/strong>&nbsp;<a href=\"https:\/\/www.cidasc.sc.gov.br\/inspecao\/files\/2025\/12\/Anexo-30-Boletim-Sanitario-Lagomorfos-Editavel.docx\">Vers\u00e3o edit\u00e1vel<\/a><\/p>\n\n\n\n<p>Anexo 31 \u2013 <a href=\"https:\/\/www.cidasc.sc.gov.br\/inspecao\/files\/2025\/12\/Anexo-31-Boletim-Sanitario-Suinos.pdf\">Boletim Sanit\u00e1rio (Su\u00ednos)<\/a> <strong>\u21d2<\/strong> <a href=\"https:\/\/www.cidasc.sc.gov.br\/inspecao\/files\/2025\/12\/Anexo-31-Boletim-Sanitario-Suinos-Editavel.xlsx\">Vers\u00e3o edit\u00e1vel<\/a><\/p>\n\n\n\n<p>Anexo 32 \u2013&nbsp;<a href=\"https:\/\/www.cidasc.sc.gov.br\/inspecao\/files\/2025\/12\/Anexo-32-Relatorio-Mensal-de-Producao-e-Comercializacao.pdf\">Relat\u00f3rio Mensal de Produ\u00e7\u00e3o e Comercializa\u00e7\u00e3o<\/a><\/p>\n\n\n\n<p>Anexo 33 \u2013&nbsp;<a href=\"https:\/\/www.cidasc.sc.gov.br\/inspecao\/files\/2025\/12\/Anexo-33-Grade-de-Produtos.pdf\">Grade de Produtos<\/a><\/p>\n\n\n\n<p>Anexo 34 \u2013&nbsp;<a href=\"https:\/\/www.cidasc.sc.gov.br\/inspecao\/files\/2025\/12\/Anexo-34-\u2013-Controle-da-Remocao-do-Material-de-Risco-Especifico-MRE.pdf\">Controle da Remo\u00e7\u00e3o do Material de Risco Espec\u00edfico (MRE)<\/a><\/p>\n\n\n\n<p>Anexo 35 \u2013&nbsp;<a href=\"https:\/\/www.cidasc.sc.gov.br\/inspecao\/files\/2025\/12\/Anexo-35-Planilha-Diaria-para-Registro-de-Brincos-na-Sangria-Editavel.xlsx-Google-Planilhas.pdf\">Planilha Di\u00e1ria para Registro de Brincos na Sangria<\/a> <strong>\u21d2<\/strong>&nbsp;<a href=\"https:\/\/www.cidasc.sc.gov.br\/inspecao\/files\/2025\/12\/Anexo-35-Planilha-Diaria-para-Registro-de-Brincos-na-Sangria-Editavel.xlsx\">Vers\u00e3o edit\u00e1vel<\/a><\/p>\n\n\n\n<p>Anexo 36 \u2013&nbsp;<a href=\"https:\/\/www.cidasc.sc.gov.br\/inspecao\/files\/2025\/12\/Anexo-36-Registro-Diario-de-Controle-de-Recebimento-de-Leite.pdf\">Registro Di\u00e1rio de Controle de Recebimento de Leite<\/a> <strong>\u21d2<\/strong> <a href=\"https:\/\/www.cidasc.sc.gov.br\/inspecao\/files\/2025\/12\/Anexo-36-Registro-Diario-de-Controle-de-Recebimento-de-Leite-Editavel.xlsx\">Vers\u00e3o edit\u00e1vel<\/a><\/p>\n\n\n\n<p>Anexo 37 \u2013&nbsp;<a href=\"https:\/\/www.cidasc.sc.gov.br\/inspecao\/files\/2025\/12\/Anexo-37-Registro-de-Analises-de-Recebimento-de-Materia-Prima-para-Mel.pdf\">Registro de An\u00e1lises de Recebimento de Mat\u00e9ria Prima para Mel<\/a> <strong>\u21d2<\/strong>&nbsp;<a href=\"https:\/\/www.cidasc.sc.gov.br\/inspecao\/files\/2025\/12\/Anexo-37-Registro-de-Analises-de-Recebimento-de-Materia-Prima-para-Mel-Editavel.xlsx\">Vers\u00e3o edit\u00e1vel<\/a><\/p>\n\n\n\n<p>Anexo 38 \u2013&nbsp;&nbsp;<a href=\"https:\/\/www.cidasc.sc.gov.br\/inspecao\/files\/2025\/12\/Anexo-38-Registro-Diario-de-Recebimento-de-Materia-Prima.pdf\">Registro Di\u00e1rio de Recebimento de Mat\u00e9ria Prima<\/a> <strong>\u21d2<\/strong>&nbsp;<a href=\"https:\/\/www.cidasc.sc.gov.br\/inspecao\/files\/2025\/12\/Anexo-38-Registro-Diario-de-Recebimento-de-Materia-Prima-Editavel.xlsx\">Vers\u00e3o edit\u00e1vel<\/a><\/p>\n\n\n\n<p>Anexo 39 \u2013&nbsp;<a href=\"https:\/\/www.cidasc.sc.gov.br\/inspecao\/files\/2025\/12\/Anexo-39-Ficha-de-Atualizacao-de-Informacoes-do-Estabelecimento.pdf\">Ficha de Atualiza\u00e7\u00e3o de Informa\u00e7\u00f5es do Estabelecimento<\/a>&nbsp;<strong>\u21d2<\/strong>&nbsp;<a href=\"https:\/\/www.cidasc.sc.gov.br\/inspecao\/files\/2025\/12\/Anexo-39-Ficha-de-Atualizacao-de-Informacoes-do-Estabelecimento-Editavel.xlsx\">Vers\u00e3o edit\u00e1vel<\/a><\/p>\n\n\n\n<p>Anexo 40 \u2013&nbsp;&nbsp;<a href=\"https:\/\/www.cidasc.sc.gov.br\/inspecao\/files\/2025\/12\/Anexo-40-Requerimento-de-solicitacao-de-Selo-Arte.pdf\">Requerimento de solicita\u00e7\u00e3o de Selo Arte<\/a> <strong>\u21d2<\/strong>&nbsp;<a href=\"https:\/\/www.cidasc.sc.gov.br\/inspecao\/files\/2025\/12\/Anexo-40-Requerimento-de-solicitacao-de-Selo-Arte-Editavel.docx\">Vers\u00e3o edit\u00e1vel<\/a><\/p>\n\n\n\n<p>Anexo 41 \u2013&nbsp;<a href=\"https:\/\/www.cidasc.sc.gov.br\/inspecao\/files\/2025\/12\/Anexo-41-Requerimento-de-Adesao-ao-SISBI.pdf\">Requerimento de Ades\u00e3o ao SISBI<\/a> <strong>\u21d2<\/strong>&nbsp;<a href=\"https:\/\/www.cidasc.sc.gov.br\/inspecao\/files\/2025\/12\/Anexo-41-Requerimento-de-Adesao-ao-SISBI-Editavel.docx\">Vers\u00e3o edit\u00e1vel<\/a><\/p>\n\n\n\n<p>Anexo 42 \u2013 <a href=\"https:\/\/www.cidasc.sc.gov.br\/inspecao\/files\/2025\/12\/Anexo-42-Requisicao-de-Analise-Pericial.pdf\">Requisi\u00e7\u00e3o de An\u00e1lise Pericial<\/a>&nbsp;<strong>\u21d2<\/strong>&nbsp;<a href=\"https:\/\/www.cidasc.sc.gov.br\/inspecao\/files\/2025\/12\/Anexo-42-Requisicao-de-Analise-Pericial-Editavel.docx\">Vers\u00e3o edit\u00e1vel<\/a><\/p>\n\n\n\n<p>Anexo 43 \u2013 <a href=\"https:\/\/www.cidasc.sc.gov.br\/inspecao\/files\/2025\/12\/Anexo-43-Solicitacao-de-credenciamento-de-frigorifico-no-programa-novilho-precoce.pdf\">Solicita\u00e7\u00e3o de Credenciamento de Frigor\u00edfico no Programa Novilho Precoce<\/a>&nbsp;<strong>\u21d2<\/strong>&nbsp;<a href=\"https:\/\/www.cidasc.sc.gov.br\/inspecao\/files\/2025\/12\/Anexo-43-Solicitacao-de-credenciamento-de-frigorifico-no-programa-novilho-precoce-Editavel.docx\">Vers\u00e3o edit\u00e1vel<\/a><\/p>\n\n\n\n<p>Anexo 44 \u2013 <a href=\"https:\/\/www.cidasc.sc.gov.br\/inspecao\/files\/2025\/12\/Anexo-44-Solicitacao-de-suspensao-cancelamento-ou-reativacao-das-atividades-no-programa-novilho-precoce.pdf\">Solicita\u00e7\u00e3o de Suspens\u00e3o, Cancelamento ou Reativa\u00e7\u00e3o das Atividades no Programa Novilho Precoce<\/a>&nbsp;<strong>\u21d2<\/strong>&nbsp;<a href=\"https:\/\/www.cidasc.sc.gov.br\/inspecao\/files\/2025\/12\/Anexo-44-Solicitacao-de-suspensao-cancelamento-ou-reativacao-das-atividades-no-programa-novilho-precoce-Editavel.docx\">Vers\u00e3o edit\u00e1vel<\/a><\/p>\n\n\n\n<p>Anexo 45 \u2013&nbsp;<a href=\"https:\/\/www.cidasc.sc.gov.br\/inspecao\/files\/2025\/12\/Anexo-45-Modelo-de-Certificado-de-Tipificacao-de-Carcaca.pdf\">Modelo de Certificado de Tipifica\u00e7\u00e3o de Carca\u00e7a<\/a> <strong>\u21d2<\/strong>&nbsp;<a href=\"https:\/\/www.cidasc.sc.gov.br\/inspecao\/files\/2025\/12\/Anexo-45-Modelo-de-Certificado-de-Tipificacao-de-Carcaca-Editavel.xlsx\">Vers\u00e3o edit\u00e1vel<\/a><\/p>\n\n\n\n<hr class=\"wp-block-separator has-alpha-channel-opacity\" \/>\n","protected":false},"excerpt":{"rendered":"<p>POP SIE 003 \u2013 Roteiro de A\u00e7\u00f5es para Inspe\u00e7\u00e3o e Fiscaliza\u00e7\u00e3o nos Estabelecimentos sob SIE Documenta\u00e7\u00e3o prevista no POP SIE 003 e demais vinculados: Anexo 1 \u2013&nbsp;Registro de Atividade do MVO Anexo 2 \u2013&nbsp;Caracteriza\u00e7\u00e3o do Risco Associado ao Desempenho do Estabelecimento (RD) Anexo 3 \u2013&nbsp;Checklist Combate \u00e0 Fraude Anexo 4 \u2013&nbsp;Checklist Credenciado Novilho Precoce (Credenciamento)[&#8230;] <a class=\"moretag\" href=\"https:\/\/www.cidasc.sc.gov.br\/inspecao\/pop-sie-003-versao-10\/\">Leia mais&#8230;<\/a><\/p>\n","protected":false},"author":17,"featured_media":0,"parent":0,"menu_order":0,"comment_status":"closed","ping_status":"closed","template":"","meta":{"footnotes":""},"class_list":["post-12174","page","type-page","status-publish","hentry"],"_links":{"self":[{"href":"https:\/\/www.cidasc.sc.gov.br\/inspecao\/wp-json\/wp\/v2\/pages\/12174","targetHints":{"allow":["GET"]}}],"collection":[{"href":"https:\/\/www.cidasc.sc.gov.br\/inspecao\/wp-json\/wp\/v2\/pages"}],"about":[{"href":"https:\/\/www.cidasc.sc.gov.br\/inspecao\/wp-json\/wp\/v2\/types\/page"}],"author":[{"embeddable":true,"href":"https:\/\/www.cidasc.sc.gov.br\/inspecao\/wp-json\/wp\/v2\/users\/17"}],"replies":[{"embeddable":true,"href":"https:\/\/www.cidasc.sc.gov.br\/inspecao\/wp-json\/wp\/v2\/comments?post=12174"}],"version-history":[{"count":34,"href":"https:\/\/www.cidasc.sc.gov.br\/inspecao\/wp-json\/wp\/v2\/pages\/12174\/revisions"}],"predecessor-version":[{"id":12504,"href":"https:\/\/www.cidasc.sc.gov.br\/inspecao\/wp-json\/wp\/v2\/pages\/12174\/revisions\/12504"}],"wp:attachment":[{"href":"https:\/\/www.cidasc.sc.gov.br\/inspecao\/wp-json\/wp\/v2\/media?parent=12174"}],"curies":[{"name":"wp","href":"https:\/\/api.w.org\/{rel}","templated":true}]}}