{"id":11878,"date":"2025-07-31T18:10:03","date_gmt":"2025-07-31T18:10:03","guid":{"rendered":"https:\/\/www.cidasc.sc.gov.br\/inspecao\/?page_id=11878"},"modified":"2025-08-11T14:39:37","modified_gmt":"2025-08-11T14:39:37","slug":"pop-sie-001-versao-5-0","status":"publish","type":"page","link":"https:\/\/www.cidasc.sc.gov.br\/inspecao\/pop-sie-001-versao-5-0\/","title":{"rendered":"POP SIE 001 (Vers\u00e3o 5.0)"},"content":{"rendered":"<hr \/>\n<h4>POP SIE 001 &#8211; <a href=\"https:\/\/www.cidasc.sc.gov.br\/inspecao\/files\/2025\/07\/POPSIE-001-Processo-de-registro-de-estabelecimentos-no-SIE.pdf\">Processo de registro de estabelecimentos no SIE<\/a><\/h4>\n<hr \/>\n<ul>\n<li><strong>Documenta\u00e7\u00e3o prevista no POP SIE 001<\/strong>:<\/li>\n<\/ul>\n<p>Anexo I &#8211; <a href=\"https:\/\/www.cidasc.sc.gov.br\/inspecao\/files\/2025\/08\/Anexo-I-Solicitacao-de-registro-no-SIE-e-declaracao-de-ciencia.pdf\">Solicita\u00e7\u00e3o de registro no SIE e declara\u00e7\u00e3o de ci\u00eancia<\/a> <strong>\u21d2 <a href=\"https:\/\/www.cidasc.sc.gov.br\/inspecao\/files\/2025\/08\/2.-Anexo-I-Solicitacao-de-registro-no-SIE-e-declaracao-de-ciencia-1.docx\">Vers\u00e3o edit\u00e1vel<\/a><\/strong><\/p>\n<p>Anexo II &#8211; <a href=\"https:\/\/www.cidasc.sc.gov.br\/inspecao\/files\/2025\/08\/Anexo-II-Solicitacao-de-registro-no-SIE-e-declaracao-de-ciencia-migracao.pdf\">Solicita\u00e7\u00e3o de registro no SIE e declara\u00e7\u00e3o de ci\u00eancia (migra\u00e7\u00e3o)<\/a> <strong>\u21d2 <a href=\"https:\/\/www.cidasc.sc.gov.br\/inspecao\/files\/2025\/08\/3.-Anexo-II-Solicitacao-de-registro-no-SIE-e-declaracao-de-ciencia-migracao.docx\">Vers\u00e3o edit\u00e1vel<\/a><\/strong><\/p>\n<p>Anexo III &#8211; <a href=\"https:\/\/www.cidasc.sc.gov.br\/inspecao\/files\/2025\/07\/Anexo-III-Memorial-tecnologico-e-sanitario-do-estabelecimento.pdf\">Memorial tecnol\u00f3gico e sanit\u00e1rio do estabelecimento<\/a> <strong>\u21d2 <a href=\"https:\/\/www.cidasc.sc.gov.br\/inspecao\/files\/2025\/07\/4.-Anexo-III-Memorial-tecnologico-e-sanitario-do-estabelecimento.xlsx\">Vers\u00e3o edit\u00e1vel<\/a><\/strong><\/p>\n<ul>\n<li><a href=\"https:\/\/www.cidasc.sc.gov.br\/inspecao\/files\/2025\/07\/Manual-de-preenchimento-do-MTSE.pdf\">Manual orientativo de preenchimento do Memorial Tecnol\u00f3gico e Sanit\u00e1rio do Estabelecimento &#8211; MTSE<\/a><\/li>\n<\/ul>\n<p>Anexo IV &#8211; <a href=\"https:\/\/www.cidasc.sc.gov.br\/inspecao\/files\/2025\/07\/Anexo-IV-Laudo-de-vistoria-.pdf\">Laudo de vistoria inicial<\/a> <strong>\u21d2 <a href=\"https:\/\/www.cidasc.sc.gov.br\/inspecao\/files\/2025\/07\/6.-Anexo-IV-Laudo-de-vistoria-inicial.docx\">Vers\u00e3o edit\u00e1vel<\/a><\/strong><\/p>\n<p>Anexo V &#8211; <a href=\"https:\/\/www.cidasc.sc.gov.br\/inspecao\/files\/2025\/07\/Anexo-V-Declaracao-de-alteracao-documental.pdf\">Declara\u00e7\u00e3o de altera\u00e7\u00e3o documental<\/a> <strong>\u21d2 <a href=\"https:\/\/www.cidasc.sc.gov.br\/inspecao\/files\/2025\/07\/7.-Anexo-V-Declaracao-de-alteracao-documental.docx\">Vers\u00e3o edit\u00e1vel<\/a><\/strong><\/p>\n<p>Anexo VI &#8211; <a href=\"https:\/\/www.cidasc.sc.gov.br\/inspecao\/files\/2025\/07\/Anexo-VI-Solicitacao-de-vistoria-final.pdf\">Solicita\u00e7\u00e3o de vistoria final<\/a> <strong>\u21d2 <a href=\"https:\/\/www.cidasc.sc.gov.br\/inspecao\/files\/2025\/07\/8.-Anexo-VI-Solicitacao-de-vistoria-final.docx\">Vers\u00e3o edit\u00e1vel<\/a><\/strong><\/p>\n<p>Anexo VII &#8211; <a href=\"https:\/\/www.cidasc.sc.gov.br\/inspecao\/files\/2025\/07\/Anexo-VII-Laudo-de-vistoria-final.pdf\">Laudo de vistoria final<\/a> <strong>\u21d2 <a href=\"https:\/\/www.cidasc.sc.gov.br\/inspecao\/files\/2025\/07\/9.-Anexo-VII-Laudo-de-vistoria-final.docx\">Vers\u00e3o edit\u00e1vel<\/a><\/strong><\/p>\n<p>Anexo VIII &#8211; <a href=\"https:\/\/www.cidasc.sc.gov.br\/inspecao\/files\/2025\/07\/Anexo-VIII-Solicitacao-do-titulo-de-registro-do-SIE.pdf\">Solicita\u00e7\u00e3o do titulo de registro do SIE<\/a> <strong>\u21d2 <a href=\"https:\/\/www.cidasc.sc.gov.br\/inspecao\/files\/2025\/07\/10.-Anexo-VIII-Solicitacao-do-titulo-de-registro-do-SIE.docx\">Vers\u00e3o edit\u00e1vel<\/a><\/strong><\/p>\n<p>Anexo IX &#8211; <a href=\"https:\/\/www.cidasc.sc.gov.br\/inspecao\/files\/2025\/07\/Anexo-IX-Requerimento-de-Adesao-ao-SISBI.pdf\">Requerimento de Ades\u00e3o ao SISBI<\/a> (Vers\u00e3o 9.0) <strong>\u21d2 <a href=\"https:\/\/www.cidasc.sc.gov.br\/inspecao\/files\/2025\/07\/11.-Anexo-IX-Requerimento-de-Adesao-ao-SISBI.docx\">Vers\u00e3o edit\u00e1vel<\/a><\/strong><\/p>\n<hr \/>\n<ul>\n<li><a href=\"https:\/\/www.cidasc.sc.gov.br\/inspecao\/files\/2025\/08\/Fluxo-do-processo-por-etapas.pdf\">Fluxo do processo por etapas<\/a><\/li>\n<li><a href=\"https:\/\/www.cidasc.sc.gov.br\/inspecao\/files\/2025\/07\/Manual-de-preenchimento-POPSIE-001-MVO.pdf\">Manual de preenchimento POPSIE 001 (MVO)<\/a><\/li>\n<li><a href=\"https:\/\/www.cidasc.sc.gov.br\/inspecao\/files\/2025\/07\/Manual-de-preenchimento-POPSIE-001-Agroindustrias.pdf\">Manual de preenchimento POPSIE 001 (Agroind\u00fastrias)<\/a><\/li>\n<li><a href=\"https:\/\/www.cidasc.sc.gov.br\/inspecao\/files\/2025\/07\/Manual-instrutivo-da-grade.pdf\">Manual instrutivo da grade<\/a><\/li>\n<li><a href=\"https:\/\/www.cidasc.sc.gov.br\/inspecao\/files\/2025\/08\/NT-017.2025-Formulario-Cadastro-Estabelecimentos-e-SISBI.pdf\">Nota T\u00e9cnica DEINP n.\u00ba 017\/2025<\/a> &#8211; Formul\u00e1rio de Cadastro de Estabelecimentos no e-SISBI<\/li>\n<li><a href=\"https:\/\/www.cidasc.sc.gov.br\/inspecao\/files\/2025\/08\/Manual-funcionalidadese-SISBI.SGE-v1.0.pdf\">Manual de funcionalidades e-SISBI\/SGE<\/a> (Vers\u00e3o 1.0)<\/li>\n<\/ul>\n<hr \/>\n<p>&nbsp;<\/p>\n","protected":false},"excerpt":{"rendered":"<p>POP SIE 001 &#8211; Processo de registro de estabelecimentos no SIE Documenta\u00e7\u00e3o prevista no POP SIE 001: Anexo I &#8211; Solicita\u00e7\u00e3o de registro no SIE e declara\u00e7\u00e3o de ci\u00eancia \u21d2 Vers\u00e3o edit\u00e1vel Anexo II &#8211; Solicita\u00e7\u00e3o de registro no SIE e declara\u00e7\u00e3o de ci\u00eancia (migra\u00e7\u00e3o) \u21d2 Vers\u00e3o edit\u00e1vel Anexo III &#8211; Memorial tecnol\u00f3gico e sanit\u00e1rio[&#8230;] <a class=\"moretag\" href=\"https:\/\/www.cidasc.sc.gov.br\/inspecao\/pop-sie-001-versao-5-0\/\">Leia mais&#8230;<\/a><\/p>\n","protected":false},"author":17,"featured_media":0,"parent":0,"menu_order":0,"comment_status":"closed","ping_status":"closed","template":"","meta":{"footnotes":""},"class_list":["post-11878","page","type-page","status-publish","hentry"],"_links":{"self":[{"href":"https:\/\/www.cidasc.sc.gov.br\/inspecao\/wp-json\/wp\/v2\/pages\/11878","targetHints":{"allow":["GET"]}}],"collection":[{"href":"https:\/\/www.cidasc.sc.gov.br\/inspecao\/wp-json\/wp\/v2\/pages"}],"about":[{"href":"https:\/\/www.cidasc.sc.gov.br\/inspecao\/wp-json\/wp\/v2\/types\/page"}],"author":[{"embeddable":true,"href":"https:\/\/www.cidasc.sc.gov.br\/inspecao\/wp-json\/wp\/v2\/users\/17"}],"replies":[{"embeddable":true,"href":"https:\/\/www.cidasc.sc.gov.br\/inspecao\/wp-json\/wp\/v2\/comments?post=11878"}],"version-history":[{"count":18,"href":"https:\/\/www.cidasc.sc.gov.br\/inspecao\/wp-json\/wp\/v2\/pages\/11878\/revisions"}],"predecessor-version":[{"id":11940,"href":"https:\/\/www.cidasc.sc.gov.br\/inspecao\/wp-json\/wp\/v2\/pages\/11878\/revisions\/11940"}],"wp:attachment":[{"href":"https:\/\/www.cidasc.sc.gov.br\/inspecao\/wp-json\/wp\/v2\/media?parent=11878"}],"curies":[{"name":"wp","href":"https:\/\/api.w.org\/{rel}","templated":true}]}}