{"id":11204,"date":"2024-12-18T19:27:41","date_gmt":"2024-12-18T19:27:41","guid":{"rendered":"https:\/\/www.cidasc.sc.gov.br\/inspecao\/?page_id=11204"},"modified":"2025-09-23T12:20:07","modified_gmt":"2025-09-23T12:20:07","slug":"pop-sie-003-versao-9-0-vigencia-a-partir-de-01-01-2025","status":"publish","type":"page","link":"https:\/\/www.cidasc.sc.gov.br\/inspecao\/pop-sie-003-versao-9-0-vigencia-a-partir-de-01-01-2025\/","title":{"rendered":"POP SIE 003 (Vers\u00e3o 9.0)"},"content":{"rendered":"<hr \/>\n<h4><strong>POP SIE 003 \u2013 <a href=\"http:\/\/www.cidasc.sc.gov.br\/inspecao\/files\/2024\/12\/Roteiro-de-Acoes-para-Inspecao-e-Fiscalizacao-nos-Estabelecimentos-sob-SIE-1.pdf\">Roteiro de A\u00e7\u00f5es para Inspe\u00e7\u00e3o e Fiscaliza\u00e7\u00e3o nos Estabelecimentos sob SIE<\/a><\/strong><\/h4>\n<hr \/>\n<h4><\/h4>\n<ul>\n<li><strong>POP SIE 003.1<\/strong>\u00a0\u2013\u00a0<strong><a href=\"https:\/\/www.cidasc.sc.gov.br\/inspecao\/files\/2024\/12\/Inspecao-e-Fiscalizacao-de-Rotina.pdf\">Inspe\u00e7\u00e3o e Fiscaliza\u00e7\u00e3o de Rotina<\/a>\n<p><\/strong><\/li>\n<li><strong>POP SIE 003.2\u00a0<\/strong>\u2013<strong>\u00a0<a href=\"https:\/\/www.cidasc.sc.gov.br\/inspecao\/files\/2024\/12\/Analises-Laboratoriais.pdf\">An\u00e1lises Laboratoriais<\/a>\n<p><\/strong><\/li>\n<li><strong>POP SIE 003.3<\/strong>\u00a0\u2013\u00a0<strong><a href=\"https:\/\/www.cidasc.sc.gov.br\/inspecao\/files\/2024\/12\/Adesao-e-Manutencao-do-SISBI.pdf\">Ades\u00e3o e Manuten\u00e7\u00e3o do SISBI<\/a>\n<p><\/strong><\/li>\n<li><strong>POP SIE 003.4<\/strong>\u00a0\u2013\u00a0<strong><a href=\"https:\/\/www.cidasc.sc.gov.br\/inspecao\/files\/2024\/12\/Selo-Arte.pdf\">Selo Arte<\/a>\n<p><\/strong><\/li>\n<li><strong>POP SIE 003.5<\/strong>\u00a0\u2013<strong>\u00a0<a href=\"https:\/\/www.cidasc.sc.gov.br\/inspecao\/files\/2024\/12\/Programa-Novilho-Precoce.pdf\">Programa Novilho Precoce<\/a>\n<p><\/strong><\/li>\n<li><strong>POP SIE 003.6<\/strong>\u00a0\u2013\u00a0<strong><a href=\"https:\/\/www.cidasc.sc.gov.br\/inspecao\/files\/2024\/12\/Processo-CIDASC-00008151_2024.pdf\">Supervis\u00e3o<\/a>\n<p><\/strong><\/li>\n<\/ul>\n<hr \/>\n<h4><strong>Documenta\u00e7\u00e3o prevista no POP SIE 003 e demais vinculados:<\/strong><\/h4>\n<hr \/>\n<p>Anexo 1 \u2013\u00a0<a href=\"https:\/\/www.cidasc.sc.gov.br\/inspecao\/files\/2024\/12\/Anexo-1-Registro-de-Atividade-do-MVO.pdf\">Registro de Atividade do MVO<\/a><\/p>\n<p>Anexo 2 \u2013\u00a0<a href=\"https:\/\/www.cidasc.sc.gov.br\/inspecao\/files\/2024\/12\/Anexo-2-Caracterizacao-do-Risco-associado-ao-Desempenho-do-Estabelecimento-RD.pdf\">Caracteriza\u00e7\u00e3o do Risco associado ao Desempenho do Estabelecimento (RD)<\/a><\/p>\n<p>Anexo 3 \u2013\u00a0<a href=\"https:\/\/www.cidasc.sc.gov.br\/inspecao\/files\/2024\/12\/Anexo-3-Checklist-Combate-a-Fraude.pdf\">Checklist de Combate \u00e0 Fraude<\/a><\/p>\n<p>Anexo 4 \u2013\u00a0<a href=\"https:\/\/www.cidasc.sc.gov.br\/inspecao\/files\/2024\/12\/Anexo-4-Checklist-Credenciado-Novilho-Precoce-Credenciamento.pdf\">Checklist Credenciado Novilho Precoce (Credenciamento)<\/a><\/p>\n<p>Anexo 5 \u2013\u00a0<a href=\"https:\/\/www.cidasc.sc.gov.br\/inspecao\/files\/2024\/12\/Anexo-5-Checklist-Credenciado-Novilho-Precoce-Manutencao.pdf\">Checklist Credenciado Novilho Precoce (Manuten\u00e7\u00e3o)<\/a><\/p>\n<p>Anexo 6 \u2013\u00a0<a href=\"https:\/\/www.cidasc.sc.gov.br\/inspecao\/files\/2024\/12\/Anexo-6-Checklist-do-Estabelecimento.pdf\">Checklist do Estabelecimento<\/a><\/p>\n<p>Anexo 7 \u2013\u00a0<a href=\"https:\/\/www.cidasc.sc.gov.br\/inspecao\/files\/2024\/12\/Anexo-7-Checklist-do-Selo-Arte.pdf\">Checklist do Selo Arte<\/a><\/p>\n<p>Anexo 8 \u2013\u00a0<a href=\"https:\/\/www.cidasc.sc.gov.br\/inspecao\/files\/2024\/12\/Anexo-8-Supervisao-do-Servico-de-Inspecao-Estadual-SIE.pdf\">Supervis\u00e3o do Servi\u00e7o de Inspe\u00e7\u00e3o Estadual (SIE)<\/a><\/p>\n<p>Anexo 9 \u2013\u00a0<a href=\"https:\/\/www.cidasc.sc.gov.br\/inspecao\/files\/2024\/12\/Anexo-9-Supervisao-MVA-e-Auxiliares-de-Inspecao-Aves.pdf\">Supervis\u00e3o MVA e Auxiliares de Inspe\u00e7\u00e3o (Aves)<\/a><\/p>\n<p>Anexo 10 \u2013\u00a0<a href=\"https:\/\/www.cidasc.sc.gov.br\/inspecao\/files\/2024\/12\/Anexo-10-Supervisao-MVA-e-Auxiliares-de-Inspecao-Lagomorfos.pdf\">Supervis\u00e3o MVA e Auxiliares de Inspe\u00e7\u00e3o (Lagomorfos)<\/a><\/p>\n<p>Anexo 11 \u2013\u00a0<a href=\"https:\/\/www.cidasc.sc.gov.br\/inspecao\/files\/2024\/12\/Anexo-11-Supervisao-MVA-e-Auxiliares-de-Inspecao-Ruminantes.pdf\">Supervis\u00e3o MVA e Auxiliares de Inspe\u00e7\u00e3o (Ruminantes)<\/a><\/p>\n<p>Anexo 12 \u2013\u00a0<a href=\"https:\/\/www.cidasc.sc.gov.br\/inspecao\/files\/2024\/12\/Anexo-12-Supervisao-MVA-e-Auxiliares-de-Inspecao-Suinos.pdf\">Supervis\u00e3o MVA e Auxiliares de Inspe\u00e7\u00e3o (Su\u00ednos)<\/a><\/p>\n<p>Anexo 13 \u2013\u00a0<a href=\"https:\/\/www.cidasc.sc.gov.br\/inspecao\/files\/2024\/12\/Anexo-13-Nota-Tecnica-NT.pdf\">Nota T\u00e9cnica (NT)<\/a>\u00a0<strong>\u21d2<\/strong>\u00a0<a href=\"https:\/\/www.cidasc.sc.gov.br\/inspecao\/files\/2024\/12\/Anexo-13-Nota-Tecnica-NT.docx\">Vers\u00e3o edit\u00e1vel<\/a><\/p>\n<p>Anexo 14 \u2013\u00a0<a href=\"https:\/\/www.cidasc.sc.gov.br\/inspecao\/files\/2024\/12\/Anexo-14-Lista-de-Presenca.pdf\">Lista de Presen\u00e7a<\/a>\u00a0<strong>\u21d2<\/strong>\u00a0<a href=\"https:\/\/www.cidasc.sc.gov.br\/inspecao\/files\/2024\/12\/Anexo-14-Lista-de-Presenca-Editavel-.docx\">Vers\u00e3o edit\u00e1vel<\/a><\/p>\n<p>Anexo 15 \u2013\u00a0<a href=\"https:\/\/www.cidasc.sc.gov.br\/inspecao\/files\/2024\/12\/Anexo-15-Relatorio-Descritivo-de-Fiscalizacao-ou-Supervisao.pdf\">Relat\u00f3rio Descritivo de Fiscaliza\u00e7\u00e3o ou Supervis\u00e3o<\/a>\u00a0<strong>\u21d2<\/strong>\u00a0<a href=\"https:\/\/www.cidasc.sc.gov.br\/inspecao\/files\/2024\/12\/Anexo-15-Relatorio-Descritivo-de-Fiscalizacao-ou-Supervisao-Editavel.docx\">Vers\u00e3o edit\u00e1vel<\/a><\/p>\n<p>Anexo 16 \u2013\u00a0<a href=\"https:\/\/www.cidasc.sc.gov.br\/inspecao\/files\/2024\/12\/Anexo-16-Termo-de-Coleta-de-Amostra-TCA.pdf\">Termo de Coleta de Amostra (TCA)<\/a><\/p>\n<p>Anexo 17 \u2013\u00a0<a href=\"https:\/\/www.cidasc.sc.gov.br\/inspecao\/files\/2024\/12\/Anexo-17-Ficha-de-Verificacao-ante-mortem-e-Liberacao-de-Abate-Aves.pdf\">Ficha de Verifica\u00e7\u00e3o\u00a0<em>Ante Mortem<\/em>\u00a0e Libera\u00e7\u00e3o de Abate (Aves)<\/a><\/p>\n<p>Anexo 18 \u2013\u00a0<a href=\"https:\/\/www.cidasc.sc.gov.br\/inspecao\/files\/2024\/12\/Anexo-18-Ficha-de-Verificacao-ante-mortem-e-Liberacao-de-Abate-Lagomorfos.pdf\">Ficha de Verifica\u00e7\u00e3o\u00a0<em>Ante Mortem<\/em>\u00a0e Libera\u00e7\u00e3o de Abate (Lagomorfos)<\/a><\/p>\n<p>Anexo 19 \u2013\u00a0<a href=\"https:\/\/www.cidasc.sc.gov.br\/inspecao\/files\/2024\/12\/Anexo-19-Ficha-de-Verificacao-ante-mortem-e-Liberacao-de-Abate-Ruminantes.pdf\">Ficha de Verifica\u00e7\u00e3o\u00a0<em>Ante Mortem<\/em>\u00a0e Libera\u00e7\u00e3o de Abate (Ruminantes)<\/a><\/p>\n<p>Anexo 20 \u2013\u00a0<a href=\"https:\/\/www.cidasc.sc.gov.br\/inspecao\/files\/2024\/12\/Anexo-20-Ficha-de-Verificacao-ante-mortem-e-Liberacao-de-Abate-Suideos.pdf\">Ficha de Verifica\u00e7\u00e3o\u00a0<em>Ante Mortem<\/em>\u00a0e Libera\u00e7\u00e3o de Abate (Su\u00eddeos)<\/a><\/p>\n<p>Anexo 21 \u2013\u00a0<a href=\"https:\/\/www.cidasc.sc.gov.br\/inspecao\/files\/2024\/12\/Anexo-21-Roteiro-de-fiscalizacao-e-inspecao-de-abate-Aves.pdf\">Roteiro de Fiscaliza\u00e7\u00e3o e Inspe\u00e7\u00e3o de Abate (Aves)<\/a><\/p>\n<p>Anexo 22 \u2013\u00a0<a href=\"https:\/\/www.cidasc.sc.gov.br\/inspecao\/files\/2024\/12\/Anexo-22-Roteiro-de-fiscalizacao-e-inspecao-de-abate-Lagomorfos.pdf\">Roteiro de Fiscaliza\u00e7\u00e3o e Inspe\u00e7\u00e3o de Abate (Lagomorfos)<\/a><\/p>\n<p>Anexo 23 \u2013\u00a0<a href=\"https:\/\/www.cidasc.sc.gov.br\/inspecao\/files\/2024\/12\/Anexo-23-Roteiro-de-fiscalizacao-e-inspecao-de-abate-Ruminantes.pdf\">Roteiro de Fiscaliza\u00e7\u00e3o e Inspe\u00e7\u00e3o de Abate (Ruminantes)<\/a><\/p>\n<p>Anexo 24 \u2013\u00a0<a href=\"https:\/\/www.cidasc.sc.gov.br\/inspecao\/files\/2024\/12\/Anexo-24-Roteiro-de-fiscalizacao-e-inspecao-de-abate-Suinos.pdf\">Roteiro de Fiscaliza\u00e7\u00e3o e Inspe\u00e7\u00e3o de Abate (Su\u00ednos)<\/a><\/p>\n<p>Anexo 25 \u2013\u00a0<a href=\"https:\/\/www.cidasc.sc.gov.br\/inspecao\/files\/2024\/12\/Anexo-25-Registro-de-Abate-e-Condenacao-Aves.pdf\">Registro de Abate e Condena\u00e7\u00e3o (Aves)<\/a>\u00a0<strong>\u21d2<\/strong>\u00a0<a href=\"https:\/\/www.cidasc.sc.gov.br\/inspecao\/files\/2024\/12\/Anexo-25-Registro-de-Abate-e-Condenacao-Aves-Editavel.xlsx\">Vers\u00e3o edit\u00e1vel<\/a><\/p>\n<p>Anexo 26 \u2013\u00a0<a href=\"https:\/\/www.cidasc.sc.gov.br\/inspecao\/files\/2024\/12\/Anexo-26-Registro-de-Abate-e-Condenacao-Lagomorfos.pdf\">Registro de Abate e Condena\u00e7\u00e3o (Lagomorfos)<\/a>\u00a0<strong>\u21d2<\/strong>\u00a0<a href=\"https:\/\/www.cidasc.sc.gov.br\/inspecao\/files\/2024\/12\/Anexo-26-Registro-de-Abate-e-Condenacao-Lagomorfos.xlsx\">Vers\u00e3o edit\u00e1vel<\/a><\/p>\n<p>Anexo 27 \u2013\u00a0<a href=\"https:\/\/www.cidasc.sc.gov.br\/inspecao\/files\/2024\/12\/Anexo-27-Registro-de-Abate-e-Condenacao-Ruminantes.pdf\">Registro de Abate e Condena\u00e7\u00e3o (Ruminantes)<\/a>\u00a0<strong>\u21d2<\/strong>\u00a0<a href=\"https:\/\/www.cidasc.sc.gov.br\/inspecao\/files\/2024\/12\/Anexo-27-Registro-de-Abate-e-Condenacao-Ruminantes-Editavel.xlsx\">Vers\u00e3o edit\u00e1vel<\/a><\/p>\n<p>Anexo 28 \u2013\u00a0<a href=\"https:\/\/www.cidasc.sc.gov.br\/inspecao\/files\/2024\/12\/Anexo-28-Registro-de-Abate-e-Condenacao-Suinos.pdf\">Registro de Abate e Condena\u00e7\u00e3o (Su\u00ednos)<\/a>\u00a0<strong>\u21d2<\/strong>\u00a0<a href=\"https:\/\/www.cidasc.sc.gov.br\/inspecao\/files\/2024\/12\/Anexo-28-Registro-de-Abate-e-Condenacao-Suinos.xlsx\">Vers\u00e3o edit\u00e1vel<\/a><\/p>\n<p>Anexo 29 \u2013\u00a0<a href=\"https:\/\/www.cidasc.sc.gov.br\/inspecao\/files\/2024\/12\/Anexo-29-Registro-de-Atividade-do-MVA.pdf\">Registro de Atividade do MVA<\/a><\/p>\n<p>Anexo 30 \u2013\u00a0<a href=\"https:\/\/www.cidasc.sc.gov.br\/inspecao\/files\/2024\/12\/Anexo-30-Planejamento-de-Carga-Horaria-do-Medico-Veterinario-de-Apoio.pdf\">Planejamento de Carga Hor\u00e1ria do M\u00e9dico Veterin\u00e1rio de Apoio<\/a>\u00a0<strong>\u21d2<\/strong>\u00a0<a href=\"https:\/\/www.cidasc.sc.gov.br\/inspecao\/files\/2024\/12\/Anexo-30-Planejamento-de-Carga-Horaria-do-Medico-Veterinario-de-Apoio-Editavel.xlsx\">Vers\u00e3o edit\u00e1vel<\/a><\/p>\n<p>Anexo 31 \u2013 <a href=\"http:\/\/www.cidasc.sc.gov.br\/inspecao\/files\/2025\/01\/Plano-de-Acoes-Corretivas.pdf\">Plano de A\u00e7\u00f5es Corretivas<\/a> <strong>\u21d2 <\/strong><a href=\"http:\/\/www.cidasc.sc.gov.br\/inspecao\/files\/2025\/01\/Anexo-31-Plano-de-Acoes-Corretivas-Editavel-3.xlsx\">Vers\u00e3o edit\u00e1vel<\/a><\/p>\n<p>Anexo 32 \u2013\u00a0<a href=\"https:\/\/www.cidasc.sc.gov.br\/inspecao\/files\/2024\/12\/Anexo-32-Boletim-Sanitario-Aves.pdf\">Boletim Sanit\u00e1rio (Aves)<\/a>\u00a0<strong>\u21d2<\/strong>\u00a0<a href=\"https:\/\/www.cidasc.sc.gov.br\/inspecao\/files\/2024\/12\/Anexo-32-Boletim-Sanitario-Aves-Editavel.docx\">Vers\u00e3o edit\u00e1vel<\/a><\/p>\n<p>Anexo 33 \u2013\u00a0<a href=\"https:\/\/www.cidasc.sc.gov.br\/inspecao\/files\/2024\/12\/Anexo-33-Boletim-Sanitario-Lagomorfos.pdf\">Boletim Sanit\u00e1rio (Lagomorfos)<\/a>\u00a0<strong>\u21d2<\/strong>\u00a0<a href=\"https:\/\/www.cidasc.sc.gov.br\/inspecao\/files\/2024\/12\/Anexo-33-Boletim-Sanitario-Lagomorfos-Editavel.docx\">Vers\u00e3o edit\u00e1vel<\/a><\/p>\n<p>Anexo 34 \u2013\u00a0<a href=\"https:\/\/www.cidasc.sc.gov.br\/inspecao\/files\/2024\/12\/Anexo-34-Boletim-Sanitario-Suinos.pdf\">Boletim Sanit\u00e1rio (Su\u00ednos)<\/a>\u00a0<strong>\u21d2<\/strong>\u00a0<a href=\"https:\/\/www.cidasc.sc.gov.br\/inspecao\/files\/2024\/12\/Anexo-34-Boletim-Sanitario-Suinos-Editavel.xlsx\">Vers\u00e3o edit\u00e1vel<\/a><\/p>\n<p>Anexo 35 \u2013\u00a0<a href=\"https:\/\/www.cidasc.sc.gov.br\/inspecao\/files\/2024\/12\/Anexo-35-Relatorio-Mensal-de-Producao.pdf\">Relat\u00f3rio Mensal de Produ\u00e7\u00e3o<\/a><\/p>\n<p>Anexo 36 \u2013\u00a0<a href=\"https:\/\/www.cidasc.sc.gov.br\/inspecao\/files\/2024\/12\/Anexo-36-Controle-da-Remocao-do-Material-de-Risco-Especifico-MRE.pdf\">Controle da Remo\u00e7\u00e3o do Material de Risco Espec\u00edfico (MRE)<\/a><\/p>\n<p>Anexo 37 \u2013\u00a0<a href=\"https:\/\/www.cidasc.sc.gov.br\/inspecao\/files\/2024\/12\/Anexo-37-Planilha-Diaria-para-Registro-de-Brincos-na-Sangria.pdf\">Planilha Di\u00e1ria para Registro de Brincos na Sangria<\/a>\u00a0<strong>\u21d2<\/strong>\u00a0<a href=\"https:\/\/www.cidasc.sc.gov.br\/inspecao\/files\/2024\/12\/Anexo-37-Planilha-Diaria-para-Registro-de-Brincos-na-Sangria-Editavel.xlsx\">Vers\u00e3o edit\u00e1vel<\/a><\/p>\n<p>Anexo 38 \u2013\u00a0<a href=\"https:\/\/www.cidasc.sc.gov.br\/inspecao\/files\/2024\/12\/Anexo-38-Registro-Diario-de-Controle-de-Recebimento-de-Leite.pdf\">Registro Di\u00e1rio de Controle de Recebimento de Leite<\/a>\u00a0<strong>\u21d2<\/strong>\u00a0<a href=\"https:\/\/www.cidasc.sc.gov.br\/inspecao\/files\/2024\/12\/Anexo-38-Registro-Diario-de-Controle-de-Recebimento-de-Leite-Editavel.xlsx\">Vers\u00e3o edit\u00e1vel<\/a><\/p>\n<p>Anexo 39 \u2013\u00a0<a href=\"https:\/\/www.cidasc.sc.gov.br\/inspecao\/files\/2024\/12\/Anexo-39-Registro-de-Analises-de-Recebimento-de-Materia-Prima-para-Mel.pdf\">Registro de An\u00e1lises de Recebimento de Mat\u00e9ria Prima para Mel<\/a>\u00a0<strong>\u21d2<\/strong>\u00a0<a href=\"https:\/\/www.cidasc.sc.gov.br\/inspecao\/files\/2024\/12\/Anexo-39-Registro-de-Analises-de-Recebimento-de-Materia-Prima-para-Mel-Editavel.xlsx\">Vers\u00e3o edit\u00e1vel<\/a><\/p>\n<p>Anexo 40 \u2013\u00a0<a href=\"https:\/\/www.cidasc.sc.gov.br\/inspecao\/files\/2024\/12\/Anexo-40-Registro-Diario-de-Recebimento-de-Materia-Prima.pdf\">Registro Di\u00e1rio de Recebimento de Mat\u00e9ria Prima<\/a>\u00a0<strong>\u21d2<\/strong>\u00a0<a href=\"https:\/\/www.cidasc.sc.gov.br\/inspecao\/files\/2024\/12\/Anexo-40-Registro-Diario-de-Recebimento-de-Materia-Prima-Editavel.xlsx\">Vers\u00e3o edit\u00e1vel<\/a><\/p>\n<p>Anexo 41 \u2013\u00a0<a href=\"https:\/\/www.cidasc.sc.gov.br\/inspecao\/files\/2024\/12\/Anexo-41-Ficha-de-Atualizacao-de-Informacoes-do-Estabelecimento.pdf\">Ficha de Atualiza\u00e7\u00e3o de Informa\u00e7\u00f5es do Estabelecimento<\/a>\u00a0<strong>\u21d2<\/strong>\u00a0<a href=\"https:\/\/www.cidasc.sc.gov.br\/inspecao\/files\/2024\/12\/Anexo-41-Ficha-de-Atualizacao-de-Informacoes-do-Estabelecimento-Editavel.xlsx\">Vers\u00e3o edit\u00e1vel<\/a><\/p>\n<p>Anexo 42 \u2013\u00a0<a href=\"https:\/\/www.cidasc.sc.gov.br\/inspecao\/files\/2024\/12\/Anexo-42-Requerimento-de-solicitacao-de-Selo-Arte.pdf\">Requerimento de solicita\u00e7\u00e3o de Selo Arte<\/a>\u00a0<strong>\u21d2<\/strong>\u00a0<a href=\"https:\/\/www.cidasc.sc.gov.br\/inspecao\/files\/2024\/12\/Anexo-42-Requerimento-de-solicitacao-de-Selo-Arte-Editavel.docx\">Vers\u00e3o edit\u00e1vel<\/a><\/p>\n<p>Anexo 43 \u2013\u00a0<a href=\"https:\/\/www.cidasc.sc.gov.br\/inspecao\/files\/2024\/12\/Anexo-43-Requerimento-de-Adesao-ao-SISBI.pdf\">Requerimento de Ades\u00e3o ao SISBI<\/a>\u00a0<strong>\u21d2<\/strong>\u00a0<a href=\"https:\/\/www.cidasc.sc.gov.br\/inspecao\/files\/2024\/12\/Anexo-43-Requerimento-de-Adesao-ao-SISBI-Editavel.docx\">Vers\u00e3o edit\u00e1vel<\/a><\/p>\n<p>Anexo 44 \u2013\u00a0<a href=\"https:\/\/www.cidasc.sc.gov.br\/inspecao\/files\/2024\/12\/Anexo-44-Requisicao-de-Analise-Pericial-1.pdf\">Requisi\u00e7\u00e3o de An\u00e1lise Pericial<\/a>\u00a0<strong>\u21d2<\/strong>\u00a0<a href=\"https:\/\/www.cidasc.sc.gov.br\/inspecao\/files\/2024\/12\/Anexo-44-Requisicao-de-Analise-Pericial-Editavel-1.docx\">Vers\u00e3o edit\u00e1vel<\/a><\/p>\n<p>Anexo 45 \u2013\u00a0<a href=\"https:\/\/www.cidasc.sc.gov.br\/inspecao\/files\/2024\/12\/Anexo-45-Solicitacao-de-Credenciamento-de-Frigorifico-no-Programa-Novilho-Precoce.pdf\">Solicita\u00e7\u00e3o de credenciamento de Frigor\u00edfico no Programa Novilho Precoce<\/a>\u00a0<strong>\u21d2<\/strong>\u00a0<a href=\"https:\/\/www.cidasc.sc.gov.br\/inspecao\/files\/2024\/12\/Anexo-45-Solicitacao-de-credenciamento-de-frigorifico-no-programa-novilho-precoce-Editavel.doc\">Vers\u00e3o edit\u00e1vel<\/a><\/p>\n<p>Anexo 46 \u2013\u00a0<a href=\"https:\/\/www.cidasc.sc.gov.br\/inspecao\/files\/2024\/12\/Anexo-46-Solicitacao-de-Suspensao-Cancelamento-ou-Reativacao-das-Atividades-no-Programa-Novilho-Precoce.pdf\">Solicita\u00e7\u00e3o de Suspens\u00e3o, Cancelamento ou Reativa\u00e7\u00e3o das Atividades no Programa Novilho Precoce<\/a>\u00a0<strong>\u21d2<\/strong>\u00a0<a href=\"https:\/\/www.cidasc.sc.gov.br\/inspecao\/files\/2024\/12\/Anexo-46-Solicitacao-de-suspensao-cancelamento-ou-reativacao-das-atividades-no-programa-novilho-precoce-Editavel.docx\">Vers\u00e3o edit\u00e1vel<\/a><\/p>\n<p>Anexo 47 \u2013\u00a0<a href=\"https:\/\/www.cidasc.sc.gov.br\/inspecao\/files\/2024\/12\/Anexo-47-Modelo-de-Certificado-de-Tipificacao-de-Carcaca.pdf\">Modelo de Certificado de Tipifica\u00e7\u00e3o de Carca\u00e7a<\/a>\u00a0<strong>\u21d2<\/strong>\u00a0<a href=\"https:\/\/www.cidasc.sc.gov.br\/inspecao\/files\/2024\/12\/Anexo-47-Modelo-de-Certificado-de-Tipificacao-de-Carcaca-Editavel.ods\">Vers\u00e3o edit\u00e1vel<\/a><\/p>\n<p>Anexo 48 \u2013\u00a0<a href=\"https:\/\/www.cidasc.sc.gov.br\/inspecao\/files\/2024\/12\/Anexo-48-Supervisao-do-MVA-Inspecao-periodica.pdf\">Supervis\u00e3o do MVA \u2013 Inspe\u00e7\u00e3o Peri\u00f3dica<\/a><\/p>\n<hr \/>\n","protected":false},"excerpt":{"rendered":"<p>POP SIE 003 \u2013 Roteiro de A\u00e7\u00f5es para Inspe\u00e7\u00e3o e Fiscaliza\u00e7\u00e3o nos Estabelecimentos sob SIE POP SIE 003.1\u00a0\u2013\u00a0Inspe\u00e7\u00e3o e Fiscaliza\u00e7\u00e3o de Rotina POP SIE 003.2\u00a0\u2013\u00a0An\u00e1lises Laboratoriais POP SIE 003.3\u00a0\u2013\u00a0Ades\u00e3o e Manuten\u00e7\u00e3o do SISBI POP SIE 003.4\u00a0\u2013\u00a0Selo Arte POP SIE 003.5\u00a0\u2013\u00a0Programa Novilho Precoce POP SIE 003.6\u00a0\u2013\u00a0Supervis\u00e3o Documenta\u00e7\u00e3o prevista no POP SIE 003 e demais vinculados: Anexo[&#8230;] <a class=\"moretag\" href=\"https:\/\/www.cidasc.sc.gov.br\/inspecao\/pop-sie-003-versao-9-0-vigencia-a-partir-de-01-01-2025\/\">Leia mais&#8230;<\/a><\/p>\n","protected":false},"author":17,"featured_media":0,"parent":0,"menu_order":0,"comment_status":"closed","ping_status":"closed","template":"","meta":{"footnotes":""},"class_list":["post-11204","page","type-page","status-publish","hentry"],"_links":{"self":[{"href":"https:\/\/www.cidasc.sc.gov.br\/inspecao\/wp-json\/wp\/v2\/pages\/11204","targetHints":{"allow":["GET"]}}],"collection":[{"href":"https:\/\/www.cidasc.sc.gov.br\/inspecao\/wp-json\/wp\/v2\/pages"}],"about":[{"href":"https:\/\/www.cidasc.sc.gov.br\/inspecao\/wp-json\/wp\/v2\/types\/page"}],"author":[{"embeddable":true,"href":"https:\/\/www.cidasc.sc.gov.br\/inspecao\/wp-json\/wp\/v2\/users\/17"}],"replies":[{"embeddable":true,"href":"https:\/\/www.cidasc.sc.gov.br\/inspecao\/wp-json\/wp\/v2\/comments?post=11204"}],"version-history":[{"count":77,"href":"https:\/\/www.cidasc.sc.gov.br\/inspecao\/wp-json\/wp\/v2\/pages\/11204\/revisions"}],"predecessor-version":[{"id":12048,"href":"https:\/\/www.cidasc.sc.gov.br\/inspecao\/wp-json\/wp\/v2\/pages\/11204\/revisions\/12048"}],"wp:attachment":[{"href":"https:\/\/www.cidasc.sc.gov.br\/inspecao\/wp-json\/wp\/v2\/media?parent=11204"}],"curies":[{"name":"wp","href":"https:\/\/api.w.org\/{rel}","templated":true}]}}