{"id":9,"date":"2012-08-14T03:43:42","date_gmt":"2012-08-14T03:43:42","guid":{"rendered":"http:\/\/SementeseMudasFormul\u00e1riopararegistrodocom\u00e9rciodesementesemudasAgrot\u00f3xicos"},"modified":"2025-06-03T10:53:53","modified_gmt":"2025-06-03T10:53:53","slug":"documentos","status":"publish","type":"page","link":"https:\/\/www.cidasc.sc.gov.br\/fiscalizacao\/documentos\/","title":{"rendered":"Documentos"},"content":{"rendered":"\n<div class=\"wp-block-group\"><div class=\"wp-block-group__inner-container is-layout-flow wp-block-group-is-layout-flow\">\n<hr class=\"wp-block-separator has-css-opacity\" \/>\n\n\n\n<hr class=\"wp-block-separator has-css-opacity\" \/>\n\n\n\n<h2 class=\"wp-block-heading\">&nbsp;NOTAS T\u00c9CNICAS<\/h2>\n\n\n\n<ul class=\"wp-block-list\">\n<li><strong><a rel=\"noreferrer noopener\" href=\"http:\/\/www.cidasc.sc.gov.br\/fiscalizacao\/files\/2024\/02\/Nota_tecnica_01-24_tiametoxan.pdf\" target=\"_blank\">NOTA T\u00c9CNICA N\u00ba 001\/2024\/DIDAG\/DEDEV\/DIFIA<\/a><\/strong>: Esclarecimentos sobre o comunicado do Instituto Brasileiro do Meio Ambiente e dos Recursos Naturais Renov\u00e1veis (Ibama) restringindo o uso de agrot\u00f3xicos \u00e0 base de <strong>tiametoxam  <\/strong><mark><strong>(NOVA)<\/strong><\/mark>.<\/li>\n<\/ul>\n\n\n\n<p><\/p>\n\n\n\n<ul class=\"wp-block-list\">\n<li><strong><a rel=\"noreferrer noopener\" href=\"http:\/\/www.cidasc.sc.gov.br\/fiscalizacao\/files\/2023\/06\/Nota_Tecnica_difia_01-2023.pdf\" target=\"_blank\">NOTA T\u00c9CNICA DEDEV\/DIFIA N\u00ba 001\/2023<\/a><\/strong>:  Orienta\u00e7\u00f5es sobre a prescri\u00e7\u00e3o do uso de herbicidas no controle de plantas daninhas e plantas volunt\u00e1rias de soja e milho durante o vazio sanit\u00e1rio.<\/li>\n<\/ul>\n\n\n\n<div style=\"height:9px\" aria-hidden=\"true\" class=\"wp-block-spacer\"><\/div>\n\n\n\n<ul class=\"wp-block-list\">\n<li><strong><a rel=\"noreferrer noopener\" href=\"http:\/\/www.cidasc.sc.gov.br\/fiscalizacao\/files\/2022\/09\/Nota-tecnica-DEDEV-02-2022-Carbendazim.pdf\" target=\"_blank\">NOTA T\u00c9CNICA DEDEV\/DIFIA N\u00ba 002\/2022<\/a><\/strong>:  Disp\u00f5e sobre a proibi\u00e7\u00e3o do ingrediente ativo <strong>Carbendazim <\/strong>em produtos agrot\u00f3xicos no pa\u00eds e sobre as medidas transit\u00f3rias de mitiga\u00e7\u00e3o de riscos.<\/li>\n<\/ul>\n\n\n\n<ul class=\"wp-block-list\">\n<li><strong><a rel=\"noreferrer noopener\" href=\"http:\/\/www.cidasc.sc.gov.br\/fiscalizacao\/files\/2022\/06\/Nota-T\u00e9cnica-DEDEV_DIFIA_001_2022.pdf\" target=\"_blank\">NOTA T\u00c9CNICA DEDEV\/DIFIA N\u00ba 001\/2022<\/a><\/strong>: Disp\u00f5e sobre a suspens\u00e3o cautelar da importa\u00e7\u00e3o, fabrica\u00e7\u00e3o, comercializa\u00e7\u00e3o e distribui\u00e7\u00e3o dos produtos agrot\u00f3xicos que contenham o princ\u00edpio ativo <span class=\"has-inline-color has-very-dark-gray-color\">Carbendazim.<\/span><\/li>\n<\/ul>\n\n\n\n<p><\/p>\n\n\n\n<div style=\"height:20px\" aria-hidden=\"true\" class=\"wp-block-spacer\"><\/div>\n\n\n\n<ul class=\"wp-block-list\">\n<li><a rel=\"noreferrer noopener\" href=\"http:\/\/www.cidasc.sc.gov.br\/fiscalizacao\/files\/2021\/11\/Nota-T\u00e9cnica-001.2021-Moluscicidas.pdf\" target=\"_blank\">NOTA T\u00c9CNICA DEDEV\/DIFIA N\u00ba 001\/2021<\/a>: Orienta\u00e7\u00f5es quanto ao uso de produtos domissanit\u00e1rios <span class=\"has-inline-color has-very-dark-gray-color\">moluscicidas <\/span>na agricultura.<\/li>\n<\/ul>\n\n\n\n<ul class=\"wp-block-list\">\n<li><a rel=\"noreferrer noopener\" href=\"http:\/\/www.cidasc.sc.gov.br\/fiscalizacao\/files\/2021\/01\/Nota-T\u00e9cnica-Capina-Qu\u00edmica.pdf\" target=\"_blank\">Nota T\u00e9cnica n\u00ba 002\/ DEDEV-DIFIA\/2018<\/a>: Esclarecimentos sobre <strong><span class=\"has-inline-color has-very-dark-gray-color\">capina qu\u00edmica<\/span><\/strong> em per\u00edmetro urbano<\/li>\n<\/ul>\n<\/div><\/div>\n\n\n\n<hr class=\"wp-block-separator has-css-opacity\" \/>\n\n\n\n<hr class=\"wp-block-separator has-css-opacity\" \/>\n\n\n\n<div style=\"height:51px\" aria-hidden=\"true\" class=\"wp-block-spacer\"><\/div>\n\n\n\n<h2 class=\"wp-block-heading\">COMUNICADOS<\/h2>\n\n\n\n<h4 class=\"wp-block-heading\"><strong><a rel=\"noreferrer noopener\" href=\"http:\/\/www.cidasc.sc.gov.br\/fiscalizacao\/files\/2022\/02\/Comunicado_01-22_lotes_agx.pdf\" target=\"_blank\">Comunicado n\u00ba 01\/DEDEV\/DIDAG\/CIDASC\/2022<\/a>: Padr\u00e3o de numera\u00e7\u00e3o para <span class=\"has-inline-color has-vivid-red-color\"><em>LOTES <\/em><\/span>de agrot\u00f3xicos. (<span class=\"has-inline-color has-vivid-red-color\">NOVO &#8211; 31\/01\/22<\/span>)<\/strong><\/h4>\n\n\n\n<p><a rel=\"noreferrer noopener\" href=\"http:\/\/www.cidasc.sc.gov.br\/wp-content\/uploads\/2021\/05\/Comunicado-DEDEV-01-2021-Prazo-zerar-estoques-agrot\u00f3xicos.pdf\" target=\"_blank\">Comunicado n\u00ba 01\/DEDEV\/DIDAG\/CIDASC\/2021<\/a>: Prazo limite para adequa\u00e7\u00e3o do envio das informa\u00e7\u00f5es da movimenta\u00e7\u00e3o de agrot\u00f3xicos ao SIGEN+. <\/p>\n\n\n\n<p><a href=\"http:\/\/www.cidasc.sc.gov.br\/fiscalizacao\/files\/2020\/10\/Comunicado-Tecnico-4-2020.pdf\">Comunicado CIDASC\/DIDAG\/DEDEV n\u00ba 04\/2020<\/a>: Procedimentos a serem adotados quanto \u00e0 utiliza\u00e7\u00e3o de produtos agrot\u00f3xicos com ingrediente ativo Paraquate ou Dicloreto de Paraquate, em posse do produtor rural.<\/p>\n\n\n\n<p><a rel=\"noreferrer noopener\" href=\"http:\/\/www.cidasc.sc.gov.br\/fiscalizacao\/files\/2020\/09\/Comunicado_Tecnico_CIDASC_DIDAG_DEDEV_n_03_2020_-Paraquate.pdf\" target=\"_blank\">Comunicado CIDASC\/DIDAG\/DEDEV n\u00ba 03\/2020<\/a>: Orienta\u00e7\u00f5es sobre a decis\u00e3o da Anvisa quanto a proibi\u00e7\u00e3o de produtos agrot\u00f3xicos \u00e0 base de PARAQUATE a partir de 22\/09\/2020.<\/p>\n\n\n\n<p><a rel=\"noreferrer noopener\" href=\"http:\/\/www.cidasc.sc.gov.br\/fiscalizacao\/files\/2020\/07\/Comunicado_retorno_sistema_agrot%C3%B3xicos.pdf\" target=\"_blank\">Comunicado CIDASC\/DIDAG\/DEDEV n\u00ba 02\/2020<\/a>:  retorno do envio obrigat\u00f3rio semanal das informa\u00e7\u00f5es referentes aos receitu\u00e1rios agron\u00f4micos e das movimenta\u00e7\u00f5es de agrot\u00f3xicos.<\/p>\n\n\n\n<hr class=\"wp-block-separator has-css-opacity\" \/>\n\n\n\n<div style=\"height:35px\" aria-hidden=\"true\" class=\"wp-block-spacer\"><\/div>\n\n\n\n<h2 class=\"wp-block-heading\">MANUAIS<\/h2>\n\n\n<p><strong><a href=\"https:\/\/docs.google.com\/document\/d\/1luoqwREIkHAMRcPid3zDqtOG0tdEj2a6ihg7JzLXZS0\/edit?usp=sharing\" target=\"_blank\" rel=\"noopener noreferrer\">Manual de Cadastro de Agrot\u00f3xicos<\/a> (<span style=\"color: #ff0000\">Publicado em 13\/03\/2023)<\/span><\/strong><\/p>\n<p><a href=\"https:\/\/docs.google.com\/document\/d\/1zv8qWeustoRSh6_Z-1ejzzWvB0-3ucbZyjVmP1CFzsI\/edit?usp=sharing\" target=\"_blank\" rel=\"noopener\"><strong>Manual de SOLICIA\u00c7\u00c3O DE CORRE\u00c7\u00c3O DE ESTOQUE DE AGROT\u00d3XICOS<\/strong> <strong><span style=\"color: #ff0000\">(<\/span><span style=\"color: #ff0000\">NOVO) &#8211; Publicado em 25\/05\/2023)<\/span><\/strong><\/a><\/p>\n\n\n<p><strong>Web Services<\/strong><\/p>\n\n\n\n<p><b><a rel=\"noreferrer noopener\" href=\"https:\/\/docs.google.com\/document\/d\/19zreNgqz3YTdv4Oh5HihUudb3aR4Fe69H-8KVKxJ0Sc\/edit?usp=sharing\" target=\"_blank\">Manual para a Integra\u00e7\u00e3o de web services: RECEITU\u00c1RIO AGRON\u00d4MICO E MOVIMENTA\u00c7\u00c3O DE AGROT\u00d3XICOS<\/a><\/b> <strong><mark class=\"has-inline-color has-vivid-red-color\"> &#8211;  <\/mark><\/strong>Atualizado em <strong><mark class=\"has-inline-color has-vivid-red-color\">06\/05\/2021<\/mark><\/strong>.<br><a rel=\"noreferrer noopener\" href=\"https:\/\/docs.google.com\/document\/d\/15hv3kqqRclDVFFMDlDDQ8e7j0TQ_-TipNjhalMt9pZk\/edit?usp=sharing\" target=\"_blank\">Conhe\u00e7a aqui o resumo das altera\u00e7\u00f5es.<\/a><br>As mudan\u00e7as simplificar\u00e3o regras de neg\u00f3cios, mas n\u00e3o impedir\u00e3o a continuidade das rotinas principais j\u00e1 integradas ao Sigen.<\/p>\n\n\n\n<p><\/p>\n\n\n\n<p><strong>Perguntas Frequentes<\/strong><\/p>\n\n\n\n<div class=\"wp-block-group\"><div class=\"wp-block-group__inner-container is-layout-flow wp-block-group-is-layout-flow\">\n<ul class=\"wp-block-list\">\n<li><a rel=\"noreferrer noopener\" href=\"https:\/\/docs.google.com\/document\/d\/124R3ngJIB07y6Yas3D8ueJwabaM3n6f_Sx10zUvuf5A\/edit?usp=sharing\" target=\"_blank\">Perguntas Frequentes_- Receitu\u00e1rio Agron\u00f4mico<\/a><\/li>\n<\/ul>\n\n\n\n<ul class=\"wp-block-list\">\n<li><a rel=\"noreferrer noopener\" href=\"https:\/\/docs.google.com\/document\/d\/1ObsIv3WAdchwXzUk6Whw1LksOYQZEUh0HkvxtayMZ0Q\/edit?usp=sharing\" target=\"_blank\">Perguntas Frequentes_- Movimenta\u00e7\u00e3o de estoque de agrot\u00f3xicos<\/a><\/li>\n<\/ul>\n<\/div><\/div>\n\n\n\n<ul class=\"wp-block-list\">\n<li><a rel=\"noreferrer noopener\" href=\"https:\/\/docs.google.com\/spreadsheets\/d\/1C6ncjMwM085WtS5vufZ8ViVMqCbqLhI1CXVuoOvO2Lg\/edit?usp=sharing\" target=\"_blank\">Planilha com unidades de medida poss\u00edveis por produto<\/a> <\/li>\n<\/ul>\n\n\n\n<hr class=\"wp-block-separator has-css-opacity\" \/>\n\n\n\n<p><\/p>\n\n\n\n<h4 class=\"wp-block-heading\">Reuni\u00e3o Comerciantes Agrot\u00f3xicos e RTs<\/h4>\n\n\n\n<figure class=\"wp-block-embed is-type-video is-provider-youtube wp-block-embed-youtube wp-embed-aspect-16-9 wp-has-aspect-ratio\"><div class=\"wp-block-embed__wrapper\">\n<iframe loading=\"lazy\" title=\"SIGEN+   Web services Agrot\u00f3xicos 2020 07 17 at 11 06 GMT 7 1\" width=\"500\" height=\"281\" src=\"https:\/\/www.youtube.com\/embed\/qfv338n3J2Y?feature=oembed\" frameborder=\"0\" allow=\"accelerometer; autoplay; clipboard-write; encrypted-media; gyroscope; picture-in-picture; web-share\" referrerpolicy=\"strict-origin-when-cross-origin\" allowfullscreen><\/iframe>\n<\/div><figcaption class=\"wp-element-caption\">Web confer\u00eancia do dia 17\/07\/20<br>(Disponibilizamos apenas a apresenta\u00e7\u00e3o e transcrevemos as perguntas e respostas nos documentos acima)<\/figcaption><\/figure>\n\n\n\n<p><\/p>\n\n\n\n<hr class=\"wp-block-separator has-css-opacity\" \/>\n\n\n\n<hr class=\"wp-block-separator has-css-opacity\" \/>\n\n\n\n<h3 class=\"wp-block-heading\">Modelos de <strong>Documentos<\/strong><\/h3>\n\n\n\n<ul class=\"wp-block-list\">\n<li><a href=\"http:\/\/www.cidasc.sc.gov.br\/fiscalizacao\/files\/2012\/08\/MODELO-DE-DECLARA\u00c7\u00c3O-CADASTRO-DE-AGROTOXICO-CORRIGIDA-FINAL2.doc\" target=\"_blank\" rel=\"noreferrer noopener\">Declara\u00e7\u00e3o de Origem de Agrot\u00f3xicos<\/a><\/li>\n<\/ul>\n\n\n\n<ul class=\"wp-block-list\">\n<li><a href=\"http:\/\/www.cidasc.sc.gov.br\/fiscalizacao\/files\/2012\/08\/Termo-de-compromisso-do-RT-_3.xls\" target=\"_blank\" rel=\"noreferrer noopener\">Termo de compromisso do respons\u00e1vel t\u00e9cnico<\/a><\/li>\n<\/ul>\n\n\n\n<hr class=\"wp-block-separator has-css-opacity\" \/>\n\n\n\n<hr class=\"wp-block-separator has-css-opacity\" \/>\n\n\n\n<h2 class=\"wp-block-heading\">Apresenta\u00e7\u00f5es<\/h2>\n\n\n\n<ul class=\"wp-block-list\">\n<li><a href=\"https:\/\/drive.google.com\/file\/d\/1a_nTJFmv3Xa6JOdaW6-0c_oRnRJO3poE\/view?usp=sharing\" target=\"_blank\" rel=\"noreferrer noopener\">Apresenta\u00e7\u00e3o sobre Decreto 1331\/2017 para comerciantes de agrot\u00f3xicos e respons\u00e1veis t\u00e9cnicos<\/a><\/li>\n\n\n\n<li>Observa\u00e7\u00e3o: a apresenta\u00e7\u00e3o acima \u00e9 anterior ao DECRETO N\u00ba 1.037, de 19 de dezembro de 2020, que fez altera\u00e7\u00f5es na reda\u00e7\u00e3o do DECRETO ESTADUAL N\u00ba 1.331, de 17 de outubro de 2017. As altera\u00e7\u00f5es est\u00e3o grifadas em vermelho <a href=\"https:\/\/www.cidasc.sc.gov.br\/fiscalizacao\/files\/2020\/12\/Decreto-Estadual-de-Agrot%C3%B3xicos-1331_2017-alterado-pelo-decreto-1.037_2020-DOE_21422.pdf\">neste documento<\/a>.<\/li>\n<\/ul>\n\n\n\n<hr class=\"wp-block-separator has-css-opacity\" \/>\n\n\n\n<hr class=\"wp-block-separator has-css-opacity\" \/>\n\n\n\n<h1 class=\"wp-block-heading\">Tutoriais<\/h1>\n\n\n\n<h3 class=\"wp-block-heading\">&nbsp;<\/h3>\n\n\n\n<h3 class=\"wp-block-heading title style-scope ytd-video-primary-info-renderer\"><span style=\"color: #ff0000\">NOVO:<\/span> Impress\u00e3o do Livro de Acompanhamento T\u00e9cnico (LAT)<\/h3>\n\n\n<p><iframe loading=\"lazy\" title=\"Tutorial de Impress\u00e3o de Livro de Acompanhamento T\u00e9cnico (LAT) - Cidasc\" width=\"500\" height=\"281\" src=\"https:\/\/www.youtube.com\/embed\/di3AJtZPr2c?feature=oembed\" frameborder=\"0\" allow=\"accelerometer; autoplay; clipboard-write; encrypted-media; gyroscope; picture-in-picture; web-share\" referrerpolicy=\"strict-origin-when-cross-origin\" allowfullscreen><\/iframe><\/p>\n\n\n\n<h3 class=\"wp-block-heading\">Como solicitar acesso ao Sigen+ (RESPONS\u00c1VEL T\u00c9CNICO)<\/h3>\n\n\n\n<figure class=\"wp-block-embed is-type-video is-provider-youtube wp-block-embed-youtube wp-embed-aspect-16-9 wp-has-aspect-ratio\"><div class=\"wp-block-embed__wrapper\">\n<iframe loading=\"lazy\" title=\"Como solicitar acesso (usu\u00e1rio\/senha) ao SIGEN+ da Cidasc - RT Agrot\u00f3xico\" width=\"500\" height=\"281\" src=\"https:\/\/www.youtube.com\/embed\/HNl6baPkTnU?feature=oembed\" frameborder=\"0\" allow=\"accelerometer; autoplay; clipboard-write; encrypted-media; gyroscope; picture-in-picture; web-share\" referrerpolicy=\"strict-origin-when-cross-origin\" allowfullscreen><\/iframe>\n<\/div><\/figure>\n\n\n\n<h3 class=\"wp-block-heading\">Solicitar Registro de Empresa<\/h3>\n\n\n<p><iframe loading=\"lazy\" title=\"COMO FAZER SOLICITA\u00c7\u00c3O DE REGISTRO DE EMPRESAS (AGROT\u00d3XICOS \/ SEMENTES E MUDAS ) NO SIGEN+ DA CIDASC\" width=\"500\" height=\"281\" src=\"https:\/\/www.youtube.com\/embed\/-_FzQ3NM9qc?feature=oembed\" frameborder=\"0\" allow=\"accelerometer; autoplay; clipboard-write; encrypted-media; gyroscope; picture-in-picture; web-share\" referrerpolicy=\"strict-origin-when-cross-origin\" allowfullscreen><\/iframe><\/p>\n\n\n\n<h3 class=\"wp-block-heading\">&nbsp;<\/h3>\n\n\n\n<h3 class=\"wp-block-heading\">Imprimir o Certificado de Registro da Empresa<\/h3>\n\n\n<p><iframe loading=\"lazy\" title=\"COMO IMPRIMIR O CART\u00c3O DE REGISTRO DE COMERCIANTE  NO SIGEN+ DA CIDASC\" width=\"500\" height=\"281\" src=\"https:\/\/www.youtube.com\/embed\/k4mwQgc5Zis?feature=oembed\" frameborder=\"0\" allow=\"accelerometer; autoplay; clipboard-write; encrypted-media; gyroscope; picture-in-picture; web-share\" referrerpolicy=\"strict-origin-when-cross-origin\" allowfullscreen><\/iframe><\/p>\n\n\n\n<h3 class=\"wp-block-heading\">Solicitar altera\u00e7\u00e3o de Registro de Empresa<\/h3>\n\n\n<p><iframe loading=\"lazy\" title=\"COMO SOLICITAR ALTERA\u00c7\u00c3O DE REGISTRO DE EMPRESA NO SIGEN+ DA CIDASC\" width=\"500\" height=\"281\" src=\"https:\/\/www.youtube.com\/embed\/cMogREEgki4?feature=oembed\" frameborder=\"0\" allow=\"accelerometer; autoplay; clipboard-write; encrypted-media; gyroscope; picture-in-picture; web-share\" referrerpolicy=\"strict-origin-when-cross-origin\" allowfullscreen><\/iframe><\/p>\n\n\n\n<h3 class=\"wp-block-heading\">&nbsp;<\/h3>\n\n\n\n<h3 class=\"wp-block-heading\">Vincular usu\u00e1rios ao registro da empresa<\/h3>\n\n\n<p><iframe loading=\"lazy\" title=\"COMO VINCULAR PESSOAS A SUA EMPRESA NO SIGEN+ DA CIDASC.\" width=\"500\" height=\"281\" src=\"https:\/\/www.youtube.com\/embed\/pad-1K0dEv4?feature=oembed\" frameborder=\"0\" allow=\"accelerometer; autoplay; clipboard-write; encrypted-media; gyroscope; picture-in-picture; web-share\" referrerpolicy=\"strict-origin-when-cross-origin\" allowfullscreen><\/iframe><\/p>\n\n\n\n<p><\/p>\n","protected":false},"excerpt":{"rendered":"<p>&nbsp;NOTAS T\u00c9CNICAS COMUNICADOS Comunicado n\u00ba 01\/DEDEV\/DIDAG\/CIDASC\/2022: Padr\u00e3o de numera\u00e7\u00e3o para LOTES de agrot\u00f3xicos. (NOVO &#8211; 31\/01\/22) Comunicado n\u00ba 01\/DEDEV\/DIDAG\/CIDASC\/2021: Prazo limite para adequa\u00e7\u00e3o do envio das informa\u00e7\u00f5es da movimenta\u00e7\u00e3o de agrot\u00f3xicos ao SIGEN+. Comunicado CIDASC\/DIDAG\/DEDEV n\u00ba 04\/2020: Procedimentos a serem adotados quanto \u00e0 utiliza\u00e7\u00e3o de produtos agrot\u00f3xicos com ingrediente ativo Paraquate ou Dicloreto de Paraquate,[&#8230;] <a class=\"moretag\" href=\"https:\/\/www.cidasc.sc.gov.br\/fiscalizacao\/documentos\/\">Leia mais&#8230;<\/a><\/p>\n","protected":false},"author":1,"featured_media":0,"parent":0,"menu_order":0,"comment_status":"open","ping_status":"open","template":"","meta":{"footnotes":""},"class_list":["post-9","page","type-page","status-publish","hentry"],"_links":{"self":[{"href":"https:\/\/www.cidasc.sc.gov.br\/fiscalizacao\/wp-json\/wp\/v2\/pages\/9","targetHints":{"allow":["GET"]}}],"collection":[{"href":"https:\/\/www.cidasc.sc.gov.br\/fiscalizacao\/wp-json\/wp\/v2\/pages"}],"about":[{"href":"https:\/\/www.cidasc.sc.gov.br\/fiscalizacao\/wp-json\/wp\/v2\/types\/page"}],"author":[{"embeddable":true,"href":"https:\/\/www.cidasc.sc.gov.br\/fiscalizacao\/wp-json\/wp\/v2\/users\/1"}],"replies":[{"embeddable":true,"href":"https:\/\/www.cidasc.sc.gov.br\/fiscalizacao\/wp-json\/wp\/v2\/comments?post=9"}],"version-history":[{"count":93,"href":"https:\/\/www.cidasc.sc.gov.br\/fiscalizacao\/wp-json\/wp\/v2\/pages\/9\/revisions"}],"predecessor-version":[{"id":1424,"href":"https:\/\/www.cidasc.sc.gov.br\/fiscalizacao\/wp-json\/wp\/v2\/pages\/9\/revisions\/1424"}],"wp:attachment":[{"href":"https:\/\/www.cidasc.sc.gov.br\/fiscalizacao\/wp-json\/wp\/v2\/media?parent=9"}],"curies":[{"name":"wp","href":"https:\/\/api.w.org\/{rel}","templated":true}]}}