{"id":58,"date":"2012-09-28T16:56:21","date_gmt":"2012-09-28T16:56:21","guid":{"rendered":"http:\/\/Realizaafiscaliza\u00e7\u00e3odosestabelecimentosqueoperamcomagrot\u00f3xicosnas\u00e1reasdecom\u00e9rcio,armazenamento,produ\u00e7\u00e3o,importa\u00e7\u00e3o,exporta\u00e7\u00e3o,transporteeempresasprestadorasdeservi\u00e7osnaaplica\u00e7\u00e3odeagrot\u00f3xicos.Executatamb\u00e9moresgistroestabel"},"modified":"2018-03-07T19:10:03","modified_gmt":"2018-03-07T19:10:03","slug":"agrotoxicos","status":"publish","type":"page","link":"https:\/\/www.cidasc.sc.gov.br\/fiscalizacao\/agrotoxicos\/","title":{"rendered":"Agrot\u00f3xicos"},"content":{"rendered":"<p>Realiza a fiscaliza\u00e7\u00e3o dos estabelecimentos que operam com agrot\u00f3xicos nas \u00e1reas de com\u00e9rcio, armazenamento, produ\u00e7\u00e3o, importa\u00e7\u00e3o, exporta\u00e7\u00e3o, transporte e empresas prestadoras de servi\u00e7os na aplica\u00e7\u00e3o de agrot\u00f3xicos.<\/p>\n<p>Executa tamb\u00e9m o registro estabelecimentos e o cadastro dos agrot\u00f3xicos.<\/p>\n<ul>\n<li><a href=\"https:\/\/sigen.cidasc.sc.gov.br\/consultaagrotoxicocadastropublico\/consultaagx\" target=\"_blank\" rel=\"noopener\">Consulta P\u00fablica de Agrot\u00f3xicos Cadastrados em SC<\/a><\/li>\n<\/ul>\n<h4>Consultas de estabelecimentos registrados em SC:<\/h4>\n<ul>\n<li>Base de dados antiga\n<ul>\n<li><a href=\"http:\/\/sigen.cidasc.sc.gov.br\/ConsultaEstabelecimentoAx\/ConsultaEmpresa\" target=\"_blank\" rel=\"noopener\">Estabelecimentos Comerciais de Agrot\u00f3xicos Cadastrados em SC<\/a> (Se o registro estiver vencido nesta rela\u00e7\u00e3o, fa\u00e7a a consulta no pr\u00f3ximo link)<\/li>\n<\/ul>\n<\/li>\n<li><span style=\"color: #800000;\"><strong>Base de dados atual: SIGEN+<\/strong><\/span>\n<ul>\n<li><a href=\"http:\/\/sigen.cidasc.sc.gov.br\/consultaempresapublico\/consultaempresa\" target=\"_blank\" rel=\"noopener\">Consulta P\u00fablica de Empresas Cadastradas em SC<\/a><\/li>\n<\/ul>\n<\/li>\n<\/ul>\n<p><strong><a href=\"agrotoxico.sigen.cidasc.sc.gov.br\/consultaagrotoxicopublico\/consultaagx\"><br \/>\n<\/a><\/strong><\/p>\n<hr \/>\n<p>&nbsp;<\/p>\n","protected":false},"excerpt":{"rendered":"<p>Realiza a fiscaliza\u00e7\u00e3o dos estabelecimentos que operam com agrot\u00f3xicos nas \u00e1reas de com\u00e9rcio, armazenamento, produ\u00e7\u00e3o, importa\u00e7\u00e3o, exporta\u00e7\u00e3o, transporte e empresas prestadoras de servi\u00e7os na aplica\u00e7\u00e3o de agrot\u00f3xicos. Executa tamb\u00e9m o registro estabelecimentos e o cadastro dos agrot\u00f3xicos. Consulta P\u00fablica de Agrot\u00f3xicos Cadastrados em SC Consultas de estabelecimentos registrados em SC: Base de dados antiga Estabelecimentos[&#8230;] <a class=\"moretag\" href=\"https:\/\/www.cidasc.sc.gov.br\/fiscalizacao\/agrotoxicos\/\">Leia mais&#8230;<\/a><\/p>\n","protected":false},"author":1,"featured_media":0,"parent":0,"menu_order":0,"comment_status":"open","ping_status":"open","template":"","meta":{"footnotes":""},"class_list":["post-58","page","type-page","status-publish","hentry"],"_links":{"self":[{"href":"https:\/\/www.cidasc.sc.gov.br\/fiscalizacao\/wp-json\/wp\/v2\/pages\/58","targetHints":{"allow":["GET"]}}],"collection":[{"href":"https:\/\/www.cidasc.sc.gov.br\/fiscalizacao\/wp-json\/wp\/v2\/pages"}],"about":[{"href":"https:\/\/www.cidasc.sc.gov.br\/fiscalizacao\/wp-json\/wp\/v2\/types\/page"}],"author":[{"embeddable":true,"href":"https:\/\/www.cidasc.sc.gov.br\/fiscalizacao\/wp-json\/wp\/v2\/users\/1"}],"replies":[{"embeddable":true,"href":"https:\/\/www.cidasc.sc.gov.br\/fiscalizacao\/wp-json\/wp\/v2\/comments?post=58"}],"version-history":[{"count":39,"href":"https:\/\/www.cidasc.sc.gov.br\/fiscalizacao\/wp-json\/wp\/v2\/pages\/58\/revisions"}],"predecessor-version":[{"id":799,"href":"https:\/\/www.cidasc.sc.gov.br\/fiscalizacao\/wp-json\/wp\/v2\/pages\/58\/revisions\/799"}],"wp:attachment":[{"href":"https:\/\/www.cidasc.sc.gov.br\/fiscalizacao\/wp-json\/wp\/v2\/media?parent=58"}],"curies":[{"name":"wp","href":"https:\/\/api.w.org\/{rel}","templated":true}]}}