{"id":402,"date":"2015-05-27T11:22:08","date_gmt":"2015-05-27T11:22:08","guid":{"rendered":"http:\/\/www.cidasc.sc.gov.br\/fiscalizacao\/?page_id=402"},"modified":"2024-12-16T12:05:09","modified_gmt":"2024-12-16T12:05:09","slug":"pautas-de-julgamento","status":"publish","type":"page","link":"https:\/\/www.cidasc.sc.gov.br\/fiscalizacao\/pautas-de-julgamento\/","title":{"rendered":"C\u00e2mara de Reconsidera\u00e7\u00e3o T\u00e9cnica &#8211; CRT"},"content":{"rendered":"<h2>\u00a0<\/h2>\n<h3>Agenda de Sess\u00f5es da C\u00e2mara de Reconsidera\u00e7\u00e3o T\u00e9cnica &#8211; CRT<\/h3>\n<hr \/>\n<h4>\u00a0<\/h4>\n<h4><a href=\"https:\/\/calendar.google.com\/calendar\/embed?src=crt%40cidasc.sc.gov.br&amp;ctz=America%2FSao_Paulo\">Clique aqui para acessar a agenda 2025<\/a><\/h4>\n<p>Para acompanhar as sess\u00f5es o interessado dever\u00e1 solicitar acesso via e-mail crt@cidasc.sc.gov.br informando n\u00famero do processo administrativo e o n\u00famero do auto de infra\u00e7\u00e3o.<\/p>\n\n\n<div class=\"wp-block-group\"><div class=\"wp-block-group__inner-container is-layout-flow wp-block-group-is-layout-flow\">\n<div class=\"wp-block-group\"><div class=\"wp-block-group__inner-container is-layout-flow wp-block-group-is-layout-flow\">\n<hr class=\"wp-block-separator has-css-opacity\" \/>\n<\/div><\/div>\n<\/div><\/div>\n\n\n\n<pre class=\"wp-block-preformatted\"><\/pre>\n","protected":false},"excerpt":{"rendered":"<p>\u00a0 Agenda de Sess\u00f5es da C\u00e2mara de Reconsidera\u00e7\u00e3o T\u00e9cnica &#8211; CRT \u00a0 Clique aqui para acessar a agenda 2025 Para acompanhar as sess\u00f5es o interessado dever\u00e1 solicitar acesso via e-mail crt@cidasc.sc.gov.br informando n\u00famero do processo administrativo e o n\u00famero do auto de infra\u00e7\u00e3o.<\/p>\n","protected":false},"author":1,"featured_media":0,"parent":0,"menu_order":0,"comment_status":"open","ping_status":"open","template":"","meta":{"footnotes":""},"class_list":["post-402","page","type-page","status-publish","hentry"],"_links":{"self":[{"href":"https:\/\/www.cidasc.sc.gov.br\/fiscalizacao\/wp-json\/wp\/v2\/pages\/402","targetHints":{"allow":["GET"]}}],"collection":[{"href":"https:\/\/www.cidasc.sc.gov.br\/fiscalizacao\/wp-json\/wp\/v2\/pages"}],"about":[{"href":"https:\/\/www.cidasc.sc.gov.br\/fiscalizacao\/wp-json\/wp\/v2\/types\/page"}],"author":[{"embeddable":true,"href":"https:\/\/www.cidasc.sc.gov.br\/fiscalizacao\/wp-json\/wp\/v2\/users\/1"}],"replies":[{"embeddable":true,"href":"https:\/\/www.cidasc.sc.gov.br\/fiscalizacao\/wp-json\/wp\/v2\/comments?post=402"}],"version-history":[{"count":161,"href":"https:\/\/www.cidasc.sc.gov.br\/fiscalizacao\/wp-json\/wp\/v2\/pages\/402\/revisions"}],"predecessor-version":[{"id":1407,"href":"https:\/\/www.cidasc.sc.gov.br\/fiscalizacao\/wp-json\/wp\/v2\/pages\/402\/revisions\/1407"}],"wp:attachment":[{"href":"https:\/\/www.cidasc.sc.gov.br\/fiscalizacao\/wp-json\/wp\/v2\/media?parent=402"}],"curies":[{"name":"wp","href":"https:\/\/api.w.org\/{rel}","templated":true}]}}