{"id":11,"date":"2012-08-14T03:44:10","date_gmt":"2012-08-14T03:44:10","guid":{"rendered":""},"modified":"2017-03-03T12:26:22","modified_gmt":"2017-03-03T12:26:22","slug":"artigos","status":"publish","type":"page","link":"https:\/\/www.cidasc.sc.gov.br\/fiscalizacao\/fiscalizacao-de-insumos-agricolas\/artigos\/","title":{"rendered":"Links \u00fateis"},"content":{"rendered":"<p>&nbsp;<\/p>\n<p><strong>Endere\u00e7os eletr\u00f4nicos ligados \u00e0 Agricultura<\/strong><\/p>\n<ul>\n<li><a href=\"http:\/\/www.agricultura.sc.gov.br\"><cite>www.agricultura.sc.gov.br<\/cite><\/a><\/li>\n<li><a href=\"http:\/\/www.agricultura.gov.br\"><cite>www.agricultura.gov.br<\/cite><\/a><\/li>\n<li><a href=\"http:\/\/www.epagri.sc.gov.br\"><cite>www.epagri.sc.gov.br<\/cite><\/a><\/li>\n<li><a href=\"http:\/\/www.ciram.epagri.sc.gov.br\"><cite>www.ciram.epagri.sc.gov.br<\/cite><\/a><\/li>\n<li><a href=\"http:\/\/www.cepa.epagri.sc.gov.br\"><cite>www.cepa.epagri.sc.gov.br<\/cite><\/a><\/li>\n<\/ul>\n<p><strong>Endere\u00e7os ligados \u00e0 Sa\u00fade:<\/strong><\/p>\n<ul>\n<li><a href=\"http:\/\/www.saude.sc.gov.br\"><cite>www.saude.sc.gov.br<\/cite><\/a><\/li>\n<li><a href=\"http:\/\/www.saude.gov.br\"><cite>www.saude.gov.br<\/cite><\/a><\/li>\n<li><a href=\"http:\/\/portal.anvisa.gov.br\/\"><cite>www.portal.anvisa.gov.br<\/cite><\/a><\/li>\n<li><a href=\"http:\/\/www.vigilanciasanitaria.sc.gov.br\"><cite>www.vigilanciasanitaria.sc.gov.br<\/cite><\/a><\/li>\n<li><a href=\"http:\/\/www.fiocruz.br\/sinitox_novo\"><cite>www.fiocruz.br\/sinitox_novo<\/cite><\/a><\/li>\n<li><a href=\"http:\/\/www.cit.sc.gov.br\"><cite>www.cit.<b>sc<\/b>.gov.br<\/cite><\/a><\/li>\n<\/ul>\n<p><strong>Outros endere\u00e7os:<\/strong><\/p>\n<ul>\n<li><a href=\"http:\/\/www.sc.gov.br\"><cite>www.sc.gov.br<\/cite><\/a><\/li>\n<li><a href=\"http:\/\/www.ouvidoria.sc.gov.br\"><cite>www.ouvidoria.sc.gov.br<\/cite><\/a><\/li>\n<li><a href=\"http:\/\/www.pertodevoce.sc.gov.br\"><cite>www.pertodevoce.sc.gov.br<\/cite><\/a><\/li>\n<\/ul>\n","protected":false},"excerpt":{"rendered":"<p>&nbsp; Endere\u00e7os eletr\u00f4nicos ligados \u00e0 Agricultura www.agricultura.sc.gov.br www.agricultura.gov.br www.epagri.sc.gov.br www.ciram.epagri.sc.gov.br www.cepa.epagri.sc.gov.br Endere\u00e7os ligados \u00e0 Sa\u00fade: www.saude.sc.gov.br www.saude.gov.br www.portal.anvisa.gov.br www.vigilanciasanitaria.sc.gov.br www.fiocruz.br\/sinitox_novo www.cit.sc.gov.br Outros endere\u00e7os: www.sc.gov.br www.ouvidoria.sc.gov.br www.pertodevoce.sc.gov.br<\/p>\n","protected":false},"author":1,"featured_media":0,"parent":7,"menu_order":0,"comment_status":"open","ping_status":"closed","template":"","meta":{"footnotes":""},"class_list":["post-11","page","type-page","status-publish","hentry"],"_links":{"self":[{"href":"https:\/\/www.cidasc.sc.gov.br\/fiscalizacao\/wp-json\/wp\/v2\/pages\/11","targetHints":{"allow":["GET"]}}],"collection":[{"href":"https:\/\/www.cidasc.sc.gov.br\/fiscalizacao\/wp-json\/wp\/v2\/pages"}],"about":[{"href":"https:\/\/www.cidasc.sc.gov.br\/fiscalizacao\/wp-json\/wp\/v2\/types\/page"}],"author":[{"embeddable":true,"href":"https:\/\/www.cidasc.sc.gov.br\/fiscalizacao\/wp-json\/wp\/v2\/users\/1"}],"replies":[{"embeddable":true,"href":"https:\/\/www.cidasc.sc.gov.br\/fiscalizacao\/wp-json\/wp\/v2\/comments?post=11"}],"version-history":[{"count":8,"href":"https:\/\/www.cidasc.sc.gov.br\/fiscalizacao\/wp-json\/wp\/v2\/pages\/11\/revisions"}],"predecessor-version":[{"id":696,"href":"https:\/\/www.cidasc.sc.gov.br\/fiscalizacao\/wp-json\/wp\/v2\/pages\/11\/revisions\/696"}],"up":[{"embeddable":true,"href":"https:\/\/www.cidasc.sc.gov.br\/fiscalizacao\/wp-json\/wp\/v2\/pages\/7"}],"wp:attachment":[{"href":"https:\/\/www.cidasc.sc.gov.br\/fiscalizacao\/wp-json\/wp\/v2\/media?parent=11"}],"curies":[{"name":"wp","href":"https:\/\/api.w.org\/{rel}","templated":true}]}}