{"id":9,"date":"2015-04-17T01:05:33","date_gmt":"2015-04-17T01:05:33","guid":{"rendered":"http:\/\/www.cidasc.sc.gov.br\/educacao-sanitaria\/?page_id=9"},"modified":"2025-02-19T18:49:41","modified_gmt":"2025-02-19T18:49:41","slug":"sanitarista-academico","status":"publish","type":"page","link":"https:\/\/www.cidasc.sc.gov.br\/educacao-sanitaria\/sanitarista-academico\/","title":{"rendered":"Sanitarista Acad\u00eamico"},"content":{"rendered":"\n<hr class=\"wp-block-separator has-css-opacity\" \/>\n\n\n\n<hr class=\"wp-block-separator has-css-opacity\" \/>\n\n\n\n<div style=\"height:40px\" aria-hidden=\"true\" class=\"wp-block-spacer\"><\/div>\n\n\n<div class=\"wp-block-image\">\n<figure class=\"aligncenter size-large is-resized\"><img loading=\"lazy\" decoding=\"async\" src=\"http:\/\/www.cidasc.sc.gov.br\/educacao-sanitaria\/files\/2021\/03\/WhatsApp-Image-2021-03-24-at-16.21.20-1024x306.jpeg\" alt=\"\" class=\"wp-image-316\" width=\"385\" height=\"115\" srcset=\"https:\/\/www.cidasc.sc.gov.br\/educacao-sanitaria\/files\/2021\/03\/WhatsApp-Image-2021-03-24-at-16.21.20-1024x306.jpeg 1024w, https:\/\/www.cidasc.sc.gov.br\/educacao-sanitaria\/files\/2021\/03\/WhatsApp-Image-2021-03-24-at-16.21.20-300x90.jpeg 300w, https:\/\/www.cidasc.sc.gov.br\/educacao-sanitaria\/files\/2021\/03\/WhatsApp-Image-2021-03-24-at-16.21.20-768x229.jpeg 768w, https:\/\/www.cidasc.sc.gov.br\/educacao-sanitaria\/files\/2021\/03\/WhatsApp-Image-2021-03-24-at-16.21.20-222x66.jpeg 222w, https:\/\/www.cidasc.sc.gov.br\/educacao-sanitaria\/files\/2021\/03\/WhatsApp-Image-2021-03-24-at-16.21.20-100x30.jpeg 100w, https:\/\/www.cidasc.sc.gov.br\/educacao-sanitaria\/files\/2021\/03\/WhatsApp-Image-2021-03-24-at-16.21.20.jpeg 1272w\" sizes=\"auto, (max-width: 385px) 100vw, 385px\" \/><\/figure><\/div>\n\n\n<p><\/p>\n\n\n\n<hr class=\"wp-block-separator has-alpha-channel-opacity\" \/>\n\n\n\n<p><\/p>\n\n\n\n<figure class=\"wp-block-image size-full\"><a href=\"https:\/\/www.cidasc.sc.gov.br\/educacao-sanitaria\/files\/2025\/02\/image-6.png\"><img loading=\"lazy\" decoding=\"async\" width=\"1093\" height=\"424\" src=\"https:\/\/www.cidasc.sc.gov.br\/educacao-sanitaria\/files\/2025\/02\/image-6.png\" alt=\"\" class=\"wp-image-547\" \/><\/a><\/figure>\n\n\n\n<hr class=\"wp-block-separator has-alpha-channel-opacity\" \/>\n\n\n\n<figure class=\"wp-block-image size-full\"><a href=\"https:\/\/www.cidasc.sc.gov.br\/educacao-sanitaria\/files\/2025\/02\/image-3.png\"><img loading=\"lazy\" decoding=\"async\" width=\"1078\" height=\"816\" src=\"https:\/\/www.cidasc.sc.gov.br\/educacao-sanitaria\/files\/2025\/02\/image-3.png\" alt=\"\" class=\"wp-image-536\" \/><\/a><\/figure>\n\n\n\n<figure class=\"wp-block-image size-full\"><a href=\"https:\/\/www.cidasc.sc.gov.br\/educacao-sanitaria\/files\/2025\/02\/image-2.png\"><img loading=\"lazy\" decoding=\"async\" width=\"1070\" height=\"719\" src=\"https:\/\/www.cidasc.sc.gov.br\/educacao-sanitaria\/files\/2025\/02\/image-2.png\" alt=\"\" class=\"wp-image-535\" \/><\/a><\/figure>\n\n\n\n<figure class=\"wp-block-image size-full\"><a href=\"https:\/\/www.cidasc.sc.gov.br\/educacao-sanitaria\/files\/2025\/02\/image-4.png\"><img loading=\"lazy\" decoding=\"async\" width=\"1064\" height=\"264\" src=\"https:\/\/www.cidasc.sc.gov.br\/educacao-sanitaria\/files\/2025\/02\/image-4.png\" alt=\"\" class=\"wp-image-537\" \/><\/a><\/figure>\n\n\n\n<hr class=\"wp-block-separator has-css-opacity\" \/>\n\n\n\n<p class=\"has-medium-font-size\"><strong>Contato\/ Manifesta\u00e7\u00e3o de Interesse<\/strong><\/p>\n\n\n\n<p><img loading=\"lazy\" decoding=\"async\" width=\"1542\" height=\"2288\" class=\"wp-image-540\" style=\"width: 50px\" src=\"https:\/\/www.cidasc.sc.gov.br\/educacao-sanitaria\/files\/2025\/02\/Logo-Cidasc-SEM-FUNDO.png.png\" alt=\"\">   desan@cidasc.sc.gov.br<\/p>\n\n\n\n<hr class=\"wp-block-separator has-css-opacity\" \/>\n\n\n\n<p class=\"has-medium-font-size\"><strong>Materiais did\u00e1ticos<\/strong><\/p>\n\n\n\n<figure class=\"wp-block-image size-large is-resized\"><a href=\"https:\/\/issuu.com\/cidasc\/docs\/livro_sanidade_vegetal_vers_o_issuu_2c13e3405be0b8\" target=\"_blank\" rel=\"noopener noreferrer\"><img loading=\"lazy\" decoding=\"async\" src=\"http:\/\/www.cidasc.sc.gov.br\/educacao-sanitaria\/files\/2021\/03\/Capa-livro-Sanidade-Vegetal.png\" alt=\"\" class=\"wp-image-293\" width=\"285\" height=\"400\" srcset=\"https:\/\/www.cidasc.sc.gov.br\/educacao-sanitaria\/files\/2021\/03\/Capa-livro-Sanidade-Vegetal.png 423w, https:\/\/www.cidasc.sc.gov.br\/educacao-sanitaria\/files\/2021\/03\/Capa-livro-Sanidade-Vegetal-214x300.png 214w, https:\/\/www.cidasc.sc.gov.br\/educacao-sanitaria\/files\/2021\/03\/Capa-livro-Sanidade-Vegetal-222x311.png 222w, https:\/\/www.cidasc.sc.gov.br\/educacao-sanitaria\/files\/2021\/03\/Capa-livro-Sanidade-Vegetal-100x140.png 100w\" sizes=\"auto, (max-width: 285px) 100vw, 285px\" \/><\/a><figcaption class=\"wp-element-caption\"><a href=\"https:\/\/issuu.com\/cidasc\/docs\/livro_sanidade_vegetal_vers_o_issuu_2c13e3405be0b8\" target=\"_blank\" rel=\"noreferrer noopener\">Acesse aqui a publica\u00e7\u00e3o<\/a><\/figcaption><\/figure>\n\n\n\n<hr class=\"wp-block-separator has-css-opacity\" \/>\n\n\n\n\n\n<div style=\"height:40px\" aria-hidden=\"true\" class=\"wp-block-spacer\"><\/div>\n\n\n\n<div style=\"height:40px\" aria-hidden=\"true\" class=\"wp-block-spacer\"><\/div>\n\n\n\n<p><\/p>\n","protected":false},"excerpt":{"rendered":"<p>Contato\/ Manifesta\u00e7\u00e3o de Interesse desan@cidasc.sc.gov.br Materiais did\u00e1ticos<\/p>\n","protected":false},"author":1,"featured_media":0,"parent":0,"menu_order":0,"comment_status":"open","ping_status":"closed","template":"","meta":{"footnotes":""},"class_list":["post-9","page","type-page","status-publish","hentry"],"_links":{"self":[{"href":"https:\/\/www.cidasc.sc.gov.br\/educacao-sanitaria\/wp-json\/wp\/v2\/pages\/9","targetHints":{"allow":["GET"]}}],"collection":[{"href":"https:\/\/www.cidasc.sc.gov.br\/educacao-sanitaria\/wp-json\/wp\/v2\/pages"}],"about":[{"href":"https:\/\/www.cidasc.sc.gov.br\/educacao-sanitaria\/wp-json\/wp\/v2\/types\/page"}],"author":[{"embeddable":true,"href":"https:\/\/www.cidasc.sc.gov.br\/educacao-sanitaria\/wp-json\/wp\/v2\/users\/1"}],"replies":[{"embeddable":true,"href":"https:\/\/www.cidasc.sc.gov.br\/educacao-sanitaria\/wp-json\/wp\/v2\/comments?post=9"}],"version-history":[{"count":30,"href":"https:\/\/www.cidasc.sc.gov.br\/educacao-sanitaria\/wp-json\/wp\/v2\/pages\/9\/revisions"}],"predecessor-version":[{"id":550,"href":"https:\/\/www.cidasc.sc.gov.br\/educacao-sanitaria\/wp-json\/wp\/v2\/pages\/9\/revisions\/550"}],"wp:attachment":[{"href":"https:\/\/www.cidasc.sc.gov.br\/educacao-sanitaria\/wp-json\/wp\/v2\/media?parent=9"}],"curies":[{"name":"wp","href":"https:\/\/api.w.org\/{rel}","templated":true}]}}