{"id":13,"date":"2015-04-17T01:06:27","date_gmt":"2015-04-17T01:06:27","guid":{"rendered":"http:\/\/www.cidasc.sc.gov.br\/educacao-sanitaria\/?page_id=13"},"modified":"2025-02-19T19:14:21","modified_gmt":"2025-02-19T19:14:21","slug":"sanitarista-ead","status":"publish","type":"page","link":"https:\/\/www.cidasc.sc.gov.br\/educacao-sanitaria\/sanitarista-ead\/","title":{"rendered":"Sanitarista EAD"},"content":{"rendered":"\n<hr class=\"wp-block-separator has-css-opacity\" \/>\n\n\n\n<div class=\"wp-block-media-text alignwide is-stacked-on-mobile is-vertically-aligned-center\" style=\"grid-template-columns:49% auto\"><figure class=\"wp-block-media-text__media\"><img loading=\"lazy\" decoding=\"async\" width=\"300\" height=\"214\" src=\"http:\/\/www.cidasc.sc.gov.br\/educacao-sanitaria\/files\/2021\/03\/Logo-ENA-Fundo-Transparente-Copia.png\" alt=\"\" class=\"wp-image-404 size-full\" srcset=\"https:\/\/www.cidasc.sc.gov.br\/educacao-sanitaria\/files\/2021\/03\/Logo-ENA-Fundo-Transparente-Copia.png 300w, https:\/\/www.cidasc.sc.gov.br\/educacao-sanitaria\/files\/2021\/03\/Logo-ENA-Fundo-Transparente-Copia-222x158.png 222w, https:\/\/www.cidasc.sc.gov.br\/educacao-sanitaria\/files\/2021\/03\/Logo-ENA-Fundo-Transparente-Copia-100x71.png 100w\" sizes=\"auto, (max-width: 300px) 100vw, 300px\" \/><\/figure><div class=\"wp-block-media-text__content\">\n<p class=\"has-text-align-left has-large-font-size\">+ 20<\/p>\n\n\n\n<p class=\"has-text-align-left\"><strong>Cursos dispon\u00edveis<\/strong><\/p>\n\n\n\n<p><\/p>\n<\/div><\/div>\n\n\n\n<hr class=\"wp-block-separator has-css-opacity\" \/>\n\n\n\n<div style=\"height:40px\" aria-hidden=\"true\" class=\"wp-block-spacer\"><\/div>\n\n\n\n<p class=\"has-text-align-center has-large-font-size\"><strong><a href=\"http:\/\/enavirtual.sc.gov.br\/course\/index.php?categoryid=185\" target=\"_blank\" rel=\"noreferrer noopener\"><span class=\"has-inline-color has-very-dark-gray-color\">Acesse aqui os cursos dispon\u00edveis<\/span><\/a><\/strong><\/p>\n\n\n\n<div style=\"height:40px\" aria-hidden=\"true\" class=\"wp-block-spacer\"><\/div>\n\n\n\n<h3 class=\"wp-block-heading has-text-align-left has-text-color\" style=\"color:#0071a1\"><a rel=\"noreferrer noopener\" href=\"http:\/\/enavirtual.sc.gov.br\/course\/index.php?categoryid=194\" target=\"_blank\">Servi\u00e7o de Inspe\u00e7\u00e3o Estadual de Produtos de Origem Animal<\/a><\/h3>\n\n\n\n<div style=\"height:20px\" aria-hidden=\"true\" class=\"wp-block-spacer\"><\/div>\n\n\n\n<h3 class=\"wp-block-heading has-text-align-left has-text-color\" style=\"color:#0071a1\"><a href=\"http:\/\/enavirtual.sc.gov.br\/course\/index.php?categoryid=203\" target=\"_blank\" rel=\"noreferrer noopener\">Defesa Sanit\u00e1ria Animal<\/a><\/h3>\n\n\n\n<div style=\"height:20px\" aria-hidden=\"true\" class=\"wp-block-spacer\"><\/div>\n\n\n\n<h3 class=\"wp-block-heading has-text-align-left\"><a href=\"http:\/\/enavirtual.sc.gov.br\/course\/index.php?categoryid=200\" target=\"_blank\" rel=\"noreferrer noopener\">Defesa Sanit\u00e1ria Vegetal<\/a><\/h3>\n\n\n\n<div style=\"height:40px\" aria-hidden=\"true\" class=\"wp-block-spacer\"><\/div>\n\n\n\n<hr class=\"wp-block-separator has-css-opacity\" \/>\n\n\n\n<div style=\"height:40px\" aria-hidden=\"true\" class=\"wp-block-spacer\"><\/div>\n","protected":false},"excerpt":{"rendered":"<p>+ 20 Cursos dispon\u00edveis Acesse aqui os cursos dispon\u00edveis Servi\u00e7o de Inspe\u00e7\u00e3o Estadual de Produtos de Origem Animal Defesa Sanit\u00e1ria Animal Defesa Sanit\u00e1ria Vegetal<\/p>\n","protected":false},"author":1,"featured_media":0,"parent":0,"menu_order":4,"comment_status":"closed","ping_status":"closed","template":"","meta":{"footnotes":""},"class_list":["post-13","page","type-page","status-publish","hentry"],"_links":{"self":[{"href":"https:\/\/www.cidasc.sc.gov.br\/educacao-sanitaria\/wp-json\/wp\/v2\/pages\/13","targetHints":{"allow":["GET"]}}],"collection":[{"href":"https:\/\/www.cidasc.sc.gov.br\/educacao-sanitaria\/wp-json\/wp\/v2\/pages"}],"about":[{"href":"https:\/\/www.cidasc.sc.gov.br\/educacao-sanitaria\/wp-json\/wp\/v2\/types\/page"}],"author":[{"embeddable":true,"href":"https:\/\/www.cidasc.sc.gov.br\/educacao-sanitaria\/wp-json\/wp\/v2\/users\/1"}],"replies":[{"embeddable":true,"href":"https:\/\/www.cidasc.sc.gov.br\/educacao-sanitaria\/wp-json\/wp\/v2\/comments?post=13"}],"version-history":[{"count":14,"href":"https:\/\/www.cidasc.sc.gov.br\/educacao-sanitaria\/wp-json\/wp\/v2\/pages\/13\/revisions"}],"predecessor-version":[{"id":563,"href":"https:\/\/www.cidasc.sc.gov.br\/educacao-sanitaria\/wp-json\/wp\/v2\/pages\/13\/revisions\/563"}],"wp:attachment":[{"href":"https:\/\/www.cidasc.sc.gov.br\/educacao-sanitaria\/wp-json\/wp\/v2\/media?parent=13"}],"curies":[{"name":"wp","href":"https:\/\/api.w.org\/{rel}","templated":true}]}}