{"id":9,"date":"2012-08-14T03:18:52","date_gmt":"2012-08-14T03:18:52","guid":{"rendered":"http:\/\/FORMUL\u00c1RIOSPARAREGISTROSolicita\u00e7\u00e3odeRegistroCREDENCIAMENTODECFO\/CFOC"},"modified":"2023-12-20T14:36:56","modified_gmt":"2023-12-20T14:36:56","slug":"documentos","status":"publish","type":"page","link":"https:\/\/www.cidasc.sc.gov.br\/defesasanitariavegetal\/documentos\/","title":{"rendered":"Documentos"},"content":{"rendered":"\n<hr class=\"wp-block-separator has-css-opacity\" \/>\n\n\n\n<h3 class=\"wp-block-heading\">Quadro de avisos<\/h3>\n\n\n\n<div style=\"height:28px\" aria-hidden=\"true\" class=\"wp-block-spacer\"><\/div>\n\n\n\n<ul class=\"wp-block-list\">\n<li><strong><a rel=\"noreferrer noopener\" href=\"https:\/\/www.cidasc.sc.gov.br\/defesasanitariavegetal\/files\/2023\/03\/Aviso-\u2116-02-2023-CIDASC-DEDEV.pdf\" target=\"_blank\">Aviso n\u00ba 2\/2023\/CIDASC\/DEDEV<\/a><\/strong>: Sobre bloqueio de emiss\u00e3o de PTV para inadimplentes. <strong><span class=\"has-inline-color has-vivid-red-color\">(NOVO)<\/span><\/strong><\/li>\n<\/ul>\n\n\n\n<ul class=\"wp-block-list\">\n<li><strong><a rel=\"noreferrer noopener\" href=\"https:\/\/www.cidasc.sc.gov.br\/defesasanitariavegetal\/files\/2023\/02\/Aviso-\u2116-1_2023_CIDASC_DEDEV-Controle-Cobran\u00e7a-Dares-de-PTVs.pdf\" target=\"_blank\">Aviso n\u00ba 1\/2023\/CIDASC\/DEDEV<\/a><\/strong>: Sobre bloqueio de emiss\u00e3o de PTV para inadimplentes.\n<ul class=\"wp-block-list\">\n<li>Como regularizar DAREs de PTV pagos com atraso? (<a rel=\"noreferrer noopener\" href=\"https:\/\/docs.google.com\/presentation\/d\/e\/2PACX-1vQ1xHgaoTzqTwOj25hXUJdhXf7mp5p7aaRLd8kaDsSDjphaQnpMPqu_uZEQxjBBKP9khYlsiAygyqk_\/pub?start=false&amp;loop=false&amp;delayms=30000\" target=\"_blank\"><strong>Clique aqui<\/strong><\/a>)<\/li>\n<\/ul>\n<\/li>\n<\/ul>\n\n\n\n<div style=\"height:28px\" aria-hidden=\"true\" class=\"wp-block-spacer\"><\/div>\n\n\n\n<hr class=\"wp-block-separator has-css-opacity\" \/>\n\n\n\n<div style=\"height:70px\" aria-hidden=\"true\" class=\"wp-block-spacer\"><\/div>\n\n\n\n<h3 class=\"wp-block-heading\">Certifica\u00e7\u00e3o Fitossanit\u00e1ria<\/h3>\n\n\n\n<ul class=\"wp-block-list\">\n<li>Sistema SIGEN+: <a href=\"http:\/\/sigen.cidasc.sc.gov.br\/\">http:\/\/sigen.cidasc.sc.gov.br\/<\/a><\/li>\n<\/ul>\n\n\n\n<ul class=\"wp-block-list\">\n<li><a href=\"http:\/\/www.cidasc.sc.gov.br\/defesasanitariavegetal\/files\/2017\/07\/SOLICITA%C3%87%C3%83O-PARA-AJUSTE-DE-SALDO-DE-LOTES-EM-UNIDADE-DE-CONSOLIDA%C3%87%C3%83O.docx\">SOLICITA\u00c7\u00c3O PARA AJUSTE DE SALDO DE LOTES EM UNIDADE DE CONSOLIDA\u00c7\u00c3O DE MA\u00c7\u00c3<\/a><\/li>\n\n\n\n<li><a href=\"http:\/\/www.cidasc.sc.gov.br\/defesasanitariavegetal\/files\/2020\/08\/DECLARA%C3%87%C3%83O-DE-ENCERRAMENTO-DE-RESPONSABILIDADE-T%C3%89CNICA-E-DECLARA%C3%87%C3%83O-DA-SITUA%C3%87%C3%83O-DO-CANCRO-EUROPEU-NO-POMAR-8.docx\">DECLARA\u00c7\u00c3O DE ENCERRAMENTO DE RESPONSABILIDADE T\u00c9CNICA E DECLARA\u00c7\u00c3O DA SITUA\u00c7\u00c3O DO CANCRO EUROPEU NO POMAR <\/a><\/li>\n\n\n\n<li><strong><a rel=\"noreferrer noopener\" href=\"http:\/\/www.cidasc.sc.gov.br\/defesasanitariavegetal\/files\/2023\/12\/Deixar-de-ser-RT-de-UP.pdf\" target=\"_blank\">Procedimento para deixar a responsabilidade t\u00e9cnica de UP<\/a> <mark class=\"has-inline-color has-vivid-red-color\">(NOVO &#8211; 20\/12\/23)<\/mark><\/strong><\/li>\n\n\n\n<li><strong><a rel=\"noreferrer noopener\" href=\"http:\/\/www.cidasc.sc.gov.br\/defesasanitariavegetal\/files\/2023\/12\/Assumir-como-RT-de-UP.pdf\" target=\"_blank\">Procedimento para assumir responsabilidade t\u00e9cnica de UP<\/a> <mark class=\"has-inline-color has-vivid-red-color\">(NOVO <strong><mark class=\"has-inline-color has-vivid-red-color\">&#8211; 20\/12\/23<\/mark><\/strong>)<\/mark><\/strong><\/li>\n<\/ul>\n\n\n\n<div style=\"height:70px\" aria-hidden=\"true\" class=\"wp-block-spacer\"><\/div>\n\n\n\n<h4 class=\"wp-block-heading\">Apresenta\u00e7\u00f5es:<\/h4>\n\n\n\n<p><strong>TREINAMENTO RESPONS\u00c1VEIS T\u00c9CNICOS<\/strong><\/p>\n\n\n\n<p>Data: 14\/06\/2017, S\u00e3o Joaquim, RTs da cultura da Ma\u00e7\u00e3 (<a href=\"http:\/\/prezi.com\/bev-vgr7jzvl\/?utm_campaign=share&amp;utm_medium=copy\" target=\"_blank\" rel=\"noreferrer noopener\">visualizar<\/a>)<\/p>\n\n\n\n<p>Data: 26\/09\/2017, Florian\u00f3polis, RTs da cultura da Banana (<a rel=\"noreferrer noopener\" href=\"http:\/\/prezi.com\/4r4z7f1llh_0\/?utm_campaign=share&amp;utm_medium=copy\" target=\"_blank\">visualizar<\/a>)<br>BANANA<\/p>\n\n\n\n<div style=\"height:70px\" aria-hidden=\"true\" class=\"wp-block-spacer\"><\/div>\n\n\n\n<hr class=\"wp-block-separator has-css-opacity\" \/>\n\n\n\n<hr class=\"wp-block-separator has-css-opacity\" \/>\n\n\n\n<h4 class=\"wp-block-heading\"><strong>DOCUMENTOS RELATIVOS AOS RESPONS\u00c1VEIS T\u00c9CNICOS (RTs)<\/strong><\/h4>\n\n\n\n<p>Solicita\u00e7\u00e3o de Inscri\u00e7\u00e3o no Curso para RT<\/p>\n\n\n\n<ul class=\"wp-block-list\">\n<li><a href=\"http:\/\/www.cidasc.sc.gov.br\/defesasanitariavegetal\/files\/2012\/08\/Ficha-de-inscri\u00e7\u00e3o-curso-cfo.doc\">Ficha de inscri\u00e7\u00e3o curso CFO\/CFOC<\/a><\/li>\n<\/ul>\n\n\n\n<p><strong>Documentos para cadastro como RT<\/strong><\/p>\n\n\n\n<ul class=\"wp-block-list\">\n<li><a href=\"http:\/\/www.cidasc.sc.gov.br\/defesasanitariavegetal\/files\/2021\/07\/Solicita\u00e7\u00e3o-de-Credenciamento-e-Renova\u00e7\u00e3o-1-15.xls\">Solicita\u00e7\u00e3o de Credenciamento<\/a><\/li>\n\n\n\n<li><a href=\"http:\/\/www.cidasc.sc.gov.br\/defesasanitariavegetal\/files\/2020\/08\/TERMO-DE-HABILITA\u00c7\u00c3O-DO-RESPONS\u00c1VEL-T\u00c9CNICO-PARA-A-EMISS\u00c3O-DE-CFO.docx\">Termo de Habilita\u00e7\u00e3o e Anexo ao Termo de Habilita\u00e7\u00e3o<\/a><\/li>\n\n\n\n<li>Negativa do D\u00e9bito do CREA-SC ou CFTA\/SC<\/li>\n\n\n\n<li>C\u00f3pia da Carteira do CREA ou CFTA<\/li>\n\n\n\n<li>C\u00f3pia da Carteira de Identidade e CPF<\/li>\n\n\n\n<li>2 Fotos 3&#215;4 atualizadas<\/li>\n<\/ul>\n\n\n\n<p><strong>Documentos para recadastro de RT<\/strong><\/p>\n\n\n\n<ul class=\"wp-block-list\">\n<li><a href=\"http:\/\/www.cidasc.sc.gov.br\/defesasanitariavegetal\/files\/2021\/07\/Solicita\u00e7\u00e3o-de-Credenciamento-e-Renova\u00e7\u00e3o-1-15.xls\">Solicita\u00e7\u00e3o de Recadastro<\/a><\/li>\n\n\n\n<li>C\u00f3pia da Carteira do CREA\/CFTA<\/li>\n\n\n\n<li>2 Fotos 3&#215;4 atualizadas<\/li>\n<\/ul>\n\n\n\n<div style=\"height:100px\" aria-hidden=\"true\" class=\"wp-block-spacer\"><\/div>\n\n\n\n<hr class=\"wp-block-separator has-css-opacity\" \/>\n\n\n\n<h2 class=\"wp-block-heading\"><strong>MANUAIS<\/strong><\/h2>\n\n\n\n<p><a href=\"http:\/\/www.cidasc.sc.gov.br\/defesasanitariavegetal\/files\/2020\/09\/MANUAL-PROCEDIMENTO-RENOVA\u00c7\u00c3O-RT-CERTIFICA\u00c7\u00c3O-1.pdf\">MANUAL DE PROCEDIMENTO PARA RENOVA\u00c7\u00c3O DE RT HABILITADO PARA EMISS\u00c3O DE CFO\/CFOC<\/a> <strong><span style=\"color: #ff0000\">(NOVO)<\/span><\/strong><\/p>\n\n\n\n<p><a href=\"http:\/\/www.cidasc.sc.gov.br\/defesasanitariavegetal\/files\/2023\/08\/MANUAL-PARA-EMISSAO-DE-DARE.docx.pdf\" target=\"_blank\" rel=\"noreferrer noopener\">MANUAL PARA EMISS\u00c3O DE DARE- TAXA HABILITA\u00c7\u00c3O\/RENOVA\u00c7\u00c3O DE RT PARA CERTIFICA\u00c7\u00c3O FITOSSANIT\u00c1RIA<\/a> <strong><span style=\"color: #ff0000\">(NOVO)<\/span><\/strong><\/p>\n\n\n\n<p><a href=\"https:\/\/docs.google.com\/document\/d\/1vEfYbi8t3Spb7z3XwrmZB1jQaX3BYwTsCbiUVy_p2Xo\/edit?usp=sharing\">MANUAL DE INSCRI\u00c7\u00c3O E RENOVA\u00c7\u00c3O DE UNIDADE DE PRODU\u00c7\u00c3O (UP), E EMISS\u00c3O DE CFO (CERTIFICADO FITOSSANIT\u00c1RIO DE ORIGEM) E PTV (PERMISS\u00c3O DE TR\u00c2NSITO VEGETAL) NO SIGEN+ (<span style=\"color: #ff0000\">MA\u00c7\u00c3<\/span>)<\/a> <strong><span style=\"color: #ff0000\">(NOVO)<\/span><\/strong><\/p>\n\n\n\n<p><a href=\"http:\/\/www.cidasc.sc.gov.br\/defesasanitariavegetal\/files\/2022\/04\/Manual-CFO-CFOC-PTV.pdf\" target=\"_blank\" rel=\"noreferrer noopener\">Manual de uso SIGEN+ para emiss\u00e3o de CFO, CFOC e solicita\u00e7\u00e3o de PTV<\/a><\/p>\n\n\n\n<div style=\"height:100px\" aria-hidden=\"true\" class=\"wp-block-spacer\"><\/div>\n\n\n\n<hr class=\"wp-block-separator has-css-opacity\" \/>\n\n\n\n<p><strong>DOCUMENTOS RELATIVOS \u00c0&nbsp;UNIDADE DE PRODU\u00c7\u00c3O (UP) E UNIDADE DE CONSOLIDA\u00c7\u00c3O (UC)<\/strong><\/p>\n\n\n\n<ul class=\"wp-block-list\">\n<li><a href=\"http:\/\/sigen.cidasc.sc.gov.br\/\">http:\/\/sigen.cidasc.sc.gov.br\/<\/a><\/li>\n<\/ul>\n\n\n\n<p><strong>FORMUL\u00c1RIOS PARA RELAT\u00d3RIOS DO RT<\/strong><\/p>\n\n\n\n<ul class=\"wp-block-list\">\n<li><a href=\"http:\/\/www.cidasc.sc.gov.br\/defesasanitariavegetal\/files\/2012\/08\/Controle-assistencia-t\u00e9cnica.zip\">Controle de Assist\u00eancia T\u00e9cnica<\/a><\/li>\n\n\n\n<li><a href=\"http:\/\/www.cidasc.sc.gov.br\/defesasanitariavegetal\/files\/2012\/08\/Controle-de-Armadilhas.zip\">Controle de Armadilhas<\/a><\/li>\n<\/ul>\n\n\n\n<p><strong>FORMUL\u00c1RIOS DE CERTIFICA\u00c7\u00c3O<\/strong><\/p>\n\n\n\n<ul class=\"wp-block-list\">\n<li><a href=\"http:\/\/sigen.cidasc.sc.gov.br\/\">http:\/\/sigen.cidasc.sc.gov.br\/<\/a><\/li>\n\n\n\n<li><a href=\"http:\/\/www.cidasc.sc.gov.br\/defesasanitariavegetal\/files\/2018\/02\/Modelo_CFO_2018.xlsx\">MODELO CFO MANUAL<\/a><\/li>\n<\/ul>\n\n\n\n<p><\/p>\n","protected":false},"excerpt":{"rendered":"<p>Quadro de avisos Certifica\u00e7\u00e3o Fitossanit\u00e1ria Apresenta\u00e7\u00f5es: TREINAMENTO RESPONS\u00c1VEIS T\u00c9CNICOS Data: 14\/06\/2017, S\u00e3o Joaquim, RTs da cultura da Ma\u00e7\u00e3 (visualizar) Data: 26\/09\/2017, Florian\u00f3polis, RTs da cultura da Banana (visualizar)BANANA DOCUMENTOS RELATIVOS AOS RESPONS\u00c1VEIS T\u00c9CNICOS (RTs) Solicita\u00e7\u00e3o de Inscri\u00e7\u00e3o no Curso para RT Documentos para cadastro como RT Documentos para recadastro de RT MANUAIS MANUAL DE PROCEDIMENTO[&#8230;] <a class=\"moretag\" href=\"https:\/\/www.cidasc.sc.gov.br\/defesasanitariavegetal\/documentos\/\">Leia mais&#8230;<\/a><\/p>\n","protected":false},"author":1,"featured_media":0,"parent":0,"menu_order":0,"comment_status":"open","ping_status":"open","template":"","meta":{"footnotes":""},"class_list":["post-9","page","type-page","status-publish","hentry"],"_links":{"self":[{"href":"https:\/\/www.cidasc.sc.gov.br\/defesasanitariavegetal\/wp-json\/wp\/v2\/pages\/9","targetHints":{"allow":["GET"]}}],"collection":[{"href":"https:\/\/www.cidasc.sc.gov.br\/defesasanitariavegetal\/wp-json\/wp\/v2\/pages"}],"about":[{"href":"https:\/\/www.cidasc.sc.gov.br\/defesasanitariavegetal\/wp-json\/wp\/v2\/types\/page"}],"author":[{"embeddable":true,"href":"https:\/\/www.cidasc.sc.gov.br\/defesasanitariavegetal\/wp-json\/wp\/v2\/users\/1"}],"replies":[{"embeddable":true,"href":"https:\/\/www.cidasc.sc.gov.br\/defesasanitariavegetal\/wp-json\/wp\/v2\/comments?post=9"}],"version-history":[{"count":53,"href":"https:\/\/www.cidasc.sc.gov.br\/defesasanitariavegetal\/wp-json\/wp\/v2\/pages\/9\/revisions"}],"predecessor-version":[{"id":2205,"href":"https:\/\/www.cidasc.sc.gov.br\/defesasanitariavegetal\/wp-json\/wp\/v2\/pages\/9\/revisions\/2205"}],"wp:attachment":[{"href":"https:\/\/www.cidasc.sc.gov.br\/defesasanitariavegetal\/wp-json\/wp\/v2\/media?parent=9"}],"curies":[{"name":"wp","href":"https:\/\/api.w.org\/{rel}","templated":true}]}}