{"id":577,"date":"2014-05-12T19:07:00","date_gmt":"2014-05-12T19:07:00","guid":{"rendered":"http:\/\/www.cidasc.sc.gov.br\/defesasanitariavegetal\/?page_id=577"},"modified":"2023-08-03T12:44:58","modified_gmt":"2023-08-03T12:44:58","slug":"e-ptv","status":"publish","type":"page","link":"https:\/\/www.cidasc.sc.gov.br\/defesasanitariavegetal\/e-ptv\/","title":{"rendered":"E-PTV"},"content":{"rendered":"<h2 align=\"center\"><a href=\"https:\/\/sigen.cidasc.sc.gov.br\"><span style=\"color: #008000\"><strong><span style=\"text-decoration: underline\">SISTEMA INFORMATIZADO DE CERTIFICA\u00c7\u00c3O FITOSSANIT\u00c1RIA<\/span><\/strong><\/span><\/a><\/h2>\n<p align=\"center\"><a href=\"https:\/\/sigen.cidasc.sc.gov.br\"><strong><span style=\"color: #008000\">* e-PTV *<\/span><\/strong><\/a><\/p>\n<p style=\"text-align: justify\" align=\"center\">\u00a0 \u00a0 \u00a0 \u00a0 \u00a0A Certifica\u00e7\u00e3o Fitossanit\u00e1ria \u00e9 um sistema que acompanha e atesta as condi\u00e7\u00f5es sanit\u00e1rias de plantas, partes de vegetais ou produtos de origem vegetal, hospedeiros de pragas quarenten\u00e1rias ausentes ou presentes, em cumprimento \u00e0s normas nacionais e internacionais, exigidos nas transa\u00e7\u00f5es comerciais. Tem por objetivo, garantir a identidade e a origem dos produtos; dar credibilidade ao processo de rastreabilidade e elevar a confian\u00e7a da condi\u00e7\u00e3o fitossanit\u00e1ria.\u00a0 \u00c9 com a certifica\u00e7\u00e3o que as partidas de produtos vegetais podem transitar livremente pelo territ\u00f3rio nacional, sem nenhum embara\u00e7o ou entrave fitossanit\u00e1rio, tornando-se assim, um instrumento fundamental para a sustentabilidade do setor produtivo e comercial de Santa Catarina.<\/p>\n<p style=\"text-align: justify\">\n<p><strong>E para poder certificar sua produ\u00e7\u00e3o, os produtores devem seguir alguns procedimentos b\u00e1sicos, ou seja:<\/strong><strong>\u00a0<\/strong><\/p>\n<ul>\n<li><strong>\u00a01\u00ba Passo \u2013 Cadastrar a propriedade rural<\/strong> \u2013 O produtor rural dever\u00e1 se dirigir at\u00e9 um dos Escrit\u00f3rios da CIDASC e, de posse de alguns documentos que comprovem seu v\u00ednculo com o im\u00f3vel, dever\u00e1 solicitar o cadastramento de sua propriedade;<\/li>\n<li><strong>2\u00ba Passo \u2013 Indicar um Respons\u00e1vel T\u00e9cnico (RT) \u2013<\/strong> O RT pode ser um Engenheiro Agr\u00f4nomo ou Florestal treinado e habilitado pela CIDASC para atuar no manejo adequado e controle das pragas quarenten\u00e1rias, devendo se responsabilizar em todas as fases da produ\u00e7\u00e3o e do beneficiamento da esp\u00e9cie vegetal, hospedeira dessas pragas.<\/li>\n<li><strong>\u00a03\u00ba Passo \u2013 Inscrever a Unidade de Produ\u00e7\u00e3o (UP) \u2013<\/strong> A UP \u00e9 a \u00e1rea para a qual se deseja a certifica\u00e7\u00e3o e submetida aos mesmos tratos culturais e controle fitossanit\u00e1rio. Para inscrever a UP o RT dever\u00e1 fazer solicita\u00e7\u00e3o atrav\u00e9s do SIGEN+.<\/li>\n<li><strong>\u00a04\u00ba Passo \u2013 Inscrever a Unidade de Consolida\u00e7\u00e3o (UC)<\/strong> \u2013 Para algumas esp\u00e9cies como banana e ma\u00e7\u00e3, existe a necessidade de processamento e embalamento das frutas em unidades de consolida\u00e7\u00e3o. Para inscrever a UC o RT dever\u00e1 fazer solicita\u00e7\u00e3o atrav\u00e9s do SIGEN+.<\/li>\n<li><strong>\u00a05\u00ba Passo \u2013 Validar a Inscri\u00e7\u00e3o da UP\/UC<\/strong> \u2013 A partir da solicita\u00e7\u00e3o de inscri\u00e7\u00e3o da UP e\/ou UC realizada pelo RT no SIGEN+, o Fiscal Estadual Agropecu\u00e1rio inspeciona as estruturas e analisa as informa\u00e7\u00f5es, validando o(s) cadastro(s).<\/li>\n<\/ul>\n<p><strong>Ap\u00f3s passar por estas etapas, voc\u00ea estar\u00e1 apto a produzir, sabendo que seus produtos poder\u00e3o ser comercializados em qualquer parte do Brasil ou exportados para outros pa\u00edses. Para finalizar, voc\u00ea deve concluir os pr\u00f3ximos passos:<\/strong><\/p>\n<ul>\n<li><strong>6\u00ba Passo\u2013 Emitir o Certificado Fitossanit\u00e1rio de Origem (CFO)<\/strong> \u2013 O RT pode emitir no SIGEN+ os CFO\u2019s para as unidades de produ\u00e7\u00e3o cuja inscri\u00e7\u00e3o foi validada. Atrav\u00e9s deles o profissional atesta a condi\u00e7\u00e3o fitossanit\u00e1ria de plantas, partes de vegetais ou produtos de origem vegetal, declarando que atendem \u00e0s exig\u00eancias fitossanit\u00e1rias. O CFO tem validade de at\u00e9 30 dias.<\/li>\n<li><strong>7\u00ba Passo \u2013 Emitir o Certificado Fitossanit\u00e1rio de Origem Consolidado (CFOC)<\/strong> \u2013 \u00c9 o documento emitido no SIGEN+ pelo RT da UC, certificando que as condi\u00e7\u00f5es fitossanit\u00e1rias dos produtos que entraram na UC foram mantidas e\/ou novas medidas fitossanit\u00e1rias foram adotadas nos lotes. Os lotes consolidados devem ter sua rastreabilidade preservada.<\/li>\n<li><strong>8\u00ba Passo \u2013 Emiss\u00e3o da Permiss\u00e3o de Tr\u00e2nsito Vegetal (PTV)<\/strong> \u2013 Baseada no CFO\/CFOC, este documento \u00e9 emitido em SC exclusivamente pela CIDASC e deve acompanhar a partida de produtos, quando em tr\u00e2nsito e com exig\u00eancias fitossanit\u00e1rias espec\u00edficas para cada praga. No SIGEN+, o RT ou produtor informam os dados do relativos a origem e destino da partida, bem como o n\u00ba do CFO ou CFOC que certificam o produto. O SIGEN+ faz as valida\u00e7\u00f5es das informa\u00e7\u00f5es e, n\u00e3o havendo impedimentos registrados pelo fiscal da regi\u00e3o, permite ao usu\u00e1rio imprimir a PTV.<\/li>\n<\/ul>\n<h3 style=\"text-align: center\"><span style=\"color: #008000\"><em>Pronto para a viagem!!!<\/em><\/span><\/h3>\n<p style=\"text-align: center\"><a href=\"http:\/\/www.cidasc.sc.gov.br\/defesasanitariavegetal\/files\/2012\/08\/passo-a-passo.jpg\"><img loading=\"lazy\" decoding=\"async\" class=\"aligncenter wp-image-579\" title=\"passo a passo\" src=\"http:\/\/www.cidasc.sc.gov.br\/defesasanitariavegetal\/files\/2012\/08\/passo-a-passo.jpg\" alt=\"\" width=\"512\" height=\"320\" srcset=\"https:\/\/www.cidasc.sc.gov.br\/defesasanitariavegetal\/files\/2012\/08\/passo-a-passo.jpg 2373w, https:\/\/www.cidasc.sc.gov.br\/defesasanitariavegetal\/files\/2012\/08\/passo-a-passo-300x187.jpg 300w, https:\/\/www.cidasc.sc.gov.br\/defesasanitariavegetal\/files\/2012\/08\/passo-a-passo-1024x638.jpg 1024w, https:\/\/www.cidasc.sc.gov.br\/defesasanitariavegetal\/files\/2012\/08\/passo-a-passo-222x138.jpg 222w, https:\/\/www.cidasc.sc.gov.br\/defesasanitariavegetal\/files\/2012\/08\/passo-a-passo-100x62.jpg 100w\" sizes=\"auto, (max-width: 512px) 100vw, 512px\" \/><\/a><\/p>\n","protected":false},"excerpt":{"rendered":"<p>SISTEMA INFORMATIZADO DE CERTIFICA\u00c7\u00c3O FITOSSANIT\u00c1RIA * e-PTV * \u00a0 \u00a0 \u00a0 \u00a0 \u00a0A Certifica\u00e7\u00e3o Fitossanit\u00e1ria \u00e9 um sistema que acompanha e atesta as condi\u00e7\u00f5es sanit\u00e1rias de plantas, partes de vegetais ou produtos de origem vegetal, hospedeiros de pragas quarenten\u00e1rias ausentes ou presentes, em cumprimento \u00e0s normas nacionais e internacionais, exigidos nas transa\u00e7\u00f5es comerciais. Tem por[&#8230;] <a class=\"moretag\" href=\"https:\/\/www.cidasc.sc.gov.br\/defesasanitariavegetal\/e-ptv\/\">Leia mais&#8230;<\/a><\/p>\n","protected":false},"author":13,"featured_media":0,"parent":0,"menu_order":0,"comment_status":"open","ping_status":"open","template":"","meta":{"footnotes":""},"class_list":["post-577","page","type-page","status-publish","hentry"],"_links":{"self":[{"href":"https:\/\/www.cidasc.sc.gov.br\/defesasanitariavegetal\/wp-json\/wp\/v2\/pages\/577","targetHints":{"allow":["GET"]}}],"collection":[{"href":"https:\/\/www.cidasc.sc.gov.br\/defesasanitariavegetal\/wp-json\/wp\/v2\/pages"}],"about":[{"href":"https:\/\/www.cidasc.sc.gov.br\/defesasanitariavegetal\/wp-json\/wp\/v2\/types\/page"}],"author":[{"embeddable":true,"href":"https:\/\/www.cidasc.sc.gov.br\/defesasanitariavegetal\/wp-json\/wp\/v2\/users\/13"}],"replies":[{"embeddable":true,"href":"https:\/\/www.cidasc.sc.gov.br\/defesasanitariavegetal\/wp-json\/wp\/v2\/comments?post=577"}],"version-history":[{"count":6,"href":"https:\/\/www.cidasc.sc.gov.br\/defesasanitariavegetal\/wp-json\/wp\/v2\/pages\/577\/revisions"}],"predecessor-version":[{"id":2107,"href":"https:\/\/www.cidasc.sc.gov.br\/defesasanitariavegetal\/wp-json\/wp\/v2\/pages\/577\/revisions\/2107"}],"wp:attachment":[{"href":"https:\/\/www.cidasc.sc.gov.br\/defesasanitariavegetal\/wp-json\/wp\/v2\/media?parent=577"}],"curies":[{"name":"wp","href":"https:\/\/api.w.org\/{rel}","templated":true}]}}