{"id":2116,"date":"2023-08-17T19:05:45","date_gmt":"2023-08-17T19:05:45","guid":{"rendered":"https:\/\/www.cidasc.sc.gov.br\/defesasanitariavegetal\/?page_id=2116"},"modified":"2025-09-26T18:30:17","modified_gmt":"2025-09-26T18:30:17","slug":"maca","status":"publish","type":"page","link":"https:\/\/www.cidasc.sc.gov.br\/defesasanitariavegetal\/maca\/","title":{"rendered":"Programa Estadual de Sanidade das Pom\u00e1ceas"},"content":{"rendered":"<h1><strong>Cancro Europeu<\/strong><\/h1>\n\n\n<p class=\"has-medium-font-size\">Acesse as principais informa\u00e7\u00f5es sobre o Cancro Europeu:  <\/p>\n\n\n\n<p class=\"has-large-font-size\"><a rel=\"noreferrer noopener\" href=\"http:\/\/www.cancroeuropeu.com.br\" target=\"_blank\">http:\/\/www.cancroeuropeu.com.br\/<\/a><\/p>\n\n\n<p><a href=\"http:\/\/www.cidasc.sc.gov.br\/defesasanitariavegetal\/files\/2023\/08\/aplicativo-cancontrol.jpg\" target=\"_blank\" rel=\"noopener\"><img loading=\"lazy\" decoding=\"async\" class=\"wp-image-2141 aligncenter\" src=\"http:\/\/www.cidasc.sc.gov.br\/defesasanitariavegetal\/files\/2023\/08\/aplicativo-cancontrol.jpg\" alt=\"\" width=\"359\" height=\"270\"><\/a><\/p>\n<p><a href=\"https:\/\/play.google.com\/store\/apps\/details?id=br.edu.ifsc.cancontrol&amp;pcampaignid=web_share\" target=\"_blank\" rel=\"noopener\">Saiba mais<\/a><\/p>\n\n\n<hr class=\"wp-block-separator has-alpha-channel-opacity\" \/>\n\n\n\n<div style=\"height:49px\" aria-hidden=\"true\" class=\"wp-block-spacer\"><\/div>\n\n\n\n<h2 class=\"wp-block-heading has-black-color has-text-color has-link-color wp-elements-a140f7ef1941a2930b1bbfe5251fdee8\"><em><mark style=\"background-color:#fcb900\" class=\"has-inline-color has-vivid-red-color\">(Novidade!) <\/mark><\/em>Painel de consulta de localiza\u00e7\u00e3o de pomares positivos para Cancro Europeu<\/h2>\n\n\n\n<p><em>Clique na imagem abaixo para acessar o painel.<\/em><\/p>\n\n\n\n<figure class=\"wp-block-image size-large is-resized is-style-default\"><a href=\"http:\/\/bi.cidasc.sc.gov.br\/publico\/index.php?page=cGFpbmVs&amp;painel=f797686b-f95a-41eb-a84d-8c6caea3125c\"><img loading=\"lazy\" decoding=\"async\" width=\"1024\" height=\"580\" src=\"https:\/\/www.cidasc.sc.gov.br\/defesasanitariavegetal\/files\/2025\/07\/painel-cancro-1024x580.jpg\" alt=\"\" class=\"wp-image-2608\" style=\"aspect-ratio:1.7777777777777777;object-fit:cover;width:673px;height:auto\" srcset=\"https:\/\/www.cidasc.sc.gov.br\/defesasanitariavegetal\/files\/2025\/07\/painel-cancro-1024x580.jpg 1024w, https:\/\/www.cidasc.sc.gov.br\/defesasanitariavegetal\/files\/2025\/07\/painel-cancro-300x170.jpg 300w, https:\/\/www.cidasc.sc.gov.br\/defesasanitariavegetal\/files\/2025\/07\/painel-cancro-768x435.jpg 768w, https:\/\/www.cidasc.sc.gov.br\/defesasanitariavegetal\/files\/2025\/07\/painel-cancro-222x126.jpg 222w, https:\/\/www.cidasc.sc.gov.br\/defesasanitariavegetal\/files\/2025\/07\/painel-cancro-100x57.jpg 100w, https:\/\/www.cidasc.sc.gov.br\/defesasanitariavegetal\/files\/2025\/07\/painel-cancro.jpg 1288w\" sizes=\"auto, (max-width: 1024px) 100vw, 1024px\" \/><\/a><\/figure>\n\n\n\n<div style=\"height:43px\" aria-hidden=\"true\" class=\"wp-block-spacer\"><\/div>\n\n\n\n<hr class=\"wp-block-separator has-alpha-channel-opacity\" \/>\n\n\n\n<h1 class=\"wp-block-heading\">Programa Estadual de Sanidade das Pom\u00e1ceas <\/h1>\n\n\n\n<p>O Programa Estadual de Sanidade das Pom\u00e1ceas \u00e9 executado pela Cidasc para a prote\u00e7\u00e3o dos pomares catarinenses. Visa o desenvolvimento das a\u00e7\u00f5es relacionadas \u00e0s pragas regulamentadas para a produ\u00e7\u00e3o de ma\u00e7\u00e3 em SC.<\/p>\n\n\n\n<p>O programa \u00e9 executado no \u00e2mbito da Divis\u00e3o de Defesa Sanit\u00e1ria Vegetal \u2013 DIDEV da CIDASC.<\/p>\n\n\n\n<p>Coordenadora: Roberta Duarte Avila Vieira<\/p>\n\n\n\n<p>Contato: <a href=\"mailto:maca@cidasc.sc.gov.br\">maca@cidasc.sc.gov.br<\/a><\/p>\n\n\n\n<p><\/p>\n\n\n\n<p><\/p>\n\n\n<h2>&nbsp;<\/h2>\n\n\n<hr class=\"wp-block-separator has-alpha-channel-opacity\" \/>\n\n\n<h1><b>A produ\u00e7\u00e3o de ma\u00e7\u00e3<\/b><\/h1>\n<div id=\"attachment_2137\" style=\"width: 315px\" class=\"wp-caption alignright\"><a href=\"http:\/\/www.cidasc.sc.gov.br\/defesasanitariavegetal\/files\/2023\/08\/WhatsApp-Image-2023-08-25-at-11.07.59.jpeg\"><img loading=\"lazy\" decoding=\"async\" aria-describedby=\"caption-attachment-2137\" class=\" wp-image-2137\" src=\"http:\/\/www.cidasc.sc.gov.br\/defesasanitariavegetal\/files\/2023\/08\/WhatsApp-Image-2023-08-25-at-11.07.59.jpeg\" alt=\"\" width=\"305\" height=\"228\"><\/a><p id=\"caption-attachment-2137\" class=\"wp-caption-text\"><em>Foto: Paulo Tarc\u00edsio Domatos de Borba<\/em><\/p><\/div>\n<p><span style=\"font-weight: 400\">A produ\u00e7\u00e3o de ma\u00e7\u00e3 no Brasil concentra-se na regi\u00e3o sul com mais de 38 mil hectares produzidos com a fruta. Devido ao clima adequado, a produtividade alcan\u00e7a aproximadamente 38,8 toneladas por hectare, distribu\u00eddos entre os estados do Rio Grande do Sul, Paran\u00e1 e Santa Catarina.&nbsp;<\/span><\/p>\n<p><span style=\"font-weight: 400\">&nbsp;por apresentar um clima adequado, tamb\u00e9m, estrutura de log\u00edstica e de comercializa\u00e7\u00e3o. S\u00e3o mais de 38 mil hectares e uma produtividade m\u00e9dia de 38,8 toneladas por hectare, distribu\u00eddos entre os estados do Rio Grande do Sul, Paran\u00e1 e Santa Catarina.&nbsp;<\/span><\/p>\n<p><span style=\"font-weight: 400\">Santa Catarina responde por aproximadamente 48% da \u00e1rea cultivada com<\/span><span style=\"font-weight: 400\"> ma\u00e7\u00e3, o que representa cerca de 50% da fruticultura do Estado, sendo o maior produtor nacional da fruta. <\/span><span style=\"font-weight: 400\">O cultivo de ma\u00e7\u00e3 \u00e9 uma atividade de grande import\u00e2ncia socioecon\u00f4mica para o Estado,<\/span><span style=\"font-weight: 400\"> uma vez que o setor potencializou o desenvolvimento das regi\u00f5es de Fraiburgo e S\u00e3o Joaquim, que possuem hoje a principal fonte de renda oriunda da explora\u00e7\u00e3o da cultura da macieira. A ma\u00e7\u00e3 permite viabilizar economicamente a pequena propriedade, incrementar a agroind\u00fastria e explorar adequadamente as potencialidades clim\u00e1ticas das regi\u00f5es produtoras.&nbsp;<\/span><\/p>\n<p><span style=\"font-weight: 400\">A dissemina\u00e7\u00e3o de pragas em pomares comerciais traz s\u00e9rios preju\u00edzos econ\u00f4micos, sociais e ambientais para o Estado. Uma vez que, <\/span><span style=\"font-weight: 400\">\u00e9 dever do Estado, manter o status fitossanit\u00e1rio das esp\u00e9cies vegetais de import\u00e2ncia econ\u00f4mica para a agricultura catarinense. <\/span><span style=\"font-weight: 400\">A Secretaria de Agricultura por interm\u00e9dio da Companhia Integrada de Desenvolvimento Agr\u00edcola (CIDASC) desempenha um papel fundamental ao estabelecer medidas de vigil\u00e2ncia e monitoramento constantes dos pomares&nbsp; atrav\u00e9s das a\u00e7\u00f5es e medidas de defesa sanit\u00e1ria vegetal, de forma que se permita avaliar o risco de entrada, a dispers\u00e3o e estabelecimento&nbsp; de pragas&nbsp; em Santa Catarina, <\/span><span style=\"font-weight: 400\">essenciais para minimizar os danos causados por essas pragas, garantindo o fortalecimento da economia e produ\u00e7\u00e3o catarinense de ma\u00e7\u00e3s.<\/span><\/p>\n<\/p>\n\n\n<hr class=\"wp-block-separator has-alpha-channel-opacity\" \/>\n\n\n<\/p>\n<h1><b>Pragas regulamentadas<\/b><\/h1>\n<\/p>\n<h2><strong>O fungo <i>Neonectria ditissima<\/i><\/strong><\/h2>\n<div id=\"attachment_2131\" style=\"width: 324px\" class=\"wp-caption alignright\"><a href=\"http:\/\/www.cidasc.sc.gov.br\/defesasanitariavegetal\/files\/2023\/08\/IMG-1770-1.jpg\"><img loading=\"lazy\" decoding=\"async\" aria-describedby=\"caption-attachment-2131\" class=\"wp-image-2131\" src=\"http:\/\/www.cidasc.sc.gov.br\/defesasanitariavegetal\/files\/2023\/08\/IMG-1770-1.jpg\" alt=\"\" width=\"314\" height=\"312\"><\/a><p id=\"caption-attachment-2131\" class=\"wp-caption-text\"><em>Sintoma de Cancro Europeu &#8211; Neonectria ditissima Foto: Roberta Duarte Avila Vieira<\/em><\/p><\/div>\n<p><span style=\"font-weight: 400\">As infec\u00e7\u00f5es por <\/span><i><span style=\"font-weight: 400\">Neonectria ditissima<\/span><\/i><span style=\"font-weight: 400\"> afetam, principalmente, as partes lenhosas, como os ramos do ano, os galhos, tronco principal da planta e os frutos.&nbsp; As temperaturas amenas s\u00e3o prop\u00edcias para o desenvolvimento e esporula\u00e7\u00e3o do pat\u00f3geno. As chuvas e a alta umidade relativa mant\u00eam a superf\u00edcie das les\u00f5es\/ferimentos de ramos ou troncos \u00famidas o suficiente para que ocorra a germina\u00e7\u00e3o dos esporos e coloniza\u00e7\u00e3o das c\u00e9lulas do c\u00f3rtex. Estas condi\u00e7\u00f5es ambientais de predisposi\u00e7\u00e3o est\u00e3o presentes praticamente durante todo ano Os materiais de propaga\u00e7\u00e3o contaminados constituem um grande risco para a dissemina\u00e7\u00e3o do fungo, agente causador do \u201cCancro Europeu\u201d.<\/span><\/p>\n<p><span style=\"font-weight: 400\">O Cancro Europeu, foi constatado no Brasil em 2002 no Rio Grande do Sul e rapidamente disseminado. Em 2009, a doen\u00e7a j\u00e1 havia sido identificada nos tr\u00eas estados produtores do Sul: Rio Grande do Sul, Paran\u00e1 e Santa Catarina, devido \u00e0 comercializa\u00e7\u00e3o de mudas infectadas dos viveiros contaminados pela doen\u00e7a. A praga, que gera preju\u00edzos \u00e0 cadeia produtiva da ma\u00e7\u00e3, encontra-se sob controle oficial nos estados do Paran\u00e1, Rio Grande do Sul e Santa Catarina.<\/span><\/p>\n<p><span style=\"font-weight: 400\">Foi publicada, no \u00faltimo dia 26 de abril no Di\u00e1rio Oficial da Uni\u00e3o, a Portaria SAR n\u00ba 20 de 19 de abril de 2023, que institui no estado de Santa Catarina o Programa Estadual de Mitiga\u00e7\u00e3o de Risco do Cancro Europeu das Pom\u00e1ceas, doen\u00e7a quarenten\u00e1ria presente no pa\u00eds, causada pelo fungo <\/span><i><span style=\"font-weight: 400\">Neonectria ditissima<\/span><\/i><span style=\"font-weight: 400\">. Esta portaria define medidas complementares para a execu\u00e7\u00e3o do Programa Nacional de Preven\u00e7\u00e3o e Controle do Cancro Europeu (PNCE), que estabelece crit\u00e9rios e procedimentos para a conten\u00e7\u00e3o da doen\u00e7a.&nbsp;<\/span><\/p>\n<p><span style=\"font-weight: 400\">&nbsp;<\/span><span style=\"font-weight: 400\">Algumas das medidas complementares do Programa Estadual de Mitiga\u00e7\u00e3o de Risco do Cancro Europeu j\u00e1 est\u00e3o estabelecidas no PNCE, como a obrigatoriedade de cadastro georreferenciado de todas as propriedades com cultivo comercial de ma\u00e7\u00e3 ou produ\u00e7\u00e3o de mudas, a declara\u00e7\u00e3o da situa\u00e7\u00e3o sanit\u00e1ria da propriedade em rela\u00e7\u00e3o ao Cancro Europeu, a ado\u00e7\u00e3o de tratamentos fitossanit\u00e1rios em momentos predefinidos no ciclo da cultura e a exig\u00eancia de Permiss\u00e3o de Tr\u00e2nsito de Vegetais (PTV) para o transporte de material propagativo e frutos de esp\u00e9cies hospedeiras.&nbsp;<\/span><\/p>\n<p><span style=\"font-weight: 400\">No entanto, al\u00e9m das regras j\u00e1 preconizadas no PNCE, a Portaria Estadual traz medidas de biosseguridade que devem ser&nbsp; aplicadas pelas unidades produtoras e estipula prazos para cadastros das unidades de produ\u00e7\u00e3o e, tamb\u00e9m, para a declara\u00e7\u00e3o da situa\u00e7\u00e3o sanit\u00e1ria, os quais devem ser realizados at\u00e9 o dia 15 de outubro de cada ano. Outro ponto abordado na PMRCE, diz respeito ao ingresso de mudas de macieiras em Santa Catarina, as quais dever\u00e3o estar acompanhadas da autoriza\u00e7\u00e3o de ingresso fornecida pela CIDASC, juntamente com o termo de conformidade e suas respectivas notas fiscais.&nbsp;&nbsp;<\/span><\/p>\n<p><span style=\"font-weight: 400\">Dessa maneira, atrav\u00e9s de medidas de preven\u00e7\u00e3o, vigil\u00e2ncia e controle, estabelecidos por esta Portaria, busca-se alternativas para evitar novos focos do cancro europeu em outras \u00e1reas ou plantas, de forma que n\u00e3o comprometa a produ\u00e7\u00e3o e comercializa\u00e7\u00e3o de ma\u00e7\u00e3s e mudas dentro das \u00e1reas produtivas do Brasil.<\/span><\/p>\n<p><strong><a href=\"https:\/\/docs.google.com\/document\/u\/2\/d\/e\/2PACX-1vRQdh54-_XEPWPUIptMvAXZGTaJDYjWugyDM-eXoGruTLqHaDYTrfjKODFnmyFcTIO43qQFEHsTeB9Q\/pub\" target=\"_blank\" rel=\"noreferrer noopener\">Saiba mais<\/a><\/strong><\/p>\n<h2><b>A&nbsp; mariposa <\/b><b><i>Cydia pomonella&nbsp;<\/i><\/b><\/h2>\n<div id=\"attachment_2132\" style=\"width: 356px\" class=\"wp-caption alignright\"><a href=\"http:\/\/www.cidasc.sc.gov.br\/defesasanitariavegetal\/files\/2023\/08\/WhatsApp-Image-2023-08-25-at-10.27.35.jpeg\"><img loading=\"lazy\" decoding=\"async\" aria-describedby=\"caption-attachment-2132\" class=\" wp-image-2132\" src=\"http:\/\/www.cidasc.sc.gov.br\/defesasanitariavegetal\/files\/2023\/08\/WhatsApp-Image-2023-08-25-at-10.27.35.jpeg\" alt=\"\" width=\"346\" height=\"259\"><\/a><p id=\"caption-attachment-2132\" class=\"wp-caption-text\"><em> Cydia pomonella em armadilha<\/em><br \/><em> Foto: Cassiano Augusto Araujo<\/em><\/p><\/div>\n<p><span style=\"font-weight: 400\">Considerada uma das maiores amea\u00e7as \u00e0 pomicultura mundial, a <\/span><i><span style=\"font-weight: 400\">Cydia pomonella<\/span><\/i><span style=\"font-weight: 400\"> L. est\u00e1 regulamentada atualmente como uma praga quarenten\u00e1ria ausente no Brasil, sendo a ma\u00e7\u00e3 (<\/span><i><span style=\"font-weight: 400\">Malus domestica<\/span><\/i><span style=\"font-weight: 400\">) um dos seus principais hospedeiros.&nbsp; A praga foi detectada em Santa Catarina em 1993, na \u00e1rea urbana do munic\u00edpio de Lages e nos anos seguintes foram realizadas medidas de biosseguridade para delimita\u00e7\u00e3o, conten\u00e7\u00e3o e erradica\u00e7\u00e3o do foco de <\/span><i><span style=\"font-weight: 400\">C. pomonella<\/span><\/i><span style=\"font-weight: 400\"> no Estado. Dentre elas a elimina\u00e7\u00e3o de plantas hospedeiras presentes no&nbsp; &nbsp;per\u00edmetro urbano do munic\u00edpio atrav\u00e9s do corte raso e posterior destrui\u00e7\u00e3o do material. No ano de 2014, ap\u00f3s o \u00eaxito do trabalho de defesa sanit\u00e1ria vegetal, observado pela inexist\u00eancia de capturas, por duas safras, foi conquistada a declara\u00e7\u00e3o de erradica\u00e7\u00e3o da praga, tornando o pa\u00eds livre de <\/span><i><span style=\"font-weight: 400\">C. pomonella<\/span><\/i><span style=\"font-weight: 400\">.<\/span><\/p>\n<p><span style=\"font-weight: 400\">Desde de ent\u00e3o Santa Catarina mant\u00e9m a\u00e7\u00f5es de biosseguridade atrav\u00e9s do monitoramento de 170 armadilhas do tipo delta com piso adesivo e ferom\u00f4nios sexuais atrativos. Estas armadilhas foram instaladas nas \u00e1reas urbanas, pomares comerciais, centrais de abastecimentos e casas de embalagens para confirmar a aus\u00eancia de <\/span><i><span style=\"font-weight: 400\">C. pomonella<\/span><\/i><span style=\"font-weight: 400\"> no Estado. Ainda, nos portos e aduanas, se realiza a inspe\u00e7\u00e3o dos frutos importados, recha\u00e7ando aquelas cargas com a presen\u00e7a de <\/span><i><span style=\"font-weight: 400\">C. pomonella<\/span><\/i><span style=\"font-weight: 400\"> minimizando os riscos de entrada da praga no territ\u00f3rio. Portanto, a&nbsp; manuten\u00e7\u00e3o do status livre de <\/span><i><span style=\"font-weight: 400\">C. pomonella<\/span><\/i><span style=\"font-weight: 400\"> representa para Santa Catarina uma economia significativa para o setor produtivo,&nbsp; uma vez que o uso de inseticidas levaria ao aumento do custo de produ\u00e7\u00e3o,&nbsp; al\u00e9m da preserva\u00e7\u00e3o do meio ambiente e da sa\u00fade p\u00fablica.<\/span><\/p>\n<h2><b>A bact\u00e9ria <\/b><b><i>Erwinia amylovora<\/i><\/b><\/h2>\n<div id=\"attachment_2142\" style=\"width: 226px\" class=\"wp-caption alignright\"><a href=\"http:\/\/www.cidasc.sc.gov.br\/defesasanitariavegetal\/files\/2023\/08\/Erwinia-amylovora-Foto-Rebekah-D.-Wallace-University-of-Georgia-Bugwood.org-.jpg\"><img loading=\"lazy\" decoding=\"async\" aria-describedby=\"caption-attachment-2142\" class=\"wp-image-2142\" src=\"http:\/\/www.cidasc.sc.gov.br\/defesasanitariavegetal\/files\/2023\/08\/Erwinia-amylovora-Foto-Rebekah-D.-Wallace-University-of-Georgia-Bugwood.org-.jpg\" alt=\"\" width=\"216\" height=\"288\"><\/a><p id=\"caption-attachment-2142\" class=\"wp-caption-text\"><em>Sintoma de fogo bacteriano. Foto: Rebekah D. Wallace, University of Georgia, Bugwood.org<\/em><\/p><\/div>\n<p><span style=\"font-weight: 400\">Considerada uma das maiores amea\u00e7as \u00e0 pomicultura mundial, a <\/span><i><span style=\"font-weight: 400\">Erwinia amylovora <\/span><\/i><span style=\"font-weight: 400\">est\u00e1 regulamentada como uma praga quarenten\u00e1ria ausente no Brasil sendo a ma\u00e7\u00e3 (<\/span><i><span style=\"font-weight: 400\">Malus domestica)<\/span><\/i><span style=\"font-weight: 400\"> um dos seus principais hospedeiros. A queima bacteriana das ros\u00e1ceas, uma das doen\u00e7as mais destrutivas de fruteiras no Hemisf\u00e9rio Norte. O impacto econ\u00f4mico provocado pelo fogo bacteriano deve-se, principalmente,ao fato de afetar esp\u00e9cies da fam\u00edlia Rosaceae, de grande interesse comercial como macieira e pereira e v\u00e1rias esp\u00e9cies ornamentais. Ainda, por ser altamente contagiosa e por isso de r\u00e1pida dissemina\u00e7\u00e3o e, n\u00e3o existirem m\u00e9todos de controle eficazes (PALACIO-BIELSA &amp;amp; CAMBRA, 2009).<\/span><\/p>\n<p><span style=\"font-weight: 400\">A CIDASC realiza anualmente o monitoramento <\/span><i><span style=\"font-weight: 400\">Erwinia amylovora<\/span><\/i><span style=\"font-weight: 400\"> nos pomares atrav\u00e9s da fiscaliza\u00e7\u00e3o de unidades de produ\u00e7\u00e3o e em viveiros de mudas de ma\u00e7\u00e3, para preven\u00e7\u00e3o da introdu\u00e7\u00e3o e dissemina\u00e7\u00e3o desta praga nos pomares catarinenses. Ainda, realiza a\u00e7\u00f5es de educa\u00e7\u00e3o sanit\u00e1ria para conscientiza\u00e7\u00e3o da cadeia produtiva para import\u00e2ncia da vigil\u00e2ncia constante para manuten\u00e7\u00e3o do status ausente da praga para a economia catarinense. Ainda, o plano de conting\u00eancia foi validado no munic\u00edpio de Fraiburgo no ano de 2014 como um importante instrumento nas atividades de defesa sanit\u00e1ria vegetal, principalmente quando existem amea\u00e7as iminentes desta praga quarenten\u00e1ria ausente no Brasil.<\/span><\/p>\n<p><span style=\"font-weight: 400\">Assim como, a an\u00e1lise de risco de <\/span><i><span style=\"font-weight: 400\">E. amylovora<\/span><\/i><span style=\"font-weight: 400\">, conforme (Vieira, 2019), determinou as \u00e1reas de risco potencial desta praga ser introduzida e de se estabelecer no Brasil, sobretudo nos pomares catarinenses.&nbsp;<\/span><\/p>\n<p><strong><a href=\"https:\/\/docs.google.com\/document\/d\/e\/2PACX-1vRLYNCzwFRyucFn7yFiZPWbS0pYLBfnSYkCb-cQpxqHrwCTM3-fdPTZMOaA9_mBZ3O6_MzPlqVy1X7m\/pub\" target=\"_blank\" rel=\"noreferrer noopener\">Saiba mais<\/a><\/strong><\/p>\n<\/p>\n\n\n<\/p>\n<hr class=\"wp-block-separator has-alpha-channel-opacity\" \/>\n<p>\n\n\n<\/p>\n\n\n<p><\/p>\n\n\n\n<p><\/p>\n\n\n\n<p><\/p>\n\n\n\n<h2 class=\"wp-block-heading has-large-font-size\">Legisla\u00e7\u00e3o<\/h2>\n\n\n\n<h4 class=\"wp-block-heading\">Cancro Europeu (<em>Neonectria ditissima<\/em><em>)<\/em><\/h4>\n\n\n\n<h5 class=\"wp-block-heading\">Hospedeiro: Ma\u00e7\u00e3<\/h5>\n\n\n\n<ul class=\"wp-block-list\">\n<li><a rel=\"noreferrer noopener\" href=\"http:\/\/www.cidasc.sc.gov.br\/defesasanitariavegetal\/files\/2023\/05\/Portaria-SAR-n-20-2023.pdf\" target=\"_blank\">Portaria SAR n\u00ba 20\/2023, de 19 de abril de 2023<\/a>: Instituir o Programa Estadual de Mitiga\u00e7\u00e3o de Riscos do Cancro Europeu das Pom\u00e1ceas &#8211; PMRCE. (<a rel=\"noreferrer noopener\" href=\"http:\/\/www.cidasc.sc.gov.br\/defesasanitariavegetal\/files\/2023\/05\/Portaria-SAR-n-20-2023-DOE.pdf\" target=\"_blank\">Vers\u00e3o DOE<\/a>) <mark class=\"has-inline-color has-vivid-red-color\"><strong><em>NOVO<\/em><\/strong><\/mark><\/li>\n\n\n\n<li><a rel=\"noopener noreferrer\" href=\"http:\/\/www.cidasc.sc.gov.br\/defesasanitariavegetal\/files\/2021\/06\/PORTARIA-N\u00ba-319-DE-26-DE-MAIO-DE-2021-PORTARIA-N\u00ba-319-DE-26-DE-MAIO-DE-2021-DOU-Imprensa-Nacional.pdf\" target=\"_blank\">PORTARIA N\u00ba 319, DE 26 DE MAIO DE 2021<\/a>: Institui o Programa Nacional de Preven\u00e7\u00e3o e Controle do Cancro Europeu (<em>Neonectria ditissima<\/em>) &#8211; PNCE. <\/li>\n<\/ul>\n\n\n\n<h4 class=\"wp-block-heading\">Fogo Bacteriano das ros\u00e1ceas (<em>Erwinia amylovora<\/em><em>)<\/em><\/h4>\n\n\n\n<h5 class=\"wp-block-heading\">Hospedeiros:&nbsp;Ma\u00e7\u00e3, P\u00eara e outras ros\u00e1ceas.<\/h5>\n\n\n\n<ul class=\"wp-block-list\">\n<li><a href=\"http:\/\/www.cidasc.sc.gov.br\/defesasanitariavegetal\/files\/2019\/12\/INSTRU\u00c7\u00c3O-NORMATIVA-N\u00ba-34-de-25-agosto-2016.pdf\">INSTRU\u00c7\u00c3O NORMATIVA N\u00ba 34, DE 25 AGOSTO 2016<\/a>:&nbsp;Institui o Plano Conting\u00eancia <em>Erwinia amylovora<\/em><\/li>\n<\/ul>\n\n\n\n<h4 class=\"wp-block-heading\">Tra\u00e7a da ma\u00e7\u00e3 (<em>Cydia pomonella)<\/em><\/h4>\n\n\n\n<h5 class=\"wp-block-heading\">Hospedeiros: Ma\u00e7\u00e3, Ameixa, P\u00eassego, P\u00eara, Damasco, Marmelo, Nectarina, Cereja.<\/h5>\n\n\n\n<ul class=\"wp-block-list\">\n<li><a href=\"https:\/\/www.cidasc.sc.gov.br\/defesasanitariavegetal\/files\/2025\/09\/Portaria-SDA_MAPA-no1.369-de-18-de-setembro-de-2025-Plano-de-contingencia-Cydia-pomonella-2025.pdf\" target=\"_blank\" rel=\"noreferrer noopener\">PORTARIA SDA\/MAPA N\u00ba 1.369, DE 18 DE SETEMBRO DE 2025<\/a>: Institui o Plano Nacional de Preven\u00e7\u00e3o e Vigil\u00e2ncia de <em>Cydia pomonella <\/em>PNPV\/Cydia. \n<ul class=\"wp-block-list\">\n<li><a href=\"https:\/\/www.gov.br\/agricultura\/pt-br\/assuntos\/sanidade-animal-e-vegetal\/sanidade-vegetal\/planos-de-contingencia-pragas-ausentes\/Manual_Cydia_21102024.pdf\" target=\"_blank\" rel=\"noreferrer noopener\">Manual de procedimentos do PNPV\/Cydia<\/a><\/li>\n\n\n\n<li><em><a href=\"https:\/\/www.gov.br\/agricultura\/pt-br\/assuntos\/sanidade-animal-e-vegetal\/sanidade-vegetal\/planos-de-contingencia-pragas-ausentes\/CydiapomonellaLivroPragasPriorizadas_1ed2018183196.pdf\">Cydia pomonella<\/a><\/em>\u00a0&#8211; CAP\u00cdTULO 12 do livro &#8220;PRIORIZA\u00c7\u00c3O DE PRAGAS QUARENTEN\u00c1RIAS AUSENTES DO BRASIL&#8221;.<\/li>\n<\/ul>\n<\/li>\n\n\n\n<li><span style=\"color: #0000ff\"><a href=\"http:\/\/www.cidasc.sc.gov.br\/defesasanitariavegetal\/files\/2021\/09\/Instru\u00e7\u00e3o-Normativa-n\u00ba-32-de-3-de-setembro-de-2014-Exclui-da-Lista-de-Pragas-Quarenten\u00e1rias-presentes-a-Cydia-pomonella.-1.pdf\">INSTRU\u00c7\u00c3O NORMATIVA MAPA N\u00ba 32, DE 03 DE SETEMBRO DE 2014<\/a>:<span style=\"color: #000000\"> Exclui da Lista de Pragas Quarenten\u00e1rias <em>Cydia pomonella.<\/em><\/span><\/span><\/li>\n\n\n\n<li><a href=\"http:\/\/www.cidasc.sc.gov.br\/defesasanitariavegetal\/files\/2023\/04\/IN-cydia-erradicada.pdf\">INSTRU\u00c7\u00c3O NORMATIVA N\u00ba 10, DE 7 DE MAIO DE 2014<\/a>: Reconhece a erradica\u00e7\u00e3o dos focos da praga <em>Cydia pomonella<\/em> nos Estados de Santa Catarina e Rio Grande do Sul.<span style=\"color: #0000ff\"><span style=\"color: #000000\"><br><\/span><\/span><\/li>\n<\/ul>\n\n\n<p><a href=\"http:\/\/www.cidasc.sc.gov.br\/defesasanitariavegetal\/files\/2023\/08\/WhatsApp-Image-2023-08-25-at-11.07.59-2.jpeg\"><img loading=\"lazy\" decoding=\"async\" class=\"wp-image-2139 alignleft\" src=\"http:\/\/www.cidasc.sc.gov.br\/defesasanitariavegetal\/files\/2023\/08\/WhatsApp-Image-2023-08-25-at-11.07.59-2.jpeg\" alt=\"\" width=\"196\" height=\"261\"><\/a><a href=\"http:\/\/www.cidasc.sc.gov.br\/defesasanitariavegetal\/files\/2023\/08\/WhatsApp-Image-2023-08-25-at-10.27.36.jpeg\"><img loading=\"lazy\" decoding=\"async\" class=\"wp-image-2138 alignleft\" src=\"http:\/\/www.cidasc.sc.gov.br\/defesasanitariavegetal\/files\/2023\/08\/WhatsApp-Image-2023-08-25-at-10.27.36.jpeg\" alt=\"\" width=\"149\" height=\"265\"><\/a><a href=\"http:\/\/www.cidasc.sc.gov.br\/defesasanitariavegetal\/files\/2023\/08\/WhatsApp-Image-2023-08-25-at-11.05.03.jpeg\"><img loading=\"lazy\" decoding=\"async\" class=\"wp-image-2136 alignleft\" src=\"http:\/\/www.cidasc.sc.gov.br\/defesasanitariavegetal\/files\/2023\/08\/WhatsApp-Image-2023-08-25-at-11.05.03.jpeg\" alt=\"\" width=\"200\" height=\"267\"><\/a><\/p>\n\n\n<figure class=\"wp-block-embed is-type-video is-provider-youtube wp-block-embed-youtube wp-embed-aspect-16-9 wp-has-aspect-ratio\"><div class=\"wp-block-embed__wrapper\">\n<iframe loading=\"lazy\" title=\"Agro Sa\u00fade e Coopera\u00e7\u00e3o - Safra da Ma\u00e7\u00e3\" width=\"500\" height=\"281\" src=\"https:\/\/www.youtube.com\/embed\/hRW97I5ldnY?feature=oembed\" frameborder=\"0\" allow=\"accelerometer; autoplay; clipboard-write; encrypted-media; gyroscope; picture-in-picture; web-share\" referrerpolicy=\"strict-origin-when-cross-origin\" allowfullscreen><\/iframe>\n<\/div><\/figure>\n","protected":false},"excerpt":{"rendered":"<p>Cancro Europeu Acesse as principais informa\u00e7\u00f5es sobre o Cancro Europeu: http:\/\/www.cancroeuropeu.com.br\/ Saiba mais (Novidade!) Painel de consulta de localiza\u00e7\u00e3o de pomares positivos para Cancro Europeu Clique na imagem abaixo para acessar o painel. Programa Estadual de Sanidade das Pom\u00e1ceas O Programa Estadual de Sanidade das Pom\u00e1ceas \u00e9 executado pela Cidasc para a prote\u00e7\u00e3o dos pomares[&#8230;] <a class=\"moretag\" href=\"https:\/\/www.cidasc.sc.gov.br\/defesasanitariavegetal\/maca\/\">Leia mais&#8230;<\/a><\/p>\n","protected":false},"author":36,"featured_media":0,"parent":0,"menu_order":0,"comment_status":"closed","ping_status":"closed","template":"","meta":{"footnotes":""},"class_list":["post-2116","page","type-page","status-publish","hentry"],"_links":{"self":[{"href":"https:\/\/www.cidasc.sc.gov.br\/defesasanitariavegetal\/wp-json\/wp\/v2\/pages\/2116","targetHints":{"allow":["GET"]}}],"collection":[{"href":"https:\/\/www.cidasc.sc.gov.br\/defesasanitariavegetal\/wp-json\/wp\/v2\/pages"}],"about":[{"href":"https:\/\/www.cidasc.sc.gov.br\/defesasanitariavegetal\/wp-json\/wp\/v2\/types\/page"}],"author":[{"embeddable":true,"href":"https:\/\/www.cidasc.sc.gov.br\/defesasanitariavegetal\/wp-json\/wp\/v2\/users\/36"}],"replies":[{"embeddable":true,"href":"https:\/\/www.cidasc.sc.gov.br\/defesasanitariavegetal\/wp-json\/wp\/v2\/comments?post=2116"}],"version-history":[{"count":15,"href":"https:\/\/www.cidasc.sc.gov.br\/defesasanitariavegetal\/wp-json\/wp\/v2\/pages\/2116\/revisions"}],"predecessor-version":[{"id":2637,"href":"https:\/\/www.cidasc.sc.gov.br\/defesasanitariavegetal\/wp-json\/wp\/v2\/pages\/2116\/revisions\/2637"}],"wp:attachment":[{"href":"https:\/\/www.cidasc.sc.gov.br\/defesasanitariavegetal\/wp-json\/wp\/v2\/media?parent=2116"}],"curies":[{"name":"wp","href":"https:\/\/api.w.org\/{rel}","templated":true}]}}