{"id":12,"date":"2022-11-04T11:10:00","date_gmt":"2022-11-04T11:10:00","guid":{"rendered":"http:\/\/DefesaSanit\u00e1riaVegetalProdu\u00e7\u00e3o,Beneficiamentoetr\u00e2nsitodeProdutosVegetaisconsideradospotenciaishospedeirosdepragasquarenten\u00e1riasT\u00e9c.Agr\u00ed"},"modified":"2025-01-21T18:28:37","modified_gmt":"2025-01-21T18:28:37","slug":"artigos","status":"publish","type":"page","link":"https:\/\/www.cidasc.sc.gov.br\/defesasanitariavegetal\/artigos\/","title":{"rendered":"Artigos"},"content":{"rendered":"<p><strong>Defesa Sanit\u00e1ria Vegetal<\/strong><\/p>\n<ul>\n<li><a href=\"http:\/\/www.cidasc.sc.gov.br\/defesasanitariavegetal\/files\/2025\/01\/Livro-Sanidade-Vegetal-Versao-Digital-Completa-FINAL-04nov2024-reduzida.pdf\" target=\"_blank\" rel=\"noopener\">Livro Sanidade Vegetal<\/a><\/li>\n<li><a href=\"https:\/\/www.cidasc.sc.gov.br\/defesasanitariavegetal\/files\/2022\/11\/Vista-do-Sanidade-vegetal_-desafios-e-oportunidades-para-o-agro-de-Santa-Catarina.pdf\" target=\"_blank\" rel=\"noopener noreferrer\">Desafios e oportunidades para o agro de Santa Catarina<\/a> :\u00a0<strong><a href=\"https:\/\/publicacoes.epagri.sc.gov.br\/rac\/article\/view\/925\">(Revista online)<\/a><\/strong>\u00a0<\/li>\n<li><a href=\"https:\/\/www.cidasc.sc.gov.br\/defesasanitariavegetal\/files\/2022\/11\/Vista-do-Defesa-do-status-fitossanit\u00e1rio-de-\u00c1rea-Livre-de-Moko-da-Bananeira-em-Santa-Catarina.pdf\" target=\"_blank\" rel=\"noopener noreferrer\"> Defesa do status fitossanit\u00e1rio de \u00c1rea Livre de Moko da Bananeira em Santa Catarina<\/a> :<strong> <a href=\"https:\/\/publicacoes.epagri.sc.gov.br\/rac\/article\/view\/485\" target=\"_blank\" rel=\"noopener noreferrer\">(Revista online)<\/a><\/strong><\/li>\n<li><a href=\"https:\/\/www.cidasc.sc.gov.br\/defesasanitariavegetal\/files\/2022\/11\/Vista-do-O-enfrentamento-da-virose-causadora-do-endurecimento-dos-frutos-do-maracujazeiro-pelos-produtores-catarinenses-e-iniciativa-p\u00fablica.pdf\" target=\"_blank\" rel=\"noopener noreferrer\">O enfrentamento da virose causadora do endurecimento-dos-frutos-do-maracujazeiro pelos produtores catarinenses e iniciativa p\u00fablica<\/a>: <strong><a href=\"https:\/\/publicacoes.epagri.sc.gov.br\/RAC\/article\/view\/1044\" target=\"_blank\" rel=\"noopener noreferrer\">(Revista online)<\/a><\/strong><\/li>\n<li><a href=\"https:\/\/www.cidasc.sc.gov.br\/defesasanitariavegetal\/files\/2022\/11\/AVALIA\u00c7\u00c3O-TEMPORAL-DA-OCORR\u00caNCIA-DA-SIGATOKA-NEGRA-EM-SANTA.pdf\">AVALIA\u00c7\u00c3O TEMPORAL DA OCORR\u00caNCIA DA SIGATOKA-NEGRA EM SANTA<\/a> <strong><a href=\"https:\/\/fruticultura.org\/cbf2022\/files\/anais2022b.pdf\" target=\"_blank\" rel=\"noopener noreferrer\">(Anais CBF 2022).<\/a><\/strong><\/li>\n<li><a href=\"https:\/\/www.cidasc.sc.gov.br\/defesasanitariavegetal\/files\/2022\/11\/CONDI\u00c7\u00d5ES-FITOSSANIT\u00c1RIAS-PARA-O-CULTIVO-DE-MARACUJAZEIRO-EM.pdf\">CONDI\u00c7\u00d5ES FITOSSANIT\u00c1RIAS PARA O CULTIVO DE MARACUJAZEIRO EM SANTA CATARINA E O IMPACTO DA ADO\u00c7\u00c3O DO VAZIO SANIT\u00c1RIO NO COMBATE DA VIROSE-DO-ENDURECIMENTO-DOS-FRUTOS NA SAFRA 2020\/2021.<\/a> <strong><a href=\"https:\/\/fruticultura.org\/cbf2022\/files\/anais2022b.pdf\" target=\"_blank\" rel=\"noopener noreferrer\">(Anais CBF 2022).<\/a><\/strong><\/li>\n<li><a href=\"https:\/\/www.cidasc.sc.gov.br\/defesasanitariavegetal\/files\/2022\/11\/FISCALIZA\u00c7\u00d5ES-DO-VAZIO-SANIT\u00c1RIO-PARA-O-CULTIVO-DO-MARACUJAZEIRO.pdf\">FISCALIZA\u00c7\u00d5ES DO VAZIO SANIT\u00c1RIO PARA O CULTIVO DO MARACUJAZEIRO<\/a>: <strong><a href=\"https:\/\/fruticultura.org\/cbf2022\/files\/anais2022b.pdf\" target=\"_blank\" rel=\"noopener noreferrer\">(Anais CBF 2022)<\/a><\/strong><\/li>\n<li>\u00a0<\/li>\n<\/ul>\n<p><strong>Insumos agr\u00edcolas<\/strong><\/p>\n<ul>\n<li><a href=\"https:\/\/www.cidasc.sc.gov.br\/defesasanitariavegetal\/files\/2022\/11\/PRESCRI\u00c7\u00c3O-DE-AGROT\u00d3XICOS-PARA-A-CULTURA-DA-BANANA-EM-SANTA.pdf\" target=\"_blank\" rel=\"noopener noreferrer\">PRESCRI\u00c7\u00c3O DE AGROT\u00d3XICOS PARA A CULTURA DA BANANA EM SANTA CATARINA<\/a>: <strong><a href=\"https:\/\/fruticultura.org\/cbf2022\/files\/anais2022b.pdf\" target=\"_blank\" rel=\"noopener noreferrer\">(Anais CBF 2022)<\/a><\/strong><\/li>\n<li><a href=\"https:\/\/www.cidasc.sc.gov.br\/defesasanitariavegetal\/files\/2022\/11\/MONITORAMENTO-DE-RES\u00cdDUOS-DE-AGROT\u00d3XICOS-EM-FRUTOS-DE-MARACUJ\u00c1.pdf\">MONITORAMENTO DE RES\u00cdDUOS DE AGROT\u00d3XICOS EM FRUTOS DE MARACUJ\u00c1<\/a>: <strong><a href=\"https:\/\/fruticultura.org\/cbf2022\/files\/anais2022b.pdf\" target=\"_blank\" rel=\"noopener noreferrer\">(Anais CBF 2022)<\/a><\/strong><\/li>\n<\/ul>\n\n\n<p><\/p>\n","protected":false},"excerpt":{"rendered":"<p>Defesa Sanit\u00e1ria Vegetal Livro Sanidade Vegetal Desafios e oportunidades para o agro de Santa Catarina :\u00a0(Revista online)\u00a0 Defesa do status fitossanit\u00e1rio de \u00c1rea Livre de Moko da Bananeira em Santa Catarina : (Revista online) O enfrentamento da virose causadora do endurecimento-dos-frutos-do-maracujazeiro pelos produtores catarinenses e iniciativa p\u00fablica: (Revista online) AVALIA\u00c7\u00c3O TEMPORAL DA OCORR\u00caNCIA DA SIGATOKA-NEGRA[&#8230;] <a class=\"moretag\" href=\"https:\/\/www.cidasc.sc.gov.br\/defesasanitariavegetal\/artigos\/\">Leia mais&#8230;<\/a><\/p>\n","protected":false},"author":1,"featured_media":0,"parent":0,"menu_order":0,"comment_status":"open","ping_status":"open","template":"","meta":{"footnotes":""},"class_list":["post-12","page","type-page","status-publish","hentry"],"_links":{"self":[{"href":"https:\/\/www.cidasc.sc.gov.br\/defesasanitariavegetal\/wp-json\/wp\/v2\/pages\/12","targetHints":{"allow":["GET"]}}],"collection":[{"href":"https:\/\/www.cidasc.sc.gov.br\/defesasanitariavegetal\/wp-json\/wp\/v2\/pages"}],"about":[{"href":"https:\/\/www.cidasc.sc.gov.br\/defesasanitariavegetal\/wp-json\/wp\/v2\/types\/page"}],"author":[{"embeddable":true,"href":"https:\/\/www.cidasc.sc.gov.br\/defesasanitariavegetal\/wp-json\/wp\/v2\/users\/1"}],"replies":[{"embeddable":true,"href":"https:\/\/www.cidasc.sc.gov.br\/defesasanitariavegetal\/wp-json\/wp\/v2\/comments?post=12"}],"version-history":[{"count":33,"href":"https:\/\/www.cidasc.sc.gov.br\/defesasanitariavegetal\/wp-json\/wp\/v2\/pages\/12\/revisions"}],"predecessor-version":[{"id":2378,"href":"https:\/\/www.cidasc.sc.gov.br\/defesasanitariavegetal\/wp-json\/wp\/v2\/pages\/12\/revisions\/2378"}],"wp:attachment":[{"href":"https:\/\/www.cidasc.sc.gov.br\/defesasanitariavegetal\/wp-json\/wp\/v2\/media?parent=12"}],"curies":[{"name":"wp","href":"https:\/\/api.w.org\/{rel}","templated":true}]}}