{"id":970,"date":"2013-03-01T12:30:55","date_gmt":"2013-03-01T12:30:55","guid":{"rendered":"http:\/\/www.cidasc.sc.gov.br\/defesasanitariaanimal\/?page_id=970"},"modified":"2026-03-30T17:18:01","modified_gmt":"2026-03-30T17:18:01","slug":"transito-e-vigilancia-legislacao","status":"publish","type":"page","link":"https:\/\/www.cidasc.sc.gov.br\/defesasanitariaanimal\/programas\/vigilancia-sanitaria-animal-e-transito\/transito-e-vigilancia-legislacao\/","title":{"rendered":"Tr\u00e2nsito e Vigil\u00e2ncia Sanit\u00e1ria Animal &#8211; Legisla\u00e7\u00f5es"},"content":{"rendered":"\n<p class=\"has-text-align-left\"><strong>Legisla\u00e7\u00e3o Federal<\/strong><\/p>\n\n\n\n<p>&#8211; <strong><a rel=\"noreferrer noopener\" href=\"https:\/\/drive.google.com\/file\/d\/1zyfk9xpn2kH-WquH1fl4zCTOxrAOI_fd\/view?usp=sharing\" target=\"_blank\"><mark style=\"background-color:#ffffff;color:#065b07\" class=\"has-inline-color\">Of\u00edcio &#8211; Circular Conjunto N\u00ba 01\/2023\/DSA\/DIPOA\/SDA\/MAPA<\/mark><\/a> <\/strong>&#8211; Considerando a necessidade de se estabelecer orienta\u00e7\u00f5es sobre a documenta\u00e7\u00e3o de tr\u00e2nsito de animais destinados ou oriundos de abatedouro frigor\u00edfico, bem como de padronizar procedimentos junto aos \u00d3rg\u00e3os Executores de Sanidade Agropecu\u00e1ria e aos Servi\u00e7os de Inspe\u00e7\u00e3o Oficial, apresentamos os procedimentos a serem adotados nos abatedouros frigor\u00edficos. <\/p>\n\n\n\n<p class=\"has-text-align-left\"><strong>&#8211; <a rel=\"noreferrer noopener\" href=\"https:\/\/drive.google.com\/file\/d\/1jYRd5TjbhlvrWF-WW6wUiZ4e4pfRQ0qC\/view?usp=drive_link\" target=\"_blank\"><mark style=\"background-color:#ffffff;color:#065b07\" class=\"has-inline-color\">Instru\u00e7\u00e3o Normativa n\u00ba 11\/2019 &#8211; MAPA<\/mark><\/a><\/strong> &#8211; <mark style=\"background-color:#ffffff\" class=\"has-inline-color\">Estabelece o regulamento para ingresso, no territ\u00f3rio nacional, de produtos de origem animal presumivelmente n\u00e3o veiculadores de doen\u00e7as contagiosas, em bagagem de viajantes, para consumo pr\u00f3prio e sem finalidade comercial:<\/mark><\/p>\n\n\n\n<ul class=\"wp-block-list\">\n<li><a href=\"https:\/\/drive.google.com\/file\/d\/19WvY5XesoxQKwOkN1jLoHcifjeSBHGQF\/view?usp=drive_link\" target=\"_blank\" rel=\"noreferrer noopener\">Lista de mercadorias autorizadas para ingresso em bagagem de viajantes<\/a><\/li>\n<\/ul>\n\n\n\n<p class=\"has-text-align-left\">&#8211; <a rel=\"noreferrer noopener\" href=\"https:\/\/drive.google.com\/file\/d\/1SNXgaLFOGFe96e8nZ5nBRwVj78pad9BI\/view?usp=sharing\" target=\"_blank\"><strong><mark style=\"background-color:#ffffff;color:#065b07\" class=\"has-inline-color\">Instru\u00e7\u00e3o Normativa n\u00ba 9\/2021 MAPA<\/mark><\/strong><\/a> &#8211; Aprova o modelo impresso da Guia de Tr\u00e2nsito Animal (GTA) para o tr\u00e2nsito de animais vivos, ovos f\u00e9rteis e outros materiais de multiplica\u00e7\u00e3o animal e estabelece o formato eletr\u00f4nico da Guia de Tr\u00e2nsito Animal (GTA), na forma do modelo e-GTA, para movimenta\u00e7\u00e3o, em todo o territ\u00f3rio nacional, de animais vivos, ovos f\u00e9rteis e outros materiais de multiplica\u00e7\u00e3o animal;<\/p>\n\n\n\n<p class=\"has-text-align-left\">&#8211; <a rel=\"noreferrer noopener\" href=\"https:\/\/drive.google.com\/file\/d\/1jUkoleqlvlmMStfdMwPEnWTtrqJvSMQc\/view?usp=sharing\" target=\"_blank\"><strong><mark style=\"background-color:#ffffff;color:#065b07\" class=\"has-inline-color\">Instru\u00e7\u00e3o Normativa n\u00ba 52\/2020 MAPA<\/mark><\/strong><\/a> &#8211; Reconhecer como livres de febre aftosa sem vacina\u00e7\u00e3o os Estados do Acre, Paran\u00e1, Rio Grando do Sul, Rond\u00f4nia e regi\u00f5es dos Estados do Amazonas e Mato Grosso;<\/p>\n\n\n\n<p class=\"has-text-align-left\">&#8211; <a rel=\"noreferrer noopener\" href=\"https:\/\/drive.google.com\/file\/d\/1xuAd09STOnByUx7SYbd_HvYtOszXmHMt\/view?usp=sharing\" target=\"_blank\"><strong><mark style=\"background-color:#ffffff;color:#065b07\" class=\"has-inline-color\">Instru\u00e7\u00e3o Normativa n\u00ba 48\/2020 MAPA<\/mark><\/strong><\/a> &#8211; Aprova as diretrizes gerais para a vigil\u00e2ncia da febre aftosa com vistas \u00e0 execu\u00e7\u00e3o do Programa Nacional de Vigil\u00e2ncia para a Febre Aftosa (PNEFA);<\/p>\n\n\n\n<p class=\"has-text-align-left\">&#8211; <a rel=\"noreferrer noopener\" href=\"https:\/\/drive.google.com\/file\/d\/1EhdJZAfg6JN9kQ1ogpfeQUPyqrCf9GVv\/view?usp=sharing\" target=\"_blank\"><strong><mark style=\"background-color:#ffffff;color:#065b07\" class=\"has-inline-color\">Instru\u00e7\u00e3o Normativa n\u00ba 36\/2020 MAPA<\/mark><\/strong><\/a> &#8211; Pro\u00edbe a manuten\u00e7\u00e3o, a comercializa\u00e7\u00e3o e o uso da vacina contra a febre aftosa no Estado do Rio Grande do Sul, e no Bloco I do Plano Estrat\u00e9gico 2017-2026 do Programa Nacional de Erradica\u00e7\u00e3o e Preven\u00e7\u00e3o da Febre Aftosa (PE PNEFA), contitu\u00eddo pelos Estados do Acre e de Rond\u00f4nia e parte da regi\u00e3o dos Estados do Amazonas e Mato Grosso;<\/p>\n\n\n\n<p>&#8211; <a rel=\"noreferrer noopener\" href=\"https:\/\/drive.google.com\/file\/d\/1kCylY8jkqWJWKokEBJWyO92dIMohvN5A\/view?usp=sharing\" target=\"_blank\"><strong><mark style=\"background-color:#ffffff;color:#065b07\" class=\"has-inline-color\">Instru\u00e7\u00e3o Normativa n\u00ba 48\/2019<\/mark><\/strong><\/a> &#8211; Estabelece as regras sobre o recolhimento, transporte, processamento e destina\u00e7\u00e3o de animais mortos e res\u00edduos da produ\u00e7\u00e3o pecu\u00e1ria como alternativa para a sua elimina\u00e7\u00e3o nos estabelecimentos rurais;<\/p>\n\n\n\n<p>&#8211; <a rel=\"noreferrer noopener\" href=\"https:\/\/drive.google.com\/file\/d\/1xEwXaF61EfLMHFnHEC0xuOetO_iSL_Lr\/view?usp=sharing\" target=\"_blank\"><strong><mark style=\"background-color:#ffffff;color:#065b07\" class=\"has-inline-color\">Instru\u00e7\u00e3o Normativa n\u00ba 47\/2019 MAPA<\/mark><\/strong><\/a> &#8211; Pro\u00edbe a manuten\u00e7\u00e3o, a comercializa\u00e7\u00e3o e o uso de vacinas contra a febre aftosa no Estado do Paran\u00e1, a partir de 31 de outubro de 2019;<\/p>\n\n\n\n<p class=\"has-text-align-left\">&#8211; <a rel=\"noreferrer noopener\" href=\"http:\/\/www.cidasc.sc.gov.br\/defesasanitariaanimal\/files\/2019\/03\/IN-23-2018-Transito-de-produtos.pdf\" target=\"_blank\"><strong><mark style=\"background-color:#ffffff;color:#065b07\" class=\"has-inline-color\">Instru\u00e7\u00e3o Normativa n\u00ba 23\/2018<\/mark><\/strong><\/a> &#8211; Estabelece os modelos oficiais de Certificado Sanit\u00e1rio Nacional (CSN), Certificado Sanit\u00e1rio Internacional (CSI), Guia de Tr\u00e2nsito (GT) e a Declara\u00e7\u00e3o de conformidade de produtos de origem animal (DCPOA), bem como os procedimentos a serem adotados para o tr\u00e2nsito de produtos de origem animal, produzidos em estabelecimentos registrados e relacionados no Servi\u00e7o de Inspe\u00e7\u00e3o Federal&nbsp;(SIF), em todo o territ\u00f3rio nacional;<\/p>\n\n\n\n<p class=\"has-text-align-left\">&#8211; <a rel=\"noreferrer noopener\" href=\"https:\/\/drive.google.com\/file\/d\/1EvyrFNRFirRUoEogWmT3dk2_dkKl92xn\/view?usp=sharing\" target=\"_blank\"><mark style=\"background-color:#ffffff;color:#065b07\" class=\"has-inline-color\"><strong>Instru\u00e7\u00e3o Normativa n\u00ba 22\/2013 MAPA<\/strong><\/mark><\/a> &#8211; Define as normas para habilita\u00e7\u00e3o de m\u00e9dico veterin\u00e1rio privado para emiss\u00e3o de Guia de Tr\u00e2nsito Animal (GTA) <\/p>\n\n\n\n<ul class=\"wp-block-list\">\n<li><a href=\"https:\/\/docs.google.com\/document\/d\/1DkxAMNsdYni1YSNkg95s_wlZ4VOZPigK\/edit?usp=sharing&amp;ouid=111667647630362593552&amp;rtpof=true&amp;sd=true\" target=\"_blank\" rel=\"noreferrer noopener\"> Formul\u00e1rios para habilita\u00e7\u00e3o de veterin\u00e1rios para emiss\u00e3o de GTA em SC conforme IN 22 2013<\/a><\/li>\n<\/ul>\n\n\n\n<p class=\"has-text-align-left has-black-color has-text-color\">&#8211; <a href=\"http:\/\/www.cidasc.sc.gov.br\/defesasanitariaanimal\/files\/2018\/02\/IN-10-2017.pdf\"><strong><mark style=\"background-color:#ffffff;color:#065b07\" class=\"has-inline-color\">Instru\u00e7\u00e3o Normativa n\u00ba 10\/2017 SDA<\/mark><\/strong><\/a> &#8211; Aprova o regulamento t\u00e9cnico do Programa Nacional de Controle e Erradica\u00e7\u00e3o da Brucelose e Tuberculose Animal; <\/p>\n\n\n\n<p class=\"has-text-align-left has-black-color has-text-color\">&#8211; <a rel=\"noreferrer noopener\" href=\"http:\/\/www.cidasc.sc.gov.br\/defesasanitariaanimal\/files\/2013\/03\/INSTRU%C3%87%C3%83O-NORMATIVA-N%C2%BA-06-2010-MAPA.pdf\" target=\"_blank\"><strong><mark style=\"background-color:#ffffff;color:#065b07\" class=\"has-inline-color\">Instru\u00e7\u00e3o Normativa n\u00ba 06\/2010 MAPA<\/mark><\/strong><\/a> &#8211; Declarar a zona livre de Peste Su\u00edna Cl\u00e1ssica \u2013 PSC. Aprovar as normas para o ingresso de su\u00eddeos, de seus produtos e subprodutos e de material de risco biol\u00f3gico na zona livre de PSC, na forma desta Instru\u00e7\u00e3o Normativa, bem como os modelos oficiais de formul\u00e1rios constantes dos Anexos;<\/p>\n\n\n\n<p class=\"has-text-align-left\">&#8211; <a rel=\"noreferrer noopener\" href=\"http:\/\/www.cidasc.sc.gov.br\/defesasanitariaanimal\/files\/2013\/03\/NORMA-INTERNA-N%C2%BA-01-2010-DSA.pdf\" target=\"_blank\"><strong><mark style=\"background-color:#ffffff;color:#13620e\" class=\"has-inline-color\">Norma Interna n\u00ba 01\/2010 DSA<\/mark><\/strong><\/a> &#8211; Aprova os Procedimentos para o tr\u00e2nsito de subprodutos de origem animal, emiss\u00e3o do Certificado de Inspe\u00e7\u00e3o Sanit\u00e1ria \u2013 modelo E e credenciamento de m\u00e9dicos veterin\u00e1rios n\u00e3o vinculados \u00e0 administra\u00e7\u00e3o p\u00fablica;<\/p>\n\n\n\n<p class=\"has-text-align-left\">&#8211; <a rel=\"noreferrer noopener\" href=\"https:\/\/drive.google.com\/file\/d\/1F0uJxF9j0HcTOdjWHxghp7Roid0UmHf0\/view\" target=\"_blank\"><strong><mark style=\"background-color:#ffffff;color:#065b07\" class=\"has-inline-color\">Instru\u00e7\u00e3o Normativa n\u00ba 17\/2006 MAPA<\/mark><\/strong><\/a> &#8211; Aprovar, no \u00e2mbito do Programa Nacional de Sanidade Av\u00edcola, o Plano Nacional de Preven\u00e7\u00e3o da Influenza Avi\u00e1ria e de Controle e Preven\u00e7\u00e3o da Doen\u00e7a de Newcastle em todo o territ\u00f3rio nacional, na forma do Anexo \u00e0 presente Instru\u00e7\u00e3o Normativa;<\/p>\n\n\n\n<p class=\"has-text-align-left\">&#8211; <a rel=\"noreferrer noopener\" href=\"https:\/\/drive.google.com\/file\/d\/1aiWenNNCuRKtFYATJRiuegVYsAO4m_l9\/view\" target=\"_blank\"><strong><mark style=\"background-color:#ffffff;color:#065b07\" class=\"has-inline-color\">Instru\u00e7\u00e3o Normativa n\u00ba 45\/2004 MAPA<\/mark><\/strong><\/a> &#8211; Aprovar as Normas para a Preven\u00e7\u00e3o e o Controle da Anemia Infecciosa Equina &#8211; A.I.E. ;<\/p>\n\n\n\n<p class=\"has-text-align-left\">&#8211; <a rel=\"noreferrer noopener\" href=\"https:\/\/drive.google.com\/file\/d\/1EyBwmf4Hvwma522ixU5fpdOxciCY769D\/view\" target=\"_blank\"><strong><mark style=\"background-color:#ffffff;color:#065b07\" class=\"has-inline-color\">Instru\u00e7\u00e3o Normativa n\u00ba 19\/2002 MAPA<\/mark><\/strong><\/a> &#8211; Aprovar as Normas a serem cumpridas para a Certifica\u00e7\u00e3o de Granjas de Reprodutores Su\u00eddeos;<\/p>\n\n\n\n<p class=\"has-text-align-left\">&#8211; <a rel=\"noreferrer noopener\" href=\"http:\/\/www.cidasc.sc.gov.br\/defesasanitariaanimal\/files\/2013\/03\/INSTRU%C3%87%C3%83O-DE-SERVI%C3%87O-N%C2%BA-10-1991-MAPA.pdf\" target=\"_blank\"><strong><mark style=\"background-color:#ffffff;color:#065b07\" class=\"has-inline-color\">Instru\u00e7\u00e3o de Servi\u00e7o n\u00ba 10\/1991 MAPA<\/mark><\/strong><\/a> &#8211; Caracteriza tipos de inspe\u00e7\u00e3o e disciplina o tr\u00e2nsito de produtos de origem animal;<\/p>\n\n\n\n<p class=\"has-text-align-left\">&#8211;<strong> <a rel=\"noreferrer noopener\" href=\"https:\/\/drive.google.com\/file\/d\/1dxmwBDDdjKYZFo5MUSSM1bBz_OEzQ2mx\/view?usp=share_link\" target=\"_blank\"><strong><mark style=\"background-color:#ffffff;color:#065b07\" class=\"has-inline-color\">Oficio Circular n\u00b0 49\/2023 MAPA<\/mark><\/strong><\/a><\/strong>&#8211;&nbsp;Memo 114\/2013-MAPA &#8211; Permiss\u00f5es e-GTA<\/p>\n\n\n\n<p class=\"has-text-align-left\">&#8211; <a rel=\"noreferrer noopener\" href=\"https:\/\/drive.google.com\/file\/d\/1gGgf1iszpWlQ39BilEgVyr1lmA229nNs\/view?usp=sharing\" target=\"_blank\"><strong><mark style=\"background-color:#ffffff;color:#065b07\" class=\"has-inline-color\">Of\u00edcio Circular n\u00ba 02\/2021 DIPOA<\/mark><\/strong><\/a> &#8211; Tr\u00e2nsito Interestadual de Equ\u00eddeos para o abate;<\/p>\n\n\n\n<p class=\"has-text-align-left\">&#8211; <a rel=\"noreferrer noopener\" href=\"http:\/\/www.cidasc.sc.gov.br\/defesasanitariaanimal\/files\/2013\/03\/OF%C3%8DCIO-CIRCULAR-N%C2%BA-15-2011DIPOA.pdf\" target=\"_blank\"><strong><mark style=\"background-color:#ffffff;color:#065b07\" class=\"has-inline-color\">Of\u00edcio Circular n\u00ba 15\/2011 DIPOA<\/mark><\/strong><\/a> &#8211; Aditamento ao Of\u00edcio Circular DIPOA n\u00ba 23\/2005 \u2013 ingresso de mi\u00fados bovinos em Santa Catarina;<\/p>\n\n\n\n<p class=\"has-text-align-left\">&#8211; <a rel=\"noreferrer noopener\" href=\"http:\/\/www.cidasc.sc.gov.br\/defesasanitariaanimal\/files\/2013\/03\/OFICIO-CIRCULAR-07-2007-DSA.pdf\" target=\"_blank\"><strong><mark style=\"background-color:#ffffff;color:#065b07\" class=\"has-inline-color\">Of\u00edcio Circular n\u00ba 07\/2007 DSA<\/mark><\/strong><\/a> &#8211; Procedimentos permanentes de vigil\u00e2ncia para influenza avi\u00e1ria e doen\u00e7a de Newcastle;<\/p>\n\n\n\n<p class=\"has-text-align-left\">&#8211; <a rel=\"noreferrer noopener\" href=\"http:\/\/www.cidasc.sc.gov.br\/defesasanitariaanimal\/files\/2013\/03\/OFICIO-CIRCULAR-N%C2%BA-23-2005-DIPOA.pdf\" target=\"_blank\"><strong><mark style=\"background-color:#ffffff;color:#0c4d0e\" class=\"has-inline-color\">Of\u00edcio Circular n\u00ba 23\/2005 DIPOA<\/mark><\/strong><\/a> &#8211; Modifica\u00e7\u00e3o dos Procedimentos para Emiss\u00e3o de Certificados Sanit\u00e1rios e Guias de Tr\u00e2nsito encaminhados pela Circular 159, de 21\/12\/2004;<\/p>\n\n\n\n<p class=\"has-text-align-left\">&#8211; <a rel=\"noreferrer noopener\" href=\"http:\/\/www.cidasc.sc.gov.br\/defesasanitariaanimal\/files\/2013\/03\/PORTARIA-N%C2%BA-51-1977-MAPA.pdf\" target=\"_blank\"><strong><mark style=\"background-color:#ffffff;color:#0d570f\" class=\"has-inline-color\">Portaria n\u00ba 51\/1977 MAPA<\/mark><\/strong><\/a> &#8211; Aprovar os modelos de Certificado de Inspe\u00e7\u00e3o Sanit\u00e1ria \u2013 MODELO E para o tr\u00e2nsito interestadual de produtos animais para fins industriais;<\/p>\n\n\n\n<p>&#8211; <strong><a rel=\"noreferrer noopener\" href=\"https:\/\/acrobat.adobe.com\/id\/urn:aaid:sc:VA6C2:256bb97a-c15a-4aba-8572-b62fd58ecbef\" target=\"_blank\"><mark style=\"background-color:#ffffff;color:#065b07\" class=\"has-inline-color\">Portaria n\u00ba 871\/2023 SDA\/MAPA<\/mark><\/a><\/strong> &#8211; Aprova os procedimentos de tr\u00e2nsito e certifica\u00e7\u00e3o sanit\u00e1ria de subprodutos animais n\u00e3o comest\u00edveis de uso industrial ou uso t\u00e9cnico;<\/p>\n\n\n\n<p>&#8211; <strong><a rel=\"noreferrer noopener\" href=\"https:\/\/acrobat.adobe.com\/id\/urn:aaid:sc:VA6C2:4202b47a-ce4e-4b99-8b31-f0db1bacbf77\" target=\"_blank\"><mark style=\"background-color:#ffffff;color:#065b07\" class=\"has-inline-color\">Manual V. 5.0 de Procedimento Operacional Padr\u00e3o<\/mark><\/a><\/strong> &#8211; Para o tr\u00e2nsito de subprodutos de origem animal n\u00e3o comest\u00edveis de uso industrial ou t\u00e9cnico &#8211; GTS;<\/p>\n\n\n<p>&#8211; <a href=\"https:\/\/www.cidasc.sc.gov.br\/defesasanitariaanimal\/files\/2026\/03\/IN-25-MAPA-2016-1.pdf\">Instru\u00e7\u00e3o Normativa N\u00b0 25, de 19\/07\/2016 \u2013 MAPA.<\/a><\/p>\n\n\n<p class=\"has-text-align-left\"><strong>Legisla\u00e7\u00e3o Estadual<\/strong><\/p>\n\n\n\n<p class=\"has-text-align-left\">&#8211; <a rel=\"noreferrer noopener\" href=\"https:\/\/drive.google.com\/file\/d\/1kDz2Ul8N3wQlMUjBOFuMqgq1Vl9Dgmhq\/view?usp=sharing\" target=\"_blank\"><strong><mark style=\"background-color:#ffffff;color:#065b07\" class=\"has-inline-color\">Lei n\u00ba 10.366 de 24\/01\/1997<\/mark><\/strong><\/a> &#8211; Pol\u00edtica de Defesa Sanit\u00e1ria Animal;<\/p>\n\n\n\n<p class=\"has-text-align-left\">&#8211; <a rel=\"noreferrer noopener\" href=\"https:\/\/drive.google.com\/file\/d\/1ixuxZ4kzhloEPLHN6fFQOl4b0EkHRs4a\/view?usp=sharing\" target=\"_blank\"><strong><mark style=\"background-color:#ffffff;color:#065b07\" class=\"has-inline-color\">Decreto Estadual n\u00ba 4.540 de 29\/06\/2006<\/mark><\/strong><\/a> &#8211; Altera a reda\u00e7\u00e3o do \u00a7 4\u00b0, do art. 14, do Regulamento da Pol\u00edtica de Defesa Sanit\u00e1ria Animal no Estado de Santa Catarina, aprovado pelo Decreto n\u00b0 2.919, de 1\u00b0 de junho de 1998 e estabelece outras provid\u00eancias;<\/p>\n\n\n\n<p class=\"has-text-align-left\">&#8211; <a rel=\"noreferrer noopener\" href=\"https:\/\/drive.google.com\/file\/d\/1zY28q3ObQ-AgAX5HfPKpQ72xLpq-9A8T\/view?usp=sharing\" target=\"_blank\"><span style=\"color:#055d0e\" class=\"has-inline-color\"><strong>Decreto Estadual n\u00ba 1.189 de 26\/03\/2008<\/strong><\/span><\/a> &#8211; Acrescenta e altera dispositivos do Regulamento constante no Decreto n\u00ba 2.919, de 1\u00ba de junho de 1998, alterado pelo Decreto n\u00ba 3.527, de 15 de dezembro de 1998, e estabelece outras provid\u00eancias;<\/p>\n\n\n\n<p class=\"has-text-align-left\">&#8211;<mark style=\"background-color:#ffffff;color:#065b07\" class=\"has-inline-color\"><strong> <\/strong><\/mark><strong><a rel=\"noreferrer noopener\" href=\"https:\/\/drive.google.com\/file\/d\/1GCmUVwO7z2xgwqm0p2-lVlAqfYH6sB78\/view?usp=sharing\" target=\"_blank\"><mark style=\"background-color:#ffffff;color:#065b07\" class=\"has-inline-color\">Lei n\u00ba 16.538 de 31\/12\/2014<\/mark><\/a><\/strong><mark style=\"background-color:#ffffff;color:#065b07\" class=\"has-inline-color\"> <\/mark>&#8211; Altera a Lei n\u00ba 13667 de 2005, que cria a taxa de vigil\u00e2ncia sanit\u00e1ria animal e adota outras provid\u00eancias;<\/p>\n\n\n\n<p class=\"has-text-align-left\">&#8211; <a rel=\"noreferrer noopener\" href=\"https:\/\/drive.google.com\/file\/d\/1kQyTgIzmECmeLbMO0cu_iG3evWisVZrx\/view?usp=sharing\" target=\"_blank\"><strong><mark style=\"background-color:#ffffff;color:#065b07\" class=\"has-inline-color\">Lei Estadual n\u00ba 18.239 de 28\/10\/2021<\/mark><\/strong><\/a> &#8211; Disp\u00f5e sobre o ingresso de bovinos e bubalinos no Estado e estabelece outras provid\u00eancias;<\/p>\n\n\n\n<p class=\"has-text-align-left\">&#8211; <a rel=\"noreferrer noopener\" href=\"https:\/\/drive.google.com\/file\/d\/1O6PtQ-59Ew9mLGqhkez4AIr5nNZM0Bnp\/view?usp=sharing\" target=\"_blank\"><strong><mark style=\"background-color:#ffffff;color:#065b07\" class=\"has-inline-color\">Portaria SAR n\u00ba 22 de 04\/08\/2020<\/mark><\/strong><\/a> &#8211; Procedimentos complementares \u00e0 Instru\u00e7\u00e3o Normativa no 48\/2020 do MAPA para o ingresso e tr\u00e2nsito de animais suscet\u00edveis \u00e0 FA, seus produtos e subprodutos no Estado de Santa Catarina;<\/p>\n\n\n\n<p class=\"has-text-align-left\">&#8211; <a rel=\"noreferrer noopener\" href=\"https:\/\/drive.google.com\/file\/d\/1WKJrthGlhhhxX5tn2ISpUzvYW7o_2BWr\/view?usp=sharing\" target=\"_blank\"><strong><span style=\"color:#0a570d\" class=\"has-inline-color\">Instru\u00e7\u00e3o de Servi\u00e7o n\u00ba 007\/2014\/GEDSA<\/span><\/strong><\/a> &#8211; Aprova o Regulamento T\u00e9cnico de Fiscaliza\u00e7\u00e3o de Tr\u00e2nsito de animais, produtos e subprodutos de origem animal em Santa Catarina;<\/p>\n\n\n\n<p class=\"has-text-align-left\">&#8211; <a rel=\"noreferrer noopener\" href=\"https:\/\/drive.google.com\/file\/d\/1gazD8MdT9KHGD6WLu1-o8UV8JJQAIekV\/view?usp=sharing\" target=\"_blank\"><strong><span style=\"color:#094d0b\" class=\"has-inline-color\">Instru\u00e7\u00e3o de Servi\u00e7o n\u00ba 003\/2018\/DEDSA<\/span><\/strong><\/a> &#8211; Altera a classifica\u00e7\u00e3o da Barreira Sanit\u00e1ria de S\u00e3o Louren\u00e7o do Oeste \u2013 Sede para Barreira com Permiss\u00e3o de Ingresso;<\/p>\n\n\n\n<p class=\"has-text-align-left\">&#8211; <a rel=\"noreferrer noopener\" href=\"https:\/\/drive.google.com\/file\/d\/1Xk1rfbcClWva_7mGz9Y4_rE0E4wnqf1c\/view?usp=sharing\" target=\"_blank\"><span style=\"color:#0b4d09\" class=\"has-inline-color\"><strong>Instru\u00e7\u00e3o de Servi\u00e7o Conjunta DEDSA DEDEV n\u00ba 001\/2017<\/strong><\/span><\/a> &#8211; Estabelece as condi\u00e7\u00f5es relacionadas \u00e0 Defesa Sanit\u00e1ria Agropecu\u00e1ria para ingresso de lixo dom\u00e9stico em Santa Catarina;<\/p>\n\n\n\n<p class=\"has-text-align-left\">&#8211; <a rel=\"noreferrer noopener\" href=\"https:\/\/drive.google.com\/file\/d\/1mztp4DoM32z344OqgC5NARHiF4ozACxW\/view?usp=sharing\" target=\"_blank\"><strong><span style=\"color:#0a4e09\" class=\"has-inline-color\">Instru\u00e7\u00e3o de Servi\u00e7o n\u00ba 023\/2021\/DEDSA<\/span><\/strong><\/a> &#8211; Altera a classifica\u00e7\u00e3o da Barreira Sanit\u00e1ria de Pintado para Barreira com Permiss\u00e3o de Ingresso;<\/p>\n\n\n\n<p class=\"has-text-align-left\">&#8211; <a rel=\"noreferrer noopener\" href=\"https:\/\/drive.google.com\/file\/d\/1lUVOFdj4SY0K4Y7Q4lXVLXiyF4k37Opa\/view?usp=sharing\" target=\"_blank\"><strong><mark style=\"background-color:#ffffff;color:#065b07\" class=\"has-inline-color\">Instru\u00e7\u00e3o Normativa n\u00ba 03\/2022\/DIDAG<\/mark><\/strong><\/a> &#8211; Altera a classifica\u00e7\u00e3o da Barreira Sanit\u00e1ria de Fragosos para Barreira com Permiss\u00e3o de Ingresso;<\/p>\n\n\n\n<p class=\"has-text-align-left\">&#8211; <a rel=\"noreferrer noopener\" href=\"http:\/\/www.google.com\/url?q=http%3A%2F%2Fwww.cidasc.sc.gov.br%2Finspecao%2Ffiles%2F2021%2F01%2FPortaria-SAR-3-2021-2.pdf&amp;sa=D&amp;sntz=1&amp;usg=AFQjCNHZgcsj7U2zsdWU5FgXDhESQsFjdw\" target=\"_blank\"><strong><mark style=\"background-color:#ffffff;color:#065b07\" class=\"has-inline-color\">Portaria SAR n\u00b0 03, de 13 de janeiro de 2021<\/mark><\/strong><\/a> &#8211; Estabelece o fluxo padr\u00e3o e os requisitos operacionais para interposi\u00e7\u00e3o e processamento dos recursos administrativos em face da imposi\u00e7\u00e3o de multas pelo servi\u00e7o oficial da Cidasc;<\/p>\n\n\n\n<p><mark style=\"background-color:#ffffff\" class=\"has-inline-color\">&#8211; <\/mark><strong><a href=\"https:\/\/acrobat.adobe.com\/id\/urn:aaid:sc:VA6C2:dedcb0af-4e81-4af6-9d2c-9909ec8d53ca\" target=\"_blank\" rel=\"noreferrer noopener\"><mark style=\"background-color:#ffffff;color:#065b07\" class=\"has-inline-color\">Instru\u00e7\u00e3o Normativa <strong>CIDASC N\u00ba 004\/2024_GTS<\/strong><\/mark><\/a><\/strong> &#8211; Aprova os procedimentos para credenciamento de profissionais aptos, cadastro de estabelecimentos manipuladores de subprodutos de origem animal n\u00e3o comest\u00edveis, para emiss\u00e3o de e-GTS;<\/p>\n\n\n\n<p>&#8211; <a href=\"https:\/\/www.cidasc.sc.gov.br\/defesasanitariaanimal\/files\/2025\/12\/Nota-tecnica-DIDAG.pdf\">Nota T\u00e9cnica DIDAG n\u00b0 01\/2025, de 11 de fevereiro de 2025<\/a> &#8211; Esclarece a exig\u00eancia de identifica\u00e7\u00e3o individual de bovinos e bubalinos prevista na Lei Estadual n\u00b0 18.239\/2021 para ingresso em Santa Catarina.<\/p>\n\n\n\n<p> <a href=\"https:\/\/www.cidasc.sc.gov.br\/defesasanitariaanimal\/files\/2025\/08\/OFICIO-No-144_2025-DEDSA-DIDAG-CIDASC-CETVS_Ingresso-Suscetiveis-em-SC.pdf\"><strong>Of\u00edcio n\u00b0 144\/2025 CETVS\/DEDSA\/CIDASC 2025<\/strong><\/a> &#8211; Ingresso de animais suscet\u00edveis \u00e0 febre aftosa, exceto bovinos e bubalinos, com destino a propriedades em Santa Catarina.<\/p>\n\n\n\n<p><a href=\"https:\/\/www.cidasc.sc.gov.br\/defesasanitariaanimal\/files\/2025\/12\/Portaria-SAPE-48-de-18_08_2025.pdf\">Portaria SAPE n\u00ba 48\/2025<\/a>&nbsp;&#8211; Institui procedimentos complementares para o ingresso e tr\u00e2nsito de animais suscet\u00edveis \u00e0 febre aftosa no Estado de Santa Catarina.<\/p>\n\n\n\n<p><a href=\"https:\/\/www.cidasc.sc.gov.br\/defesasanitariaanimal\/files\/2025\/12\/Portaria-SAPE-no-71.2025.pdf\">Portaria SAPE n\u00b0 71\/2025<\/a> &#8211; Altera a reda\u00e7\u00e3o do inciso III e incluir o inciso IV no art. 2\u00ba da Portaria SAPE n\u00ba 48, de 2025.<\/p>\n\n\n\n<p><\/p>\n","protected":false},"excerpt":{"rendered":"<p>Legisla\u00e7\u00e3o Federal &#8211; Of\u00edcio &#8211; Circular Conjunto N\u00ba 01\/2023\/DSA\/DIPOA\/SDA\/MAPA &#8211; Considerando a necessidade de se estabelecer orienta\u00e7\u00f5es sobre a documenta\u00e7\u00e3o de tr\u00e2nsito de animais destinados ou oriundos de abatedouro frigor\u00edfico, bem como de padronizar procedimentos junto aos \u00d3rg\u00e3os Executores de Sanidade Agropecu\u00e1ria e aos Servi\u00e7os de Inspe\u00e7\u00e3o Oficial, apresentamos os procedimentos a serem adotados nos[&#8230;] <a class=\"moretag\" href=\"https:\/\/www.cidasc.sc.gov.br\/defesasanitariaanimal\/programas\/vigilancia-sanitaria-animal-e-transito\/transito-e-vigilancia-legislacao\/\">Leia mais&#8230;<\/a><\/p>\n","protected":false},"author":12,"featured_media":0,"parent":39,"menu_order":0,"comment_status":"open","ping_status":"open","template":"","meta":{"footnotes":""},"class_list":["post-970","page","type-page","status-publish","hentry"],"_links":{"self":[{"href":"https:\/\/www.cidasc.sc.gov.br\/defesasanitariaanimal\/wp-json\/wp\/v2\/pages\/970","targetHints":{"allow":["GET"]}}],"collection":[{"href":"https:\/\/www.cidasc.sc.gov.br\/defesasanitariaanimal\/wp-json\/wp\/v2\/pages"}],"about":[{"href":"https:\/\/www.cidasc.sc.gov.br\/defesasanitariaanimal\/wp-json\/wp\/v2\/types\/page"}],"author":[{"embeddable":true,"href":"https:\/\/www.cidasc.sc.gov.br\/defesasanitariaanimal\/wp-json\/wp\/v2\/users\/12"}],"replies":[{"embeddable":true,"href":"https:\/\/www.cidasc.sc.gov.br\/defesasanitariaanimal\/wp-json\/wp\/v2\/comments?post=970"}],"version-history":[{"count":151,"href":"https:\/\/www.cidasc.sc.gov.br\/defesasanitariaanimal\/wp-json\/wp\/v2\/pages\/970\/revisions"}],"predecessor-version":[{"id":35048,"href":"https:\/\/www.cidasc.sc.gov.br\/defesasanitariaanimal\/wp-json\/wp\/v2\/pages\/970\/revisions\/35048"}],"up":[{"embeddable":true,"href":"https:\/\/www.cidasc.sc.gov.br\/defesasanitariaanimal\/wp-json\/wp\/v2\/pages\/39"}],"wp:attachment":[{"href":"https:\/\/www.cidasc.sc.gov.br\/defesasanitariaanimal\/wp-json\/wp\/v2\/media?parent=970"}],"curies":[{"name":"wp","href":"https:\/\/api.w.org\/{rel}","templated":true}]}}