{"id":9522,"date":"2017-03-16T20:23:37","date_gmt":"2017-03-16T20:23:37","guid":{"rendered":"http:\/\/www.cidasc.sc.gov.br\/defesasanitariaanimal\/?page_id=9522"},"modified":"2017-03-16T20:24:01","modified_gmt":"2017-03-16T20:24:01","slug":"resultado-das-analises-microbiologicas-em-moluscos-bivalves","status":"publish","type":"page","link":"https:\/\/www.cidasc.sc.gov.br\/defesasanitariaanimal\/resultado-das-analises-microbiologicas-em-moluscos-bivalves\/","title":{"rendered":"Resultado das an\u00e1lises microbiol\u00f3gicas em moluscos bivalves"},"content":{"rendered":"<p>Mar\u00e7o &#8211; Etapa 1<\/p>\n<p><a href=\"http:\/\/www.cidasc.sc.gov.br\/defesasanitariaanimal\/files\/2017\/03\/LaranjeirasBC-LIBERADO-SOB-CONDI\u00c7\u00c3O.pdf\">Laranjeiras(BC) &#8211; LIBERADO SOB CONDI\u00c7\u00c3O<\/a><br \/>\n<a href=\"http:\/\/www.cidasc.sc.gov.br\/defesasanitariaanimal\/files\/2017\/03\/Ponta-do-Papagaio-LIBERADO-SOB-CONDI\u00c7\u00c3O.pdf\">Ponta do Papagaio &#8211; LIBERADO SOB CONDI\u00c7\u00c3O<\/a><br \/>\n<a href=\"http:\/\/www.cidasc.sc.gov.br\/defesasanitariaanimal\/files\/2017\/03\/Praia-do-Cedro-LIBERADO-SOB-CONDI\u00c7\u00c3O.pdf\">Praia do Cedro &#8211; LIBERADO SOB CONDI\u00c7\u00c3O<\/a><br \/>\n<a href=\"http:\/\/www.cidasc.sc.gov.br\/defesasanitariaanimal\/files\/2017\/03\/Zimbros-LIBERADO-SOB-CONDI\u00c7\u00c3O.pdf\">Zimbros &#8211; LIBERADO SOB CONDI\u00c7\u00c3O<\/a><\/p>\n","protected":false},"excerpt":{"rendered":"<p>Mar\u00e7o &#8211; Etapa 1 Laranjeiras(BC) &#8211; LIBERADO SOB CONDI\u00c7\u00c3O Ponta do Papagaio &#8211; LIBERADO SOB CONDI\u00c7\u00c3O Praia do Cedro &#8211; LIBERADO SOB CONDI\u00c7\u00c3O Zimbros &#8211; LIBERADO SOB CONDI\u00c7\u00c3O<\/p>\n","protected":false},"author":12,"featured_media":0,"parent":0,"menu_order":0,"comment_status":"closed","ping_status":"closed","template":"","meta":{"footnotes":""},"class_list":["post-9522","page","type-page","status-publish","hentry"],"_links":{"self":[{"href":"https:\/\/www.cidasc.sc.gov.br\/defesasanitariaanimal\/wp-json\/wp\/v2\/pages\/9522","targetHints":{"allow":["GET"]}}],"collection":[{"href":"https:\/\/www.cidasc.sc.gov.br\/defesasanitariaanimal\/wp-json\/wp\/v2\/pages"}],"about":[{"href":"https:\/\/www.cidasc.sc.gov.br\/defesasanitariaanimal\/wp-json\/wp\/v2\/types\/page"}],"author":[{"embeddable":true,"href":"https:\/\/www.cidasc.sc.gov.br\/defesasanitariaanimal\/wp-json\/wp\/v2\/users\/12"}],"replies":[{"embeddable":true,"href":"https:\/\/www.cidasc.sc.gov.br\/defesasanitariaanimal\/wp-json\/wp\/v2\/comments?post=9522"}],"version-history":[{"count":1,"href":"https:\/\/www.cidasc.sc.gov.br\/defesasanitariaanimal\/wp-json\/wp\/v2\/pages\/9522\/revisions"}],"predecessor-version":[{"id":9528,"href":"https:\/\/www.cidasc.sc.gov.br\/defesasanitariaanimal\/wp-json\/wp\/v2\/pages\/9522\/revisions\/9528"}],"wp:attachment":[{"href":"https:\/\/www.cidasc.sc.gov.br\/defesasanitariaanimal\/wp-json\/wp\/v2\/media?parent=9522"}],"curies":[{"name":"wp","href":"https:\/\/api.w.org\/{rel}","templated":true}]}}