{"id":9086,"date":"2017-01-12T12:28:27","date_gmt":"2017-01-12T12:28:27","guid":{"rendered":"http:\/\/www.cidasc.sc.gov.br\/defesasanitariaanimal\/?page_id=9086"},"modified":"2026-03-30T17:46:59","modified_gmt":"2026-03-30T17:46:59","slug":"controle-e-erradicacao-da-brucelose-e-tuberculose-bovinas","status":"publish","type":"page","link":"https:\/\/www.cidasc.sc.gov.br\/defesasanitariaanimal\/programas\/controle-e-erradicacao-da-brucelose-e-tuberculose-bovinas\/","title":{"rendered":"Coordena\u00e7\u00e3o Estadual de Erradica\u00e7\u00e3o de Brucelose e Tuberculose\u00a0"},"content":{"rendered":"\n<div style=\"height:6px\" aria-hidden=\"true\" class=\"wp-block-spacer\"><\/div>\n\n\n\n<p class=\"has-text-align-left has-medium-font-size\"><strong>Coordena\u00e7\u00e3o:<\/strong><\/p>\n\n\n\n<ul class=\"wp-block-list\">\n<li style=\"font-size:17px\">Cl\u00e1udia Marina Hachmann <strong>(48) 3665-7049 <\/strong>&#8211; (Fixo e <em>Wpp<\/em>) <a href=\"https:\/\/wa.me\/554836657049\">https:\/\/wa.me\/554836657049<\/a><\/li>\n\n\n\n<li style=\"font-size:17px\">Fabr\u00edcio Bernardi <strong>(48) 99162-4568<\/strong> -(Somente <em>Wpp<\/em>) <a href=\"https:\/\/wa.me\/5548991624568\">https:\/\/wa.me\/5548991624568<\/a> <\/li>\n<\/ul>\n\n\n\n<p class=\"has-text-align-left has-medium-font-size\"><strong>Suporte Administrativo:<\/strong><\/p>\n\n\n\n<ul class=\"wp-block-list\">\n<li style=\"font-size:17px\">Ana Carolina Gomes Simionato<\/li>\n\n\n\n<li style=\"font-size:17px\">Willian da Silva de Oliveira<\/li>\n<\/ul>\n\n\n\n<p style=\"font-size:15px\"><strong>(48) 3665-7072<\/strong> &#8211; Fixo e <em>WhatsApp<\/em>: <a href=\"https:\/\/wa.me\/554836657072\">https:\/\/wa.me\/554836657072<\/a><\/p>\n\n\n\n<p class=\"has-text-align-left has-medium-font-size\"><strong>Equipe de Suporte T\u00e9cnico (IS 015)<\/strong>:<\/p>\n\n\n\n<ul class=\"wp-block-list\">\n<li>Anderson Favretto<\/li>\n\n\n\n<li class=\"wp-embed-aspect-16-9 wp-has-aspect-ratio\" style=\"font-size:17px\">Cristina Perito Cardoso<\/li>\n\n\n\n<li class=\"wp-embed-aspect-16-9 wp-has-aspect-ratio\" style=\"font-size:17px\">Leandro Osokoski Hillesheim<\/li>\n\n\n\n<li class=\"wp-embed-aspect-16-9 wp-has-aspect-ratio\" style=\"font-size:17px\">Neida Lucas Bortoluzzi<\/li>\n\n\n\n<li class=\"wp-embed-aspect-16-9 wp-has-aspect-ratio\" style=\"font-size:17px\">Tatiane Mendon\u00e7a Nogueira Carneiro de Albuquerque<\/li>\n<\/ul>\n\n\n\n<p style=\"font-size:18px\"><strong>E-mail: pncebt@cidasc.sc.gov.br<\/strong> <\/p>\n\n\n\n<div class=\"wp-block-file\"><a id=\"wp-block-file--media-533ded13-967a-4249-949d-d241715aa0cc\" href=\"https:\/\/www.cidasc.sc.gov.br\/defesasanitariaanimal\/files\/2025\/08\/Instrucao-de-Servico-032_Dedsa-1.pdf\">IS 032 DEDSA &#8211; Designa Pontos Focais PNCEBT nos DRs v4 &#8211; 05.08.2025<\/a><\/div>\n\n\n\n<hr class=\"wp-block-separator has-text-color has-cyan-bluish-gray-color has-alpha-channel-opacity has-cyan-bluish-gray-background-color has-background is-style-wide\" \/>\n\n\n\n<p class=\"has-small-font-size\"><a href=\"https:\/\/www.cidasc.sc.gov.br\/defesasanitariaanimal\/2023\/08\/31\/coordenacao-estadual-de-erradicacao-de-brucelose-e-tuberculose\/\">Informa\u00e7\u00f5es para Habilita\u00e7\u00e3o e atua\u00e7\u00e3o de m\u00e9dico Veterin\u00e1rio no PNCEBT<\/a><\/p>\n\n\n\n<div class=\"wp-block-file\"><a id=\"wp-block-file--media-be795b0f-aafe-4ce3-9a46-5f935c712a7e\" href=\"http:\/\/www.cidasc.sc.gov.br\/defesasanitariaanimal\/files\/2025\/04\/Manual-de-Movimentacao-de-Insumos-e-Vacinas-Distribuidor-1.pdf\">Manual de Movimenta\u00e7\u00e3o de Insumos e Vacinas<\/a><\/div>\n\n\n\n<div class=\"wp-block-file\"><a id=\"wp-block-file--media-93e2adc8-26b4-413a-a4b9-4bb7fe8d0da2\" href=\"http:\/\/www.cidasc.sc.gov.br\/defesasanitariaanimal\/files\/2024\/10\/Modelo-de-Ficha-de-campo-Bru-e-tub-2024-campos-minimos.pdf\">Modelo de Ficha de Tuberculiniza\u00e7\u00e3o e Coleta Brucelose \u2013 PDF<\/a><\/div>\n\n\n\n<p class=\"has-small-font-size\"><a href=\"https:\/\/docs.google.com\/document\/d\/1ifIk9L_1cNWe5ZZ9bqEAIS7vR-f581YD\/edit?usp=sharing&amp;ouid=116775336132498173027&amp;rtpof=true&amp;sd=true\">Modelo de Ficha de Tuberculiniza\u00e7\u00e3o e Coleta Brucelose &#8211; EDIT\u00c1VEL<\/a><\/p>\n\n\n\n<div class=\"wp-block-file\"><a id=\"wp-block-file--media-15bac4d7-75f5-45a9-9e2e-4c42a319e5ad\" href=\"https:\/\/www.cidasc.sc.gov.br\/defesasanitariaanimal\/files\/2025\/12\/Modelo-de-Ficha-de-Tuberculinizacao-e-Coleta-Brucelose-\u2013-EXCEL.xlsx\">Modelo de Ficha de Tuberculiniza\u00e7\u00e3o e Coleta Brucelose \u2013 EXCEL<\/a><\/div>\n\n\n\n<p class=\"has-small-font-size\"><a href=\"https:\/\/www.cidasc.sc.gov.br\/defesasanitariaanimal\/?page_id=27685\">Cadastro RB51<\/a><\/p>\n\n\n\n<p class=\"has-small-font-size\"><a href=\"http:\/\/www.cidasc.sc.gov.br\/defesasanitariaanimal\/files\/2019\/12\/Produtos-para-desinfec\u00e7\u00e3o-de-utens\u00edlios-e-instala\u00e7\u00f5es-Tuberculose-e-Brucelose.pdf\">Produtos para desinfec\u00e7\u00e3o de utens\u00edlios e instala\u00e7\u00f5es para Brucelose e tuberculose  <\/a><\/p>\n\n\n\n<p class=\"has-small-font-size\"><a href=\"https:\/\/www.cidasc.sc.gov.br\/defesasanitariaanimal\/coordenacao-estadual-de-erradicacao-de-brucelose-e-tuberculose-2\/\">Vigil\u00e2ncia em abatedouros para tuberculose bovina<\/a><\/p>\n\n\n\n<p class=\"has-small-font-size\"><a href=\"https:\/\/www.cidasc.sc.gov.br\/defesasanitariaanimal\/coordenacao-estadual-de-erradicacao-de-brucelose-e-tuberculose-3\/\">Vigil\u00e2ncia em abatedouros para brucelose bovina<\/a><\/p>\n\n\n\n<p class=\"has-small-font-size\"><a href=\"https:\/\/www.cidasc.sc.gov.br\/defesasanitariaanimal\/coordenacao-estadual-de-erradicacao-de-brucelose-e-tuberculose-4\/\">Certifica\u00e7\u00e3o de propriedades livres de brucelose e tuberculose<\/a><\/p>\n\n\n\n<p class=\"has-small-font-size\"><a href=\"https:\/\/www.cidasc.sc.gov.br\/laboratorial\/laboratorios\/\">Laborat\u00f3rios credenciados  para diagn\u00f3stico de brucelose bovina e bubalina<\/a><\/p>\n\n\n\n<p class=\"has-small-font-size\"><a href=\"https:\/\/www.cidasc.sc.gov.br\/defesasanitariaanimal\/controle-e-erradicacao-da-brucelose-e-tuberculose-animal-legislacao\/\">Legisla\u00e7\u00e3o PNCEBT<\/a> <\/p>\n\n\n\n<p class=\"has-small-font-size\"><a href=\"https:\/\/www.cidasc.sc.gov.br\/defesasanitariaanimal\/estudos-epidemiologicos\/\">Epidemiologia da brucelose e tuberculose em Santa Catarina<\/a><\/p>\n\n\n\n<div class=\"wp-block-file\"><a id=\"wp-block-file--media-8629b1bc-be5c-43c8-bc2c-3e50cfd81654\" href=\"https:\/\/www.cidasc.sc.gov.br\/defesasanitariaanimal\/files\/2025\/08\/Informe_44437165_INFORME_ANUAL_PNCEBT_2025.pdf\">Informe Anual PNCEBT n\u00ba 1 &#8211; 2025 &#8211; MAPA <\/a><\/div>\n\n\n\n<hr class=\"wp-block-separator has-text-color has-cyan-bluish-gray-color has-alpha-channel-opacity has-cyan-bluish-gray-background-color has-background\" \/>\n\n\n\n<h1 class=\"wp-block-heading has-text-align-center has-medium-font-size\" style=\"text-transform:uppercase\"><strong>NORMAS SANIT\u00c1RIAS PARA PRODU\u00c7\u00c3O DE LEITE &#8211; INFORMA\u00c7\u00d5ES PARA AGROIND\u00daSTRIAS e LATIC\u00cdNIOS<\/strong><\/h1>\n\n\n\n<div class=\"wp-block-file\"><a id=\"wp-block-file--media-3c649f4b-46e8-46ee-8c4f-045fee814eb9\" href=\"https:\/\/www.cidasc.sc.gov.br\/defesasanitariaanimal\/files\/2025\/11\/INSTRUTIVO-LATICINIOS-PARA-VERIFICACAO-DO-CUMPRIMENTO-DA-PORTARIA-SAR-44_2020-atualizado-nov-2025.pdf\">INSTRUTIVO LATIC\u00cdNIOS PARA VERIFICA\u00c7\u00c3O DO CUMPRIMENTO DA PORTARIA SAR 44_2020 atualizado novembro\/2025<\/a><\/div>\n\n\n\n<div class=\"wp-block-file\"><a id=\"wp-block-file--media-3bfbe96a-8c1f-4b0e-8121-20fd5fa92b13\" href=\"https:\/\/www.cidasc.sc.gov.br\/defesasanitariaanimal\/files\/2025\/09\/OFICIO-N\u00b0174-2025-DEDSA-DEINP-DIDAG-CIDASC-CEEBT-Comunicado-as-agroindustrias-sobre-o-descumprimento-da-Portaria-442020.pdf\">OF\u00cdCIO N\u00b0174 2025 DEDSA DEINP DIDAG CIDASC &#8211; CEEBT &#8211; Comunicado \u00e0s agroind\u00fastrias sobre o descumprimento da Portaria 442020<\/a><\/div>\n\n\n\n<p style=\"font-size:15px;text-transform:none\"><a href=\"https:\/\/drive.google.com\/file\/d\/1fRARcQf-10C5b15h1TvZeaebtGlZtpT5\/view?usp=sharing\" data-type=\"URL\" data-id=\"https:\/\/drive.google.com\/file\/d\/1fRARcQf-10C5b15h1TvZeaebtGlZtpT5\/view?usp=sharing\">IN DIDAG CIDASC N\u00b001\/2023 &#8211; Estabelece condi\u00e7\u00f5es para aceita\u00e7\u00e3o de exames de tuberculose realizados em momentos distintos nas propriedades com produ\u00e7\u00e3o leiteira.<\/a><\/p>\n\n\n\n<p style=\"font-size:15px\"><a href=\"https:\/\/www.cidasc.sc.gov.br\/defesasanitariaanimal\/files\/2025\/09\/INSTRUTIVO-requisicao-elisa-brucelose-fornecedor-titular-dezembro-2024.docx-2.pdf\" data-type=\"URL\" data-id=\"https:\/\/www.cidasc.sc.gov.br\/defesasanitariaanimal\/files\/2023\/08\/INSTRUTIVO-DILAB-DEDSA-Instrutivo-para-preenchimento-da-requisicao-de-exame-de-ELISA-para-diagnostico-de-brucelose-2.pdf\">INSTRUTIVO DILAB\/DEDSA &#8211; Instrutivo para preenchimento da requisi\u00e7\u00e3o de exame de ELISA para diagn\u00f3stico de brucelose &#8211; Atualizado em setembro\/2025<\/a><\/p>\n\n\n\n<p style=\"font-size:15px\"><a rel=\"noreferrer noopener\" href=\"https:\/\/drive.google.com\/file\/d\/1vr4ZwcNw5vOkcnAy-Jr2g1jzrHcdDEnP\/view?usp=sharing\" target=\"_blank\">Cadastro de rotas manual SIGEN+<\/a><\/p>\n\n\n\n<figure class=\"wp-block-embed is-type-video is-provider-youtube wp-block-embed-youtube wp-embed-aspect-16-9 wp-has-aspect-ratio\"><div class=\"wp-block-embed__wrapper\">\n<iframe loading=\"lazy\" title=\"Orienta\u00e7\u00f5es SIGEN+ cadastro e atualiza\u00e7\u00e3o de fornecedores de leite\" width=\"500\" height=\"281\" src=\"https:\/\/www.youtube.com\/embed\/s5x_UU2ogvI?feature=oembed\" frameborder=\"0\" allow=\"accelerometer; autoplay; clipboard-write; encrypted-media; gyroscope; picture-in-picture; web-share\" referrerpolicy=\"strict-origin-when-cross-origin\" allowfullscreen><\/iframe>\n<\/div><figcaption class=\"wp-element-caption\"><a href=\"https:\/\/drive.google.com\/file\/d\/1e-SF8_cyhC7b3zUetiX6WZoFAkxYq0Ih\/view?usp=sharing\">V\u00eddeo de <\/a><a rel=\"noreferrer noopener\" href=\"https:\/\/drive.google.com\/file\/d\/1e-SF8_cyhC7b3zUetiX6WZoFAkxYq0Ih\/view?usp=sharing\" target=\"_blank\">orienta\u00e7\u00f5es <\/a><a href=\"https:\/\/drive.google.com\/file\/d\/1e-SF8_cyhC7b3zUetiX6WZoFAkxYq0Ih\/view?usp=sharing\">SIGEN+ &#8211; Cadastro e atualiza\u00e7\u00f5es fornecedores de leite <\/a><\/figcaption><\/figure>\n\n\n\n<hr class=\"wp-block-separator has-text-color has-cyan-bluish-gray-color has-alpha-channel-opacity has-cyan-bluish-gray-background-color has-background is-style-default\" \/>\n\n\n\n<h1 class=\"wp-block-heading has-text-align-center has-medium-font-size\"><strong>NOTIFICA\u00c7\u00c3O DE FOCOS PARA SECRETARIA DA SA\u00daDE<\/strong><\/h1>\n\n\n\n<p style=\"font-size:15px\">Para a notifica\u00e7\u00e3o de focos de brucelose e tuberculose \u00e0 Secretaria Municipal de Sa\u00fade o SVE deve seguir o POP 1.31 CEPID.<\/p>\n\n\n\n<hr class=\"wp-block-separator has-text-color has-cyan-bluish-gray-color has-alpha-channel-opacity has-cyan-bluish-gray-background-color has-background is-style-wide\" \/>\n\n\n\n<h2 class=\"wp-block-heading has-text-align-center has-medium-font-size\"><strong>MATERIAIS INFORMATIVOS BRUCELOSE E TUBERCULOSE<\/strong><\/h2>\n\n\n\n<div class=\"wp-block-file\"><a id=\"wp-block-file--media-3022c7db-fc14-4bff-ae62-dab29371e062\" href=\"https:\/\/www.cidasc.sc.gov.br\/defesasanitariaanimal\/files\/2025\/08\/Banner-Certificacao-de-propriedade-livre-de-brucelose-e-tuberculose-com-sangria-vs-2.pdf\">Certifica\u00e7\u00e3o de Propriedade Livre de Brucelose e Tuberculose<\/a><\/div>\n\n\n\n<div class=\"wp-block-file\"><a id=\"wp-block-file--media-67ec2811-3867-4644-ad7c-a05d08cfa715\" href=\"https:\/\/www.cidasc.sc.gov.br\/defesasanitariaanimal\/files\/2025\/08\/Folder-Certificacao-brucelose-e-tuberculose-atualizado-julho-2025-corrigido.pdf\">Etapas do processo de certifica\u00e7\u00e3o<\/a><\/div>\n\n\n\n<div class=\"wp-block-file\"><a id=\"wp-block-file--media-8eade55c-d6ed-4188-93c8-fbe56aecf999\" href=\"https:\/\/www.cidasc.sc.gov.br\/defesasanitariaanimal\/files\/2025\/08\/Brucelose_Folder-novo.pdf\">Brucelose &#8211; Guia de Informa\u00e7\u00f5es e Cuidados<\/a><\/div>\n\n\n\n<div class=\"wp-block-file\"><a id=\"wp-block-file--media-7bd8ad90-0e32-445b-bdb9-52f0428c2513\" href=\"https:\/\/www.cidasc.sc.gov.br\/defesasanitariaanimal\/files\/2025\/08\/Folder_Tuberculose-atualizado-julho-2025-corrigido.pdf\">Tuberculose \u2013 Guia de Informa\u00e7\u00f5es e Cuidados<\/a><\/div>\n\n\n\n<div class=\"wp-block-file\"><a id=\"wp-block-file--media-baec8431-f632-4649-8be3-8a6226b3c984\" href=\"https:\/\/www.cidasc.sc.gov.br\/defesasanitariaanimal\/files\/2025\/08\/Cuidados-na-producao-leiteira.pdf\">Cuidados na produ\u00e7\u00e3o leiteira<\/a><\/div>\n\n\n\n<hr class=\"wp-block-separator has-text-color has-cyan-bluish-gray-color has-alpha-channel-opacity has-cyan-bluish-gray-background-color has-background is-style-wide\" \/>\n\n\n\n<h1 class=\"wp-block-heading has-text-align-center has-medium-font-size\"><strong>MAPA DE PROPRIEDADES CERTIFICADAS LIVRE DE BRUCELOSE E TUBERCULOSE EM SANTA CATARINA <\/strong><\/h1>\n\n\n\n<div class=\"wp-block-file\"><a id=\"wp-block-file--media-d1035884-da35-4719-b1d3-e0bc0aba8565\" href=\"https:\/\/www.cidasc.sc.gov.br\/defesasanitariaanimal\/files\/2026\/03\/Propriedades-certificadas-por-municipio-Marco-2026-1.pdf\">N\u00famero de propriedades certificadas por munic\u00edpio em MAR\u00c7O\/2026<\/a><\/div>\n\n\n\n<div class=\"wp-block-file\"><a id=\"wp-block-file--media-607bcf4b-91ed-41d5-842b-f92f9e327e67\" href=\"https:\/\/www.cidasc.sc.gov.br\/defesasanitariaanimal\/files\/2026\/03\/Propriedades-com-certificado-ativo-Marco-2026.pdf\">Lista de Propriedades com certificado ativo em MAR\u00c7O\/2026<\/a><\/div>\n\n\n\n<figure class=\"wp-block-image size-full\"><a href=\"https:\/\/www.cidasc.sc.gov.br\/defesasanitariaanimal\/files\/2026\/03\/Mapa-municipios-Marco-2026-scaled.png\"><img loading=\"lazy\" decoding=\"async\" width=\"2560\" height=\"1810\" src=\"https:\/\/www.cidasc.sc.gov.br\/defesasanitariaanimal\/files\/2026\/03\/Mapa-municipios-Marco-2026-scaled.png\" alt=\"\" class=\"wp-image-35054\" srcset=\"https:\/\/www.cidasc.sc.gov.br\/defesasanitariaanimal\/files\/2026\/03\/Mapa-municipios-Marco-2026-scaled.png 2560w, https:\/\/www.cidasc.sc.gov.br\/defesasanitariaanimal\/files\/2026\/03\/Mapa-municipios-Marco-2026-300x212.png 300w, https:\/\/www.cidasc.sc.gov.br\/defesasanitariaanimal\/files\/2026\/03\/Mapa-municipios-Marco-2026-1024x724.png 1024w, https:\/\/www.cidasc.sc.gov.br\/defesasanitariaanimal\/files\/2026\/03\/Mapa-municipios-Marco-2026-768x543.png 768w, https:\/\/www.cidasc.sc.gov.br\/defesasanitariaanimal\/files\/2026\/03\/Mapa-municipios-Marco-2026-1536x1086.png 1536w, https:\/\/www.cidasc.sc.gov.br\/defesasanitariaanimal\/files\/2026\/03\/Mapa-municipios-Marco-2026-2048x1448.png 2048w, https:\/\/www.cidasc.sc.gov.br\/defesasanitariaanimal\/files\/2026\/03\/Mapa-municipios-Marco-2026-250x177.png 250w, https:\/\/www.cidasc.sc.gov.br\/defesasanitariaanimal\/files\/2026\/03\/Mapa-municipios-Marco-2026-222x157.png 222w, https:\/\/www.cidasc.sc.gov.br\/defesasanitariaanimal\/files\/2026\/03\/Mapa-municipios-Marco-2026-100x71.png 100w\" sizes=\"auto, (max-width: 2560px) 100vw, 2560px\" \/><\/a><\/figure>\n\n\n\n<h2 class=\"wp-block-heading\"><\/h2>\n","protected":false},"excerpt":{"rendered":"<p>Coordena\u00e7\u00e3o: Suporte Administrativo: (48) 3665-7072 &#8211; Fixo e WhatsApp: https:\/\/wa.me\/554836657072 Equipe de Suporte T\u00e9cnico (IS 015): E-mail: pncebt@cidasc.sc.gov.br Informa\u00e7\u00f5es para Habilita\u00e7\u00e3o e atua\u00e7\u00e3o de m\u00e9dico Veterin\u00e1rio no PNCEBT Modelo de Ficha de Tuberculiniza\u00e7\u00e3o e Coleta Brucelose &#8211; EDIT\u00c1VEL Cadastro RB51 Produtos para desinfec\u00e7\u00e3o de utens\u00edlios e instala\u00e7\u00f5es para Brucelose e tuberculose Vigil\u00e2ncia em abatedouros para[&#8230;] <a class=\"moretag\" href=\"https:\/\/www.cidasc.sc.gov.br\/defesasanitariaanimal\/programas\/controle-e-erradicacao-da-brucelose-e-tuberculose-bovinas\/\">Leia mais&#8230;<\/a><\/p>\n","protected":false},"author":12,"featured_media":0,"parent":28,"menu_order":0,"comment_status":"closed","ping_status":"closed","template":"","meta":{"footnotes":""},"class_list":["post-9086","page","type-page","status-publish","hentry"],"_links":{"self":[{"href":"https:\/\/www.cidasc.sc.gov.br\/defesasanitariaanimal\/wp-json\/wp\/v2\/pages\/9086","targetHints":{"allow":["GET"]}}],"collection":[{"href":"https:\/\/www.cidasc.sc.gov.br\/defesasanitariaanimal\/wp-json\/wp\/v2\/pages"}],"about":[{"href":"https:\/\/www.cidasc.sc.gov.br\/defesasanitariaanimal\/wp-json\/wp\/v2\/types\/page"}],"author":[{"embeddable":true,"href":"https:\/\/www.cidasc.sc.gov.br\/defesasanitariaanimal\/wp-json\/wp\/v2\/users\/12"}],"replies":[{"embeddable":true,"href":"https:\/\/www.cidasc.sc.gov.br\/defesasanitariaanimal\/wp-json\/wp\/v2\/comments?post=9086"}],"version-history":[{"count":523,"href":"https:\/\/www.cidasc.sc.gov.br\/defesasanitariaanimal\/wp-json\/wp\/v2\/pages\/9086\/revisions"}],"predecessor-version":[{"id":35055,"href":"https:\/\/www.cidasc.sc.gov.br\/defesasanitariaanimal\/wp-json\/wp\/v2\/pages\/9086\/revisions\/35055"}],"up":[{"embeddable":true,"href":"https:\/\/www.cidasc.sc.gov.br\/defesasanitariaanimal\/wp-json\/wp\/v2\/pages\/28"}],"wp:attachment":[{"href":"https:\/\/www.cidasc.sc.gov.br\/defesasanitariaanimal\/wp-json\/wp\/v2\/media?parent=9086"}],"curies":[{"name":"wp","href":"https:\/\/api.w.org\/{rel}","templated":true}]}}