{"id":9066,"date":"2017-01-12T11:51:45","date_gmt":"2017-01-12T11:51:45","guid":{"rendered":"http:\/\/www.cidasc.sc.gov.br\/defesasanitariaanimal\/?page_id=9066"},"modified":"2017-01-12T11:55:05","modified_gmt":"2017-01-12T11:55:05","slug":"controle-e-erradicacao-da-brucelose-e-tuberculose-animal","status":"publish","type":"page","link":"https:\/\/www.cidasc.sc.gov.br\/defesasanitariaanimal\/programas\/controle-e-erradicacao-da-brucelose-e-tuberculose-animal\/","title":{"rendered":"Controle e Erradica\u00e7\u00e3o da Brucelose e Tuberculose Animal"},"content":{"rendered":"<p><a href=\"http:\/\/www.cidasc.sc.gov.br\/defesasanitariaanimal\/files\/2017\/01\/ANEXO-I-REQUERIMENTO-PARA-CERTIFICA\u00c7\u00c3O-DE-PROPRIEDADE-LIVRE-UEP-\u00fanica-1.doc\" rel=\"\">ANEXO I &#8211; REQUERIMENTO PARA CERTIFICA\u00c7\u00c3O DE PROPRIEDADE LIVRE &#8211; UEP \u00fanica<\/a><\/p>\n","protected":false},"excerpt":{"rendered":"<p>ANEXO I &#8211; REQUERIMENTO PARA CERTIFICA\u00c7\u00c3O DE PROPRIEDADE LIVRE &#8211; UEP \u00fanica<\/p>\n","protected":false},"author":12,"featured_media":0,"parent":28,"menu_order":0,"comment_status":"closed","ping_status":"closed","template":"","meta":{"footnotes":""},"class_list":["post-9066","page","type-page","status-publish","hentry"],"_links":{"self":[{"href":"https:\/\/www.cidasc.sc.gov.br\/defesasanitariaanimal\/wp-json\/wp\/v2\/pages\/9066","targetHints":{"allow":["GET"]}}],"collection":[{"href":"https:\/\/www.cidasc.sc.gov.br\/defesasanitariaanimal\/wp-json\/wp\/v2\/pages"}],"about":[{"href":"https:\/\/www.cidasc.sc.gov.br\/defesasanitariaanimal\/wp-json\/wp\/v2\/types\/page"}],"author":[{"embeddable":true,"href":"https:\/\/www.cidasc.sc.gov.br\/defesasanitariaanimal\/wp-json\/wp\/v2\/users\/12"}],"replies":[{"embeddable":true,"href":"https:\/\/www.cidasc.sc.gov.br\/defesasanitariaanimal\/wp-json\/wp\/v2\/comments?post=9066"}],"version-history":[{"count":1,"href":"https:\/\/www.cidasc.sc.gov.br\/defesasanitariaanimal\/wp-json\/wp\/v2\/pages\/9066\/revisions"}],"predecessor-version":[{"id":9068,"href":"https:\/\/www.cidasc.sc.gov.br\/defesasanitariaanimal\/wp-json\/wp\/v2\/pages\/9066\/revisions\/9068"}],"up":[{"embeddable":true,"href":"https:\/\/www.cidasc.sc.gov.br\/defesasanitariaanimal\/wp-json\/wp\/v2\/pages\/28"}],"wp:attachment":[{"href":"https:\/\/www.cidasc.sc.gov.br\/defesasanitariaanimal\/wp-json\/wp\/v2\/media?parent=9066"}],"curies":[{"name":"wp","href":"https:\/\/api.w.org\/{rel}","templated":true}]}}