{"id":87,"date":"2012-08-29T00:59:47","date_gmt":"2012-08-29T00:59:47","guid":{"rendered":"http:\/\/EstadualInstru\u00e7\u00e3odeServi\u00e7on\u00ba007\/2012-GEDSA"},"modified":"2025-10-15T13:05:14","modified_gmt":"2025-10-15T13:05:14","slug":"vigilancia-para-febre-aftosa-e-sindromes-vesiculares-legislacao","status":"publish","type":"page","link":"https:\/\/www.cidasc.sc.gov.br\/defesasanitariaanimal\/programas\/vigilancia-para-febre-aftosa-e-sindromes-vesiculares\/vigilancia-para-febre-aftosa-e-sindromes-vesiculares-legislacao\/","title":{"rendered":"Vigil\u00e2ncia para Febre Aftosa e S\u00edndromes Vesiculares &#8211; Legisla\u00e7\u00e3o"},"content":{"rendered":"<hr \/>\n<h3><em><strong>Instru\u00e7\u00f5es de Servi\u00e7o\u00a0CIDASC\/DIDAG\/DEDSA<\/strong><\/em><\/h3>\n<ul>\n<li><a href=\"http:\/\/www.cidasc.sc.gov.br\/defesasanitariaanimal\/files\/2018\/04\/IS-08.2010-14.06.10_ATENDIMENTO-PROPRIEDADE.pdf\">Instru\u00e7\u00e3o de Servi\u00e7o n\u00ba 008\/2010<\/a>\u00a0&#8211; Estabelece par\u00e2metros para inspe\u00e7\u00e3o em\u00a0propriedades com finalidade de vigil\u00e2ncia e atendimento a notifica\u00e7\u00f5es ou suspeitas<\/li>\n<li><a href=\"http:\/\/www.cidasc.sc.gov.br\/defesasanitariaanimal\/files\/2013\/03\/IS-007-2014-GEDSA.pdf\">Instru\u00e7\u00e3o de Servi\u00e7o n\u00ba 07\/2014<\/a>\u00a0&#8211;\u00a0Aprova o Regulamento T\u00e9cnico de Fiscaliza\u00e7\u00e3o de Tr\u00e2nsito de animais, produtos e subprodutos de origem animal em Santa Catarina<\/li>\n<\/ul>\n<hr \/>\n<h3><em><strong>Estadual<\/strong><\/em><\/h3>\n<ul>\n<li><a href=\"https:\/\/drive.google.com\/file\/d\/1NoCndY5ys9GRpwNBdtC38EbziGC2tyDM\/view?usp=sharing\">Portaria SAR n\u00ba 02\/2022<\/a> &#8211; Pro\u00edbe a cria\u00e7\u00e3o de bovinos, bubalinos, su\u00eddeos, caprinos e ovinos com restos de alimentos ou res\u00edduos de origem animal de qualquer proced\u00eancia.<\/li>\n<li><a href=\"https:\/\/drive.google.com\/file\/d\/1UXBs_A2xeQotPsbd4KdITgg1ipYkdOmZ\">Portaria SAR n\u00ba 22\/2020<\/a> &#8211; Institui procedimentos complementares \u00e0 IN n\u00b0 48\/2020 do MAPA para o ingresso e tr\u00e2nsito de animais suscet\u00edveis \u00e0 Febre Aftosa, seus produtos e subprodutos no Estado de Santa Catarina.<\/li>\n<li><a href=\"https:\/\/drive.google.com\/file\/d\/1Rdf_I7C66DbUlbn3hwgTMp4skBKT7V1M\/view?usp=sharing\">Lei Estadual n\u00b0 18.239 de 28\/10\/2021<\/a> &#8211; Disp\u00f5e sobre o ingresso de bovinos e bubalinos no Estado e estabelece outras provid\u00eancias.<\/li>\n<li><a href=\"https:\/\/drive.google.com\/file\/d\/1QC4dbE2ZEvBHpW8Ak6dfS7D8betpYC4o\/view?usp=sharing\">Portaria SAR n\u00b0 015\/2000 <\/a>&#8211;\u00a0Aprova normas visando a prote\u00e7\u00e3o da zona livre de febre aftosa, sem vacina\u00e7\u00e3o, no estado de Santa Catarina.<\/li>\n<li><a href=\"https:\/\/drive.google.com\/file\/d\/1wR_BcllYVMVUtXtIKLINtSUcwGxwwslI\/view?usp=sharing\">Decreto n\u00ba 2.919\/1998<\/a> &#8211; Aprova o Regulamento da Pol\u00edtica de Defesa Sanit\u00e1ria Animal no Estado de Santa Catarina, institu\u00edda pela Lei 10.366, de 24 de janeiro de 1997.<\/li>\n<li><a href=\"https:\/\/drive.google.com\/file\/d\/1cOSahaIlqeY5CmxG4JwyzqRLlWaXkylF\/view?usp=sharing\">LEI N\u00ba 10.366, de 24 de janeiro de 1997<\/a> &#8211; Disp\u00f5e sobre a fixa\u00e7\u00e3o da pol\u00edtica de defesa sanit\u00e1ria animal e adota outras provid\u00eancias.<\/li>\n<li><a href=\"https:\/\/drive.google.com\/file\/d\/1nz8Re5HhWmKYjP5L7UnxXnWDQuJJ5WTR\/view?usp=share_link\">LEI N\u00ba 18.531, de 05 de dezembro de 2022<\/a> &#8211; <span class=\"C9DxTc \">Dis<\/span><span class=\"C9DxTc \">p\u00f5e\u00a0<\/span><span class=\"C9DxTc \">sobre a institui\u00e7\u00e3o de datas e eventos alusivos no \u00e2mbito do Estado de Santa Catarina.<\/span><\/li>\n<\/ul>\n<hr \/>\n<h3><em><strong>Federal<\/strong><\/em><\/h3>\n<ul>\n<li>\n<p><a class=\"XqQF9c\" href=\"https:\/\/drive.google.com\/file\/d\/10k3XuQWwt30bnITq3Bpg8TnmOXDEWJuL\/view?usp=sharing\" target=\"_blank\" rel=\"noopener\"><span class=\"C9DxTc aw5Odc \">Portaria MAPA N\u00b0 678, de 30 de abril de 2024<\/span><\/a><span class=\"C9DxTc \"> &#8211; Altera a Portaria MAPA n\u00b0 665, de 21 de mar\u00e7o de 2024, e reconhece nacionalmente como livres de febre aftosa sem vacina\u00e7\u00e3o os Estados de Alagoas, Amap\u00e1, Amazonas, Bahia, Cear\u00e1, Esp\u00edrito Santo, Goi\u00e1s, Maranh\u00e3o, Mato Grosso, Mato Grosso do Sul, Minas Gerais, Par\u00e1, Para\u00edba, Pernambuco, Piau\u00ed, Rio de Janeiro, Rio Grande do Norte, Roraima, S\u00e3o Paulo, Sergipe, Tocantins e o Distrito Federal. <\/span><span style=\"color: #ff6600\"><em><strong><span class=\"C9DxTc \">*NOVO<\/span><\/strong><\/em><\/span><\/p>\n<\/li>\n<li class=\"zfr3Q TYR86d eD0Rn \" dir=\"ltr\">\n<p class=\"zfr3Q CDt4Ke \" dir=\"ltr\" role=\"presentation\"><a class=\"XqQF9c\" href=\"https:\/\/drive.google.com\/file\/d\/1VsVL23xEz2-RKBd6_E85De4HRnRi6LZQ\/view?usp=sharing\" target=\"_blank\" rel=\"noopener\"><span class=\"C9DxTc aw5Odc \">Portaria MAPA N\u00b0 665, de 21 de mar\u00e7o de 2024<\/span><\/a><span class=\"C9DxTc \">\u00a0&#8211; Reconhece nacionalmente como livres de febre aftosa sem vacina\u00e7\u00e3o os Estados do Amap\u00e1, Amazonas, Bahia, Esp\u00edrito Santo, Goi\u00e1s, Maranh\u00e3o, Mato Grosso, Mato Grosso do Sul, Minas Gerais, Par\u00e1, Piau\u00ed, Rio de Janeiro, Roraima, S\u00e3o Paulo, Sergipe, Tocantins e o Distrito Federal.\u00a0<\/span><span style=\"color: #ff6600\"><em><strong><span class=\"C9DxTc \">*NOVO<\/span><\/strong><\/em><\/span><\/p>\n<\/li>\n<li class=\"zfr3Q TYR86d eD0Rn \" dir=\"ltr\">\n<p class=\"zfr3Q CDt4Ke \" dir=\"ltr\" role=\"presentation\"><a href=\"https:\/\/drive.google.com\/file\/d\/1mEIhWxR_hHOd6mUcT6vjicXD6kwCsZjL\/view?usp=share_link\">Portaria n\u00b0 583\/2023<\/a><span style=\"color: initial\"> &#8211; Institui a Campanha Nacional do &#8220;M\u00eas da Sa\u00fade Animal&#8221;.<\/span><\/p>\n<\/li>\n<li class=\"zfr3Q TYR86d eD0Rn \" dir=\"ltr\">\n<p class=\"zfr3Q CDt4Ke \" dir=\"ltr\" role=\"presentation\"><a class=\"XqQF9c\" href=\"https:\/\/drive.google.com\/file\/d\/1nlt20nK5P_obqQlSOxA3r8nxdBBxVc9i\/view?usp=sharing\" target=\"_blank\" rel=\"noopener\"><span class=\"C9DxTc aw5Odc \">Instru\u00e7\u00e3o Normativa n\u00b0 036\/2020<\/span><\/a><span class=\"C9DxTc \">\u00a0<\/span><span class=\"C9DxTc \">&#8211; Pro<\/span><span class=\"C9DxTc \">\u00ed<\/span><span class=\"C9DxTc \">b<\/span><span class=\"C9DxTc \">e<\/span><span class=\"C9DxTc \">\u00a0a manuten\u00e7\u00e3o, a comercializa\u00e7\u00e3o e o uso e vacina contra a febre aftosa no Estado do Rio Grande do Sul e no Bloco I do Plano Estrat\u00e9gico 2017-2026 do Programa Nacional de Erradica\u00e7\u00e3o e Preven\u00e7\u00e3o da Febre Aftosa (PE PNEFA).\u00a0<\/span><strong><em><span class=\"C9DxTc \" style=\"color: #ff6600\">*NOVO<\/span><\/em><\/strong><\/p>\n<\/li>\n<li><a href=\"https:\/\/drive.google.com\/file\/d\/1uFFc1Z2f6cVSI5CQB7hVaNahm6EyHhob\">Instru\u00e7\u00e3o Normativa n\u00ba 048\/2020 <\/a>&#8211; Aprova as diretrizes gerais para a vigil\u00e2ncia da febre aftosa com vistas \u00e0 execu\u00e7\u00e3o do Programa Nacional de Vigil\u00e2ncia para a Febre Aftosa (PNEFA).<\/li>\n<li><a class=\"XqQF9c\" href=\"https:\/\/drive.google.com\/file\/d\/1qExSePOjEv9UcOo8jAWzyxYkGtP3m4jz\/view?usp=sharing\" target=\"_blank\" rel=\"noopener\"><span class=\"C9DxTc aw5Odc \">Instru\u00e7\u00e3o Normativa n\u00b0 052\/2020\u00a0<\/span><\/a><span class=\"C9DxTc \">&#8211; Reconhece como livres de febre aftosa sem vacina\u00e7\u00e3o os Estados do Acre, Paran\u00e1, Rio Grande do Sul, Rond\u00f4nia e regi\u00f5es dos Estados do Amazonas e de Mato Grosso.<\/span><\/li>\n<li class=\"zfr3Q TYR86d eD0Rn \" dir=\"ltr\">\n<p class=\"zfr3Q CDt4Ke \" dir=\"ltr\" role=\"presentation\"><a class=\"XqQF9c\" href=\"https:\/\/drive.google.com\/file\/d\/1pQ-ztGRj-0gyMJSDQiwRfBF-0P_aJ3yz\/view?usp=sharing\" target=\"_blank\" rel=\"noopener\"><span class=\"C9DxTc aw5Odc \">Instru\u00e7\u00e3o Normativa n\u00b0 047\/2019<\/span><\/a><span class=\"C9DxTc \">\u00a0&#8211; Pro\u00edbe a manuten\u00e7\u00e3o, a comercializa\u00e7\u00e3o e o uso de vacinas contra a febre aftosa no Estado do Paran\u00e1, a partir de 31 de outubro de 2019.\u00a0<\/span><em><strong><span class=\"C9DxTc \" style=\"color: #ff6600\">*NOVO<\/span><\/strong><\/em><\/p>\n<\/li>\n<li><a href=\"http:\/\/www.cidasc.sc.gov.br\/defesasanitariaanimal\/files\/2012\/08\/PORT-153.2000-27.04.00_SC-ZL-SEM-VACINACAO.pdf\">Portaria n\u00ba 153\/2000 <\/a>&#8211; Declara a zona formada pelos estados do Rio Grande do Sul e Santa Catarina como zona livre de febre aftosa, sem vacina\u00e7\u00e3o.<\/li>\n<li><a href=\"https:\/\/drive.google.com\/file\/d\/1PThjTv3QzTpohdyG6pipr1fXuBh-0JPI\/view?usp=sharing\">Portaria n\u00b0 004\/2000<\/a> &#8211; Atualiza\u00e7\u00e3o das Classifica\u00e7\u00f5es dos N\u00edveis de Risco por Febre Aftosa.<\/li>\n<li><a href=\"https:\/\/drive.google.com\/file\/d\/1rwcWSVYLKr7OTAtWbQCHCSWKFcFqC-CY\/view?usp=sharing\">Portaria n\u00b0 050\/1997<\/a> &#8211; Aprova os crit\u00e9rios t\u00e9cnicos para a classifica\u00e7\u00e3o dos n\u00edveis de risco por febre aftosa das Unidades da Federa\u00e7\u00e3o.<\/li>\n<\/ul>\n<hr \/>\n<h3><em><strong>Of\u00edcio &#8211; Circular Conjunto n\u00b0 01\/2022\/DIPOA\/DSA\/SDA<\/strong><\/em><\/h3>\n<ul>\n<li>\n<p dir=\"ltr\" role=\"presentation\"><a href=\"https:\/\/drive.google.com\/file\/d\/1GcP81IoOuZ7MjJTGwmMXZ1n2QkEMp5Bw\/view?usp=sharing\">Of\u00edcio Circular Conjunto n\u00b0 01\/2022\/DIPOA\/DSA\/SDA &#8211; <\/a>12\/04\/2022 &#8211; Altera\u00e7\u00e3o nos procedimentos referentes a orienta\u00e7\u00f5es sobre suspeitas de doen\u00e7as vesiculares em estabelecimentos de cria\u00e7\u00e3o e abatedouros de su\u00ednos<\/p>\n<\/li>\n<li><a href=\"https:\/\/drive.google.com\/file\/d\/13VoqoeArVnq5aoNcNwDkRENihkbP2KXx\/view?usp=sharing\">Of\u00edcio-Circular n\u00ba 31\/2025\/DSA\/SDA\/MAPA<\/a> &#8211; 15\/10\/2025 &#8211; Oficializa a libera\u00e7\u00e3o do tr\u00e2nsito de ovinos e bovinos entre todas as zonas livres de febre aftosa sem vacina\u00e7\u00e3o em todo o territ\u00f3rio nacional.<\/li>\n<\/ul>\n\n\n<p><\/p>\n","protected":false},"excerpt":{"rendered":"<p>Instru\u00e7\u00f5es de Servi\u00e7o\u00a0CIDASC\/DIDAG\/DEDSA Instru\u00e7\u00e3o de Servi\u00e7o n\u00ba 008\/2010\u00a0&#8211; Estabelece par\u00e2metros para inspe\u00e7\u00e3o em\u00a0propriedades com finalidade de vigil\u00e2ncia e atendimento a notifica\u00e7\u00f5es ou suspeitas Instru\u00e7\u00e3o de Servi\u00e7o n\u00ba 07\/2014\u00a0&#8211;\u00a0Aprova o Regulamento T\u00e9cnico de Fiscaliza\u00e7\u00e3o de Tr\u00e2nsito de animais, produtos e subprodutos de origem animal em Santa Catarina Estadual Portaria SAR n\u00ba 02\/2022 &#8211; Pro\u00edbe a cria\u00e7\u00e3o[&#8230;] <a class=\"moretag\" href=\"https:\/\/www.cidasc.sc.gov.br\/defesasanitariaanimal\/programas\/vigilancia-para-febre-aftosa-e-sindromes-vesiculares\/vigilancia-para-febre-aftosa-e-sindromes-vesiculares-legislacao\/\">Leia mais&#8230;<\/a><\/p>\n","protected":false},"author":12,"featured_media":0,"parent":49,"menu_order":0,"comment_status":"open","ping_status":"open","template":"","meta":{"footnotes":""},"class_list":["post-87","page","type-page","status-publish","hentry"],"_links":{"self":[{"href":"https:\/\/www.cidasc.sc.gov.br\/defesasanitariaanimal\/wp-json\/wp\/v2\/pages\/87","targetHints":{"allow":["GET"]}}],"collection":[{"href":"https:\/\/www.cidasc.sc.gov.br\/defesasanitariaanimal\/wp-json\/wp\/v2\/pages"}],"about":[{"href":"https:\/\/www.cidasc.sc.gov.br\/defesasanitariaanimal\/wp-json\/wp\/v2\/types\/page"}],"author":[{"embeddable":true,"href":"https:\/\/www.cidasc.sc.gov.br\/defesasanitariaanimal\/wp-json\/wp\/v2\/users\/12"}],"replies":[{"embeddable":true,"href":"https:\/\/www.cidasc.sc.gov.br\/defesasanitariaanimal\/wp-json\/wp\/v2\/comments?post=87"}],"version-history":[{"count":50,"href":"https:\/\/www.cidasc.sc.gov.br\/defesasanitariaanimal\/wp-json\/wp\/v2\/pages\/87\/revisions"}],"predecessor-version":[{"id":33426,"href":"https:\/\/www.cidasc.sc.gov.br\/defesasanitariaanimal\/wp-json\/wp\/v2\/pages\/87\/revisions\/33426"}],"up":[{"embeddable":true,"href":"https:\/\/www.cidasc.sc.gov.br\/defesasanitariaanimal\/wp-json\/wp\/v2\/pages\/49"}],"wp:attachment":[{"href":"https:\/\/www.cidasc.sc.gov.br\/defesasanitariaanimal\/wp-json\/wp\/v2\/media?parent=87"}],"curies":[{"name":"wp","href":"https:\/\/api.w.org\/{rel}","templated":true}]}}