{"id":836,"date":"2022-02-17T00:00:00","date_gmt":"2022-02-17T00:00:00","guid":{"rendered":"http:\/\/www.cidasc.sc.gov.br\/defesasanitariaanimal\/?page_id=836"},"modified":"2022-02-18T16:26:15","modified_gmt":"2022-02-18T16:26:15","slug":"aviso","status":"publish","type":"page","link":"https:\/\/www.cidasc.sc.gov.br\/defesasanitariaanimal\/aviso\/","title":{"rendered":"Aviso"},"content":{"rendered":"<p>As amostras n\u00e3o analisadas est\u00e3o armazenadas e poder\u00e3o sere ensaiadas assim que se normalizar o fornecimento de camundongos. Problemas desse tipo (falta de an\u00e1lise por falta de camundongos) ser\u00e3o minimizados ou eliminados com a instala\u00e7\u00e3o e in\u00edcio do processamento de amostras por LC MS\/MS e HPLC. O que esperamos que seja o mais breve poss\u00edvel.<\/p>\n<p>Qualquer d\u00favida ou questionamento, por favor entre em contato.<\/p>\n<p>Atenciosamente<\/p>\n<p>Luis Proen\u00e7a<\/p>\n<p>Amostras n\u00e3o realizadas e armazenadas:<\/p>\n<table width=\"613\" border=\"0\" cellspacing=\"1\" cellpadding=\"0\" bgcolor=\"white\">\n<tbody>\n<tr>\n<td valign=\"top\" width=\"413\">Caieira da Barra do Sul<\/td>\n<td valign=\"top\" width=\"197\">10\/12\/2012<\/td>\n<\/tr>\n<tr>\n<td valign=\"top\" width=\"413\">S\u00e3o Miguel<\/td>\n<td valign=\"top\" width=\"197\">10\/12\/2012<\/td>\n<\/tr>\n<tr>\n<td valign=\"top\" width=\"413\">Canto Grande<\/td>\n<td valign=\"top\" width=\"197\">11\/12\/2012<\/td>\n<\/tr>\n<tr>\n<td valign=\"top\" width=\"413\">Costeira do Ribeir\u00e3o<\/td>\n<td valign=\"top\" width=\"197\">17\/12\/2012<\/td>\n<\/tr>\n<tr>\n<td valign=\"top\" width=\"413\">Freguesia do Ribeir\u00e3o<\/td>\n<td valign=\"top\" width=\"197\">17\/12\/2012<\/td>\n<\/tr>\n<tr>\n<td valign=\"top\" width=\"413\">Ganchos de Fora<\/td>\n<td valign=\"top\" width=\"197\">17\/12\/2012<\/td>\n<\/tr>\n<tr>\n<td valign=\"top\" width=\"413\">Canto Grande<\/td>\n<td valign=\"top\" width=\"197\">18\/12\/2012<\/td>\n<\/tr>\n<tr>\n<td valign=\"top\" width=\"413\">Laranjeiras\u00a0(S\u00e3o Francisco do Sul)<\/td>\n<td valign=\"top\" width=\"197\">18\/12\/2012<\/td>\n<\/tr>\n<tr>\n<td valign=\"top\" width=\"413\">Caieira da Barra do Sul<\/td>\n<td valign=\"top\" width=\"197\">10\/12\/2012<\/td>\n<\/tr>\n<tr>\n<td valign=\"top\" width=\"413\">S\u00e3o Miguel<\/td>\n<td valign=\"top\" width=\"197\">10\/12\/2012<\/td>\n<\/tr>\n<tr>\n<td valign=\"top\" width=\"413\">Canto Grande<\/td>\n<td valign=\"top\" width=\"197\">11\/12\/2012<\/td>\n<\/tr>\n<tr>\n<td valign=\"top\" width=\"413\">Costeira do Ribeir\u00e3o<\/td>\n<td valign=\"top\" width=\"197\">17\/12\/2012<\/td>\n<\/tr>\n<tr>\n<td valign=\"top\" width=\"413\">Freguesia do Ribeir\u00e3o<\/td>\n<td valign=\"top\" width=\"197\">17\/12\/2012<\/td>\n<\/tr>\n<tr>\n<td valign=\"top\" width=\"413\">Ganchos de Fora<\/td>\n<td valign=\"top\" width=\"197\">17\/12\/2012<\/td>\n<\/tr>\n<tr>\n<td valign=\"top\" width=\"413\">Canto Grande<\/td>\n<td valign=\"top\" width=\"197\">18\/12\/2012<\/td>\n<\/tr>\n<tr>\n<td valign=\"top\" width=\"413\">Laranjeiras\u00a0(S\u00e3o Francisco do Sul)<\/td>\n<td valign=\"top\" width=\"197\">18\/12\/2012<\/td>\n<\/tr>\n<\/tbody>\n<\/table>\n","protected":false},"excerpt":{"rendered":"<p>As amostras n\u00e3o analisadas est\u00e3o armazenadas e poder\u00e3o sere ensaiadas assim que se normalizar o fornecimento de camundongos. Problemas desse tipo (falta de an\u00e1lise por falta de camundongos) ser\u00e3o minimizados ou eliminados com a instala\u00e7\u00e3o e in\u00edcio do processamento de amostras por LC MS\/MS e HPLC. O que esperamos que seja o mais breve poss\u00edvel.[&#8230;] <a class=\"moretag\" href=\"https:\/\/www.cidasc.sc.gov.br\/defesasanitariaanimal\/aviso\/\">Leia mais&#8230;<\/a><\/p>\n","protected":false},"author":12,"featured_media":0,"parent":0,"menu_order":0,"comment_status":"closed","ping_status":"closed","template":"","meta":{"footnotes":""},"class_list":["post-836","page","type-page","status-publish","hentry"],"_links":{"self":[{"href":"https:\/\/www.cidasc.sc.gov.br\/defesasanitariaanimal\/wp-json\/wp\/v2\/pages\/836","targetHints":{"allow":["GET"]}}],"collection":[{"href":"https:\/\/www.cidasc.sc.gov.br\/defesasanitariaanimal\/wp-json\/wp\/v2\/pages"}],"about":[{"href":"https:\/\/www.cidasc.sc.gov.br\/defesasanitariaanimal\/wp-json\/wp\/v2\/types\/page"}],"author":[{"embeddable":true,"href":"https:\/\/www.cidasc.sc.gov.br\/defesasanitariaanimal\/wp-json\/wp\/v2\/users\/12"}],"replies":[{"embeddable":true,"href":"https:\/\/www.cidasc.sc.gov.br\/defesasanitariaanimal\/wp-json\/wp\/v2\/comments?post=836"}],"version-history":[{"count":6,"href":"https:\/\/www.cidasc.sc.gov.br\/defesasanitariaanimal\/wp-json\/wp\/v2\/pages\/836\/revisions"}],"predecessor-version":[{"id":22527,"href":"https:\/\/www.cidasc.sc.gov.br\/defesasanitariaanimal\/wp-json\/wp\/v2\/pages\/836\/revisions\/22527"}],"wp:attachment":[{"href":"https:\/\/www.cidasc.sc.gov.br\/defesasanitariaanimal\/wp-json\/wp\/v2\/media?parent=836"}],"curies":[{"name":"wp","href":"https:\/\/api.w.org\/{rel}","templated":true}]}}