{"id":78,"date":"2012-08-29T00:52:19","date_gmt":"2012-08-29T00:52:19","guid":{"rendered":"http:\/\/As%20a\u00e7\u00f5es%20relacionadas%20\u00e0%20vigil\u00e2ncia%20epidemiol\u00f3gica%20desenvolvidas%20pela%20CIDASC,%20desde%20sua%20cria\u00e7\u00e3o,%20contribu\u00edram%20para%20a%20conquista%20de%20um%20status%20sanit\u00e1rio%20diferenciado,%20que%20culminou%20com%20o%20desenvolvimento%"},"modified":"2022-12-07T20:05:47","modified_gmt":"2022-12-07T20:05:47","slug":"vigilancia-epidemiologica-historico","status":"publish","type":"page","link":"https:\/\/www.cidasc.sc.gov.br\/defesasanitariaanimal\/programas\/vigilancia-epidemiologica\/vigilancia-epidemiologica-historico\/","title":{"rendered":"Vigil\u00e2ncia Epidemiol\u00f3gica &#8211; Hist\u00f3rico"},"content":{"rendered":"<p><span style=\"color: #ffffff\">.<\/span><\/p>\n<p>As a\u00e7\u00f5es relacionadas \u00e0 vigil\u00e2ncia epidemiol\u00f3gica desenvolvidas pela CIDASC, desde sua cria\u00e7\u00e3o, contribu\u00edram para a conquista de um status sanit\u00e1rio diferenciado, que culminou com o desenvolvimento do setor agropecu\u00e1rio de Santa Catarina, atrav\u00e9s da abertura de mercados internos e externos.<\/p>\n<p>Desde o ano de 2007, o Estado de SC possui reconhecimento de \u201cLivre de Febre Aftosa Sem Vacina\u00e7\u00e3o\u201d pela Organiza\u00e7\u00e3o Mundial de Sa\u00fade Animal (OIE), sendo um dos poucos territ\u00f3rios sul-americanos a possuir este status sanit\u00e1rio. Al\u00e9m deste reconhecimento, Santa Catarina \u00e9 considerada tamb\u00e9m livre de Peste Su\u00edna Cl\u00e1ssica (PSC), sendo a \u00faltima ocorr\u00eancia registrada da doen\u00e7a no estado, em 1990 e de Peste Su\u00edna Africana (PSA), em 1981. Destacam-se, ainda, as baixas preval\u00eancias de doen\u00e7as importantes para a sa\u00fade p\u00fablica como a brucelose e a tuberculose. Na avicultura comercial, a \u00faltima ocorr\u00eancia da doen\u00e7a de Newcastle foi em 1984 e a Influenza Avi\u00e1ria Altamente Patog\u00eanica \u00e9 considerada ex\u00f3tica.<\/p>\n<p>Em 2010, iniciou-se uma nova modelagem do setor que culminou com a cria\u00e7\u00e3o do programa estrutural, com o objetivo de dar apoio aos demais programas sanit\u00e1rios, bem como reunir as informa\u00e7\u00f5es epidemiol\u00f3gicas dos mesmos.<\/p>\n<p>\u00a0<\/p>\n\n\n<p><\/p>\n","protected":false},"excerpt":{"rendered":"<p>. As a\u00e7\u00f5es relacionadas \u00e0 vigil\u00e2ncia epidemiol\u00f3gica desenvolvidas pela CIDASC, desde sua cria\u00e7\u00e3o, contribu\u00edram para a conquista de um status sanit\u00e1rio diferenciado, que culminou com o desenvolvimento do setor agropecu\u00e1rio de Santa Catarina, atrav\u00e9s da abertura de mercados internos e externos. Desde o ano de 2007, o Estado de SC possui reconhecimento de \u201cLivre de[&#8230;] <a class=\"moretag\" href=\"https:\/\/www.cidasc.sc.gov.br\/defesasanitariaanimal\/programas\/vigilancia-epidemiologica\/vigilancia-epidemiologica-historico\/\">Leia mais&#8230;<\/a><\/p>\n","protected":false},"author":1,"featured_media":0,"parent":37,"menu_order":0,"comment_status":"open","ping_status":"open","template":"","meta":{"footnotes":""},"class_list":["post-78","page","type-page","status-publish","hentry"],"_links":{"self":[{"href":"https:\/\/www.cidasc.sc.gov.br\/defesasanitariaanimal\/wp-json\/wp\/v2\/pages\/78","targetHints":{"allow":["GET"]}}],"collection":[{"href":"https:\/\/www.cidasc.sc.gov.br\/defesasanitariaanimal\/wp-json\/wp\/v2\/pages"}],"about":[{"href":"https:\/\/www.cidasc.sc.gov.br\/defesasanitariaanimal\/wp-json\/wp\/v2\/types\/page"}],"author":[{"embeddable":true,"href":"https:\/\/www.cidasc.sc.gov.br\/defesasanitariaanimal\/wp-json\/wp\/v2\/users\/1"}],"replies":[{"embeddable":true,"href":"https:\/\/www.cidasc.sc.gov.br\/defesasanitariaanimal\/wp-json\/wp\/v2\/comments?post=78"}],"version-history":[{"count":4,"href":"https:\/\/www.cidasc.sc.gov.br\/defesasanitariaanimal\/wp-json\/wp\/v2\/pages\/78\/revisions"}],"predecessor-version":[{"id":25105,"href":"https:\/\/www.cidasc.sc.gov.br\/defesasanitariaanimal\/wp-json\/wp\/v2\/pages\/78\/revisions\/25105"}],"up":[{"embeddable":true,"href":"https:\/\/www.cidasc.sc.gov.br\/defesasanitariaanimal\/wp-json\/wp\/v2\/pages\/37"}],"wp:attachment":[{"href":"https:\/\/www.cidasc.sc.gov.br\/defesasanitariaanimal\/wp-json\/wp\/v2\/media?parent=78"}],"curies":[{"name":"wp","href":"https:\/\/api.w.org\/{rel}","templated":true}]}}