{"id":7559,"date":"2016-05-23T11:46:16","date_gmt":"2016-05-23T11:46:16","guid":{"rendered":"http:\/\/www.cidasc.sc.gov.br\/defesasanitariaanimal\/?page_id=7559"},"modified":"2022-11-30T11:21:06","modified_gmt":"2022-11-30T11:21:06","slug":"resultados-das-analises-microbiologicas-em-moluscos-bivalves-2012","status":"publish","type":"page","link":"https:\/\/www.cidasc.sc.gov.br\/defesasanitariaanimal\/resultados-das-analises-microbiologicas-em-moluscos-bivalves-2012\/","title":{"rendered":"Resultados das An\u00e1lises Microbiol\u00f3gicas em Moluscos Bivalves &#8211; 2012"},"content":{"rendered":"<h5>Dezembro\/2012<\/h5>\n<ul>\n<li><a href=\"http:\/\/www.cidasc.sc.gov.br\/defesasanitariaanimal\/files\/2012\/11\/Zimbros-Liberada.pdf\">Zimbros &#8211; Liberada<\/a><\/li>\n<li><a href=\"http:\/\/www.cidasc.sc.gov.br\/defesasanitariaanimal\/files\/2012\/11\/Zimbros-Liberada.pdf\">S\u00e3o Miguel &#8211; Liberada Sob Condi\u00e7\u00e3o<\/a><\/li>\n<li><a href=\"http:\/\/www.cidasc.sc.gov.br\/defesasanitariaanimal\/files\/2012\/11\/Praia-do-Cedro-Liberada-Sob-Condi\u00e7\u00e3o-2.pdf\">Praia do Cedro &#8211; Liberada Sob Condi\u00e7\u00e3o 2<\/a><\/li>\n<li><a href=\"http:\/\/www.cidasc.sc.gov.br\/defesasanitariaanimal\/files\/2012\/11\/Ponta-do-Papagaio-Liberada.pdf\">Ponta do Papagaio &#8211; Liberada<\/a><\/li>\n<li><a href=\"http:\/\/www.cidasc.sc.gov.br\/defesasanitariaanimal\/files\/2012\/11\/Ganchos-de-Fora-Liberado.pdf\">Ganchos de Fora Liberado<\/a><\/li>\n<li><a href=\"http:\/\/www.cidasc.sc.gov.br\/defesasanitariaanimal\/files\/2012\/11\/Freguesia-do-Ribeir\u00e3o-Liberada1.pdf\">Freguesia do Ribeir\u00e3o &#8211; Liberada<\/a><\/li>\n<li><a href=\"http:\/\/www.cidasc.sc.gov.br\/defesasanitariaanimal\/files\/2012\/11\/Costeira-do-Ribeir\u00e3o-Liberada2.pdf\">Costeira do Ribeir\u00e3o &#8211; Liberada<\/a><\/li>\n<li><a href=\"http:\/\/www.cidasc.sc.gov.br\/defesasanitariaanimal\/files\/2012\/11\/Canto-Grande-Liberada-Sob-Condi\u00e7\u00e3o2.pdf\">Canto Grande &#8211; Liberada Sob Condi\u00e7\u00e3o<\/a><\/li>\n<li><a href=\"http:\/\/www.cidasc.sc.gov.br\/defesasanitariaanimal\/files\/2012\/11\/Caieira-da-Barra-do-sul-Liberada1.pdf\">Caieira da Barra do sul &#8211; Liberada<\/a><\/li>\n<li><a href=\"http:\/\/www.cidasc.sc.gov.br\/defesasanitariaanimal\/files\/2012\/11\/Bigua\u00e7u-Liberado-Sob-Condi\u00e7\u00e3o.pdf\">Bigua\u00e7u Liberado Sob Condi\u00e7\u00e3o<\/a><\/li>\n<\/ul>\n<h5>Novembro 2012<\/h5>\n<ul>\n<li><a href=\"http:\/\/www.cidasc.sc.gov.br\/defesasanitariaanimal\/files\/2012\/11\/28_11-Zimbros-Liberada-Sob-Condi\u00e7\u00e3o1.pdf\">Zimbros &#8211; liberada sob condi\u00e7\u00e3o &#8211; 21\/11\/2012<\/a><\/li>\n<li><a href=\"http:\/\/www.cidasc.sc.gov.br\/defesasanitariaanimal\/files\/2012\/11\/28_11-S\u00e3o-Miguel-Liberada-Sob-Condi\u00e7\u00e3o.pdf\">S\u00e3o Miguel &#8211; liberada sob condi\u00e7\u00e3o &#8211; 21\/11\/2012<\/a><\/li>\n<li><a href=\"http:\/\/www.cidasc.sc.gov.br\/defesasanitariaanimal\/files\/2012\/11\/28_11-Praia-do-Cedro-Liberada-Sob-Condi\u00e7\u00e3o.pdf\">Praia do Cedro &#8211; liberada sob condi\u00e7\u00e3o &#8211; 21\/11\/2012<\/a><\/li>\n<li><a href=\"http:\/\/www.cidasc.sc.gov.br\/defesasanitariaanimal\/files\/2012\/11\/28_11-Ponta-do-Papagaio-Liberada-Sob-Condi\u00e7\u00e3o1.pdf\">Ponta do Papagaio do Cedro &#8211; liberada sob condi\u00e7\u00e3o &#8211; 21\/11\/2012<\/a><\/li>\n<li><a href=\"http:\/\/www.cidasc.sc.gov.br\/defesasanitariaanimal\/files\/2012\/11\/28_11-Paulas-Liberada-Sob-Condi\u00e7\u00e3o.pdf\">Paulas &#8211; liberada sob condi\u00e7\u00e3o &#8211; 21\/11\/2012<\/a><\/li>\n<li><a href=\"http:\/\/www.cidasc.sc.gov.br\/defesasanitariaanimal\/files\/2012\/11\/28_11-Laranjeiras-Liberada-Sob-Condi\u00e7\u00e3o.pdf\">Laranjeiras &#8211; liberada sob condi\u00e7\u00e3o &#8211; 21\/11\/2012<\/a><\/li>\n<li><a href=\"http:\/\/www.cidasc.sc.gov.br\/defesasanitariaanimal\/files\/2012\/11\/28_11-Ganchos-de-Fora-Liberada-Sob-Condi\u00e7\u00e3o.pdf\">Ganchos de Fora &#8211; liberada sob condi\u00e7\u00e3o &#8211; 21\/11\/2012<\/a><\/li>\n<li><a href=\"http:\/\/www.cidasc.sc.gov.br\/defesasanitariaanimal\/files\/2012\/11\/28_11-Freguesia-do-Ribeir\u00e3o-Liberada-Sob-Condi\u00e7\u00e3o.pdf\">Freguesia do Ribeir\u00e3o &#8211; liberado sob condi\u00e7\u00e3o &#8211; 21\/11\/2012<\/a><\/li>\n<li><a href=\"http:\/\/www.cidasc.sc.gov.br\/defesasanitariaanimal\/files\/2012\/11\/28_11-Fazenda-da-Arma\u00e7\u00e3o-Liberada-Sob-Condi\u00e7\u00e3o.pdf\">Fazenda da Arma\u00e7\u00e3o &#8211; liberado sob condi\u00e7\u00e3o &#8211; 21\/11\/2012<\/a><\/li>\n<li><a href=\"http:\/\/www.cidasc.sc.gov.br\/defesasanitariaanimal\/files\/2012\/11\/28_11-Costeira-do-Ribeir\u00e3o-Liberada-Sob-Condi\u00e7\u00e3o.pdf\">Costeira do Ribeir\u00e3o &#8211; liberada sob condi\u00e7\u00e3o &#8211; 21\/11\/2012<\/a><\/li>\n<li><a href=\"http:\/\/www.cidasc.sc.gov.br\/defesasanitariaanimal\/files\/2012\/11\/28_11-Arma\u00e7\u00e3o-do-Itapocor\u00f3i-Liberada-Sob-Condi\u00e7\u00e3o.pdf\">Arma\u00e7\u00e3o do Itapocoro\u00ed &#8211; liberada sob condi\u00e7\u00e3o &#8211; 21\/11\/2012<\/a><\/li>\n<li><a href=\"http:\/\/www.cidasc.sc.gov.br\/defesasanitariaanimal\/files\/2012\/11\/28_11-Canto-Grande-Liberada-Sob-Condi\u00e7\u00e3o.pdf\">Canto Grande &#8211; liberada sob condi\u00e7\u00e3o &#8211; 23\/11\/2012<\/a><\/li>\n<li><a href=\"http:\/\/www.cidasc.sc.gov.br\/defesasanitariaanimal\/files\/2012\/11\/28_11-Caieira-da-Barra-do-Sul-Liberada-Sob-Condi\u00e7\u00e3o.pdf\">Caieira da Barra do Sul &#8211; liberada sob condi\u00e7\u00e3o &#8211; 23\/11\/2012<\/a><\/li>\n<\/ul>\n<h5>Outubro 2012<\/h5>\n<ul>\n<li><a href=\"http:\/\/www.cidasc.sc.gov.br\/defesasanitariaanimal\/files\/2012\/11\/Zimbros-liberada-Sob-Condi\u00e7\u00e3o1.pdf\">\u00a0Zimbros &#8211; 16\/10\/2012<\/a><\/li>\n<li><a href=\"http:\/\/www.cidasc.sc.gov.br\/defesasanitariaanimal\/files\/2012\/11\/Canto-Grande-Liberada-Sob-condi\u00e7\u00e3o1.pdf\">Canto Grande &#8211; 16\/10\/2012<\/a><\/li>\n<li><a href=\"http:\/\/www.cidasc.sc.gov.br\/defesasanitariaanimal\/files\/2012\/11\/Arma\u00e7\u00e3o-do-Itapocoroi-Liberada-Sob-Condi\u00e7\u00e3o.pdf\">Arma\u00e7\u00e3o do Itapocoroi &#8211; 16\/10\/2012<\/a><\/li>\n<li><a href=\"http:\/\/www.cidasc.sc.gov.br\/defesasanitariaanimal\/files\/2012\/11\/Costeira-do-Ribeir\u00e3o-Liberada1.pdf\">Costeira do Ribeir\u00e3o &#8211; 16\/10\/2012<\/a><\/li>\n<li><a href=\"http:\/\/www.cidasc.sc.gov.br\/defesasanitariaanimal\/files\/2012\/11\/Caieira-da-Barra-do-sul-Liberada.pdf\">Caeira da Barra do Sul &#8211; 16\/10\/2012<\/a><\/li>\n<li><a href=\"http:\/\/www.cidasc.sc.gov.br\/defesasanitariaanimal\/files\/2012\/11\/S\u00e3o-Miguel-Liberada.pdf\">S\u00e3o Miguel &#8211; 16\/10\/2012<\/a><\/li>\n<li><a href=\"http:\/\/www.cidasc.sc.gov.br\/defesasanitariaanimal\/files\/2012\/11\/Paulas-SFS-Liberada-Sob-Condi\u00e7\u00e3o.pdf\">S\u00e3o Francisco do Sul &#8211; Paulas &#8211; 16\/10\/2012<\/a><\/li>\n<li><a href=\"http:\/\/www.cidasc.sc.gov.br\/defesasanitariaanimal\/files\/2012\/11\/Ganchos-de-Fora-Liberada-Sob-Condi\u00e7\u00e3o.pdf\">Ganchos de Fora &#8211; 16\/10\/2012<\/a><\/li>\n<li><a href=\"http:\/\/www.cidasc.sc.gov.br\/defesasanitariaanimal\/files\/2012\/11\/Freguesia-do-Ribeir\u00e3o-Liberada.pdf\">Freguesia do Ribeir\u00e3o &#8211; 16\/10\/2012<\/a><\/li>\n<li><a href=\"http:\/\/www.cidasc.sc.gov.br\/defesasanitariaanimal\/files\/2012\/11\/Fazenda-da-Aram\u00e7\u00e3o-Liberada1.pdf\">Fazenda da Arma\u00e7\u00e3o &#8211; 16\/10\/2012<\/a><\/li>\n<\/ul>\n<h5>Setembro &#8211; 2012<\/h5>\n<ul>\n<li><a href=\"http:\/\/www.cidasc.sc.gov.br\/defesasanitariaanimal\/files\/2012\/11\/Certificado-de-Ensaio-Zimbros.pdf\">Zimbros &#8211; 04\/09\/2012<\/a><\/li>\n<li><a href=\"http:\/\/www.cidasc.sc.gov.br\/defesasanitariaanimal\/files\/2012\/11\/Costeira-do-Ribeir\u00e3o-LIBERADO39.pdf\">Costeira do Ribeir\u00e3o &#8211; LIBERADO<\/a><\/li>\n<li><a href=\"http:\/\/www.cidasc.sc.gov.br\/defesasanitariaanimal\/files\/2012\/11\/Arma\u00e7\u00e3o-do-Itapocor\u00f3i-LIBERADO-SOB-CONDI\u00c7\u00c3O6.pdf\">Arma\u00e7\u00e3o do Itapocor\u00f3i &#8211; LIBERADO SOB CONDI\u00c7\u00c3O<\/a><\/li>\n<li><a href=\"http:\/\/www.cidasc.sc.gov.br\/defesasanitariaanimal\/files\/2012\/11\/Arma\u00e7\u00e3o-do-Itapocor\u00f3i-LIBERADO-SOB-CONDI\u00c7\u00c3O9.pdf\">Arma\u00e7\u00e3o do Itapocor\u00f3i &#8211; LIBERADO SOB CONDI\u00c7\u00c3O<\/a><\/li>\n<\/ul>\n","protected":false},"excerpt":{"rendered":"<p>Dezembro\/2012 Zimbros &#8211; Liberada S\u00e3o Miguel &#8211; Liberada Sob Condi\u00e7\u00e3o Praia do Cedro &#8211; Liberada Sob Condi\u00e7\u00e3o 2 Ponta do Papagaio &#8211; Liberada Ganchos de Fora Liberado Freguesia do Ribeir\u00e3o &#8211; Liberada Costeira do Ribeir\u00e3o &#8211; Liberada Canto Grande &#8211; Liberada Sob Condi\u00e7\u00e3o Caieira da Barra do sul &#8211; Liberada Bigua\u00e7u Liberado Sob Condi\u00e7\u00e3o Novembro[&#8230;] <a class=\"moretag\" href=\"https:\/\/www.cidasc.sc.gov.br\/defesasanitariaanimal\/resultados-das-analises-microbiologicas-em-moluscos-bivalves-2012\/\">Leia mais&#8230;<\/a><\/p>\n","protected":false},"author":12,"featured_media":0,"parent":0,"menu_order":0,"comment_status":"closed","ping_status":"closed","template":"","meta":{"footnotes":""},"class_list":["post-7559","page","type-page","status-publish","hentry"],"_links":{"self":[{"href":"https:\/\/www.cidasc.sc.gov.br\/defesasanitariaanimal\/wp-json\/wp\/v2\/pages\/7559","targetHints":{"allow":["GET"]}}],"collection":[{"href":"https:\/\/www.cidasc.sc.gov.br\/defesasanitariaanimal\/wp-json\/wp\/v2\/pages"}],"about":[{"href":"https:\/\/www.cidasc.sc.gov.br\/defesasanitariaanimal\/wp-json\/wp\/v2\/types\/page"}],"author":[{"embeddable":true,"href":"https:\/\/www.cidasc.sc.gov.br\/defesasanitariaanimal\/wp-json\/wp\/v2\/users\/12"}],"replies":[{"embeddable":true,"href":"https:\/\/www.cidasc.sc.gov.br\/defesasanitariaanimal\/wp-json\/wp\/v2\/comments?post=7559"}],"version-history":[{"count":2,"href":"https:\/\/www.cidasc.sc.gov.br\/defesasanitariaanimal\/wp-json\/wp\/v2\/pages\/7559\/revisions"}],"predecessor-version":[{"id":7569,"href":"https:\/\/www.cidasc.sc.gov.br\/defesasanitariaanimal\/wp-json\/wp\/v2\/pages\/7559\/revisions\/7569"}],"wp:attachment":[{"href":"https:\/\/www.cidasc.sc.gov.br\/defesasanitariaanimal\/wp-json\/wp\/v2\/media?parent=7559"}],"curies":[{"name":"wp","href":"https:\/\/api.w.org\/{rel}","templated":true}]}}