{"id":67,"date":"2012-08-29T00:07:38","date_gmt":"2012-08-29T00:07:38","guid":{"rendered":""},"modified":"2024-03-04T14:42:29","modified_gmt":"2024-03-04T14:42:29","slug":"sanidade-apicola","status":"publish","type":"page","link":"https:\/\/www.cidasc.sc.gov.br\/defesasanitariaanimal\/programas\/sanidade-apicola\/","title":{"rendered":"Sanidade das Abelhas"},"content":{"rendered":"<p><strong><br \/>\nRespons\u00e1vel:<\/strong><\/p>\n<p><strong>Pedro Mansur Sesterhenn<\/strong><br \/>\nTel.: (48) 3665-7178<br \/>\nE-mail: pnsap@cidasc.sc.gov.br<\/p>\n<p><strong>DEFESA SANIT\u00c1RIA EM ABELHAS<\/strong><\/p>\n<p><strong>Objetivo Geral:<\/strong><\/p>\n<p>Apoio \u00e0 Apicultura e Meliponicultura Catarinense por meio das atividades pertinentes \u00e0 Defesa Sanit\u00e1ria Animal, como educa\u00e7\u00e3o sanit\u00e1ria, investiga\u00e7\u00e3o epidemiol\u00f3gica, diagn\u00f3stico, monitoramento, controle e preven\u00e7\u00e3o de pragas e doen\u00e7as, visando manter as colmeias saud\u00e1veis, produzindo adequadamente em quantidade e com qualidade de produtos, e que possam contribuir com o relevante trabalho da poliniza\u00e7\u00e3o dos pomares, que \u00e9 de suma import\u00e2ncia para a agropecu\u00e1ria do Estado.<\/p>\n<p><strong>Objetivos espec\u00edficos:<\/strong><\/p>\n<p>1. Cadastro atualizado;<\/p>\n<p>2. Controle e preven\u00e7\u00e3o de pragas e doen\u00e7as com fiscaliza\u00e7\u00e3o da entrada de produtos atrav\u00e9s das barreiras sanit\u00e1rias;<\/p>\n<p>3. Atendimento a notifica\u00e7\u00f5es de suspeita de doen\u00e7as;<\/p>\n<p>4. Encaminhamento de colheitas para laborat\u00f3rio para diagn\u00f3stico;<\/p>\n<p>5. Vigil\u00e2ncia de foco e do entorno;<\/p>\n<p>6. A\u00e7\u00f5es em conjunto com a Inspe\u00e7\u00e3o de Produtos de Origem Animal para Vigil\u00e2ncia nos estabelecimentos de beneficiamento de Mel e Produtos das abelhas;<\/p>\n<p>7. Educa\u00e7\u00e3o Sanit\u00e1ria &#8211; atrav\u00e9s de participa\u00e7\u00e3o em reuni\u00f5es, esclarecimento sobre os trabalhos desenvolvidos pela Defesa Sanit\u00e1ria, import\u00e2ncia da emiss\u00e3o da GTA, aplica\u00e7\u00e3o de question\u00e1rios para diagn\u00f3stico educativo e produ\u00e7\u00e3o de material informativo;<\/p>\n<p>8. Monitoramento de propriedades para conhecimento da presen\u00e7a de pragas e doen\u00e7as e a distribui\u00e7\u00e3o geogr\u00e1fica;<\/p>\n<p>9. Estudos epidemiol\u00f3gicos das doen\u00e7as das abelhas;<\/p>\n<p>10. Emiss\u00e3o da Guia de Transito Animal;<\/p>\n<p>11. Planejamento das a\u00e7\u00f5es do programa;<\/p>\n<p>12. Identifica\u00e7\u00e3o das Propriedades de Risco;<\/p>\n<p>13. Capacita\u00e7\u00e3o t\u00e9cnica profissional e educa\u00e7\u00e3o continuada em Sanidade Ap\u00edcola e em Meliponicultura;<\/p>\n<p>14. Conhecimento, proposi\u00e7\u00e3o e revis\u00e3o para a Sanidade Ap\u00edcola e da Meliponicultura;<\/p>\n<p>15. Intera\u00e7\u00e3o com outras institui\u00e7\u00f5es afins para propor e desenvolver atividades em conjunto visando a manuten\u00e7\u00e3o e crescimento da Apicultura e da Meliponicultura no estado.<\/p>\n<p><strong>Hist\u00f3rico:<\/strong><br \/>\nNa d\u00e9cada de 60 a Apicultura e Sanidade Ap\u00edcola de Santa Catarina estiveram sob a responsabilidade do departamento da Secretaria da Agricultura. Na d\u00e9cada de 70 muda a estrutura f\u00edsica e passa a se chamar Instituto de Apicultura de Santa Catarina \u2013 IASC, com nome fantasia de \u201cCidade das Abelhas\u201d. Na d\u00e9cada de 80, funcion\u00e1rios da CIDASC; 1 M\u00e9dica Veterin\u00e1ria, 1 Engenheiro Agr\u00f4nomo e 1 Bioqu\u00edmica ficam cedidos ao IASC onde realizavam trabalhos de pesquisa em comportamento Higi\u00eanico e Sanidade Ap\u00edcola, capacita\u00e7\u00e3o de Apicultores, an\u00e1lises bioqu\u00edmicas do mel, cera e pr\u00f3polis, e microbiol\u00f3gicos de doen\u00e7as. No ano de 1991 o IASC passa a pertencer a Empresa de Pesquisa Agropecu\u00e1ria e Extens\u00e3o Rural de Santa Catarina \u2013 Epagri. E nesse per\u00edodo 4 funcion\u00e1rios da CIDASC, 1 M\u00e9dica Veterin\u00e1ria, 2 Engenheiros Agr\u00f4nomos e 1 T\u00e9cnico Agr\u00edcola ficaram \u00e0 disposi\u00e7\u00e3o daquela empresa at\u00e9 o ano de 2002. No ano de 2008 o Programa Nacional de Sanidade Ap\u00edcola \u2013 PNSAp foi Institu\u00eddo pelo Minist\u00e9rio da Agricultura, Pecu\u00e1ria e Abastecimento, por\u00e9m sua regulamenta\u00e7\u00e3o est\u00e1 em fase de aprova\u00e7\u00e3o. Mesmo antes da aprova\u00e7\u00e3o do PNSAp houve a execu\u00e7\u00e3o de algumas a\u00e7\u00f5es relacionadas ao programa.<br \/>\nNo ano de 2011 foi estruturada e capacitada a equipe de Sanidade Ap\u00edcola composta por 41 M\u00e9dicos Veterin\u00e1rios na CIDASC, sendo 2 profissionais em cada ADR para atender as a\u00e7\u00f5es do programa.<\/p>\n<ul>\n<li><a title=\"Sanidade Ap\u00edcola \u2013 Legisla\u00e7\u00e3o\" href=\"http:\/\/www.cidasc.sc.gov.br\/defesasanitariaanimal\/programas\/sanidade-apicola\/sanidade-apicola-legislacao\/\">Legisla\u00e7\u00e3o<\/a><\/li>\n<li><a title=\"Sanidade das Abelhas \u2013 Links \u00dateis\" href=\"http:\/\/www.cidasc.sc.gov.br\/defesasanitariaanimal\/programas\/sanidade-apicola\/sanidade-das-abelhas-links-uteis\/\">Links \u00dateis<\/a><\/li>\n<li><a href=\"https:\/\/www.youtube.com\/watch?v=YCc2TbXnPs0\" target=\"_blank\" rel=\"noopener noreferrer\">Palestra: Impactos dos Agrot\u00f3xicos em Abelhas<\/a><\/li>\n<\/ul>\n","protected":false},"excerpt":{"rendered":"<p>Respons\u00e1vel: Pedro Mansur Sesterhenn Tel.: (48) 3665-7178 E-mail: pnsap@cidasc.sc.gov.br DEFESA SANIT\u00c1RIA EM ABELHAS Objetivo Geral: Apoio \u00e0 Apicultura e Meliponicultura Catarinense por meio das atividades pertinentes \u00e0 Defesa Sanit\u00e1ria Animal, como educa\u00e7\u00e3o sanit\u00e1ria, investiga\u00e7\u00e3o epidemiol\u00f3gica, diagn\u00f3stico, monitoramento, controle e preven\u00e7\u00e3o de pragas e doen\u00e7as, visando manter as colmeias saud\u00e1veis, produzindo adequadamente em quantidade e com[&#8230;] <a class=\"moretag\" href=\"https:\/\/www.cidasc.sc.gov.br\/defesasanitariaanimal\/programas\/sanidade-apicola\/\">Leia mais&#8230;<\/a><\/p>\n","protected":false},"author":12,"featured_media":0,"parent":28,"menu_order":0,"comment_status":"open","ping_status":"closed","template":"","meta":{"footnotes":""},"class_list":["post-67","page","type-page","status-publish","hentry"],"_links":{"self":[{"href":"https:\/\/www.cidasc.sc.gov.br\/defesasanitariaanimal\/wp-json\/wp\/v2\/pages\/67","targetHints":{"allow":["GET"]}}],"collection":[{"href":"https:\/\/www.cidasc.sc.gov.br\/defesasanitariaanimal\/wp-json\/wp\/v2\/pages"}],"about":[{"href":"https:\/\/www.cidasc.sc.gov.br\/defesasanitariaanimal\/wp-json\/wp\/v2\/types\/page"}],"author":[{"embeddable":true,"href":"https:\/\/www.cidasc.sc.gov.br\/defesasanitariaanimal\/wp-json\/wp\/v2\/users\/12"}],"replies":[{"embeddable":true,"href":"https:\/\/www.cidasc.sc.gov.br\/defesasanitariaanimal\/wp-json\/wp\/v2\/comments?post=67"}],"version-history":[{"count":14,"href":"https:\/\/www.cidasc.sc.gov.br\/defesasanitariaanimal\/wp-json\/wp\/v2\/pages\/67\/revisions"}],"predecessor-version":[{"id":29001,"href":"https:\/\/www.cidasc.sc.gov.br\/defesasanitariaanimal\/wp-json\/wp\/v2\/pages\/67\/revisions\/29001"}],"up":[{"embeddable":true,"href":"https:\/\/www.cidasc.sc.gov.br\/defesasanitariaanimal\/wp-json\/wp\/v2\/pages\/28"}],"wp:attachment":[{"href":"https:\/\/www.cidasc.sc.gov.br\/defesasanitariaanimal\/wp-json\/wp\/v2\/media?parent=67"}],"curies":[{"name":"wp","href":"https:\/\/api.w.org\/{rel}","templated":true}]}}