{"id":65,"date":"2012-08-29T00:07:28","date_gmt":"2012-08-29T00:07:28","guid":{"rendered":"http:\/\/O\u00a0BrasilpossuiomaiorrebanhodeequinosnaAm\u00e9ricaLatinaeoterceiromundial.Somadosaosmuares(mulas)easininos(asnos)s\u00e3o8milh\u00f5esdecabe\u00e7as,movimentandoR$7,3bilh\u00f5es,somentecomaprodu\u00e7\u00e3odecavalos.O\u00a0rebanhoenvolvemais\u00a0de30segm"},"modified":"2025-10-29T14:53:58","modified_gmt":"2025-10-29T14:53:58","slug":"sanidade-equidea","status":"publish","type":"page","link":"https:\/\/www.cidasc.sc.gov.br\/defesasanitariaanimal\/programas\/sanidade-equidea\/","title":{"rendered":"Sanidade Equ\u00eddea"},"content":{"rendered":"<p><strong><br \/>\nRespons\u00e1vel:<\/strong><\/p>\n<p><strong>Eleanora Schmitt Machado<\/strong><br \/>\nTel.: (48) 3665-7206 &#8211; WhatsApp &#8211; <a href=\"https:\/\/wa.me\/554836657206\">https:\/\/wa.me\/554836657206<\/a><br \/>\nE-mail: eleanora@cidasc.sc.gov.br<\/p>\n<p><strong>Auxiliar Administrativo<\/strong><\/p>\n<p><b>Eduarda Cabral<\/b><\/p>\n<p>Tel.: (48) 3665-7126 &#8211; WhatsApp &#8211; <a href=\"https:\/\/wa.me\/554836657126\">https:\/\/wa.me\/554836657126<\/a><\/p>\n<p>O\u00a0Brasil possui o maior rebanho de equinos na Am\u00e9rica Latina e o terceiro mundial. Somados aos muares (mulas) e asininos (asnos) s\u00e3o 8 milh\u00f5es de cabe\u00e7as, movimentando R$ 7,3 bilh\u00f5es, somente com a produ\u00e7\u00e3o de cavalos.<\/p>\n<p>O\u00a0rebanho envolve mais\u00a0de 30 segmentos, distribu\u00eddos entre insumos, cria\u00e7\u00e3o e destina\u00e7\u00e3o final e\u00a0comp\u00f5e a base do chamado Complexo do Agroneg\u00f3cio Cavalo, respons\u00e1vel pela gera\u00e7\u00e3o de 3,2 milh\u00f5es de empregos diretos e indiretos.<\/p>\n<p>Quando o assunto \u00e9 exporta\u00e7\u00e3o de cavalos vivos, os n\u00fameros s\u00e3o significativos: a expans\u00e3o alcan\u00e7ou 524% entre 1997 e 2009, passando de US$ 702,8 mil para US$ 4,4 milh\u00f5es. O Brasil \u00e9 o oitavo maior exportador de carne equina. B\u00e9lgica, Holanda, It\u00e1lia, Jap\u00e3o e Fran\u00e7a s\u00e3o os principais importadores da carne de cavalo brasileira, tamb\u00e9m consumida nos Estados Unidos.<\/p>\n<p>A maior popula\u00e7\u00e3o brasileira de equinos encontra-se na regi\u00e3o Sudeste, logo em seguida aparecem as regi\u00f5es Nordeste, Centro-Oeste, Sul e Norte. Destaque para o Nordeste, que al\u00e9m\u00a0de equinos, concentra maior registro de\u00a0asininos e muares.<\/p>\n<p>Usado unicamente como meio de transporte durante muitos anos, os equ\u00eddeos t\u00eam conquistado outras \u00e1reas de atua\u00e7\u00e3o, com\u00a0forte tend\u00eancia\u00a0para lazer, esportes e at\u00e9 terapia. Uma de suas principais fun\u00e7\u00f5es, contudo, continua sendo o trabalho di\u00e1rio nas atividades agropecu\u00e1rias, onde aproximadamente cinco milh\u00f5es de animais s\u00e3o utilizados, principalmente, para o manejo do gado bovino.<\/p>\n<p>Fonte: <a href=\"http:\/\/www.agricultura.gov.br\/\">www.agricultura.gov.br<\/a><\/p>\n<ul>\n<li><a title=\"Sanidade Equidea \u2013 Legisla\u00e7\u00e3o\" href=\"http:\/\/www.cidasc.sc.gov.br\/defesasanitariaanimal\/sanidade-equidea-legislacao\/\">Legisla\u00e7\u00e3o<\/a><\/li>\n<\/ul>\n<p><b>Relat\u00f3rios e An\u00e1lises<\/b><\/p>\n<p><a href=\"https:\/\/www.cidasc.sc.gov.br\/defesasanitariaanimal\/files\/2025\/09\/Analise-de-Distribuicao-Espacial-de-Equideos-no-Estado-de-Santa-Catarina-26-09-2025.pdf\">An\u00e1lise de Distribui\u00e7\u00e3o Espacial de Equ\u00eddeos no Estado de Santa Catarina 26-09-2025<\/a><\/p>\n","protected":false},"excerpt":{"rendered":"<p>Respons\u00e1vel: Eleanora Schmitt Machado Tel.: (48) 3665-7206 &#8211; WhatsApp &#8211; https:\/\/wa.me\/554836657206 E-mail: eleanora@cidasc.sc.gov.br Auxiliar Administrativo Eduarda Cabral Tel.: (48) 3665-7126 &#8211; WhatsApp &#8211; https:\/\/wa.me\/554836657126 O\u00a0Brasil possui o maior rebanho de equinos na Am\u00e9rica Latina e o terceiro mundial. Somados aos muares (mulas) e asininos (asnos) s\u00e3o 8 milh\u00f5es de cabe\u00e7as, movimentando R$ 7,3 bilh\u00f5es, somente[&#8230;] <a class=\"moretag\" href=\"https:\/\/www.cidasc.sc.gov.br\/defesasanitariaanimal\/programas\/sanidade-equidea\/\">Leia mais&#8230;<\/a><\/p>\n","protected":false},"author":12,"featured_media":0,"parent":28,"menu_order":0,"comment_status":"open","ping_status":"open","template":"","meta":{"footnotes":""},"class_list":["post-65","page","type-page","status-publish","hentry"],"_links":{"self":[{"href":"https:\/\/www.cidasc.sc.gov.br\/defesasanitariaanimal\/wp-json\/wp\/v2\/pages\/65","targetHints":{"allow":["GET"]}}],"collection":[{"href":"https:\/\/www.cidasc.sc.gov.br\/defesasanitariaanimal\/wp-json\/wp\/v2\/pages"}],"about":[{"href":"https:\/\/www.cidasc.sc.gov.br\/defesasanitariaanimal\/wp-json\/wp\/v2\/types\/page"}],"author":[{"embeddable":true,"href":"https:\/\/www.cidasc.sc.gov.br\/defesasanitariaanimal\/wp-json\/wp\/v2\/users\/12"}],"replies":[{"embeddable":true,"href":"https:\/\/www.cidasc.sc.gov.br\/defesasanitariaanimal\/wp-json\/wp\/v2\/comments?post=65"}],"version-history":[{"count":29,"href":"https:\/\/www.cidasc.sc.gov.br\/defesasanitariaanimal\/wp-json\/wp\/v2\/pages\/65\/revisions"}],"predecessor-version":[{"id":33538,"href":"https:\/\/www.cidasc.sc.gov.br\/defesasanitariaanimal\/wp-json\/wp\/v2\/pages\/65\/revisions\/33538"}],"up":[{"embeddable":true,"href":"https:\/\/www.cidasc.sc.gov.br\/defesasanitariaanimal\/wp-json\/wp\/v2\/pages\/28"}],"wp:attachment":[{"href":"https:\/\/www.cidasc.sc.gov.br\/defesasanitariaanimal\/wp-json\/wp\/v2\/media?parent=65"}],"curies":[{"name":"wp","href":"https:\/\/api.w.org\/{rel}","templated":true}]}}