{"id":63,"date":"2012-08-29T00:07:16","date_gmt":"2012-08-29T00:07:16","guid":{"rendered":"http:\/\/ObjetivoOestadodeSantaCatarinasedestacanaprodu\u00e7\u00e3odeanimaisaqu\u00e1ticosprincipalmentenacria\u00e7\u00e3odemoluscosbivalves.Setorescomoaranicultura,carciniculturaeapisciculturatamb\u00e9mpossuemimport\u00e2nciasignificativaparaae"},"modified":"2022-11-30T11:19:04","modified_gmt":"2022-11-30T11:19:04","slug":"sanidade-dos-animais-aquaticos","status":"publish","type":"page","link":"https:\/\/www.cidasc.sc.gov.br\/defesasanitariaanimal\/programas\/sanidade-dos-animais-aquaticos\/","title":{"rendered":"Sanidade dos Animais Aqu\u00e1ticos"},"content":{"rendered":"<p><strong><br \/>\nRespons\u00e1vel:<\/strong><\/p>\n<p><strong>Pedro Mansur Sesterhenn<\/strong><br \/>\nTel.: (48)3665-7178<br \/>\nE-mail: pnsaa@cidasc.sc.gov.br<\/p>\n<p><strong>Objetivo<\/strong><br \/>\nO estado de Santa Catarina se destaca na produ\u00e7\u00e3o de animais aqu\u00e1ticos principalmente na cria\u00e7\u00e3o de moluscos bivalves. Setores como a ranicultura, carcinicultura e a piscicultura tamb\u00e9m possuem import\u00e2ncia significativa para a economia do estado. Dessa forma, atividades que visam proteger e manter a condi\u00e7\u00e3o sanit\u00e1ria desses animais devem ser empregadas para fortalecer\u00a0 o setor e proteger a popula\u00e7\u00e3o que consome os produtos por eles gerados.<\/p>\n<p><strong>Hist\u00f3rico<\/strong><br \/>\nAtualmente a Compet\u00eancia da sanidade pesqueira e aqu\u00edcola\u00a0 \u00e9 conferida ao Minist\u00e9rio da Agricultura e Pecu\u00e1ria \u2013 MAPA. No estado de Santa Catarina o \u00f3rg\u00e3o respons\u00e1vel por executar as atividades de Defesa Sanit\u00e1ria Animal \u00e9 a Companhia Integrada de Desenvolvimento Agr\u00edcola de Santa Catarina \u2013 CIDASC.<\/p>\n<p><a title=\"Legisla\u00e7\u00e3o\" href=\"\/defesasanitariaanimal\/programas\/sanidade-dos-animais-aquaticos\/legislacao\/\">Legisla\u00e7\u00e3o<\/a><\/p>\n<p><a title=\"Documentos e Formul\u00e1rios\" href=\"\/defesasanitariaanimal\/programas\/sanidade-dos-animais-aquaticos\/documentos-e-formularios\/\">Documentos e Formul\u00e1rios<\/a><\/p>\n","protected":false},"excerpt":{"rendered":"<p>Respons\u00e1vel: Pedro Mansur Sesterhenn Tel.: (48)3665-7178 E-mail: pnsaa@cidasc.sc.gov.br Objetivo O estado de Santa Catarina se destaca na produ\u00e7\u00e3o de animais aqu\u00e1ticos principalmente na cria\u00e7\u00e3o de moluscos bivalves. Setores como a ranicultura, carcinicultura e a piscicultura tamb\u00e9m possuem import\u00e2ncia significativa para a economia do estado. Dessa forma, atividades que visam proteger e manter a condi\u00e7\u00e3o sanit\u00e1ria[&#8230;] <a class=\"moretag\" href=\"https:\/\/www.cidasc.sc.gov.br\/defesasanitariaanimal\/programas\/sanidade-dos-animais-aquaticos\/\">Leia mais&#8230;<\/a><\/p>\n","protected":false},"author":12,"featured_media":0,"parent":28,"menu_order":0,"comment_status":"open","ping_status":"closed","template":"","meta":{"footnotes":""},"class_list":["post-63","page","type-page","status-publish","hentry"],"_links":{"self":[{"href":"https:\/\/www.cidasc.sc.gov.br\/defesasanitariaanimal\/wp-json\/wp\/v2\/pages\/63","targetHints":{"allow":["GET"]}}],"collection":[{"href":"https:\/\/www.cidasc.sc.gov.br\/defesasanitariaanimal\/wp-json\/wp\/v2\/pages"}],"about":[{"href":"https:\/\/www.cidasc.sc.gov.br\/defesasanitariaanimal\/wp-json\/wp\/v2\/types\/page"}],"author":[{"embeddable":true,"href":"https:\/\/www.cidasc.sc.gov.br\/defesasanitariaanimal\/wp-json\/wp\/v2\/users\/12"}],"replies":[{"embeddable":true,"href":"https:\/\/www.cidasc.sc.gov.br\/defesasanitariaanimal\/wp-json\/wp\/v2\/comments?post=63"}],"version-history":[{"count":14,"href":"https:\/\/www.cidasc.sc.gov.br\/defesasanitariaanimal\/wp-json\/wp\/v2\/pages\/63\/revisions"}],"predecessor-version":[{"id":18212,"href":"https:\/\/www.cidasc.sc.gov.br\/defesasanitariaanimal\/wp-json\/wp\/v2\/pages\/63\/revisions\/18212"}],"up":[{"embeddable":true,"href":"https:\/\/www.cidasc.sc.gov.br\/defesasanitariaanimal\/wp-json\/wp\/v2\/pages\/28"}],"wp:attachment":[{"href":"https:\/\/www.cidasc.sc.gov.br\/defesasanitariaanimal\/wp-json\/wp\/v2\/media?parent=63"}],"curies":[{"name":"wp","href":"https:\/\/api.w.org\/{rel}","templated":true}]}}