{"id":57,"date":"2012-08-29T00:06:38","date_gmt":"2012-08-29T00:06:38","guid":{"rendered":"http:\/\/ObjetivoDiantedaimport\u00e2nciaecon\u00f4mica,socialeculturaldasuinoculturacatarinense,comointuitodecontrolare\/oumaximizarganhosecon\u00f4micospossibilitadospelaprodu\u00e7\u00e3odesu\u00ednos(Susscrofadomesticus),bemcomodemitigarosr"},"modified":"2025-11-24T12:39:20","modified_gmt":"2025-11-24T12:39:20","slug":"sanidade-suidea","status":"publish","type":"page","link":"https:\/\/www.cidasc.sc.gov.br\/defesasanitariaanimal\/programas\/sanidade-suidea\/","title":{"rendered":"Sanidade Su\u00eddea"},"content":{"rendered":"<p><strong><br \/>\nRespons\u00e1veis:<\/strong><\/p>\n<p><strong>Sabrina Tavares<\/strong> &#8211; CRMV\/SC: 2950<\/p>\n<p><strong>Auxiliar Administrativo<\/strong><\/p>\n<p>Mariana Izabel Schvambach<\/p>\n<p>Matheus Moreira Rocha (suporte)<\/p>\n<p>Tel.: (48)3665-7053<br \/>\nE-mail: sanidadesuidea@cidasc.sc.gov.br<\/p>\n<p><strong>Objetivo<\/strong><br \/>\nDiante da import\u00e2ncia econ\u00f4mica, social e cultural da suinocultura catarinense, com o intuito de controlar e\/ou maximizar ganhos econ\u00f4micos possibilitados pela produ\u00e7\u00e3o de su\u00ednos (Sus scrofa domesticus), bem como de mitigar os riscos de transmiss\u00e3o de doen\u00e7as relevantes para o setor produtivo su\u00ednocola e para a sa\u00fade da popula\u00e7\u00e3o, a Companhia Integrada de Desenvolvimento Agr\u00edcola de Santa Catarina (CIDASC) executa a prote\u00e7\u00e3o deste rebanho baseada nas diretrizes estabelecidas pela OIE (Organiza\u00e7\u00e3o Mundial de Sa\u00fade Animal) e determinadas pelo Minist\u00e9rio da Agricultura, Pecu\u00e1ria e Abastecimento (MAPA), atrav\u00e9s do Departamento de Sa\u00fade Animal.<\/p>\n<p>Dentre as principais a\u00e7\u00f5es desenvolvidas pelo Programa, encontram-se:<\/p>\n<ul>\n<li>A de realizar atividades de vigil\u00e2ncia, profilaxia, controle e erradica\u00e7\u00e3o das principais doen\u00e7as que afetam os plant\u00e9is suin\u00edcolas do Estado;<\/li>\n<li>Executar fiscaliza\u00e7\u00f5es e supervis\u00f5es t\u00e9cnicas nos estabelecimentos de produ\u00e7\u00e3o e reprodu\u00e7\u00e3o de su\u00eddeos;<\/li>\n<li>Elaborar e propor atualiza\u00e7\u00e3o de normas e procedimentos t\u00e9cnicos;<\/li>\n<li>Realizar estudos epidemiol\u00f3gicos com o objetivo de criar ou manter zonas livres de enfermidades;<\/li>\n<li>Vigiar e controlar as demais doen\u00e7as e s\u00edndromes que possam afetar a produtividade do plantel nacional de su\u00eddeos e a sa\u00fade p\u00fablica;<\/li>\n<li>Garantir a sa\u00fade dos su\u00eddeos em toda a cadeia produtiva e o controle higi\u00eanico e sanit\u00e1rio dos plant\u00e9is.<\/li>\n<\/ul>\n<p><a href=\"\/defesasanitariaanimal\/programas\/sanidade-suidea\/historico\/\">Hist\u00f3rico<\/a><\/p>\n<p><a title=\"Sanidade Su\u00eddea \u2013 Legisla\u00e7\u00e3o\" href=\"http:\/\/www.cidasc.sc.gov.br\/defesasanitariaanimal\/programas\/sanidade-suidea\/legislacao\/\">Legisla\u00e7\u00e3o<\/a><\/p>\n<p><a title=\"Sanidade Su\u00eddea \u2013 Links \u00dateis\" href=\"http:\/\/www.cidasc.sc.gov.br\/defesasanitariaanimal\/sanidade-suidea-links-uteis\/\">Links \u00fateis<\/a><\/p>\n<p><a href=\"http:\/\/www.cidasc.sc.gov.br\/defesasanitariaanimal\/2022\/02\/10\/sanidade-suidea-na-midia\/\">Sanidade Su\u00eddea na m\u00eddia<\/a><\/p>\n","protected":false},"excerpt":{"rendered":"<p>Respons\u00e1veis: Sabrina Tavares &#8211; CRMV\/SC: 2950 Auxiliar Administrativo Mariana Izabel Schvambach Matheus Moreira Rocha (suporte) Tel.: (48)3665-7053 E-mail: sanidadesuidea@cidasc.sc.gov.br Objetivo Diante da import\u00e2ncia econ\u00f4mica, social e cultural da suinocultura catarinense, com o intuito de controlar e\/ou maximizar ganhos econ\u00f4micos possibilitados pela produ\u00e7\u00e3o de su\u00ednos (Sus scrofa domesticus), bem como de mitigar os riscos de transmiss\u00e3o[&#8230;] <a class=\"moretag\" href=\"https:\/\/www.cidasc.sc.gov.br\/defesasanitariaanimal\/programas\/sanidade-suidea\/\">Leia mais&#8230;<\/a><\/p>\n","protected":false},"author":12,"featured_media":0,"parent":28,"menu_order":0,"comment_status":"open","ping_status":"closed","template":"","meta":{"footnotes":""},"class_list":["post-57","page","type-page","status-publish","hentry"],"_links":{"self":[{"href":"https:\/\/www.cidasc.sc.gov.br\/defesasanitariaanimal\/wp-json\/wp\/v2\/pages\/57","targetHints":{"allow":["GET"]}}],"collection":[{"href":"https:\/\/www.cidasc.sc.gov.br\/defesasanitariaanimal\/wp-json\/wp\/v2\/pages"}],"about":[{"href":"https:\/\/www.cidasc.sc.gov.br\/defesasanitariaanimal\/wp-json\/wp\/v2\/types\/page"}],"author":[{"embeddable":true,"href":"https:\/\/www.cidasc.sc.gov.br\/defesasanitariaanimal\/wp-json\/wp\/v2\/users\/12"}],"replies":[{"embeddable":true,"href":"https:\/\/www.cidasc.sc.gov.br\/defesasanitariaanimal\/wp-json\/wp\/v2\/comments?post=57"}],"version-history":[{"count":26,"href":"https:\/\/www.cidasc.sc.gov.br\/defesasanitariaanimal\/wp-json\/wp\/v2\/pages\/57\/revisions"}],"predecessor-version":[{"id":33733,"href":"https:\/\/www.cidasc.sc.gov.br\/defesasanitariaanimal\/wp-json\/wp\/v2\/pages\/57\/revisions\/33733"}],"up":[{"embeddable":true,"href":"https:\/\/www.cidasc.sc.gov.br\/defesasanitariaanimal\/wp-json\/wp\/v2\/pages\/28"}],"wp:attachment":[{"href":"https:\/\/www.cidasc.sc.gov.br\/defesasanitariaanimal\/wp-json\/wp\/v2\/media?parent=57"}],"curies":[{"name":"wp","href":"https:\/\/api.w.org\/{rel}","templated":true}]}}