{"id":513,"date":"2012-10-23T17:57:47","date_gmt":"2012-10-23T17:57:47","guid":{"rendered":"http:\/\/Laborat\u00f3riodePesquisaeMonitoramentodeAlgasNocivaseFicotoxinasIFSC\/Itaja\u00edMonitoramentodeAlgasNocivas"},"modified":"2026-04-16T18:19:37","modified_gmt":"2026-04-16T18:19:37","slug":"monitoramento-de-algas-nocivas","status":"publish","type":"page","link":"https:\/\/www.cidasc.sc.gov.br\/defesasanitariaanimal\/monitoramento-de-algas-nocivas\/","title":{"rendered":"Resultado do Monitoramento de Algas Nocivas e Ficotoxinas em Moluscos Bivalves"},"content":{"rendered":"<p><strong style=\"font-size: inherit\">MAPA DE SITUA\u00c7\u00c3O FICOTOXINAS &#8211; 16\/04\/2026<\/strong><\/p>\n<p>\u00a0 \u00a0 \u00a0 \u00a0 \u00a0 \u00a0 \u00a0 \u00a0 <a href=\"https:\/\/www.cidasc.sc.gov.br\/defesasanitariaanimal\/files\/2025\/07\/FICOTOXINAS-OSTRA-26-06-2025-2-2-1-1-1-1.png\">\u00a0 \u00a0\u00a0<\/a> <a href=\"https:\/\/www.cidasc.sc.gov.br\/defesasanitariaanimal\/files\/2025\/07\/FICOTOXINAS-OSTRA-26-06-2025-2.png\">\u00a0<\/a>\u00a0 <a href=\"https:\/\/www.cidasc.sc.gov.br\/defesasanitariaanimal\/files\/2026\/04\/MEXILHAO-16-04-2026-1-1.jpeg\"><img loading=\"lazy\" decoding=\"async\" class=\"alignnone  wp-image-35147\" src=\"https:\/\/www.cidasc.sc.gov.br\/defesasanitariaanimal\/files\/2026\/04\/MEXILHAO-16-04-2026-1-1-245x300.jpeg\" alt=\"\" width=\"258\" height=\"316\" srcset=\"https:\/\/www.cidasc.sc.gov.br\/defesasanitariaanimal\/files\/2026\/04\/MEXILHAO-16-04-2026-1-1-245x300.jpeg 245w, https:\/\/www.cidasc.sc.gov.br\/defesasanitariaanimal\/files\/2026\/04\/MEXILHAO-16-04-2026-1-1-250x306.jpeg 250w, https:\/\/www.cidasc.sc.gov.br\/defesasanitariaanimal\/files\/2026\/04\/MEXILHAO-16-04-2026-1-1-222x272.jpeg 222w, https:\/\/www.cidasc.sc.gov.br\/defesasanitariaanimal\/files\/2026\/04\/MEXILHAO-16-04-2026-1-1-100x123.jpeg 100w, https:\/\/www.cidasc.sc.gov.br\/defesasanitariaanimal\/files\/2026\/04\/MEXILHAO-16-04-2026-1-1.jpeg 768w\" sizes=\"auto, (max-width: 258px) 100vw, 258px\" \/><\/a> <a href=\"https:\/\/www.cidasc.sc.gov.br\/defesasanitariaanimal\/files\/2026\/04\/OSTRA-16-04-2026-1.jpeg\"><img loading=\"lazy\" decoding=\"async\" class=\"alignnone  wp-image-35148\" src=\"https:\/\/www.cidasc.sc.gov.br\/defesasanitariaanimal\/files\/2026\/04\/OSTRA-16-04-2026-1-245x300.jpeg\" alt=\"\" width=\"257\" height=\"314\" srcset=\"https:\/\/www.cidasc.sc.gov.br\/defesasanitariaanimal\/files\/2026\/04\/OSTRA-16-04-2026-1-245x300.jpeg 245w, https:\/\/www.cidasc.sc.gov.br\/defesasanitariaanimal\/files\/2026\/04\/OSTRA-16-04-2026-1-250x306.jpeg 250w, https:\/\/www.cidasc.sc.gov.br\/defesasanitariaanimal\/files\/2026\/04\/OSTRA-16-04-2026-1-222x272.jpeg 222w, https:\/\/www.cidasc.sc.gov.br\/defesasanitariaanimal\/files\/2026\/04\/OSTRA-16-04-2026-1-100x123.jpeg 100w, https:\/\/www.cidasc.sc.gov.br\/defesasanitariaanimal\/files\/2026\/04\/OSTRA-16-04-2026-1.jpeg 768w\" sizes=\"auto, (max-width: 257px) 100vw, 257px\" \/><\/a>\u00a0 \u00a0 \u00a0<\/p>\n<p><a href=\"http:\/\/www.cidasc.sc.gov.br\/defesasanitariaanimal\/files\/2024\/07\/Nota-Tecnica-Conjunta-no-004.2024-CIDASC-SAR.pdf\">Nota Te\u0301cnica Conjunta n\u00ba 004.2024 CIDASC-SAR<\/a><\/p>\n<p><a href=\"http:\/\/www.cidasc.sc.gov.br\/defesasanitariaanimal\/monitoramento-de-algas-nocivas\/nota-tecnica-conjunta-no-001-2022-didag-ddea-divs-toxina-acico-ocadaico\/\" rel=\"attachment wp-att-22632\">Nota T\u00e9cnica Conjunta n\u00ba 001-2022 DIDAG-DDEA-DIVS &#8211; toxina \u00e1cido ocadaico<\/a><\/p>\n<p><strong>NOTA T\u00c9CNICA CIDASC INTERDI\u00c7\u00c3O PSP<\/strong><\/p>\n<p><span style=\"color: #ff0000\"><a style=\"color: #ff0000\" href=\"http:\/\/www.cidasc.sc.gov.br\/defesasanitariaanimal\/files\/2018\/09\/Nota-t\u00e9cnica-03-06-09-2018-.pdf\">Nota t\u00e9cnica 03 06 09 2018<\/a><\/span><\/p>\n<p><a href=\"http:\/\/www.cidasc.sc.gov.br\/defesasanitariaanimal\/files\/2012\/10\/NOTA-T\u00c9CNICA-004-FICOTOXINA_2017.pdf\">NOTA T\u00c9CNICA 004 FICOTOXINA_2017<\/a><\/p>\n<p><a href=\"http:\/\/www.cidasc.sc.gov.br\/defesasanitariaanimal\/files\/2012\/10\/NOTA-T\u00c9CNICA-003-FICOTOXINA_2017-1.pdf\">NOTA T\u00c9CNICA 003 FICOTOXINA_2017 (1)\u00a0<\/a><\/p>\n<p><a href=\"http:\/\/www.cidasc.sc.gov.br\/defesasanitariaanimal\/files\/2012\/10\/NOTA-T\u00c9CNICA-FICOTOXINA_2017-pdf.pdf\">NOTA T\u00c9CNICA FICOTOXINA_2017 pdf<\/a><\/p>\n<p><strong>RELEASE IFSC SOBRE A PRESEN\u00c7A DA FICOTOXINA PSP<\/strong><\/p>\n<p><a href=\"http:\/\/www.cidasc.sc.gov.br\/defesasanitariaanimal\/files\/2012\/10\/nota-alexandrium.pdf\">nota alexandrium<\/a><\/p>\n<p><a href=\"https:\/\/www.cidasc.sc.gov.br\/defesasanitariaanimal\/resultado-do-monitoramento-de-algas-nocivas-e-ficotoxinas-em-moluscos-bivalves-2026\/\">Resultado do Monitoramento de Algas Nocivas e Ficotoxinas em Moluscos Bivalves &#8211; 2026<\/a><\/p>\n<p><a href=\"https:\/\/www.cidasc.sc.gov.br\/defesasanitariaanimal\/resultado-do-monitoramento-de-algas-nocivas-e-ficotoxinas-em-moluscos-bivalves-2025\/\">Resultado do Monitoramento de Algas Nocivas e Ficotoxinas em Moluscos Bivalves &#8211; 2025<\/a><\/p>\n<p><a href=\"https:\/\/www.cidasc.sc.gov.br\/defesasanitariaanimal\/resultado-do-monitoramento-de-algas-nocivas-e-ficotoxinas-em-moluscos-bivalves-2024\/\">Resultado do Monitoramento de Algas Nocivas e Ficotoxinas em Moluscos Bivalves &#8211; 2024<\/a><\/p>\n<p><a href=\"https:\/\/www.cidasc.sc.gov.br\/defesasanitariaanimal\/resultado-do-monitoramento-de-algas-nocivas-e-ficotoxinas-em-moluscos-bivalves-2023\/\">Resultado do Monitoramento de Algas Nocivas e Ficotoxinas em Moluscos Bivalves &#8211; 2023<\/a><\/p>\n<p><a href=\"http:\/\/www.cidasc.sc.gov.br\/defesasanitariaanimal\/resultado-do-monitoramento-de-algas-toxicas-e-ficotoxinas-2022\/\">Resultado do Monitoramento de Algas Nocivas e Ficotoxinas em Moluscos Bivalves \u2013 2022<\/a><\/p>\n<p><a href=\"http:\/\/www.cidasc.sc.gov.br\/defesasanitariaanimal\/resultado-do-monitoramento-de-algas-nocivas-e-ficotoxinas-em-moluscos-bivalves-2021-2\/\">Resultado do Monitoramento de Algas Nocivas e Ficotoxinas em Moluscos Bivalves &#8211; 2021<\/a><\/p>\n<p style=\"text-align: left\"><a href=\"http:\/\/www.cidasc.sc.gov.br\/defesasanitariaanimal\/resultado-do-monitoramento-de-algas-nocivas-e-ficotoxinas-em-moluscos-bivalves-2020\/\">Resultado do Monitoramento de Algas Nocivas e Ficotoxinas em Moluscos Bivalves &#8211; 2020<\/a><\/p>\n<p><a href=\"http:\/\/www.cidasc.sc.gov.br\/defesasanitariaanimal\/resultado-do-monitoramento-de-algas-nocivas-e-ficotoxinas-em-moluscos-bivalves-2019\/\">Resultado do Monitoramento de Algas Nocivas e ficotoxinas em Moluscos Bivalves &#8211; 2019 <\/a><\/p>\n<p style=\"text-align: left\"><a href=\"http:\/\/www.cidasc.sc.gov.br\/defesasanitariaanimal\/principal\/resultado-do-monitoramento-de-algas-nocivas-e-ficotoxinas-em-moluscos-bivalves-2018\/\">Resultado do Monitoramento de Algas Nocivas e ficotoxinas em Moluscos Bivalves &#8211; 2018<\/a><br \/><a href=\"http:\/\/www.cidasc.sc.gov.br\/defesasanitariaanimal\/resultado-do-monitoramento-de-algas-nocivas-e-ficotoxinas-em-moluscos-bivalves-2017\/\">Resultado do Monitoramento de Algas Nocivas e ficotoxinas em Moluscos Bivalves &#8211; 2017<\/a><br \/><a href=\"http:\/\/www.cidasc.sc.gov.br\/defesasanitariaanimal\/resultado-do-monitoramento-de-algas-nocivas-e-ficotoxinas-em-moluscos-bivalves-2016\/\">Resultado do Monitoramento de Algas Nocivas e ficotoxinas em Moluscos Bivalves &#8211; 2016<\/a><br \/><a href=\"http:\/\/www.cidasc.sc.gov.br\/defesasanitariaanimal\/resultado-do-monitoramento-de-algas-nocivas-e-ficotoxinas-em-moluscos-bivalves-2015\/\">Resultado do Monitoramento de Algas Nocivas e ficotoxinas em Moluscos Bivalves &#8211; 2015<\/a><br \/><a href=\"http:\/\/www.cidasc.sc.gov.br\/defesasanitariaanimal\/resultado-do-monitoramento-de-algas-nocivas-e-ficotoxinas-em-moluscos-bivalves-2014\/\">Resultado do Monitoramento de Algas Nocivas e ficotoxinas em Moluscos Bivalves &#8211; 2014<\/a><br \/><a href=\"http:\/\/www.cidasc.sc.gov.br\/defesasanitariaanimal\/resultado-do-monitoramento-de-algas-nocivas-e-ficotoxinas-em-moluscos-bivalves-2013\/\">Resultado do Monitoramento de Algas Nocivas e ficotoxinas em Moluscos Bivalves &#8211; 2013<\/a><\/p>\n\n<ul class=\"wp-block-archives-list wp-block-archives\">\t<li><a href='https:\/\/www.cidasc.sc.gov.br\/defesasanitariaanimal\/2023\/10\/'>outubro 2023<\/a><\/li>\n\t<li><a href='https:\/\/www.cidasc.sc.gov.br\/defesasanitariaanimal\/2023\/08\/'>agosto 2023<\/a><\/li>\n\t<li><a href='https:\/\/www.cidasc.sc.gov.br\/defesasanitariaanimal\/2022\/02\/'>fevereiro 2022<\/a><\/li>\n<\/ul>\n\n<ul class=\"wp-block-archives-list wp-block-archives\">\t<li><a href='https:\/\/www.cidasc.sc.gov.br\/defesasanitariaanimal\/2023\/10\/'>outubro 2023<\/a><\/li>\n\t<li><a href='https:\/\/www.cidasc.sc.gov.br\/defesasanitariaanimal\/2023\/08\/'>agosto 2023<\/a><\/li>\n\t<li><a href='https:\/\/www.cidasc.sc.gov.br\/defesasanitariaanimal\/2022\/02\/'>fevereiro 2022<\/a><\/li>\n<\/ul>","protected":false},"excerpt":{"rendered":"<p>MAPA DE SITUA\u00c7\u00c3O FICOTOXINAS &#8211; 16\/04\/2026 \u00a0 \u00a0 \u00a0 \u00a0 \u00a0 \u00a0 \u00a0 \u00a0 \u00a0 \u00a0\u00a0 \u00a0\u00a0 \u00a0 \u00a0 \u00a0 Nota Te\u0301cnica Conjunta n\u00ba 004.2024 CIDASC-SAR Nota T\u00e9cnica Conjunta n\u00ba 001-2022 DIDAG-DDEA-DIVS &#8211; toxina \u00e1cido ocadaico NOTA T\u00c9CNICA CIDASC INTERDI\u00c7\u00c3O PSP Nota t\u00e9cnica 03 06 09 2018 NOTA T\u00c9CNICA 004 FICOTOXINA_2017 NOTA T\u00c9CNICA 003 FICOTOXINA_2017[&#8230;] <a class=\"moretag\" href=\"https:\/\/www.cidasc.sc.gov.br\/defesasanitariaanimal\/monitoramento-de-algas-nocivas\/\">Leia mais&#8230;<\/a><\/p>\n","protected":false},"author":12,"featured_media":0,"parent":0,"menu_order":0,"comment_status":"closed","ping_status":"closed","template":"","meta":{"footnotes":""},"class_list":["post-513","page","type-page","status-publish","hentry"],"_links":{"self":[{"href":"https:\/\/www.cidasc.sc.gov.br\/defesasanitariaanimal\/wp-json\/wp\/v2\/pages\/513","targetHints":{"allow":["GET"]}}],"collection":[{"href":"https:\/\/www.cidasc.sc.gov.br\/defesasanitariaanimal\/wp-json\/wp\/v2\/pages"}],"about":[{"href":"https:\/\/www.cidasc.sc.gov.br\/defesasanitariaanimal\/wp-json\/wp\/v2\/types\/page"}],"author":[{"embeddable":true,"href":"https:\/\/www.cidasc.sc.gov.br\/defesasanitariaanimal\/wp-json\/wp\/v2\/users\/12"}],"replies":[{"embeddable":true,"href":"https:\/\/www.cidasc.sc.gov.br\/defesasanitariaanimal\/wp-json\/wp\/v2\/comments?post=513"}],"version-history":[{"count":1188,"href":"https:\/\/www.cidasc.sc.gov.br\/defesasanitariaanimal\/wp-json\/wp\/v2\/pages\/513\/revisions"}],"predecessor-version":[{"id":35150,"href":"https:\/\/www.cidasc.sc.gov.br\/defesasanitariaanimal\/wp-json\/wp\/v2\/pages\/513\/revisions\/35150"}],"wp:attachment":[{"href":"https:\/\/www.cidasc.sc.gov.br\/defesasanitariaanimal\/wp-json\/wp\/v2\/media?parent=513"}],"curies":[{"name":"wp","href":"https:\/\/api.w.org\/{rel}","templated":true}]}}