{"id":51,"date":"2012-08-29T00:06:03","date_gmt":"2012-08-29T00:06:03","guid":{"rendered":""},"modified":"2022-11-30T11:21:06","modified_gmt":"2022-11-30T11:21:06","slug":"controle-da-raiva-e-vigilancia-para-encefalopatias-transmissiveis","status":"publish","type":"page","link":"https:\/\/www.cidasc.sc.gov.br\/defesasanitariaanimal\/programas\/controle-da-raiva-e-vigilancia-para-encefalopatias-transmissiveis\/","title":{"rendered":"Controle da Raiva e Vigil\u00e2ncia para Encefalopatias Transmiss\u00edveis"},"content":{"rendered":"<p><strong><br \/>\nRespons\u00e1vel:<\/strong><\/p>\n<p><strong>F\u00e1bio de Carvalho Ferreira<\/strong><br \/>\nTel.: (48) 3665-7043<br \/>\nE-mail: fcferreira@cidasc.sc.gov.br<\/p>\n<p><strong>PNCRH &#8211; Legisla\u00e7\u00e3o<\/strong><\/p>\n<p><a href=\"http:\/\/www.cidasc.sc.gov.br\/defesasanitariaanimal\/files\/2012\/08\/IS_10_2017_DEDSA_PNCRH.pdf\">Instru\u00e7\u00e3o de Servi\u00e7o n\u00ba 10\/2017 DEDSA<\/a><\/p>\n<p><a href=\"http:\/\/www.cidasc.sc.gov.br\/defesasanitariaanimal\/programas\/controle-da-raiva-e-vigilancia-para-encefalopatias-transmissiveis\/instrucao-normativa-41-de-19-de-junho-de-2020\/\">Instru\u00e7\u00e3o Normativa n\u00b0 41, de 19 de junho de 2020.<\/a><\/p>\n<p><a href=\"http:\/\/www.cidasc.sc.gov.br\/defesasanitariaanimal\/files\/2019\/03\/IN-05-2002-atualizada-1.pdf\">Instru\u00e7\u00e3o Normativa n\u00ba 05\/2002<\/a><\/p>\n<p><a href=\"http:\/\/www.cidasc.sc.gov.br\/defesasanitariaanimal\/files\/2019\/03\/IN-15-02_04_2008_Proced-Scrapie-1.pdf\">Instru\u00e7\u00e3o Normativa n\u00ba 15\/2008<\/a><\/p>\n<p><a href=\"http:\/\/www.cidasc.sc.gov.br\/defesasanitariaanimal\/files\/2019\/03\/IN-15-02_04_2008_AnexoI_Proced-Scrapie.pdf\">Instru\u00e7\u00e3o Normativa n\u00ba 15\/2008 &#8211; Anexo I &#8211; Procedimentos para a atua\u00e7\u00e3o em caso de suspeita ou ocorr\u00eancia de paraplexia enzo\u00f3tica dos Ovinos (SCRAPIE)<\/a><\/p>\n<p><a href=\"http:\/\/www.cidasc.sc.gov.br\/defesasanitariaanimal\/files\/2019\/03\/IN-15-02_04_2008_AnexoII_TermoRespScrapie.pdf\">Instru\u00e7\u00e3o Normativa n\u00ba 15\/2008 &#8211; Anexo II &#8211; Termo de Responsabilidade<\/a><\/p>\n<p><a href=\"http:\/\/www.cidasc.sc.gov.br\/defesasanitariaanimal\/files\/2019\/03\/IN-15-02_04_2008_AnexoIII_QuestEpidemScrapie.pdf\">Instru\u00e7\u00e3o Normativa n\u00ba 15\/2008 &#8211; Anexo III &#8211; Question\u00e1rio de Investiga\u00e7\u00e3o Epidemiol\u00f3gica<\/a><\/p>\n<p><a href=\"http:\/\/www.cidasc.sc.gov.br\/defesasanitariaanimal\/files\/2019\/03\/IN-31-2014-vigil-DNerv.pdf\">Instru\u00e7\u00e3o Normativa n\u00ba 31\/2014<\/a><\/p>\n<p><a href=\"http:\/\/www.cidasc.sc.gov.br\/defesasanitariaanimal\/files\/2019\/03\/IN-141-IBAMA-Controle.pdf\">Instru\u00e7\u00e3o Normativa IBAMA n\u00ba 141\/2006<\/a><\/p>\n<p><a href=\"http:\/\/www.cidasc.sc.gov.br\/defesasanitariaanimal\/files\/2019\/03\/IS-001_2011_GEDSA_Pr\u00e9-exposicional.pdf\">Instru\u00e7\u00e3o de Servi\u00e7o n\u00ba 001\/2011 &#8211; GEDSA<\/a><\/p>\n<p><strong>PNEEB &#8211; Legisla\u00e7\u00e3o<\/strong><\/p>\n<p><a href=\"http:\/\/www.cidasc.sc.gov.br\/defesasanitariaanimal\/files\/2019\/03\/IN_01_2105_altera-IN_08.pdf\">Instru\u00e7\u00e3o Normativa n\u00ba 001\/2015<\/a><\/p>\n<p><a href=\"http:\/\/www.cidasc.sc.gov.br\/defesasanitariaanimal\/files\/2019\/03\/IN_08_-Proibi\u00e7\u00e3o-do-uso-de-ProtOA-para-ruminantes.pdf\">Instru\u00e7\u00e3o Normativa 008\/2004 &#8211; Proibi\u00e7\u00e3o do uso de Produtos de Origem Animal para ruminantes<\/a><\/p>\n<p><a href=\"http:\/\/www.cidasc.sc.gov.br\/defesasanitariaanimal\/programas\/controle-da-raiva-e-vigilancia-para-encefalopatias-transmissiveis\/instrucao-normativa-no-61-de-8-de-julho-de-2020-fertilizantes-organicos-art-17-destacado\/\">Instru\u00e7\u00e3o Normativa 61, de 8 de julho de 2020.<\/a><\/p>\n<p><a href=\"http:\/\/www.cidasc.sc.gov.br\/defesasanitariaanimal\/files\/2019\/03\/IN-09_2010.pdf\">Instru\u00e7\u00e3o Normativa 009\/2010<\/a><\/p>\n<p><a href=\"http:\/\/www.cidasc.sc.gov.br\/defesasanitariaanimal\/files\/2019\/03\/IN_41_Fiscaliz\u00e7a\u00e3o-alimentos-para-ruminantes.pdf\">Instru\u00e7\u00e3o Normativa 041\/2009 &#8211; Fiscaliza\u00e7\u00e3o de alimentos para ruminantes<\/a><\/p>\n<p><a href=\"http:\/\/www.cidasc.sc.gov.br\/defesasanitariaanimal\/files\/2019\/03\/IN_42_Altera-IN_41.pdf\">Instru\u00e7\u00e3o Normativa n\u00ba 042\/2011<\/a><\/p>\n<p><a href=\"http:\/\/www.cidasc.sc.gov.br\/defesasanitariaanimal\/files\/2019\/03\/IN_44_Instiui-PNEEB.pdf\">Instru\u00e7\u00e3o Normativa 044\/2013 &#8211; Institui\u00e7\u00e3o do Programa Nacional de Preven\u00e7\u00e3o e Vigil\u00e2ncia da Encefalopatia Espongiforme Bovina &#8211; PNEEB<\/a><\/p>\n<p><a href=\"http:\/\/www.cidasc.sc.gov.br\/defesasanitariaanimal\/files\/2019\/03\/IN49_2008_Categorias-de-Risco-EEB.pdf\">Instru\u00e7\u00e3o Normativa 049\/2008 &#8211; Categorias de Risco EEB<\/a><\/p>\n<p><a href=\"http:\/\/www.cidasc.sc.gov.br\/defesasanitariaanimal\/files\/2019\/03\/EEB_Colheita_Material_Ilustr.pdf\">EEB &#8211; Colheita e envio de amostras para diagn\u00f3stico morfol\u00f3gico diferencial de BSE e outras encefalopatias bovinas<\/a><\/p>\n<p><a href=\"http:\/\/www.cidasc.sc.gov.br\/defesasanitariaanimal\/files\/2019\/03\/Cartilha-t\u00e9cnica-EEB-2008.pdf\">Cartilha t\u00e9cnica &#8211; Encefalopatia Espongiforme Bovina<\/a><\/p>\n<p><a href=\"http:\/\/www.cidasc.sc.gov.br\/defesasanitariaanimal\/files\/2019\/03\/Cartilha-preven\u00e7\u00e3o-EEB-2009-produtor.pdf\">Cartilha preven\u00e7\u00e3o &#8211; Encefalopatia Espongiforme Bovinas<\/a><\/p>\n<p><a href=\"http:\/\/www.cidasc.sc.gov.br\/defesasanitariaanimal\/files\/2019\/03\/Manual-de-Colheita-de-Enc\u00e9falo-Bovino.pdf\">Manual de Colheita de Enc\u00e9falo Bovino<\/a><\/p>\n<p><a href=\"http:\/\/www.cidasc.sc.gov.br\/defesasanitariaanimal\/files\/2019\/03\/Diagn\u00f3stico-Histol\u00f3gico-EEB.pdf\">Diagn\u00f3stico Histol\u00f3gico Encefalotapia Espongiforme Bovina<\/a><\/p>\n<p><a href=\"http:\/\/www.cidasc.sc.gov.br\/defesasanitariaanimal\/files\/2019\/03\/Memo-Circular-073-crit\u00e9rios-EEB.pdf\">Memorando Circular 073\/GAB\/SDA\/2012 &#8211; Crit\u00e9rios Encefalopatia Espongiforme Bovina<\/a><\/p>\n<p><a href=\"http:\/\/www.cidasc.sc.gov.br\/defesasanitariaanimal\/files\/2019\/03\/Fax-Circular-DSA-n\u00ba-42-de-27.12.12-Tratamento-de-amostras-para-diagn\u00f3st-ico-de-Encefalopatias-Todos-SSAs-SISAsSIFISAs.pdf\">Memorando Circular n\u00ba 346GAB\/CGAL\/2012 &#8211; Novos Crit\u00e9rios para o tratamento de amostras para o diagn\u00f3stico de Encefalopatias<\/a><\/p>\n","protected":false},"excerpt":{"rendered":"<p>Respons\u00e1vel: F\u00e1bio de Carvalho Ferreira Tel.: (48) 3665-7043 E-mail: fcferreira@cidasc.sc.gov.br PNCRH &#8211; Legisla\u00e7\u00e3o Instru\u00e7\u00e3o de Servi\u00e7o n\u00ba 10\/2017 DEDSA Instru\u00e7\u00e3o Normativa n\u00b0 41, de 19 de junho de 2020. Instru\u00e7\u00e3o Normativa n\u00ba 05\/2002 Instru\u00e7\u00e3o Normativa n\u00ba 15\/2008 Instru\u00e7\u00e3o Normativa n\u00ba 15\/2008 &#8211; Anexo I &#8211; Procedimentos para a atua\u00e7\u00e3o em caso de suspeita ou ocorr\u00eancia[&#8230;] <a class=\"moretag\" href=\"https:\/\/www.cidasc.sc.gov.br\/defesasanitariaanimal\/programas\/controle-da-raiva-e-vigilancia-para-encefalopatias-transmissiveis\/\">Leia mais&#8230;<\/a><\/p>\n","protected":false},"author":12,"featured_media":0,"parent":28,"menu_order":0,"comment_status":"open","ping_status":"open","template":"","meta":{"footnotes":""},"class_list":["post-51","page","type-page","status-publish","hentry"],"_links":{"self":[{"href":"https:\/\/www.cidasc.sc.gov.br\/defesasanitariaanimal\/wp-json\/wp\/v2\/pages\/51","targetHints":{"allow":["GET"]}}],"collection":[{"href":"https:\/\/www.cidasc.sc.gov.br\/defesasanitariaanimal\/wp-json\/wp\/v2\/pages"}],"about":[{"href":"https:\/\/www.cidasc.sc.gov.br\/defesasanitariaanimal\/wp-json\/wp\/v2\/types\/page"}],"author":[{"embeddable":true,"href":"https:\/\/www.cidasc.sc.gov.br\/defesasanitariaanimal\/wp-json\/wp\/v2\/users\/12"}],"replies":[{"embeddable":true,"href":"https:\/\/www.cidasc.sc.gov.br\/defesasanitariaanimal\/wp-json\/wp\/v2\/comments?post=51"}],"version-history":[{"count":13,"href":"https:\/\/www.cidasc.sc.gov.br\/defesasanitariaanimal\/wp-json\/wp\/v2\/pages\/51\/revisions"}],"predecessor-version":[{"id":18769,"href":"https:\/\/www.cidasc.sc.gov.br\/defesasanitariaanimal\/wp-json\/wp\/v2\/pages\/51\/revisions\/18769"}],"up":[{"embeddable":true,"href":"https:\/\/www.cidasc.sc.gov.br\/defesasanitariaanimal\/wp-json\/wp\/v2\/pages\/28"}],"wp:attachment":[{"href":"https:\/\/www.cidasc.sc.gov.br\/defesasanitariaanimal\/wp-json\/wp\/v2\/media?parent=51"}],"curies":[{"name":"wp","href":"https:\/\/api.w.org\/{rel}","templated":true}]}}