{"id":476,"date":"2012-10-18T12:18:28","date_gmt":"2012-10-18T12:18:28","guid":{"rendered":"http:\/\/Instru\u00e7\u00e3odeServi\u00e7on\u00ba22,de22dedezembrode2011"},"modified":"2025-06-10T16:26:50","modified_gmt":"2025-06-10T16:26:50","slug":"sanidade-equidea-legislacao","status":"publish","type":"page","link":"https:\/\/www.cidasc.sc.gov.br\/defesasanitariaanimal\/sanidade-equidea-legislacao\/","title":{"rendered":"Sanidade Equidea &#8211; Legisla\u00e7\u00e3o"},"content":{"rendered":"\n<p class=\"has-vivid-red-color has-text-color\" style=\"font-size:18px\"><strong>Para informa\u00e7\u00f5es sobre habilita\u00e7\u00e3o para colheita de material com fins de realiza\u00e7\u00e3o de exames de mormo, contate pnse@cidasc.sc.gov.br<\/strong><\/p>\n\n\n<p><strong>Legisla\u00e7\u00e3o Estadual:<\/strong><\/p>\n<div class=\"table-responsive\"><table  style=\"width:100%; \"  class=\"easy-table easy-table-default \" >\n<thead>\r\n<tr><th ><strong>Norma<\/th>\n<th > Descri\u00e7\u00e3o<\/strong><\/th>\n<\/tr>\n<\/thead>\n<tbody>\r\n<tr><td ><a href=\"https:\/\/drive.google.com\/file\/d\/1kYbzcKHa7FfQl36LxsbBvonSAnVqHvo9\/view?usp=sharing\">POP 1.20 Registro de Exames e Vacinas de Equ\u00eddeos no Sigen+<\/a><\/td>\n<td > Orienta procedimentos de registro de exames e vacinas de equ\u00eddeos no Sigen+<\/td>\n<\/tr>\n\r\n<tr><td ><a href=\"http:\/\/www.cidasc.sc.gov.br\/defesasanitariaanimal\/files\/2012\/10\/Portaria-75-2011.pdf\">Portaria 75-2011<\/a><\/td>\n<td >Estabelece validade de exames de 180 dias para propriedades monitoradas AIE<\/td>\n<\/tr>\n\r\n<tr><td ><a href=\"http:\/\/www.cidasc.sc.gov.br\/defesasanitariaanimal\/files\/2012\/10\/Portaria-SAR-58-2016-obrigatoriedade-de-lan\u00e7ar-atestados.pdf\">Portaria SAR 58-2016 &#8211; obrigatoriedade de lan\u00e7ar atestados<\/a><\/td>\n<td > Obriga o lan\u00e7amento de exames no Sigen+ por veterin\u00e1rios aut\u00f4nomos<\/td>\n<\/tr>\n\r\n<tr><td ><a href=\"http:\/\/www.cidasc.sc.gov.br\/defesasanitariaanimal\/files\/2024\/04\/Lei-18884-de-12-de-abril-de-2024.pdf\">Lei 18884 de 12 de abril de 2024<\/a><\/td>\n<td > Altera a Lei n\u00ba 10.366 de 1997 e fixa a data de validade dos exames de Anemia Infecciosa Equina e Mormo no Estado de Santa Catarina.\u00a0\u00a0<\/td>\n<\/tr>\n<\/tbody><\/table><\/div>\n<p><strong>Legisla\u00e7\u00e3o Federal:<\/strong><\/p>\n<div class=\"table-responsive\"><table  style=\"width:100%; \"  class=\"easy-table easy-table-default \" >\n<thead>\r\n<tr><th ><strong>Norma<\/th>\n<th > Descri\u00e7\u00e3o<\/strong><\/th>\n<\/tr>\n<\/thead>\n<tbody>\r\n<tr><td ><a href=\"https:\/\/www.in.gov.br\/materia\/-\/asset_publisher\/Kujrw0TZC2Mb\/content\/id\/52002092\/do1-2018-11-27-instrucao-normativa-n-52-de-26-de-novembr\" target=\"_blank\" rel=\"noopener noreferrer\">Instru\u00e7\u00e3o Normativa n\u00ba 52 de 26 de novembro de 2018<\/a><\/td>\n<td > Ficam definidos os requisitos e crit\u00e9rios para a realiza\u00e7\u00e3o do diagn\u00f3stico de Anemia Infecciosa Equina (AIE) por meio das t\u00e9cnicas denominadas Imunodifus\u00e3o em Gel de Agar (IDGA) e ensaio imunoenzim\u00e1tico (ELISA &#8211;<em class=\"dou-em\">Enzyme-Linked Immunosorbent Assay<\/em>) a serem adotados pelos laborat\u00f3rios pertencentes \u00e0 Rede Nacional de Laborat\u00f3rios Agropecu\u00e1rios do Sistema Unificado de Aten\u00e7\u00e3o \u00e0 Sanidade Agropecu\u00e1ria (SUASA)<\/td>\n<\/tr>\n\r\n<tr><td ><a href=\"http:\/\/www.cidasc.sc.gov.br\/defesasanitariaanimal\/files\/2012\/10\/Credenciamento-Lab-AIE.pdf\">Proc. SAC\/CGAL n\u00ba 03<\/a><\/td>\n<td >diretrizes para o credenciamento de laborat\u00f3rios para o exame de Anemia Infecciosa Equ\u00edna junto ao Minist\u00e9rio da Agricultura Pecu\u00e1ria e Abastecimento \u2013 MAPA.<\/td>\n<\/tr>\n\r\n<tr><td ><a href=\"http:\/\/www.cidasc.sc.gov.br\/defesasanitariaanimal\/files\/2012\/10\/Memo-DSECOA-n\u00b0-37-2010-Esclarecimentos-sobre-testes-de-AIE1.pdf\">Memo DSECOA n\u00b0 37 2010<\/a><\/td>\n<td > Esclarecimentos sobre testes de AIE: Contra-prova e Reteste.<\/td>\n<\/tr>\n\r\n<tr><td ><a href=\"http:\/\/www.cidasc.sc.gov.br\/defesasanitariaanimal\/files\/2024\/06\/Instrucao-Noramtiva-06-de-16-de-janeiro-de-2018.pdf\">Instru\u00e7\u00e3o Normativa n\u00ba 06 de 16 de janeiro de 2018<\/a><\/td>\n<td > Diretrizes Gerais para Preven\u00e7\u00e3o Controle e Erradica\u00e7\u00e3o do Mormo com Portaria 593-2023<\/td>\n<\/tr>\n\r\n<tr><td ><a href=\"https:\/\/www.cidasc.sc.gov.br\/defesasanitariaanimal\/files\/2025\/06\/Orientacao-habilitacao-mormo-revisao-3.pdf\">Orientativo habilita\u00e7\u00e3o mormo<\/a><\/td>\n<td > Passo a passo para obten\u00e7\u00e3o de habilita\u00e7\u00e3o para colheita de material com fins de realiza\u00e7\u00e3o de exames de mormo<\/td>\n<\/tr>\n\r\n<tr><td >Lista nacional de habilitados mormo<\/td>\n<td > <a href=\"http:\/\/www.agricultura.gov.br\/assuntos\/sanidade-animal-e-vegetal\/saude-animal\/programas-de-saude-animal\/sanidade-de-equideos\">http:\/\/www.agricultura.gov.br\/assuntos\/sanidade-animal-e-vegetal\/saude-animal\/programas-de-saude-animal\/sanidade-de-equideos<\/a><\/td>\n<\/tr>\n\r\n<tr><td ><a href=\"http:\/\/www.cidasc.sc.gov.br\/defesasanitariaanimal\/programas\/vigilancia-sanitaria-animal-e-transito\/transito-e-vigilancia-legislacao\/instrucao-normativa-no-45-2004-mapa\/\" rel=\"attachment wp-att-987\">INSTRU\u00c7\u00c3O NORMATIVA N\u00ba 45 2004 MAPA<\/a><\/td>\n<td > Aprova as Normas para a Preven\u00e7\u00e3o e o Controle da Anemia Infecciosa Equ\u00edna &#8211; A.I.E.<\/td>\n<\/tr>\n\r\n<tr><td ><a href=\"http:\/\/www.cidasc.sc.gov.br\/defesasanitariaanimal\/files\/2012\/10\/IS_17-Determina\u00e7\u00e3o-da-ado\u00e7\u00e3o-de-medidas-sanit\u00e1rias-em-raz\u00e3o-da-ocorr\u00eancia-de-influenza-gripe-eq\u00fcina.1.pdf\">Instru\u00e7\u00e3o de Servi\u00e7o_DDA n\u00ba 17\/01<\/a><\/td>\n<td >Determina\u00e7\u00e3o da ado\u00e7\u00e3o de medidas sanit\u00e1rias em raz\u00e3o da ocorr\u00eancia de influenza (gripe) eq\u00fcina.<\/td>\n<\/tr>\n\r\n<tr><td ><a href=\"https:\/\/wikisda.agricultura.gov.br\/pt-br\/Sa%C3%BAde-Animal\/GTA-Equideos\">Manual GTA Equideos_20<\/a><\/td>\n<td >\u00a0Normas para emiss\u00e3o de GTA de Equ\u00eddeos<\/td>\n<\/tr>\n<\/tbody><\/table><\/div>\n<p><strong>Legisla\u00e7\u00e3o de Eventos:<\/strong><\/p>\n<div class=\"table-responsive\"><table  style=\"width:100%; \"  class=\"easy-table easy-table-default \" >\n<thead>\r\n<tr><th ><strong>Federal e Estadual<\/th>\n<th > Descri\u00e7\u00e3o<\/strong><\/th>\n<\/tr>\n<\/thead>\n<tbody>\r\n<tr><td ><a href=\"http:\/\/www.cidasc.sc.gov.br\/defesasanitariaanimal\/sanidade-equidea-legislacao\/lei-10519-dispoe-sobre-a-promocao-e-a-fiscalizacao-da-defesa-sanitaria-animal-quando-da-realizacao-de-rodeio-e-da-outras-providencias-6\/\" rel=\"attachment wp-att-17886\">LEI 10519 DE 17 DE JULHO DE 2002<\/a><\/td>\n<td > Disp\u00f5e sobre a promo\u00e7\u00e3o e a fiscaliza\u00e7\u00e3o da defesa sanit\u00e1ria animal quando da realiza\u00e7\u00e3o de rodeio.<\/td>\n<\/tr>\n\r\n<tr><td ><a href=\"http:\/\/www.cidasc.sc.gov.br\/defesasanitariaanimal\/sanidade-equidea-legislacao\/portaria-n-o-162-de-18-de-outubro-de-1994-versa-sobre-a-fiscalizacao-e-o-controle-zoossanitario-das-exposicoes-feiras-4\/\" rel=\"attachment wp-att-17889\">PORTARIA N.\u00ba 162 DE 18 DE OUTUBRO DE 1994<\/a><\/td>\n<td >Fiscaliza\u00e7\u00e3o e Controle Zoossanit\u00e1rio das Exposi\u00e7\u00f5es Feiras Leil\u00f5es e outras aglomera\u00e7\u00f5es de animais em todo territ\u00f3rio Nacional.<\/td>\n<\/tr>\n\r\n<tr><td ><a href=\"http:\/\/extranet.agricultura.gov.br\/sislegis-consulta\/consultarLegislacao.do?operacao=visualizar&amp;id=1022\" target=\"_blank\" rel=\"attachment noopener wp-att-17913 noreferrer\">PORTARIA N\u00ba 108 DE 17 DE MAR\u00c7O DE 1993<\/a><\/td>\n<td > Aprova as Normas a serem observadas para a realiza\u00e7\u00e3o de exposi\u00e7\u00f5es e feiras agropecu\u00e1rias leil\u00f5es de animais e para a forma\u00e7\u00e3o de Col\u00e9gio de Jurados das Associa\u00e7\u00f5es encarregadas da execu\u00e7\u00e3o dos Servi\u00e7os de Registro Geneal\u00f3gico.<\/td>\n<\/tr>\n\r\n<tr><td ><a href=\"http:\/\/www.cidasc.sc.gov.br\/defesasanitariaanimal\/sanidade-equidea-legislacao\/oficio-circular-no-001-2017-sar-ddea-2\/\" rel=\"attachment wp-att-17951\">Of\u00edcio Circular n\u00ba 001-2017 SAR-DDEA<\/a><\/td>\n<td > Prazo para entrega de documenta\u00e7\u00e3o para solicita\u00e7\u00e3o de eventos.<\/td>\n<\/tr>\n\r\n<tr><td ><a href=\"http:\/\/www.cidasc.sc.gov.br\/defesasanitariaanimal\/sanidade-equidea-legislacao\/is-001-pop-1-7-anexo-ii-modelo-de-solicitacao-de-autorizacao-de-evento\/\" rel=\"attachment wp-att-17288\">IS 001 POP 1.7 &#8211; ANEXO II<\/a><\/td>\n<td > Modelo de solicita\u00e7\u00e3o de autoriza\u00e7\u00e3o de evento<\/td>\n<\/tr>\n\r\n<tr><td ><a href=\"http:\/\/www.cidasc.sc.gov.br\/defesasanitariaanimal\/sanidade-equidea-legislacao\/is-001-pop-1-7-anexo-v-modelo-de-relatorio-de-eventos\/\" rel=\"attachment wp-att-17291\">IS 001 POP 1.7 &#8211; ANEXO V<\/a><\/td>\n<td > Modelo de Relat\u00f3rio de Eventos<\/td>\n<\/tr>\n\r\n<tr><td ><a href=\"http:\/\/www.cidasc.sc.gov.br\/defesasanitariaanimal\/files\/2025\/02\/Manual-de-Utilizacao-Relatorio-RT-de-Eventos-Conecta.pdf\">Manual de Utiliza\u00e7\u00e3o Relat\u00f3rio RT de Eventos Conecta<\/a><\/td>\n<td > maual de preechimento com passo a passo das telas do sistema<\/td>\n<\/tr>\n<\/tbody><\/table><\/div>\n<p><strong>Notas Informativas CESEQ:<\/strong><\/p>\n<p><a href=\"http:\/\/www.cidasc.sc.gov.br\/defesasanitariaanimal\/files\/2022\/02\/Nota-Informativa-Ceseq-Dedsa-2022.pdf\" rel=\"attachment wp-att-22568\">Nota Informativa CESEQ\/DEDSA 2022<\/a><\/p>\n\n<p><strong> Outros:<\/strong><\/p>\n<div class=\"table-responsive\"><table  style=\"width:100%; \"  class=\"easy-table easy-table-default \" >\n<thead>\r\n<tr><th ><strong>N\u00famero\/Identifica\u00e7\u00e3o<\/th>\n<th > Descri\u00e7\u00e3o<\/strong><\/th>\n<\/tr>\n<\/thead>\n<tbody>\r\n<tr><td ><a href=\"https:\/\/www.crmvsc.gov.br\/default.aspx\">CRMV\/SC<\/a> <\/td>\n<td >Manual do respons\u00e1vel T\u00e9cnico<\/td>\n<\/tr>\n\r\n<tr><td ><a href=\"http:\/\/www.cidasc.sc.gov.br\/defesasanitariaanimal\/files\/2012\/10\/Memorando-56-13-MAPA.pdf\">Memorando 56-13 MAPA<\/a><\/td>\n<td >Suspens\u00e3o de exporta\u00e7\u00f5es brasileiras de equ\u00eddeos e seu material de multiplica\u00e7\u00e3o para a Uni\u00e3o Europ\u00e9ia.<\/td>\n<\/tr>\n\r\n<tr><td ><a href=\"http:\/\/www.cidasc.sc.gov.br\/defesasanitariaanimal\/files\/2012\/10\/Memorandos-127-e-54-MAPA.pdf\">Memorandos 127 e 54 MAPA<\/a><\/td>\n<td > Requisitos relacionados ao Mormo para tr\u00e2nsito de equ\u00eddeos destinados ao abate.<\/td>\n<\/tr>\n<\/tbody><\/table><\/div>\n<p><strong>Legisla\u00e7\u00e3o Outros Estados<\/strong><br \/><div class=\"table-responsive\"><table  style=\"width:100%; \"  class=\"easy-table easy-table-default \" >\n<thead>\r\n<tr><th ><strong>N\u00famero\/Identifica\u00e7\u00e3o<\/th>\n<th > Descri\u00e7\u00e3o<\/strong><\/th>\n<\/tr>\n<\/thead>\n<tbody>\r\n<tr><td ><a href=\"http:\/\/www.adab.ba.gov.br\/servicos\/legislacao\/\">Portaria ADAB n. 83\/2023<\/a><\/td>\n<td >Estabelece regras para tr\u00e2nsito de equ\u00eddeos na Bahia. Exame negativo mormo<\/td>\n<\/tr>\n\r\n<tr><td ><a href=\"http:\/\/www.cidasc.sc.gov.br\/defesasanitariaanimal\/sanidade-equidea-legislacao\/in-06-estabelece-no-estado-de-goias-a-obrigatoriedade-do-atestado-de-vacina-contra-influenza-equina20151007135749466-2\/\" rel=\"attachment wp-att-17679\">Instru\u00e7\u00e3o Normativa Agrodefesa (GO) N\u00ba 06\/2015<\/a><\/td>\n<td > Estabelece no Estado de Goi\u00e1s a obrigatoriedade do atestado de vacina contra Influenza Equina<\/td>\n<\/tr>\n\r\n<tr><td ><a href=\"http:\/\/www.cidasc.sc.gov.br\/defesasanitariaanimal\/files\/2012\/10\/Portaria-Iagro-MS-3573-de-04-07-2017.pdf\">Portaria Iagro MS n\u00ba 3.573 de 04 de julho de 2017<\/a><\/td>\n<td > Disp\u00f5e sobre a obrigatoriedade de apresenta\u00e7\u00e3o de atestado de vacina\u00e7\u00e3o<\/td>\n<\/tr>\n\r\n<tr><td ><a href=\"http:\/\/www.cidasc.sc.gov.br\/defesasanitariaanimal\/sanidade-equidea-legislacao\/anexo-unico-atestado-de-vacinacao-contra-influenza-equina-2\/\" rel=\"attachment wp-att-17677\">ANEXO \u00daNICO &#8211; ATESTADO DE VACINA\u00c7\u00c3O CONTRA INFLUENZA EQUINA<\/a><\/td>\n<td > modelo de atestado de vacina\u00e7\u00e3o da Portaria Iagro MS n\u00ba 3.573 de 04 de julho de 2017<\/td>\n<\/tr>\n\r\n<tr><td ><a href=\"http:\/\/www.cidasc.sc.gov.br\/defesasanitariaanimal\/files\/2018\/06\/Instru\u00e7\u00e3o-Normativa-03-2018-exige-vacina-eventos.pdf\">Instru\u00e7\u00e3o Normativa 03-2018 RS<\/a><\/td>\n<td > Exig\u00eancia de vacina\u00e7\u00e3o para equ\u00eddeos participantes de eventos.<\/td>\n<\/tr>\n\r\n<tr><td ><a href=\"https:\/\/emdagro.se.gov.br\/wp-content\/uploads\/2023\/07\/zoom-29.pdf\">Portaria Emdagro SE n\u00ba 187\/2023<\/a><\/td>\n<td > exig\u00eancia de exame de mormo para participa\u00e7\u00e3o em eventos em Sergipe.<\/td>\n<\/tr>\n\r\n<tr><td ><a href=\"https:\/\/www.legisweb.com.br\/legislacao\/?id=449706#:~:text=Estabelece%20normas%20para%20o%20tr%C3%A2nsito<\/td>\n<td >previstas%20na%20Lei%20Complementar%20n%C2%BA.\">Portaria 121 Sedap<\/td>\n<td > de 13 de setembro de 2023<\/a><\/td>\n<td > Estabelece normas para o tr\u00e2nsito intraestadual e participa\u00e7\u00e3o em eventos agropecu\u00e1rios no territ\u00f3rio do estado da Para\u00edba <\/td>\n<td > no \u00e2mbito do Programa Nacional de Sanidade dos Equ\u00eddeos<\/td>\n<td > conforme a situa\u00e7\u00e3o epidemiol\u00f3gica da doen\u00e7a.<\/td>\n<\/tr>\n<\/tbody><\/table><\/div><\/p>\n<p><strong>Situa\u00e7\u00e3o das UFs em rela\u00e7\u00e3o a exig\u00eancia do teste de mormo para tr\u00e2nsito:<\/strong><\/p>\n<p><a href=\"http:\/\/www.cidasc.sc.gov.br\/defesasanitariaanimal\/files\/2025\/01\/WhatsApp-Image-2025-01-20-at-16.58.25.jpeg\"><img loading=\"lazy\" decoding=\"async\" class=\"alignnone size-full wp-image-31510\" src=\"http:\/\/www.cidasc.sc.gov.br\/defesasanitariaanimal\/files\/2025\/01\/WhatsApp-Image-2025-01-20-at-16.58.25.jpeg\" alt=\"\" width=\"1600\" height=\"1131\" \/><\/a><\/p>","protected":false},"excerpt":{"rendered":"<p>Para informa\u00e7\u00f5es sobre habilita\u00e7\u00e3o para colheita de material com fins de realiza\u00e7\u00e3o de exames de mormo, contate pnse@cidasc.sc.gov.br Legisla\u00e7\u00e3o Estadual: Legisla\u00e7\u00e3o Federal: Legisla\u00e7\u00e3o de Eventos: Notas Informativas CESEQ: Nota Informativa CESEQ\/DEDSA 2022 Outros: Legisla\u00e7\u00e3o Outros Estados Situa\u00e7\u00e3o das UFs em rela\u00e7\u00e3o a exig\u00eancia do teste de mormo para tr\u00e2nsito:<\/p>\n","protected":false},"author":12,"featured_media":0,"parent":0,"menu_order":0,"comment_status":"closed","ping_status":"open","template":"","meta":{"footnotes":""},"class_list":["post-476","page","type-page","status-publish","hentry"],"_links":{"self":[{"href":"https:\/\/www.cidasc.sc.gov.br\/defesasanitariaanimal\/wp-json\/wp\/v2\/pages\/476","targetHints":{"allow":["GET"]}}],"collection":[{"href":"https:\/\/www.cidasc.sc.gov.br\/defesasanitariaanimal\/wp-json\/wp\/v2\/pages"}],"about":[{"href":"https:\/\/www.cidasc.sc.gov.br\/defesasanitariaanimal\/wp-json\/wp\/v2\/types\/page"}],"author":[{"embeddable":true,"href":"https:\/\/www.cidasc.sc.gov.br\/defesasanitariaanimal\/wp-json\/wp\/v2\/users\/12"}],"replies":[{"embeddable":true,"href":"https:\/\/www.cidasc.sc.gov.br\/defesasanitariaanimal\/wp-json\/wp\/v2\/comments?post=476"}],"version-history":[{"count":409,"href":"https:\/\/www.cidasc.sc.gov.br\/defesasanitariaanimal\/wp-json\/wp\/v2\/pages\/476\/revisions"}],"predecessor-version":[{"id":32507,"href":"https:\/\/www.cidasc.sc.gov.br\/defesasanitariaanimal\/wp-json\/wp\/v2\/pages\/476\/revisions\/32507"}],"wp:attachment":[{"href":"https:\/\/www.cidasc.sc.gov.br\/defesasanitariaanimal\/wp-json\/wp\/v2\/media?parent=476"}],"curies":[{"name":"wp","href":"https:\/\/api.w.org\/{rel}","templated":true}]}}