{"id":47,"date":"2022-02-17T00:00:00","date_gmt":"2022-02-17T00:00:00","guid":{"rendered":""},"modified":"2022-11-30T11:42:59","modified_gmt":"2022-11-30T11:42:59","slug":"bem-esta-animal","status":"publish","type":"page","link":"https:\/\/www.cidasc.sc.gov.br\/defesasanitariaanimal\/bem-esta-animal\/","title":{"rendered":"Bem-estar Animal"},"content":{"rendered":"\n<br><\/br>\n<h4>Objetivos do programa:<h4>\n<br><\/br>\n<h4>*A\u00e7\u00f5es conjuntas com outros \u00f3rg\u00e3os para apura\u00e7\u00e3o de den\u00fancias de maus tratos, auxiliando na an\u00e1lise e na caracteriza\u00e7\u00e3o do crime.<h4>\n<h4>*Orienta\u00e7\u00f5es de boas pr\u00e1ticas de bem-estar animal por ocasi\u00e3o das fiscaliza\u00e7\u00f5es de defesa sanit\u00e1ria animal.<h4>\n<br><\/br>\n\n\n<table width=\"100%\">\n<tbody>\n<tr bgcolor=\"#00913E\">\n<td colspan=\"4\">\n<h3><strong><span style=\"color: white\">COMPILADO DE BEM-ESTAR ANIMAL &#8211; LEGISLA\u00c7\u00d5ES E DOCUMENTA\u00c7\u00d5ES COMPLEMENTARES<\/span><\/strong><\/h3>\n<\/td>\n<\/tr>\n<tr bgcolor=\"#A9F5A9\">\n<td colspan=\"4\">\n<h3><strong>Legisla\u00e7\u00f5es que contemplam o bem-estar animal<\/strong><\/h3>\n<\/td>\n<\/tr>\n<tr>\n<td colspan=\"1\" width=\"40%\"><strong>DOCUMENTO<\/strong><\/td>\n<td colspan=\"3\" width=\"60%\"><strong>DESCRI\u00c7\u00c3O<\/strong><\/td>\n<\/tr>\n<tr style=\"border: 1px solid WHITE\">\n<td style=\"border: 10px solid WHITE\" colspan=\"1\" width=\"40%\"><a href=\"http:\/\/www.cidasc.sc.gov.br\/defesasanitariaanimal\/files\/2012\/09\/MANUAL-DE-PROCEDIMENTOS-EM-SANIDADE-ANIMAL.doc\">Lei n\u00ba10.366 de 24 de janeiro de 1997<\/a><\/td>\n<td style=\"border: 10px solid WHITE\" colspan=\"3\" width=\"60%\">Disp\u00f5e sobre a fixa\u00e7\u00e3o da pol\u00edtica de defesa sanit\u00e1ria animal e adota outras provid\u00eancias.<\/td>\n<\/tr>\n<tr style=\"border: 1px solid WHITE\">\n<td style=\"border: 10px solid WHITE\" colspan=\"1\" width=\"40%\"><a href=\"http:\/\/www.planalto.gov.br\/ccivil_03\/leis\/L9605.htm\">Lei n\u00ba9.605, de 12 de fevereiro de 1998<\/a><\/td>\n<td style=\"border: 10px solid WHITE\" colspan=\"3\" width=\"60%\">Lei de crimes ambientais.<\/td>\n<\/tr>\n<tr style=\"border: 1px solid WHITE\">\n<td style=\"border: 10px solid WHITE\" colspan=\"1\" width=\"40%\"><a href=\"http:\/\/www.cidasc.sc.gov.br\/defesasanitariaanimal\/files\/2022\/06\/in-03-de-2000-Abate-humanit\u00e1rio.pdf\">Instru\u00e7\u00e3o Normativa n\u00ba03 de Janeiro de 2000<\/a><\/td>\n<td style=\"border: 10px solid WHITE\" colspan=\"3\" width=\"60%\">Regulamento T\u00e9cnico de M\u00e9todos de insensibiliza\u00e7\u00e3o para o abate humanit\u00e1rio de animais de a\u00e7ougue<\/td>\n<\/tr>\n<tr style=\"border: 1px solid WHITE\">\n<td style=\"border: 10px solid WHITE\" colspan=\"1\" width=\"40%\"><a href=\"http:\/\/www.cidasc.sc.gov.br\/defesasanitariaanimal\/files\/2019\/12\/CEBEA_LEI-N\u00ba-12.854-de-22-de-dezembro-de-2003.pdf\">Lei n\u00ba12854 de 22 de dezembro de 2003<\/a><\/td>\n<td style=\"border: 10px solid WHITE\" colspan=\"3\" width=\"60%\">Institui o C\u00f3digo Estadual de Prote\u00e7\u00e3o aos Animais.<\/td>\n<\/tr>\n<tr style=\"border: 1px solid WHITE\">\n<td style=\"border: 10px solid WHITE\" colspan=\"1\" width=\"40%\"><a href=\"http:\/\/www.cidasc.sc.gov.br\/defesasanitariaanimal\/cebea_in-56-de-2008\/\">Instru\u00e7\u00f5es Normativas n\u00ba56 de 6 de novembro de 2008<\/a><\/td>\n<td style=\"border: 10px solid WHITE\" colspan=\"3\" width=\"60%\">Estabelecer os procedimentos gerais de Recomenda\u00e7\u00f5es de Boas Pr\u00e1ticas de Bem-Estar para Animais de Produ\u00e7\u00e3o e de Interesse Econ\u00f4mico &#8211; REBEM, abrangendo os sistemas de produ\u00e7\u00e3o e o transporte<\/td>\n<\/tr>\n<tr style=\"border: 1px solid WHITE\">\n<td style=\"border: 10px solid WHITE\" colspan=\"1\" width=\"40%\"><a href=\"http:\/\/www.cidasc.sc.gov.br\/defesasanitariaanimal\/files\/2019\/11\/CEBEA_RESOLU%C3%87%C3%83O-1000-DE-11-DE-MAIO-DE-2012.pdf\">Resolu\u00e7\u00e3o n\u00ba1000 de 11 de maio de 2012<\/a><\/td>\n<td style=\"border: 10px solid WHITE\" colspan=\"3\" width=\"60%\">Disp\u00f5e sobre procedimentos e m\u00e9todos de eutan\u00e1sia em animais e d\u00e1 outras provid\u00eancias.<\/td>\n<\/tr>\n<tr style=\"border: 1px solid WHITE\">\n<td style=\"border: 10px solid WHITE\" colspan=\"1\" width=\"40%\"><a href=\"http:\/\/www.cidasc.sc.gov.br\/defesasanitariaanimal\/files\/2019\/11\/CEBEA_Guia-de-Boas-Pr%C3%A1ticas-para-Eutanasia.pdf\">Guia de Boas Pr\u00e1ticas para Eutanasia<\/a><\/td>\n<td style=\"border: 10px solid WHITE\" colspan=\"3\" width=\"60%\">Orientar, de forma consistente, os M\u00e9dicos Veterin\u00e1rios e todas as pessoas envolvidas no processo da eutan\u00e1sia em animais..<\/td>\n<\/tr>\n<tr style=\"border: 1px solid WHITE\">\n<td style=\"border: 10px solid WHITE\" colspan=\"1\" width=\"40%\"><a href=\"http:\/\/www.agricultura.gov.br\/assuntos\/sustentabilidade\/bem-estar-animal\/arquivos\/arquivos-legislacao\/DOUde26.06.2017RESOLUON675CONTRANTransportedeanimais.pdf\">Resolu\u00e7\u00e3o n\u00ba 675\/2017 CONTRAN<\/a><\/td>\n<td style=\"border: 10px solid WHITE\" colspan=\"3\" width=\"60%\">Disp\u00f5e sobre transporte de animais de produ\u00e7\u00e3o ou interesse econ\u00f4mico, esporte, lazer e exposi\u00e7\u00e3o.<\/td>\n<\/tr>\n<tr style=\"border: 1px solid WHITE\">\n<td style=\"border: 10px solid WHITE\" colspan=\"1\" width=\"40%\"><a href=\"http:\/\/www.cidasc.sc.gov.br\/defesasanitariaanimal\/files\/2019\/12\/CEBEA_RESOLU\u00c7\u00c3O-N\u00ba-1.236-DE-26-DE-OUTUBRO-DE-2018-Imprensa-Nacional.pdf\">Resolu\u00e7\u00e3o n\u00ba1.236, de 26 de outubro de 2018<\/a><\/td>\n<td style=\"border: 10px solid WHITE\" colspan=\"3\" width=\"60%\">Define e caracteriza crueldade, abuso e maus-tratos contra animais vertebrados, disp\u00f5e sobre a conduta de m\u00e9dicos veterin\u00e1rios e zootecnistas e d\u00e1 outras provid\u00eancias.<\/td>\n<\/tr>\n<tr style=\"border: 1px solid WHITE\">\n<td style=\"border: 10px solid WHITE\" colspan=\"1\" width=\"40%\"><a href=\"http:\/\/www.cidasc.sc.gov.br\/defesasanitariaanimal\/files\/2019\/11\/CEBEA_IN-46-de-28-de-agosto-de-2018.pdf\">Instru\u00e7\u00e3o Normativa n\u00ba46 de 28 de agosto de 2018<\/a><\/td>\n<td style=\"border: 10px solid WHITE\" colspan=\"3\" width=\"60%\">Estabelecer o regulamento t\u00e9cnico para exporta\u00e7\u00e3o de bovinos, bubalinos, ovinos e caprinos vivos, destinados ao abate ou \u00e0 reprodu\u00e7\u00e3o.<\/td>\n<\/tr>\n<tr bgcolor=\"#A9F5A9\">\n<td colspan=\"5\">\n<h3><strong>Manuais<\/strong><\/h3>\n<\/td>\n<\/tr>\n<tr>\n<td colspan=\"4\" width=\"100%\"><strong>DOCUMENTO<\/strong><\/td>\n<\/tr>\n<tr style=\"border: 1px solid WHITE\">\n<td style=\"border: 10px solid WHITE\" colspan=\"4\" width=\"100%\"><a href=\"http:\/\/www.cidasc.sc.gov.br\/defesasanitariaanimal\/files\/2019\/11\/CEBEA_Bezerros-ao-Nascimento.pdf\">Boas Pr\u00e1ticas de Manejo &#8211; Bezerros ao nascimento<\/a><\/td>\n<\/tr>\n<tr style=\"border: 1px solid WHITE\">\n<td style=\"border: 10px solid WHITE\" colspan=\"4\" width=\"100%\"><a href=\"http:\/\/www.cidasc.sc.gov.br\/defesasanitariaanimal\/files\/2019\/12\/CEBEA_Identifica\u00e7\u00e3o.pdf\">Boas Pr\u00e1ticas de Manejo &#8211; Identifica\u00e7\u00e3o<\/a><\/td>\n<\/tr>\n<tr style=\"border: 1px solid WHITE\">\n<td style=\"border: 10px solid WHITE\" colspan=\"4\" width=\"100%\"><a href=\"http:\/\/www.cidasc.sc.gov.br\/defesasanitariaanimal\/files\/2019\/11\/CEBEA_Ordenha.pdf\">Boas Pr\u00e1ticas de Manejo &#8211; Ordenha<\/a><\/td>\n<\/tr>\n<tr style=\"border: 1px solid WHITE\">\n<td style=\"border: 10px solid WHITE\" colspan=\"4\" width=\"100%\"><a href=\"http:\/\/www.cidasc.sc.gov.br\/defesasanitariaanimal\/files\/2019\/11\/CEBEA_Cartilha-transporte-bovinos_Mapa.pdf\">Boas Pr\u00e1ticas de Manejo &#8211; Transporte<\/a><\/td>\n<\/tr>\n<tr style=\"border: 1px solid WHITE\">\n<td style=\"border: 10px solid WHITE\" colspan=\"4\" width=\"100%\"><a href=\"http:\/\/www.cidasc.sc.gov.br\/defesasanitariaanimal\/files\/2019\/11\/CEBEA_Embarque.pdf\">Boas Pr\u00e1ticas de Manejo &#8211; Embarque<\/a><\/td>\n<\/tr>\n<tr style=\"border: 1px solid WHITE\">\n<td style=\"border: 10px solid WHITE\" colspan=\"4\" width=\"100%\"><a href=\"http:\/\/www.cidasc.sc.gov.br\/defesasanitariaanimal\/files\/2019\/11\/CEBEA_Cartilha-EMBRAPA-ABCS-MAPA-SEBRAE-bem-estar-na-granja.pdf\">Bem-estar animal na produ\u00e7\u00e3o de su\u00ednos &#8211; Toda Granja<\/a><\/td>\n<\/tr>\n<tr style=\"border: 1px solid WHITE\">\n<td style=\"border: 10px solid WHITE\" colspan=\"4\" width=\"100%\"><a href=\"http:\/\/www.cidasc.sc.gov.br\/defesasanitariaanimal\/cebea_gestaocoletivadematrizessunasv4\/\">Boas pr\u00e1ticas para o bem-estar na suinocultura &#8211; Gesta\u00e7\u00e3o coletiva de matrizes su\u00ednas<\/a><\/td>\n<\/tr>\n<tr style=\"border: 1px solid WHITE\">\n<td style=\"border: 10px solid WHITE\" colspan=\"4\" width=\"100%\"><a href=\"http:\/\/www.cidasc.sc.gov.br\/defesasanitariaanimal\/files\/2019\/11\/CEBEA_Cartilha-WAP-MAPA-sobre-gesta%C3%A7%C3%A3o-coletiva-de-matrizes-su%C3%ADnas.pdf\">Guia do produtor &#8211; Gesta\u00e7\u00e3o coletiva de matrizes su\u00ednas<\/a><\/td>\n<\/tr>\n<tr style=\"border: 1px solid WHITE\">\n<td style=\"border: 10px solid WHITE\" colspan=\"4\" width=\"100%\"><a href=\"http:\/\/www.cidasc.sc.gov.br\/defesasanitariaanimal\/files\/2019\/11\/CEBEA_Cartilha-EMBRAPA-ABCS-MAPA-SEBRAE-bem-estar-no-transporte.pdf\">Bem-estar animal na produ\u00e7\u00e3o de su\u00ednos &#8211; Transporte<\/a><\/td>\n<\/tr>\n<tr style=\"border: 1px solid WHITE\">\n<td style=\"border: 10px solid WHITE\" colspan=\"4\" width=\"100%\"><a href=\"http:\/\/www.cidasc.sc.gov.br\/defesasanitariaanimal\/files\/2019\/11\/CEBEA_Cartilha-EMBRAPA-ABCS-MAPA-SEBRAE-bem-estar-no-frigor%C3%ADfico.pdf\">Bem-estar animal na produ\u00e7\u00e3o de su\u00ednos &#8211; Frigor\u00edfico<\/a><\/td>\n<\/tr>\n<tr style=\"border: 1px solid WHITE\">\n<td style=\"border: 10px solid WHITE\" colspan=\"4\" width=\"100%\"><a href=\"http:\/\/www.cidasc.sc.gov.br\/defesasanitariaanimal\/files\/2020\/04\/CEBEA-cartilha_eutanasia-su\u00ednos-2020.pdf\">Eutan\u00e1sia de su\u00ednos em granjas<\/a><\/td>\n<\/tr>\n<tr style=\"border: 1px solid WHITE\">\n<td style=\"border: 10px solid WHITE\" colspan=\"4\" width=\"100%\"><a href=\"http:\/\/www.cidasc.sc.gov.br\/defesasanitariaanimal\/cebea_manual_boas_praticas_digital\/\">Manual de boas pr\u00e1ticas de manejo em equideocultura<\/a><\/td>\n<\/tr>\n<tr style=\"border: 1px solid WHITE\">\n<td style=\"border: 10px solid WHITE\" colspan=\"4\" width=\"100%\"><a href=\"http:\/\/www.cidasc.sc.gov.br\/defesasanitariaanimal\/files\/2019\/11\/CEBEA_Manual-de-Boas-Pr%C3%A1ticas-para-o-Bem-estar-Animal-em-Competi%C3%A7%C3%B5es-Equestres.pdf\">Manual de boas pr\u00e1ticas para o bem-estar animal em competi\u00e7\u00f5es equestres<\/a><\/td>\n<\/tr>\n<tr bgcolor=\"#A9F5A9\">\n<td colspan=\"5\">\n<h3><strong>Material adicional<\/strong><\/h3>\n<\/td>\n<\/tr>\n<tr>\n<td colspan=\"4\" width=\"100%\"><strong>DOCUMENTO<\/strong><\/td>\n<\/tr>\n<tr style=\"border: 1px solid WHITE\">\n<td style=\"border: 10px solid WHITE\" colspan=\"4\" width=\"100%\"><a href=\"http:\/\/www.cidasc.sc.gov.br\/defesasanitariaanimal\/files\/2019\/11\/CEBEA_Folder-Bem-estar-Animal-no-Brasil-vers%C3%A3o-portugu%C3%AAs.pdf\">Folder Bem-estar Animal no Brasil<\/a><\/td>\n<\/tr>\n<tr style=\"border: 1px solid WHITE\">\n<td style=\"border: 10px solid WHITE\" colspan=\"4\" width=\"100%\"><a href=\"http:\/\/www.cidasc.sc.gov.br\/defesasanitariaanimal\/files\/2019\/11\/CEBEA_Folder-EMBRAPA-BEA-Suinocultura.pdf\">Folder EMBRAPA BEA Suinocultura<\/a><\/td>\n<\/tr>\n<tr style=\"border: 1px solid WHITE\">\n<td style=\"border: 10px solid WHITE\" colspan=\"4\" width=\"100%\"><a href=\"http:\/\/www.cidasc.sc.gov.br\/defesasanitariaanimal\/files\/2019\/11\/CEBEA_Folder-EMBRAPA-Bovinos-Minimizar-Estresse-e-Seguran%C3%A7a-do-Trabalhador.pdf\">Folder EMBRAPA Bovinos Minimizar Estresse e Seguran\u00e7a do Trabalhador<\/a><\/td>\n<\/tr>\n<tr style=\"border: 1px solid WHITE\">\n<td style=\"border: 10px solid WHITE\" colspan=\"4\" width=\"100%\"><a href=\"http:\/\/www.cidasc.sc.gov.br\/defesasanitariaanimal\/files\/2019\/11\/CEBEA_Folder-EMBRAPA-Bovinos-Reduzindo-Les%C3%B5es-no-Manejo-Pr%C3%A9-abate.pdf\">Folder EMBRAPA Bovinos Reduzindo Les\u00f5es no Manejo Pr\u00e9-abate<\/a><\/td>\n<\/tr>\n<tr style=\"border: 1px solid WHITE\">\n<td style=\"border: 10px solid WHITE\" colspan=\"4\" width=\"100%\"><a href=\"http:\/\/www.cidasc.sc.gov.br\/defesasanitariaanimal\/files\/2019\/11\/CEBEA_Folder-EMBRAPA-Transporte-Rodovi%C3%A1rio-Ruminantes.pdf\">Folder EMBRAPA Transporte Rodovi\u00e1rio Ruminantes<\/a><\/td>\n<\/tr>\n<tr style=\"border: 1px solid WHITE\">\n<td style=\"border: 10px solid WHITE\" colspan=\"4\" width=\"100%\"><a href=\"http:\/\/www.cidasc.sc.gov.br\/defesasanitariaanimal\/cebea_folder-emprapa-wap-bea-suinos-matriz\/\">Folder EMPRAPA WAP BEA Su\u00ednos Matriz<\/a><\/td>\n<\/tr>\n<tr bgcolor=\"#A9F5A9\">\n<td colspan=\"5\">\n<h3><strong>Links importantes<\/strong><\/h3>\n<\/td>\n<\/tr>\n<tr>\n<td colspan=\"4\" width=\"100%\"><strong>Link<\/strong><\/td>\n<\/tr>\n<tr style=\"border: 1px solid WHITE\">\n<td style=\"border: 10px solid WHITE\" colspan=\"4\" width=\"100%\"><a href=\"http:\/\/www.agricultura.gov.br\/assuntos\/sustentabilidade\/bem-estar-animal\">Mapa<\/a><\/td>\n<\/tr>\n<tr style=\"border: 1px solid WHITE\">\n<td style=\"border: 10px solid WHITE\" colspan=\"4\" width=\"100%\"><a href=\"https:\/\/www.oie.int\/en\/animal-welfare\/animal-welfare-at-a-glance\/\">OIE<\/a><\/td>\n<\/tr>\n<tr style=\"border: 1px solid WHITE\">\n<td style=\"border: 10px solid WHITE\" colspan=\"4\" width=\"100%\"><a href=\"https:\/\/www.mpsc.mp.br\/atuacao-meio-ambiente\/programas\">MPSC<\/a><\/td>\n<\/tr>\n<tr style=\"border: 1px solid WHITE\">\n<td style=\"border: 10px solid WHITE\" colspan=\"4\" width=\"100%\"><a href=\"http:\/\/www.crmvsc.gov.br\/\">CRMV SC<\/a><\/td>\n<\/tr>\n<\/tbody>\n<\/table>\n\n\n<br><\/br>\n<p><strong>Cebea &#8211; Coordena\u00e7\u00e3o estadual de bem-estar animal:<\/strong><\/p>\n<br><\/br>\n<p><strong>Respons\u00e1vel:<\/strong><\/p>\n<p><strong>Anderson Bonamigo<\/strong><br>Tel.: (48) 3665-7051<br>E-mail: cebea@cidasc.sc.gov.br<\/p>\n\n\n\n<p><\/p>\n","protected":false},"excerpt":{"rendered":"<p>Objetivos do programa: *A\u00e7\u00f5es conjuntas com outros \u00f3rg\u00e3os para apura\u00e7\u00e3o de den\u00fancias de maus tratos, auxiliando na an\u00e1lise e na caracteriza\u00e7\u00e3o do crime. *Orienta\u00e7\u00f5es de boas pr\u00e1ticas de bem-estar animal por ocasi\u00e3o das fiscaliza\u00e7\u00f5es de defesa sanit\u00e1ria animal. COMPILADO DE BEM-ESTAR ANIMAL &#8211; LEGISLA\u00c7\u00d5ES E DOCUMENTA\u00c7\u00d5ES COMPLEMENTARES Legisla\u00e7\u00f5es que contemplam o bem-estar animal DOCUMENTO DESCRI\u00c7\u00c3O[&#8230;] <a class=\"moretag\" href=\"https:\/\/www.cidasc.sc.gov.br\/defesasanitariaanimal\/bem-esta-animal\/\">Leia mais&#8230;<\/a><\/p>\n","protected":false},"author":12,"featured_media":0,"parent":0,"menu_order":0,"comment_status":"closed","ping_status":"closed","template":"","meta":{"footnotes":""},"class_list":["post-47","page","type-page","status-publish","hentry"],"_links":{"self":[{"href":"https:\/\/www.cidasc.sc.gov.br\/defesasanitariaanimal\/wp-json\/wp\/v2\/pages\/47","targetHints":{"allow":["GET"]}}],"collection":[{"href":"https:\/\/www.cidasc.sc.gov.br\/defesasanitariaanimal\/wp-json\/wp\/v2\/pages"}],"about":[{"href":"https:\/\/www.cidasc.sc.gov.br\/defesasanitariaanimal\/wp-json\/wp\/v2\/types\/page"}],"author":[{"embeddable":true,"href":"https:\/\/www.cidasc.sc.gov.br\/defesasanitariaanimal\/wp-json\/wp\/v2\/users\/12"}],"replies":[{"embeddable":true,"href":"https:\/\/www.cidasc.sc.gov.br\/defesasanitariaanimal\/wp-json\/wp\/v2\/comments?post=47"}],"version-history":[{"count":36,"href":"https:\/\/www.cidasc.sc.gov.br\/defesasanitariaanimal\/wp-json\/wp\/v2\/pages\/47\/revisions"}],"predecessor-version":[{"id":23431,"href":"https:\/\/www.cidasc.sc.gov.br\/defesasanitariaanimal\/wp-json\/wp\/v2\/pages\/47\/revisions\/23431"}],"wp:attachment":[{"href":"https:\/\/www.cidasc.sc.gov.br\/defesasanitariaanimal\/wp-json\/wp\/v2\/media?parent=47"}],"curies":[{"name":"wp","href":"https:\/\/api.w.org\/{rel}","templated":true}]}}