{"id":399,"date":"2012-09-20T14:55:23","date_gmt":"2012-09-20T14:55:23","guid":{"rendered":""},"modified":"2022-11-30T11:21:06","modified_gmt":"2022-11-30T11:21:06","slug":"transporte-de-animais","status":"publish","type":"page","link":"https:\/\/www.cidasc.sc.gov.br\/defesasanitariaanimal\/transporte-de-animais\/","title":{"rendered":"Transporte de animais"},"content":{"rendered":"<p>O tr\u00e2nsito de animais tem sido, na maioria das vezes, o respons\u00e1vel pela introdu\u00e7\u00e3o de grande parte das doen\u00e7as que atacam os rebanhos catarinense.<\/p>\n<p>Todas as esp\u00e9cies de animais, sejam dom\u00e9sticos com finalidade econ\u00f4mica: bovinos, su\u00ednos, caprinos, ovinos, aves de corte e postura, animais aqu\u00e1ticos, dentre outras; sejam animais de estima\u00e7\u00e3o, como por exemplo, p\u00e1ssaros e outras esp\u00e9cies criadas para este fim, obrigatoriamente s\u00f3 dever\u00e3o ser transportadas acompanhadas de documenta\u00e7\u00e3o sanit\u00e1ria.\u00a0C\u00e3es e gatos s\u00e3o os \u00fanicos animais que para transitar no Pa\u00eds est\u00e3o dispensados da necessidade da Guia de Tr\u00e2nsito Animal (GTA). Entretanto, precisam estar acompanhados do Atestado Sanit\u00e1rio para o Tr\u00e2nsito de C\u00e3es e Gatos, emitido por um m\u00e9dico veterin\u00e1rio inscrito no Conselho Regional de Medicina Veterin\u00e1ria, e da carteira com a vacina\u00e7\u00e3o anti-r\u00e1bica.<\/p>\n<p>A regulamenta\u00e7\u00e3o, autoriza\u00e7\u00e3o e a fiscaliza\u00e7\u00e3o do tr\u00e2nsito internacional de animais de produ\u00e7\u00e3o ou de companhia \u00e9 de responsabilidade do Minist\u00e9rio da Agricultura, Pecu\u00e1ria e Abastecimento &#8211; MAPA.<\/p>\n<p>Para transportar animais com seguran\u00e7a, procure o Escrit\u00f3rio da CIDASC mais pr\u00f3ximo ou um m\u00e9dico veterin\u00e1rio credenciado pelo Minist\u00e9rio da Agricultura Pecu\u00e1ria e Abastecimento, para fornecer a GTA &#8211; Guia de Tr\u00e2nsito Animal \u2013 que \u00e9 o documento necess\u00e1rio.<\/p>\n<p>Para fornecer a GTA \u2013 Guia de Tr\u00e2nsito Animal \u2013 o m\u00e9dico veterin\u00e1rio necessita de alguns documentos que dar\u00e3o informa\u00e7\u00f5es sobre os animais a serem transportados.<\/p>\n<p>A documenta\u00e7\u00e3o exigida varia segundo a esp\u00e9cie a ser transportada e a finalidade do transporte.<\/p>\n<p>Estes documentos s\u00e3o:<\/p>\n<p>\u2022 Certificados de vacina\u00e7\u00e3o, quando for o caso.<br \/>\n\u2022 Atestados negativos para determinados tipos de doen\u00e7as.<br \/>\n\u2022Documentos de identifica\u00e7\u00e3o dos animais destinados \u00e0 reprodu\u00e7\u00e3o.<\/p>\n<p>Autoriza\u00e7\u00e3o do IBAMA, para o caso de animais silvestres.<\/p>\n<p>Antes de transportar animais, procure o Escrit\u00f3rio da CIDASC de seu munic\u00edpio e saiba quais s\u00e3o os documentos necess\u00e1rios para o fornecimento da GTA \u2013 Guia de Tr\u00e2nsito Animal \u2013 para a esp\u00e9cie a ser transportada.<\/p>\n<p>A DOCUMENTA\u00c7\u00c3O SANIT\u00c1RIA NO TRANSPORTE DE ANIMAIS \u00c9 GARANTIA DE SA\u00daDE PARA O ESTADO, PARA O TRANSPORTADOR E PARA O PROPRIET\u00c1RIO.<\/p>\n<p><a href=\"http:\/\/www.cidasc.sc.gov.br\/defesasanitariaanimal\/programas\/vigilancia-sanitaria-animal-e-transito\/vigilancia-sanitaria-e-transito-manuais-de-emissao-de-gta\/\" target=\"_blank\" rel=\"noopener noreferrer\">Manuais de emiss\u00e3o de GTA<\/a><\/p>\n\n\t\t<style type=\"text\/css\">\n\t\t\t#gallery-1 {\n\t\t\t\tmargin: auto;\n\t\t\t}\n\t\t\t#gallery-1 .gallery-item {\n\t\t\t\tfloat: left;\n\t\t\t\tmargin-top: 10px;\n\t\t\t\ttext-align: center;\n\t\t\t\twidth: 25%;\n\t\t\t}\n\t\t\t#gallery-1 img {\n\t\t\t\tborder: 2px solid #cfcfcf;\n\t\t\t}\n\t\t\t#gallery-1 .gallery-caption {\n\t\t\t\tmargin-left: 0;\n\t\t\t}\n\t\t\t\/* see gallery_shortcode() in wp-includes\/media.php *\/\n\t\t<\/style>\n\t\t<div id='gallery-1' class='gallery galleryid-399 gallery-columns-4 gallery-size-thumbnail'><dl class='gallery-item'>\n\t\t\t<dt class='gallery-icon landscape'>\n\t\t\t\t<a href='https:\/\/www.cidasc.sc.gov.br\/defesasanitariaanimal\/files\/2012\/09\/animal-02.jpg'><img loading=\"lazy\" decoding=\"async\" width=\"150\" height=\"150\" src=\"https:\/\/www.cidasc.sc.gov.br\/defesasanitariaanimal\/files\/2012\/09\/animal-02-150x150.jpg\" class=\"attachment-thumbnail size-thumbnail\" alt=\"\" \/><\/a>\n\t\t\t<\/dt><\/dl><dl class='gallery-item'>\n\t\t\t<dt class='gallery-icon landscape'>\n\t\t\t\t<a href='https:\/\/www.cidasc.sc.gov.br\/defesasanitariaanimal\/files\/2012\/09\/animal-01.jpg'><img loading=\"lazy\" decoding=\"async\" width=\"150\" height=\"150\" src=\"https:\/\/www.cidasc.sc.gov.br\/defesasanitariaanimal\/files\/2012\/09\/animal-01-150x150.jpg\" class=\"attachment-thumbnail size-thumbnail\" alt=\"\" \/><\/a>\n\t\t\t<\/dt><\/dl><dl class='gallery-item'>\n\t\t\t<dt class='gallery-icon landscape'>\n\t\t\t\t<a href='https:\/\/www.cidasc.sc.gov.br\/defesasanitariaanimal\/files\/2012\/09\/animal-03.jpg'><img loading=\"lazy\" decoding=\"async\" width=\"150\" height=\"150\" src=\"https:\/\/www.cidasc.sc.gov.br\/defesasanitariaanimal\/files\/2012\/09\/animal-03-150x150.jpg\" class=\"attachment-thumbnail size-thumbnail\" alt=\"\" \/><\/a>\n\t\t\t<\/dt><\/dl><dl class='gallery-item'>\n\t\t\t<dt class='gallery-icon landscape'>\n\t\t\t\t<a href='https:\/\/www.cidasc.sc.gov.br\/defesasanitariaanimal\/files\/2012\/09\/Mostrabezerra2.jpg'><img loading=\"lazy\" decoding=\"async\" width=\"150\" height=\"150\" src=\"https:\/\/www.cidasc.sc.gov.br\/defesasanitariaanimal\/files\/2012\/09\/Mostrabezerra2-150x150.jpg\" class=\"attachment-thumbnail size-thumbnail\" alt=\"\" \/><\/a>\n\t\t\t<\/dt><\/dl><br style=\"clear: both\" \/>\n\t\t<\/div>\n\n","protected":false},"excerpt":{"rendered":"<p>O tr\u00e2nsito de animais tem sido, na maioria das vezes, o respons\u00e1vel pela introdu\u00e7\u00e3o de grande parte das doen\u00e7as que atacam os rebanhos catarinense. Todas as esp\u00e9cies de animais, sejam dom\u00e9sticos com finalidade econ\u00f4mica: bovinos, su\u00ednos, caprinos, ovinos, aves de corte e postura, animais aqu\u00e1ticos, dentre outras; sejam animais de estima\u00e7\u00e3o, como por exemplo, p\u00e1ssaros[&#8230;] <a class=\"moretag\" href=\"https:\/\/www.cidasc.sc.gov.br\/defesasanitariaanimal\/transporte-de-animais\/\">Leia mais&#8230;<\/a><\/p>\n","protected":false},"author":12,"featured_media":0,"parent":0,"menu_order":0,"comment_status":"open","ping_status":"open","template":"","meta":{"footnotes":""},"class_list":["post-399","page","type-page","status-publish","hentry"],"_links":{"self":[{"href":"https:\/\/www.cidasc.sc.gov.br\/defesasanitariaanimal\/wp-json\/wp\/v2\/pages\/399","targetHints":{"allow":["GET"]}}],"collection":[{"href":"https:\/\/www.cidasc.sc.gov.br\/defesasanitariaanimal\/wp-json\/wp\/v2\/pages"}],"about":[{"href":"https:\/\/www.cidasc.sc.gov.br\/defesasanitariaanimal\/wp-json\/wp\/v2\/types\/page"}],"author":[{"embeddable":true,"href":"https:\/\/www.cidasc.sc.gov.br\/defesasanitariaanimal\/wp-json\/wp\/v2\/users\/12"}],"replies":[{"embeddable":true,"href":"https:\/\/www.cidasc.sc.gov.br\/defesasanitariaanimal\/wp-json\/wp\/v2\/comments?post=399"}],"version-history":[{"count":10,"href":"https:\/\/www.cidasc.sc.gov.br\/defesasanitariaanimal\/wp-json\/wp\/v2\/pages\/399\/revisions"}],"predecessor-version":[{"id":12485,"href":"https:\/\/www.cidasc.sc.gov.br\/defesasanitariaanimal\/wp-json\/wp\/v2\/pages\/399\/revisions\/12485"}],"wp:attachment":[{"href":"https:\/\/www.cidasc.sc.gov.br\/defesasanitariaanimal\/wp-json\/wp\/v2\/media?parent=399"}],"curies":[{"name":"wp","href":"https:\/\/api.w.org\/{rel}","templated":true}]}}