{"id":397,"date":"2022-02-17T00:00:00","date_gmt":"2022-02-17T00:00:00","guid":{"rendered":"http:\/\/Gra\u00e7asaumtrabalhodeparceriaentreasociedadecatarinenseeoServi\u00e7odeDefesaAgropecu\u00e1riadaSecretariadeDesenvolvimentoRuraledaAgriculturadeSantaCatarina,executadopelaCIDASCoEstadosemant\u00e9mlivredealgumaspragaseenfermidadesim"},"modified":"2022-02-18T16:36:16","modified_gmt":"2022-02-18T16:36:16","slug":"informacoes-sanitarias","status":"publish","type":"page","link":"https:\/\/www.cidasc.sc.gov.br\/defesasanitariaanimal\/informacoes-sanitarias\/","title":{"rendered":"Informa\u00e7\u00f5es sanit\u00e1rias"},"content":{"rendered":"<p>Gra\u00e7as a um trabalho de parceria entre a sociedade catarinense e o Servi\u00e7o de Defesa Agropecu\u00e1ria da Secretaria de Desenvolvimento Rural e da Agricultura de Santa Catarina, executado pela CIDASC o Estado se mant\u00e9m livre de algumas pragas e enfermidades importantes para a agropecu\u00e1ria.<\/p>\n<p>Desta forma, em termos de sanidade animal, Santa Catarina est\u00e1 livre das seguintes doen\u00e7as:<\/p>\n<ul>\n<li>Febre Aftosa<\/li>\n<li>Peste Su\u00edna Cl\u00e1ssica<\/li>\n<li>Peste Su\u00edna Africana<\/li>\n<li>Doen\u00e7a da Vaca Louca (BSE)<\/li>\n<li>Doen\u00e7a de Newcastle<\/li>\n<\/ul>\n<p>Encontram-se em fase de controle e erradica\u00e7\u00e3o:<\/p>\n<ul>\n<li>Doen\u00e7a de Aujeszky<\/li>\n<li>Brucelose<\/li>\n<li>Raiva dos Carn\u00edvoros<\/li>\n<li>Tuberculose<\/li>\n<li>Anemia Infecciosa Eq\u00fcina<\/li>\n<\/ul>\n<p>Quando vier passear em nosso Estado, lembre-se que produtos de origem animal, como carnes, leite e derivados podem trazer doen\u00e7as que n\u00e3o temos ou que j\u00e1 estamos em fase de erradica\u00e7\u00e3o. Portanto estes produtos ser\u00e3o apreendidos e destru\u00eddos para se evitar um mal maior.<\/p>\n<p>Antes da viagem certifique-se quais os produtos de origem animal que podem adentrar ao Estado de Santa Catarina e quais as exig\u00eancias sanit\u00e1rias para permitir a entrada. Para isto entre em contato conosco.<\/p>\n<p>Quanto \u00e0 sanidade vegetal, mantemos o Estado livre das seguintes pragas:<\/p>\n<p>* Mosca Negra dos Citros. ( praga que ataca laranjas, bergamotas, lim\u00f5es e outros citros).<br \/>\n* Moko da Bananeira<br \/>\n* Nemat\u00f3ide do Cisto da Soja<br \/>\n* Morte S\u00fabita dos C\u00edtros<br \/>\n* Greening<br \/>\n* M\u00f4sca da Carambola<br \/>\n* C\u00e2ncro da Haste (soja)<\/p>\n<p>Est\u00e3o sob controle:<br \/>\n* Cancro c\u00edtrico.<br \/>\n* CVC ou Amarelinho ( praga que ataca os citros)<br \/>\n* C\u00eddia pomonella ( praga que ataca as frutas de caro\u00e7o, de clima temperado, como: ma\u00e7\u00e3s, p\u00eassegos, ameixas).<br \/>\n* Sarna<br \/>\n* Sigatoka Negra<br \/>\nEstas pragas s\u00e3o transportadas atrav\u00e9s de frutos, mudas e partes da planta, procedentes de regi\u00f5es contaminadas. O transporte destas frutas sem controle sanit\u00e1rio e sem a PERMISS\u00c3O DE TR\u00c2NSITO, pode colocar em risco a fruticultura catarinense. Da mesma forma que os produtos de origem animal, elas ser\u00e3o apreendidas e destru\u00eddas.<\/p>\n<p>A CIDASC lembra, que o transporte de agrot\u00f3xicos em ve\u00edculos de transporte coletivo ou de passeio, tamb\u00e9m \u00e9 irregular.<\/p>\n\n\t\t<style type=\"text\/css\">\n\t\t\t#gallery-1 {\n\t\t\t\tmargin: auto;\n\t\t\t}\n\t\t\t#gallery-1 .gallery-item {\n\t\t\t\tfloat: left;\n\t\t\t\tmargin-top: 10px;\n\t\t\t\ttext-align: center;\n\t\t\t\twidth: 25%;\n\t\t\t}\n\t\t\t#gallery-1 img {\n\t\t\t\tborder: 2px solid #cfcfcf;\n\t\t\t}\n\t\t\t#gallery-1 .gallery-caption {\n\t\t\t\tmargin-left: 0;\n\t\t\t}\n\t\t\t\/* see gallery_shortcode() in wp-includes\/media.php *\/\n\t\t<\/style>\n\t\t<div id='gallery-1' class='gallery galleryid-397 gallery-columns-4 gallery-size-thumbnail'><dl class='gallery-item'>\n\t\t\t<dt class='gallery-icon landscape'>\n\t\t\t\t<a href='https:\/\/www.cidasc.sc.gov.br\/defesasanitariaanimal\/files\/2012\/09\/floripa.jpg'><img loading=\"lazy\" decoding=\"async\" width=\"150\" height=\"150\" src=\"https:\/\/www.cidasc.sc.gov.br\/defesasanitariaanimal\/files\/2012\/09\/floripa-150x150.jpg\" class=\"attachment-thumbnail size-thumbnail\" alt=\"\" \/><\/a>\n\t\t\t<\/dt><\/dl><dl class='gallery-item'>\n\t\t\t<dt class='gallery-icon landscape'>\n\t\t\t\t<a href='https:\/\/www.cidasc.sc.gov.br\/defesasanitariaanimal\/files\/2012\/09\/camboriu.jpg'><img loading=\"lazy\" decoding=\"async\" width=\"150\" height=\"150\" src=\"https:\/\/www.cidasc.sc.gov.br\/defesasanitariaanimal\/files\/2012\/09\/camboriu-150x150.jpg\" class=\"attachment-thumbnail size-thumbnail\" alt=\"\" \/><\/a>\n\t\t\t<\/dt><\/dl><dl class='gallery-item'>\n\t\t\t<dt class='gallery-icon landscape'>\n\t\t\t\t<a href='https:\/\/www.cidasc.sc.gov.br\/defesasanitariaanimal\/files\/2012\/09\/joinville.jpg'><img loading=\"lazy\" decoding=\"async\" width=\"150\" height=\"150\" src=\"https:\/\/www.cidasc.sc.gov.br\/defesasanitariaanimal\/files\/2012\/09\/joinville-150x150.jpg\" class=\"attachment-thumbnail size-thumbnail\" alt=\"\" \/><\/a>\n\t\t\t<\/dt><\/dl><dl class='gallery-item'>\n\t\t\t<dt class='gallery-icon landscape'>\n\t\t\t\t<a href='https:\/\/www.cidasc.sc.gov.br\/defesasanitariaanimal\/files\/2012\/09\/blumenau.jpg'><img loading=\"lazy\" decoding=\"async\" width=\"150\" height=\"150\" src=\"https:\/\/www.cidasc.sc.gov.br\/defesasanitariaanimal\/files\/2012\/09\/blumenau-150x150.jpg\" class=\"attachment-thumbnail size-thumbnail\" alt=\"\" \/><\/a>\n\t\t\t<\/dt><\/dl><br style=\"clear: both\" \/>\n\t\t<\/div>\n\n","protected":false},"excerpt":{"rendered":"<p>Gra\u00e7as a um trabalho de parceria entre a sociedade catarinense e o Servi\u00e7o de Defesa Agropecu\u00e1ria da Secretaria de Desenvolvimento Rural e da Agricultura de Santa Catarina, executado pela CIDASC o Estado se mant\u00e9m livre de algumas pragas e enfermidades importantes para a agropecu\u00e1ria. Desta forma, em termos de sanidade animal, Santa Catarina est\u00e1 livre[&#8230;] <a class=\"moretag\" href=\"https:\/\/www.cidasc.sc.gov.br\/defesasanitariaanimal\/informacoes-sanitarias\/\">Leia mais&#8230;<\/a><\/p>\n","protected":false},"author":12,"featured_media":0,"parent":0,"menu_order":0,"comment_status":"closed","ping_status":"closed","template":"","meta":{"footnotes":""},"class_list":["post-397","page","type-page","status-publish","hentry"],"_links":{"self":[{"href":"https:\/\/www.cidasc.sc.gov.br\/defesasanitariaanimal\/wp-json\/wp\/v2\/pages\/397","targetHints":{"allow":["GET"]}}],"collection":[{"href":"https:\/\/www.cidasc.sc.gov.br\/defesasanitariaanimal\/wp-json\/wp\/v2\/pages"}],"about":[{"href":"https:\/\/www.cidasc.sc.gov.br\/defesasanitariaanimal\/wp-json\/wp\/v2\/types\/page"}],"author":[{"embeddable":true,"href":"https:\/\/www.cidasc.sc.gov.br\/defesasanitariaanimal\/wp-json\/wp\/v2\/users\/12"}],"replies":[{"embeddable":true,"href":"https:\/\/www.cidasc.sc.gov.br\/defesasanitariaanimal\/wp-json\/wp\/v2\/comments?post=397"}],"version-history":[{"count":7,"href":"https:\/\/www.cidasc.sc.gov.br\/defesasanitariaanimal\/wp-json\/wp\/v2\/pages\/397\/revisions"}],"predecessor-version":[{"id":22531,"href":"https:\/\/www.cidasc.sc.gov.br\/defesasanitariaanimal\/wp-json\/wp\/v2\/pages\/397\/revisions\/22531"}],"wp:attachment":[{"href":"https:\/\/www.cidasc.sc.gov.br\/defesasanitariaanimal\/wp-json\/wp\/v2\/media?parent=397"}],"curies":[{"name":"wp","href":"https:\/\/api.w.org\/{rel}","templated":true}]}}