{"id":39,"date":"2012-08-29T00:04:23","date_gmt":"2012-08-29T00:04:23","guid":{"rendered":""},"modified":"2026-04-08T17:11:54","modified_gmt":"2026-04-08T17:11:54","slug":"vigilancia-sanitaria-animal-e-transito","status":"publish","type":"page","link":"https:\/\/www.cidasc.sc.gov.br\/defesasanitariaanimal\/programas\/vigilancia-sanitaria-animal-e-transito\/","title":{"rendered":"Tr\u00e2nsito e Vigil\u00e2ncia Sanit\u00e1ria Animal"},"content":{"rendered":"<p>De forma integrada aos Programas Sanit\u00e1rios do Departamento de Defesa Sanit\u00e1ria Animal da Cidasc, efetua o controle do tr\u00e2nsito de animais, seus produtos e subprodutos, bem como sistemas afins (habilita\u00e7\u00e3o para emiss\u00e3o de GTA, credenciamento para emiss\u00e3o de Cis-e, autoriza\u00e7\u00f5es de ingresso entre outros), visando assim medidas de prote\u00e7\u00e3o do rebanho Catarinense, para manuten\u00e7\u00e3o dos padr\u00f5es sanit\u00e1rios internacionalmente reconhecidos, por meio da minimiza\u00e7\u00e3o do risco de introdu\u00e7\u00e3o ou reintrodu\u00e7\u00e3o de enfermidades. Atua junto aos m\u00e9dicos veterin\u00e1rios privados, propriedades, estabelecimentos agroindustriais, postos de fiscaliza\u00e7\u00e3o fixos, barreiras m\u00f3veis, entre outros.<\/p>\n<p><strong>Respons\u00e1veis: <\/strong><\/p>\n<p>Patricia Mayer &#8211; CRMV\/SC: 1967<\/p>\n<p>Ant\u00f4nio Luis Razera &#8211; CRMV\/SC : 14344<\/p>\n<p><span data-sheets-root=\"1\">Karina Diniz Baumgarten &#8211; CRMV\/SC: 2209<\/span><\/p>\n<p><strong>Auxiliar Administrativo:\u00a0\u00a0<\/strong><\/p>\n<p>Taiana Ferreira Rodrigues\u00a0<\/p>\n<p><strong>Estagi\u00e1ria:<\/strong><\/p>\n<p>Ana Cl\u00e1udia Heiss<\/p>\n<p>Tel.: (48) 3665-7050 \/ (48) 3665-7048 \/ (48) 3665-7309<br \/>E-mail: transito_vigilancia@cidasc.sc.gov.br \/ gta@cidasc.sc.gov.br<\/p>\n<p><span style=\"color: #008000\"><a style=\"color: #008000\" title=\"Tr\u00e2nsito e Vigil\u00e2ncia \u2013 Legisla\u00e7\u00e3o\" href=\"http:\/\/www.cidasc.sc.gov.br\/defesasanitariaanimal\/programas\/vigilancia-sanitaria-animal-e-transito\/transito-e-vigilancia-legislacao\/\" target=\"_blank\" rel=\"noopener noreferrer\">Legisla\u00e7\u00e3o<\/a><\/span><\/p>\n<p><a href=\"http:\/\/www.cidasc.sc.gov.br\/defesasanitariaanimal\/programas\/vigilancia-sanitaria-animal-e-transito\/vigilancia-sanitaria-e-transito-manuais-de-emissao-de-gta\" target=\"_blank\" rel=\"noopener noreferrer\"><span style=\"color: #008000\">Manuais de emiss\u00e3o de GTA<\/span><\/a><\/p>\n<p><a href=\"https:\/\/www.cidasc.sc.gov.br\/defesasanitariaanimal\/files\/2026\/04\/2026-04-08-Mapa-Barreiras.pdf\">Mapa Barreiras Santa Catarina<\/a><\/p>\n\n\n<p><\/p>\n","protected":false},"excerpt":{"rendered":"<p>De forma integrada aos Programas Sanit\u00e1rios do Departamento de Defesa Sanit\u00e1ria Animal da Cidasc, efetua o controle do tr\u00e2nsito de animais, seus produtos e subprodutos, bem como sistemas afins (habilita\u00e7\u00e3o para emiss\u00e3o de GTA, credenciamento para emiss\u00e3o de Cis-e, autoriza\u00e7\u00f5es de ingresso entre outros), visando assim medidas de prote\u00e7\u00e3o do rebanho Catarinense, para manuten\u00e7\u00e3o dos[&#8230;] <a class=\"moretag\" href=\"https:\/\/www.cidasc.sc.gov.br\/defesasanitariaanimal\/programas\/vigilancia-sanitaria-animal-e-transito\/\">Leia mais&#8230;<\/a><\/p>\n","protected":false},"author":12,"featured_media":0,"parent":28,"menu_order":0,"comment_status":"open","ping_status":"open","template":"","meta":{"footnotes":""},"class_list":["post-39","page","type-page","status-publish","hentry"],"_links":{"self":[{"href":"https:\/\/www.cidasc.sc.gov.br\/defesasanitariaanimal\/wp-json\/wp\/v2\/pages\/39","targetHints":{"allow":["GET"]}}],"collection":[{"href":"https:\/\/www.cidasc.sc.gov.br\/defesasanitariaanimal\/wp-json\/wp\/v2\/pages"}],"about":[{"href":"https:\/\/www.cidasc.sc.gov.br\/defesasanitariaanimal\/wp-json\/wp\/v2\/types\/page"}],"author":[{"embeddable":true,"href":"https:\/\/www.cidasc.sc.gov.br\/defesasanitariaanimal\/wp-json\/wp\/v2\/users\/12"}],"replies":[{"embeddable":true,"href":"https:\/\/www.cidasc.sc.gov.br\/defesasanitariaanimal\/wp-json\/wp\/v2\/comments?post=39"}],"version-history":[{"count":63,"href":"https:\/\/www.cidasc.sc.gov.br\/defesasanitariaanimal\/wp-json\/wp\/v2\/pages\/39\/revisions"}],"predecessor-version":[{"id":35108,"href":"https:\/\/www.cidasc.sc.gov.br\/defesasanitariaanimal\/wp-json\/wp\/v2\/pages\/39\/revisions\/35108"}],"up":[{"embeddable":true,"href":"https:\/\/www.cidasc.sc.gov.br\/defesasanitariaanimal\/wp-json\/wp\/v2\/pages\/28"}],"wp:attachment":[{"href":"https:\/\/www.cidasc.sc.gov.br\/defesasanitariaanimal\/wp-json\/wp\/v2\/media?parent=39"}],"curies":[{"name":"wp","href":"https:\/\/api.w.org\/{rel}","templated":true}]}}