{"id":3240,"date":"2022-02-17T00:00:00","date_gmt":"2022-02-17T00:00:00","guid":{"rendered":"http:\/\/www.cidasc.sc.gov.br\/defesasanitariaanimal\/?page_id=3240"},"modified":"2026-01-13T19:45:04","modified_gmt":"2026-01-13T19:45:04","slug":"controle-e-erradicacao-da-brucelose-e-tuberculose-animal-legislacao","status":"publish","type":"page","link":"https:\/\/www.cidasc.sc.gov.br\/defesasanitariaanimal\/controle-e-erradicacao-da-brucelose-e-tuberculose-animal-legislacao\/","title":{"rendered":"Controle e Erradica\u00e7\u00e3o da Brucelose e Tuberculose Animal &#8211; Legisla\u00e7\u00e3o"},"content":{"rendered":"\n<figure style=\"font-size:16px\" class=\"wp-block-table\"><table class=\"has-fixed-layout\"><tbody><tr><td><strong>FEDERAIS <\/strong><\/td><td><strong>DESCRI\u00c7\u00c3O<\/strong><\/td><\/tr><tr><td><a href=\"http:\/\/www.cidasc.sc.gov.br\/defesasanitariaanimal\/files\/2023\/12\/Instrucao-Normativa-no-10-de-marco-de-2017-4.pdf\">Instru\u00e7\u00e3o Normativa n\u00ba 10 de mar\u00e7o de 2017<\/a><\/td><td>\n<p>Instru\u00e7\u00e3o Normativa n\u00ba 10 de mar\u00e7o de 2017<\/p>\n<\/td><\/tr><tr><td><a href=\"http:\/\/www.cidasc.sc.gov.br\/defesasanitariaanimal\/files\/2023\/12\/IN-10-aplicada-a-SC-3.pdf\">IN 10 aplicada a SC<\/a><\/td><td>\n<p>Instru\u00e7\u00e3o Normativa 10\/17 adaptada\/aplicada a SC<\/p>\n<\/td><\/tr><tr><td><br><a href=\"http:\/\/www.cidasc.sc.gov.br\/defesasanitariaanimal\/files\/2014\/08\/IN-N\u00b030-DE-7-DE-JUNHO-DE-2006.pdf\">IN N\u00b030, de 7 de junho de 2006<\/a><br><\/td><td>Estabelece as normas de habilita\u00e7\u00e3o de m\u00e9dicos veterin\u00e1rios que atuam no setor privado, para fins de execu\u00e7\u00e3o de atividades previstas no Regulamento T\u00e9cnico do Programa Nacional de Controle e Erradica\u00e7\u00e3o da Brucelose e da Tuberculose Animal \u2013 PNCEBT.<\/td><\/tr><tr><td>&nbsp;<a href=\"https:\/\/www.in.gov.br\/web\/dou\/-\/portaria-mapa-n-747-de-23-de-dezembro-de-2024-604326121\">PORTARIA MAPA N\u00ba 747, DE 23 DE DEZEMBRO DE 2024<\/a><\/td><td>Estabelece os crit\u00e9rios e requisitos para o credenciamento e fiscaliza\u00e7\u00e3o de laborat\u00f3rios pelo Minist\u00e9rio da Agricultura e Pecu\u00e1ria.<\/td><\/tr><tr><td><a href=\"https:\/\/wikisda.agricultura.gov.br\/pt-br\/Laborat%C3%B3rios\/Metodologia\/DIA\/VolumeVII_ParteC_Multiespecies\">Manual de M\u00e9todos Oficiais para Diagn\u00f3stico Laboratorial de Doen\u00e7a dos Animais &#8211; MULTIESP\u00c9CIES &#8211; Volume VII &#8211; PARTE C<\/a><\/td><td>Padroniza\u00e7\u00e3o, harmoniza\u00e7\u00e3o, atualiza\u00e7\u00e3o e a unifica\u00e7\u00e3o dos procedimentos para execu\u00e7\u00e3o de ensaios laboratoriais da \u00e1rea de Diagn\u00f3stico Animal<\/td><\/tr><tr><td><strong>ESTADUAIS <\/strong><\/td><td><strong>DESCRI\u00c7\u00c3O<\/strong><\/td><\/tr><tr><td><a href=\"https:\/\/drive.google.com\/file\/d\/1XEpYEJDu4NefYYlBTfYBq7NMuGQyRJjW\/view\" rel=\"attachment wp-att-23599\">IN DIDAG 01\/23<\/a><\/td><td><p>Estabelece o Regulamento T\u00e9cnico do PNCEBT e classifica\u00e7\u00e3o das Unidades da Federa\u00e7\u00e3o.<\/p><\/td><\/tr><tr><td><a href=\"https:\/\/drive.google.com\/file\/d\/1eVYFzzMoU01eRXzXEwkKjf-SbX78XCIx\/view?usp=sharing\">PORTARIA SAR 32\/2020<\/a><\/td><td><p>Estabelece a obrigatoriedade da realiza\u00e7\u00e3o do diagn\u00f3stico sorol\u00f3gico por ELISA em paralelo ao teste de tuberculiniza\u00e7\u00e3o para o saneamento de foco de tuberculose.<\/p><\/td><\/tr><tr><td><a href=\"https:\/\/drive.google.com\/file\/d\/1NssjFzi87FYzNKfKJMFLkShe6GTQ3w-t\/view?usp=sharing\">PORTARIA SAR 44\/2020<\/a><\/td><td><p>Regulamenta a rastreabilidade do leite e o controle da brucelose e tuberculose em propriedades leiteiras<\/p><\/td><\/tr><tr><td><a href=\"https:\/\/www.cidasc.sc.gov.br\/defesasanitariaanimal\/files\/2012\/10\/Portaria-SAR-58-2016-obrigatoriedade-de-lan%C3%A7ar-atestados.pdf\" target=\"_blank\" rel=\"noopener\">Portaria&nbsp;SAR&nbsp;58\/2016<\/a><\/td><td><p>Instituir a obrigatoriedade de registro no SIGEN+ de todos os atestados de sa\u00fade, de vacina\u00e7\u00e3o e de exames negativos exigidos para fins de emiss\u00e3o de GTA no Estado de Santa Catarina.<\/p><\/td><\/tr><tr><td><p><a href=\"http:\/\/www.cidasc.sc.gov.br\/defesasanitariaanimal\/controle-e-erradicacao-da-brucelose-e-tuberculose-animal-legislacao\/portaria-sar-23-2022-10-05-2022\/\" rel=\"attachment wp-att-23268\">Portaria SAR 23\/2022<\/a><\/p><\/td><td><p>Altera a Portaria SAR 44\/2020<\/p><\/td><\/tr><tr><td><p><a href=\"http:\/\/www.cidasc.sc.gov.br\/defesasanitariaanimal\/files\/2019\/07\/PORTARIA-SAR-17-2012-de-20-07-2012.pdf\">PORTARIA-SAR-17-2012-de-20-07-2012<\/a><\/p><\/td><td><p>Regulamento t\u00e9cnico do programa de erradica\u00e7\u00e3o da brucelose bovina e bubalina no estado de Santa Catarina. Artigo 8\u00ba dessa portaria alterado pela Portaria SAR n\u00ba19-2017.<\/p><\/td><\/tr><tr><td><p><a href=\"http:\/\/www.cidasc.sc.gov.br\/defesasanitariaanimal\/programas\/controle-e-erradicacao-da-brucelose-e-tuberculose-bovinas\/portaria-19-2017-altera-art-8-reg-brucelose-e-tuberculose\/\" rel=\"attachment wp-att-10690\">PORTARIA SAR n\u00ba19-2017, de 31-07-2017<\/a><\/p><\/td><td><p>Altera o artigo 8\u00ba da Portaria SAR n\u00ba 017-2012<\/p><\/td><\/tr><tr><td>\n<p><a href=\"http:\/\/www.cidasc.sc.gov.br\/defesasanitariaanimal\/controle-e-erradicacao-da-brucelose-e-tuberculose-animal-legislacao\/is-007-2018-comercializacao-utilizacao-e-controle-da-vacinacao-contra-brucelose-rb51-3\/\" rel=\"attachment wp-att-17715\">IS 007-2018 &#8211; Comercializa\u00e7\u00e3o, utiliza\u00e7\u00e3o e controle da vacina\u00e7\u00e3o contra brucelose &#8211; RB51<\/a><\/p>\n<\/td><td><br><p>Estabelece procedimentos para a comercializa\u00e7\u00e3o, utiliza\u00e7\u00e3o e controle da vacina contra brucelose, amostra RB51, no Estado de Santa Catarina.<\/p><br><\/td><\/tr><tr><td>\n<p><a href=\"http:\/\/www.cidasc.sc.gov.br\/defesasanitariaanimal\/controle-e-erradicacao-da-brucelose-e-tuberculose-animal-legislacao\/is-002-2009-gedsa-ditec-distribuicao-de-tuberculinas-e-antigenos-por-terceiros-3\/\" rel=\"attachment wp-att-17716\">IS 002 2009 &#8211; GEDSA &#8211; DITEC &#8211; Distribui\u00e7\u00e3o de tuberculinas e ant\u00edgenos por terceiros<\/a><\/p>\n<\/td><td>\n<p>Distribui\u00e7\u00e3o comercial e autoriza\u00e7\u00e3o para aquisi\u00e7\u00e3o dos Insumos relativos ao PNCEBT.<\/p>\n<\/td><\/tr><tr><td><a href=\"http:\/\/www.cidasc.sc.gov.br\/defesasanitariaanimal\/controle-e-erradicacao-da-brucelose-e-tuberculose-animal-legislacao\/resolucao-cg-fundesa-no-32-2016-2\/\" rel=\"attachment wp-att-17717\">Resolu\u00e7\u00e3o CG FUNDESA n\u00ba 32 &#8211; 2016<\/a><br><p><a href=\"http:\/\/www.cidasc.sc.gov.br\/defesasanitariaanimal\/controle-e-erradicacao-da-brucelose-e-tuberculose-animal-legislacao\/anexos-resolucao-fundesa-32-2016\/\" rel=\"attachment wp-att-23382\">Anexo da Resolu\u00e7\u00e3o n\u00ba32<\/a><\/p><\/td><td><p>Aprova as normas para o processo de indeniza\u00e7\u00e3o de animais a serem abatidos ou sacrificados sanitariamente por determina\u00e7\u00e3o do \u00f3rg\u00e3o executor de defesa sanit\u00e1ria animal no Estado.<\/p><\/td><\/tr><tr><td><p><a href=\"http:\/\/www.cidasc.sc.gov.br\/defesasanitariaanimal\/files\/2024\/10\/PORTARIA-SAR-n-39.2013-de-12.11.2013-1.pdf\">Portaria SAR n\u00ba 39\/2013 &#8211; Eventos Agropecu\u00e1rios<\/a><\/p><\/td><td><p>Procedimentos sanit\u00e1rios relativos a brucelose e tuberculose bovina e bubalina em exposi\u00e7\u00f5es, feiras agropecu\u00e1rias e demais aglomera\u00e7\u00f5es e no tr\u00e2nsito entre propriedades.<\/p><\/td><\/tr><tr><td><a href=\"https:\/\/www.cidasc.sc.gov.br\/defesasanitariaanimal\/files\/2025\/12\/Portaria-SAPE-64_2025-1.pdf\">Portaria SAPE 64\/2025<\/a><\/td><td>Procedimentos complementares \u00e0s normativas do MAPA para a atua\u00e7\u00e3o de m\u00e9dicos-veterin\u00e1rios no PNCEBT em SC.<\/td><\/tr><tr><td><a href=\"https:\/\/www.cidasc.sc.gov.br\/defesasanitariaanimal\/files\/2026\/01\/IN-DIDAG-002_2025-substitui-a-IN-001_2025.pdf\">IN DIDAG 002_2025 substitui a IN 001_2025<\/a><\/td><td>IN DIDAG 002\/2025 &#8211; Estabelece normas complementares \u00e0s do MAPA para a atua\u00e7\u00e3o de MVs privados no \u00e2mbito do PNCEBT em SC.<\/td><\/tr><tr><td><strong>OUTROS ESTADOS <\/strong><\/td><td><strong>DESCRI\u00c7\u00c3O<\/strong><\/td><\/tr><tr><td>\n<p><a href=\"https:\/\/drive.google.com\/file\/d\/16FYacY3WXlr04pNdLj_tzwaA-Zi24fz2\/view?usp=drive_link\">Portaria ADAPAR N\u00ba 215 de 14\/09\/2020<\/a><\/p>\n<\/td><td>\n<p>Disciplina a entrada no estado do Paran\u00e1 de f\u00eameas bovinas e bufalinas com idade acima de 8 meses, oriundas de Estados onde a vacina\u00e7\u00e3o com a B19 n\u00e3o \u00e9 obrigat\u00f3ria.<\/p>\n<\/td><\/tr><\/tbody><\/table><\/figure>\n\n\n\n<p><br><\/p>\n\n\n\n<!--more-->\n","protected":false},"excerpt":{"rendered":"<p>FEDERAIS DESCRI\u00c7\u00c3O Instru\u00e7\u00e3o Normativa n\u00ba 10 de mar\u00e7o de 2017 Instru\u00e7\u00e3o Normativa n\u00ba 10 de mar\u00e7o de 2017 IN 10 aplicada a SC Instru\u00e7\u00e3o Normativa 10\/17 adaptada\/aplicada a SC IN N\u00b030, de 7 de junho de 2006 Estabelece as normas de habilita\u00e7\u00e3o de m\u00e9dicos veterin\u00e1rios que atuam no setor privado, para fins de execu\u00e7\u00e3o de[&#8230;] <a class=\"moretag\" href=\"https:\/\/www.cidasc.sc.gov.br\/defesasanitariaanimal\/controle-e-erradicacao-da-brucelose-e-tuberculose-animal-legislacao\/\">Leia mais&#8230;<\/a><\/p>\n","protected":false},"author":12,"featured_media":0,"parent":0,"menu_order":0,"comment_status":"closed","ping_status":"closed","template":"","meta":{"footnotes":""},"class_list":["post-3240","page","type-page","status-publish","hentry"],"_links":{"self":[{"href":"https:\/\/www.cidasc.sc.gov.br\/defesasanitariaanimal\/wp-json\/wp\/v2\/pages\/3240","targetHints":{"allow":["GET"]}}],"collection":[{"href":"https:\/\/www.cidasc.sc.gov.br\/defesasanitariaanimal\/wp-json\/wp\/v2\/pages"}],"about":[{"href":"https:\/\/www.cidasc.sc.gov.br\/defesasanitariaanimal\/wp-json\/wp\/v2\/types\/page"}],"author":[{"embeddable":true,"href":"https:\/\/www.cidasc.sc.gov.br\/defesasanitariaanimal\/wp-json\/wp\/v2\/users\/12"}],"replies":[{"embeddable":true,"href":"https:\/\/www.cidasc.sc.gov.br\/defesasanitariaanimal\/wp-json\/wp\/v2\/comments?post=3240"}],"version-history":[{"count":85,"href":"https:\/\/www.cidasc.sc.gov.br\/defesasanitariaanimal\/wp-json\/wp\/v2\/pages\/3240\/revisions"}],"predecessor-version":[{"id":34055,"href":"https:\/\/www.cidasc.sc.gov.br\/defesasanitariaanimal\/wp-json\/wp\/v2\/pages\/3240\/revisions\/34055"}],"wp:attachment":[{"href":"https:\/\/www.cidasc.sc.gov.br\/defesasanitariaanimal\/wp-json\/wp\/v2\/media?parent=3240"}],"curies":[{"name":"wp","href":"https:\/\/api.w.org\/{rel}","templated":true}]}}