{"id":32,"date":"2022-02-17T00:00:00","date_gmt":"2022-02-17T00:00:00","guid":{"rendered":""},"modified":"2022-02-18T16:36:01","modified_gmt":"2022-02-18T16:36:01","slug":"denuncie-aqui","status":"publish","type":"page","link":"https:\/\/www.cidasc.sc.gov.br\/defesasanitariaanimal\/denuncie-aqui\/","title":{"rendered":"Denuncie aqui"},"content":{"rendered":"<p>Den\u00fancia &#8211; Disque : 0800-644-8500<\/p>\n<p>Suspeita de Doen\u00e7a de Notifica\u00e7\u00e3o Obrigat\u00f3ria &#8211; Disque: 0800-643-9300<\/p>\n","protected":false},"excerpt":{"rendered":"<p>Den\u00fancia &#8211; Disque : 0800-644-8500 Suspeita de Doen\u00e7a de Notifica\u00e7\u00e3o Obrigat\u00f3ria &#8211; Disque: 0800-643-9300<\/p>\n","protected":false},"author":12,"featured_media":0,"parent":0,"menu_order":0,"comment_status":"closed","ping_status":"closed","template":"","meta":{"footnotes":""},"class_list":["post-32","page","type-page","status-publish","hentry"],"_links":{"self":[{"href":"https:\/\/www.cidasc.sc.gov.br\/defesasanitariaanimal\/wp-json\/wp\/v2\/pages\/32","targetHints":{"allow":["GET"]}}],"collection":[{"href":"https:\/\/www.cidasc.sc.gov.br\/defesasanitariaanimal\/wp-json\/wp\/v2\/pages"}],"about":[{"href":"https:\/\/www.cidasc.sc.gov.br\/defesasanitariaanimal\/wp-json\/wp\/v2\/types\/page"}],"author":[{"embeddable":true,"href":"https:\/\/www.cidasc.sc.gov.br\/defesasanitariaanimal\/wp-json\/wp\/v2\/users\/12"}],"replies":[{"embeddable":true,"href":"https:\/\/www.cidasc.sc.gov.br\/defesasanitariaanimal\/wp-json\/wp\/v2\/comments?post=32"}],"version-history":[{"count":5,"href":"https:\/\/www.cidasc.sc.gov.br\/defesasanitariaanimal\/wp-json\/wp\/v2\/pages\/32\/revisions"}],"predecessor-version":[{"id":22524,"href":"https:\/\/www.cidasc.sc.gov.br\/defesasanitariaanimal\/wp-json\/wp\/v2\/pages\/32\/revisions\/22524"}],"wp:attachment":[{"href":"https:\/\/www.cidasc.sc.gov.br\/defesasanitariaanimal\/wp-json\/wp\/v2\/media?parent=32"}],"curies":[{"name":"wp","href":"https:\/\/api.w.org\/{rel}","templated":true}]}}