{"id":31228,"date":"2024-12-11T17:31:50","date_gmt":"2024-12-11T17:31:50","guid":{"rendered":"https:\/\/www.cidasc.sc.gov.br\/defesasanitariaanimal\/?page_id=31228"},"modified":"2025-07-11T17:13:31","modified_gmt":"2025-07-11T17:13:31","slug":"defesa-sanitaria-animal-3","status":"publish","type":"page","link":"https:\/\/www.cidasc.sc.gov.br\/defesasanitariaanimal\/defesa-sanitaria-animal-3\/","title":{"rendered":"Resultados das An\u00e1lises de Hidrocarbonetos polic\u00edclicos Arom\u00e1ticos em Moluscos Bivalves"},"content":{"rendered":"\n<h3 class=\"wp-block-heading\"><strong>Mapa de situa\u00e7\u00e3o de Hidrocarbonetos Polic\u00edclicos Arom\u00e1ticos \u2013 11\/12\/2024&nbsp;<\/strong><\/h3>\n\n\n<p style=\"text-align: center\"><a href=\"https:\/\/www.cidasc.sc.gov.br\/defesasanitariaanimal\/files\/2025\/07\/HPA-OSTRA-11-12-2024.jpg\"><img loading=\"lazy\" decoding=\"async\" class=\"alignnone  wp-image-32752\" src=\"https:\/\/www.cidasc.sc.gov.br\/defesasanitariaanimal\/files\/2025\/07\/HPA-OSTRA-11-12-2024-245x300.jpg\" alt=\"\" width=\"291\" height=\"356\" srcset=\"https:\/\/www.cidasc.sc.gov.br\/defesasanitariaanimal\/files\/2025\/07\/HPA-OSTRA-11-12-2024-245x300.jpg 245w, https:\/\/www.cidasc.sc.gov.br\/defesasanitariaanimal\/files\/2025\/07\/HPA-OSTRA-11-12-2024-836x1024.jpg 836w, https:\/\/www.cidasc.sc.gov.br\/defesasanitariaanimal\/files\/2025\/07\/HPA-OSTRA-11-12-2024-768x941.jpg 768w, https:\/\/www.cidasc.sc.gov.br\/defesasanitariaanimal\/files\/2025\/07\/HPA-OSTRA-11-12-2024-1254x1536.jpg 1254w, https:\/\/www.cidasc.sc.gov.br\/defesasanitariaanimal\/files\/2025\/07\/HPA-OSTRA-11-12-2024-222x272.jpg 222w, https:\/\/www.cidasc.sc.gov.br\/defesasanitariaanimal\/files\/2025\/07\/HPA-OSTRA-11-12-2024-100x122.jpg 100w, https:\/\/www.cidasc.sc.gov.br\/defesasanitariaanimal\/files\/2025\/07\/HPA-OSTRA-11-12-2024.jpg 1343w\" sizes=\"auto, (max-width: 291px) 100vw, 291px\" \/><\/a> \u00a0\u00a0 \u00a0\u00a0 <a href=\"https:\/\/www.cidasc.sc.gov.br\/defesasanitariaanimal\/files\/2025\/07\/HPA-MEXILHAO-11-12-2024.jpg\"><img loading=\"lazy\" decoding=\"async\" class=\"alignnone  wp-image-32753\" src=\"https:\/\/www.cidasc.sc.gov.br\/defesasanitariaanimal\/files\/2025\/07\/HPA-MEXILHAO-11-12-2024-245x300.jpg\" alt=\"\" width=\"289\" height=\"354\" srcset=\"https:\/\/www.cidasc.sc.gov.br\/defesasanitariaanimal\/files\/2025\/07\/HPA-MEXILHAO-11-12-2024-245x300.jpg 245w, https:\/\/www.cidasc.sc.gov.br\/defesasanitariaanimal\/files\/2025\/07\/HPA-MEXILHAO-11-12-2024-836x1024.jpg 836w, https:\/\/www.cidasc.sc.gov.br\/defesasanitariaanimal\/files\/2025\/07\/HPA-MEXILHAO-11-12-2024-768x941.jpg 768w, https:\/\/www.cidasc.sc.gov.br\/defesasanitariaanimal\/files\/2025\/07\/HPA-MEXILHAO-11-12-2024-1254x1536.jpg 1254w, https:\/\/www.cidasc.sc.gov.br\/defesasanitariaanimal\/files\/2025\/07\/HPA-MEXILHAO-11-12-2024-222x272.jpg 222w, https:\/\/www.cidasc.sc.gov.br\/defesasanitariaanimal\/files\/2025\/07\/HPA-MEXILHAO-11-12-2024-100x122.jpg 100w, https:\/\/www.cidasc.sc.gov.br\/defesasanitariaanimal\/files\/2025\/07\/HPA-MEXILHAO-11-12-2024.jpg 1343w\" sizes=\"auto, (max-width: 289px) 100vw, 289px\" \/><\/a>\u00a0 \u00a0<\/p>\n\n\n<p><a href=\"https:\/\/www.cidasc.sc.gov.br\/defesasanitariaanimal\/resultado-do-monitoramento-de-hidrocarbonetos-policiclicos-aromaticos-em-moluscos-bivalves-2025\/\">Resultado do Monitoramento de Hidrocarbonetos Polic\u00edclicos Arom\u00e1ticos em Moluscos Bivalves &#8211; 2025<\/a><\/p>\n\n\n\n<p><a href=\"https:\/\/www.cidasc.sc.gov.br\/defesasanitariaanimal\/resultado-do-monitoramento-de-hidrocarbonetos-policiclicos-aromaticos-em-moluscos-bivalves-2024\/\">Resultado do Monitoramento de Hidrocarbonetos Polic\u00edclicos Arom\u00e1ticos em Moluscos Bivalves \u2013 2024<\/a><\/p>\n","protected":false},"excerpt":{"rendered":"<p>Mapa de situa\u00e7\u00e3o de Hidrocarbonetos Polic\u00edclicos Arom\u00e1ticos \u2013 11\/12\/2024&nbsp; \u00a0\u00a0 \u00a0\u00a0 \u00a0 \u00a0 Resultado do Monitoramento de Hidrocarbonetos Polic\u00edclicos Arom\u00e1ticos em Moluscos Bivalves &#8211; 2025 Resultado do Monitoramento de Hidrocarbonetos Polic\u00edclicos Arom\u00e1ticos em Moluscos Bivalves \u2013 2024<\/p>\n","protected":false},"author":12,"featured_media":0,"parent":0,"menu_order":0,"comment_status":"closed","ping_status":"closed","template":"","meta":{"footnotes":""},"class_list":["post-31228","page","type-page","status-publish","hentry"],"_links":{"self":[{"href":"https:\/\/www.cidasc.sc.gov.br\/defesasanitariaanimal\/wp-json\/wp\/v2\/pages\/31228","targetHints":{"allow":["GET"]}}],"collection":[{"href":"https:\/\/www.cidasc.sc.gov.br\/defesasanitariaanimal\/wp-json\/wp\/v2\/pages"}],"about":[{"href":"https:\/\/www.cidasc.sc.gov.br\/defesasanitariaanimal\/wp-json\/wp\/v2\/types\/page"}],"author":[{"embeddable":true,"href":"https:\/\/www.cidasc.sc.gov.br\/defesasanitariaanimal\/wp-json\/wp\/v2\/users\/12"}],"replies":[{"embeddable":true,"href":"https:\/\/www.cidasc.sc.gov.br\/defesasanitariaanimal\/wp-json\/wp\/v2\/comments?post=31228"}],"version-history":[{"count":9,"href":"https:\/\/www.cidasc.sc.gov.br\/defesasanitariaanimal\/wp-json\/wp\/v2\/pages\/31228\/revisions"}],"predecessor-version":[{"id":32754,"href":"https:\/\/www.cidasc.sc.gov.br\/defesasanitariaanimal\/wp-json\/wp\/v2\/pages\/31228\/revisions\/32754"}],"wp:attachment":[{"href":"https:\/\/www.cidasc.sc.gov.br\/defesasanitariaanimal\/wp-json\/wp\/v2\/media?parent=31228"}],"curies":[{"name":"wp","href":"https:\/\/api.w.org\/{rel}","templated":true}]}}