{"id":29106,"date":"2024-03-11T12:42:31","date_gmt":"2024-03-11T12:42:31","guid":{"rendered":"https:\/\/www.cidasc.sc.gov.br\/defesasanitariaanimal\/?page_id=29106"},"modified":"2024-03-11T12:53:13","modified_gmt":"2024-03-11T12:53:13","slug":"estudos-epidemiologicos","status":"publish","type":"page","link":"https:\/\/www.cidasc.sc.gov.br\/defesasanitariaanimal\/estudos-epidemiologicos\/","title":{"rendered":"Epidemiologia da brucelose e tuberculose em Santa Catarina"},"content":{"rendered":"\n<p><strong>ESTUDOS EPIDEMIOL\u00d3GICOS DE PREVAL\u00caNCIA DE BRUCELOSE E TUBERCULOSE BOVINA<\/strong><\/p>\n\n\n\n<p>Realizados pelo corpo t\u00e9cnico da CIDASC no ano de 2012, publicado pela Revista SEMINA em 2016.<\/p>\n\n\n\n<ul class=\"wp-block-list\">\n<li><strong>Artigo: <em>Prevalence and risk factors for bovine brucellosis in the State of Santa Catarina, Brazil (Preval\u00eancia e fatores de risco para brucelose bovina no estado de Santa Catarina, Brasil):<\/em><\/strong><\/li>\n<\/ul>\n\n\n\n<div class=\"wp-block-file\"><a id=\"wp-block-file--media-888a6c7f-5f25-4c0b-b6fa-fc52106dab05\" href=\"https:\/\/www.cidasc.sc.gov.br\/defesasanitariaanimal\/files\/2024\/03\/Prevalence-and-risk-factors-for-bovine-brucellosis-in-the-State-of-Santa-Catarina-Brazil-1-1.pdf\">BAUMGARTEN, K. D.; VELOSO, F. P.: GRISI-FILHO, J. H. H.; FERRETRA, E; AMAKY, M.; DIAS, R. A.; TELLES, E. O.:<br>HEINEMANN, M. B.; GON\u00c7ALVES, V. S.; FERREIRA NETO, J. S. Prevalence and risk factors for bovine brucellosis in the State of Santa Catarina, Brazil. Semina: Ci\u00eancias Agr\u00e1rias, Londrina, v. 37, n. 52p. 3425-3436, 2016. Suplemento 2.<\/a><\/div>\n\n\n\n<ul class=\"wp-block-list\">\n<li><strong>Artigo: <em>Prevalence and herd-level risk factors of bovine tuberculosis in the State of Santa Catarina (Preval\u00eancia e Fatores de Risco da Tuberculose Bovina no Estado de Santa Catarina):<\/em><\/strong><\/li>\n<\/ul>\n\n\n\n<div class=\"wp-block-file\"><a id=\"wp-block-file--media-e76dbd9a-643b-4858-8f82-6a1d7f3e170e\" href=\"https:\/\/www.cidasc.sc.gov.br\/defesasanitariaanimal\/files\/2024\/03\/Prevalence-and-herd-level-risk-factors-of-bovine-tuberculosis-in-the-State-of-Santa-Catarina.pdf\">VELOSO, F. P.; BAUMGARTEN, K. D.; MOTA, A. L. A. A.; FERREIRA, E; FERREIRA NETO, J. S.; GRISI-FILHO, J. H. H.; DIAS, R.<br>A.; AMAKU, M.: TELLES, E. O.; HEINEMANN, M. B.; GON\u00c7ALVES, V. S. P. Prevalence and herd-level risk factors of bovine tuberculosis in the State of Santa Catarina, Brazil. Semina: Ci\u00eancias Agr\u00e1rias, Londrina, v. 37, n. 5, D. 3659-3672, 2016.<br>Suplemento 2.<\/a><\/div>\n\n\n\n<p><\/p>\n\n\n\n<p><strong>SITUA\u00c7\u00c3O EPIDEMIOL\u00d3GICA DA BRUCELOSE E TUBERCULOSE EM SANTA CATARINA (MAPA)<\/strong><\/p>\n\n\n\n<div class=\"wp-block-file\"><a id=\"wp-block-file--media-c9dd1cb4-ab33-4ba1-9f35-2d8fb2c55045\" href=\"https:\/\/www.cidasc.sc.gov.br\/defesasanitariaanimal\/files\/2024\/03\/Prevalencia-Estadual-de-Brucelose-e-Tuberculose-Mapas.pdf\">Prevalencia-Estadual-de-Brucelose-e-Tuberculose-Mapas<\/a><\/div>\n\n\n\n<ul class=\"wp-block-list\">\n<li><strong>P\u00f4ster: Avalia\u00e7\u00e3o do Teste Indireto de ELISA em Leite para detec\u00e7\u00e3o de Brucelose na Condi\u00e7\u00e3o de Baixa Preval\u00eancia do Estado de Santa Catarina<\/strong><\/li>\n<\/ul>\n\n\n\n<div class=\"wp-block-file\"><a id=\"wp-block-file--media-4b82b1f0-f6eb-4a5b-91da-10ca2af61278\" href=\"https:\/\/www.cidasc.sc.gov.br\/defesasanitariaanimal\/files\/2024\/03\/Resumo-SIEVMP-Buenos-Aires.pdf\">BAUMGARTEN, K. D. Avalia\u00e7\u00e3o do Teste indireto de ELISA em Leite para detec\u00e7\u00e3o de Brucelose na Condi\u00e7\u00e3o de Baixa Preval\u00eancia do Estado de Santa Catarina, Brasil. Il congreso de la sociedad iberoamericana de Epidemiolog\u00eda Veterinaria y.<br>Medicina Preventiva, 2014<\/a><\/div>\n","protected":false},"excerpt":{"rendered":"","protected":false},"author":5,"featured_media":0,"parent":0,"menu_order":0,"comment_status":"closed","ping_status":"closed","template":"","meta":{"footnotes":""},"class_list":["post-29106","page","type-page","status-publish","hentry"],"_links":{"self":[{"href":"https:\/\/www.cidasc.sc.gov.br\/defesasanitariaanimal\/wp-json\/wp\/v2\/pages\/29106","targetHints":{"allow":["GET"]}}],"collection":[{"href":"https:\/\/www.cidasc.sc.gov.br\/defesasanitariaanimal\/wp-json\/wp\/v2\/pages"}],"about":[{"href":"https:\/\/www.cidasc.sc.gov.br\/defesasanitariaanimal\/wp-json\/wp\/v2\/types\/page"}],"author":[{"embeddable":true,"href":"https:\/\/www.cidasc.sc.gov.br\/defesasanitariaanimal\/wp-json\/wp\/v2\/users\/5"}],"replies":[{"embeddable":true,"href":"https:\/\/www.cidasc.sc.gov.br\/defesasanitariaanimal\/wp-json\/wp\/v2\/comments?post=29106"}],"version-history":[{"count":4,"href":"https:\/\/www.cidasc.sc.gov.br\/defesasanitariaanimal\/wp-json\/wp\/v2\/pages\/29106\/revisions"}],"predecessor-version":[{"id":29111,"href":"https:\/\/www.cidasc.sc.gov.br\/defesasanitariaanimal\/wp-json\/wp\/v2\/pages\/29106\/revisions\/29111"}],"wp:attachment":[{"href":"https:\/\/www.cidasc.sc.gov.br\/defesasanitariaanimal\/wp-json\/wp\/v2\/media?parent=29106"}],"curies":[{"name":"wp","href":"https:\/\/api.w.org\/{rel}","templated":true}]}}