{"id":27685,"date":"2023-09-15T19:18:32","date_gmt":"2023-09-15T19:18:32","guid":{"rendered":"https:\/\/www.cidasc.sc.gov.br\/defesasanitariaanimal\/?page_id=27685"},"modified":"2026-02-19T18:23:07","modified_gmt":"2026-02-19T18:23:07","slug":"cadastro-rb51","status":"publish","type":"page","link":"https:\/\/www.cidasc.sc.gov.br\/defesasanitariaanimal\/cadastro-rb51\/","title":{"rendered":"Cadastro RB51"},"content":{"rendered":"\n<div class=\"wp-block-group is-vertical is-layout-flex wp-container-core-group-is-layout-8cf370e7 wp-block-group-is-layout-flex\">\n<p style=\"font-size:15px\"><a href=\"https:\/\/drive.google.com\/file\/d\/1g8o_hFEPGYT2U6OkEjkIaraHsVD290Lt\/view?usp=drive_link\">IN DIDAG 002_2025 substitui a IN 001_2025<\/a><\/p>\n\n\n\n<p style=\"font-size:15px\"><a href=\"https:\/\/drive.google.com\/file\/d\/1y-OsmJGIwPp6Dvfh1UDmy_G4hSd_bzAC\/view?usp=drive_link\">Portaria SAPE 64\/2025<\/a><\/p>\n\n\n\n<p style=\"font-size:15px\"><a href=\"https:\/\/drive.google.com\/file\/d\/1Q4pU4OH73khDNa16ZT58HdXGsmSE-DGK\/view?usp=drive_link\">IS 007 2018 RB51 &#8211; atualizada Portaria 19 e IN 10<\/a><br><a href=\"https:\/\/docs.google.com\/document\/d\/1rtsmoLXjKhwJrCmOKZ22X_gjlLwwmVWq\/edit?usp=drive_link&amp;ouid=116775336132498173027&amp;rtpof=true&amp;sd=true\">Anexo l IS 007<\/a> (Solicita\u00e7\u00e3o de vacina pelo produtor) <\/p>\n\n\n\n<p><strong>Orienta\u00e7\u00f5es para M\u00e9dicos Veterin\u00e1rios para o cadastro de vacina\u00e7\u00e3o RB51: <\/strong><\/p>\n\n\n\n<p style=\"font-size:15px\"><a href=\"https:\/\/docs.google.com\/spreadsheets\/d\/1ryJ84M0tiLT0VsHFcf0OWcVigRcUSm0LyelDj5lfR-w\/edit#gid=0\">M\u00e9dicos veterin\u00e1rios cadastrados RB51<\/a><\/p>\n\n\n\n<p style=\"font-size:15px\"><a href=\"https:\/\/drive.google.com\/file\/d\/1yjraoxk__McP3Kp3wmtQrbJ43vKDSF4-\/view?usp=sharing\">Passo a passo RB51<\/a><\/p>\n\n\n\n<p style=\"font-size:15px\"><a href=\"https:\/\/docs.google.com\/document\/d\/1tdoGGVhaERazcRC-vCkd89IREc5-zH5-\/edit?usp=drive_link&amp;ouid=116775336132498173027&amp;rtpof=true&amp;sd=true\">Anexo V IS 007<\/a> (Cadastro de MV para vacina\u00e7\u00e3o)<\/p>\n\n\n\n<p style=\"font-size:15px\">\u00c9 necess\u00e1rio preencher o anexo V, emitir a certid\u00e3o negativa do CRMV e entregar ou encaminhar toda a documenta\u00e7\u00e3o na UVL da CIDASC ou por e-relacionamento para UVL. <\/p>\n<\/div>\n\n\n\n<p><\/p>\n","protected":false},"excerpt":{"rendered":"<p>IN DIDAG 002_2025 substitui a IN 001_2025 Portaria SAPE 64\/2025 IS 007 2018 RB51 &#8211; atualizada Portaria 19 e IN 10Anexo l IS 007 (Solicita\u00e7\u00e3o de vacina pelo produtor) Orienta\u00e7\u00f5es para M\u00e9dicos Veterin\u00e1rios para o cadastro de vacina\u00e7\u00e3o RB51: M\u00e9dicos veterin\u00e1rios cadastrados RB51 Passo a passo RB51 Anexo V IS 007 (Cadastro de MV para[&#8230;] <a class=\"moretag\" href=\"https:\/\/www.cidasc.sc.gov.br\/defesasanitariaanimal\/cadastro-rb51\/\">Leia mais&#8230;<\/a><\/p>\n","protected":false},"author":5,"featured_media":0,"parent":0,"menu_order":0,"comment_status":"closed","ping_status":"closed","template":"","meta":{"footnotes":""},"class_list":["post-27685","page","type-page","status-publish","hentry"],"_links":{"self":[{"href":"https:\/\/www.cidasc.sc.gov.br\/defesasanitariaanimal\/wp-json\/wp\/v2\/pages\/27685","targetHints":{"allow":["GET"]}}],"collection":[{"href":"https:\/\/www.cidasc.sc.gov.br\/defesasanitariaanimal\/wp-json\/wp\/v2\/pages"}],"about":[{"href":"https:\/\/www.cidasc.sc.gov.br\/defesasanitariaanimal\/wp-json\/wp\/v2\/types\/page"}],"author":[{"embeddable":true,"href":"https:\/\/www.cidasc.sc.gov.br\/defesasanitariaanimal\/wp-json\/wp\/v2\/users\/5"}],"replies":[{"embeddable":true,"href":"https:\/\/www.cidasc.sc.gov.br\/defesasanitariaanimal\/wp-json\/wp\/v2\/comments?post=27685"}],"version-history":[{"count":13,"href":"https:\/\/www.cidasc.sc.gov.br\/defesasanitariaanimal\/wp-json\/wp\/v2\/pages\/27685\/revisions"}],"predecessor-version":[{"id":34787,"href":"https:\/\/www.cidasc.sc.gov.br\/defesasanitariaanimal\/wp-json\/wp\/v2\/pages\/27685\/revisions\/34787"}],"wp:attachment":[{"href":"https:\/\/www.cidasc.sc.gov.br\/defesasanitariaanimal\/wp-json\/wp\/v2\/media?parent=27685"}],"curies":[{"name":"wp","href":"https:\/\/api.w.org\/{rel}","templated":true}]}}