{"id":27541,"date":"2023-08-31T14:09:50","date_gmt":"2023-08-31T14:09:50","guid":{"rendered":"https:\/\/www.cidasc.sc.gov.br\/defesasanitariaanimal\/?page_id=27541"},"modified":"2024-03-08T19:14:56","modified_gmt":"2024-03-08T19:14:56","slug":"coordenacao-estadual-de-erradicacao-de-brucelose-e-tuberculose-5","status":"publish","type":"page","link":"https:\/\/www.cidasc.sc.gov.br\/defesasanitariaanimal\/coordenacao-estadual-de-erradicacao-de-brucelose-e-tuberculose-5\/","title":{"rendered":"Coordena\u00e7\u00e3o Estadual de Erradica\u00e7\u00e3o de Brucelose e Tuberculose"},"content":{"rendered":"\n<div style=\"height:31px\" aria-hidden=\"true\" class=\"wp-block-spacer\"><\/div>\n\n\n\n<p class=\"has-text-align-center\"><strong>DIAGN\u00d3STICO COMPLEMENTAR DE TUBERCULOSE PARA SANEAMENTO DE FOCOS &#8211; LEGISLA\u00c7\u00c3O ESTADUAL<\/strong><\/p>\n\n\n\n<p class=\"has-small-font-size\">Lista de laborat\u00f3rios autorizados para o diagn\u00f3stico sorol\u00f3gico da tuberculose animal (ELISA):<\/p>\n\n\n<p><a href=\"https:\/\/www.cidasc.sc.gov.br\/laboratorial\/laboratorios\/\">Laborat\u00f3rios da Cidasc e credenciados para exames PNCEBT<\/a><\/p>\n\n\n<p style=\"font-size:15px\"><a href=\"https:\/\/drive.google.com\/file\/d\/1eVYFzzMoU01eRXzXEwkKjf-SbX78XCIx\/view\">PORTARIA SAR n\u00ba 32, DE 15 DE OUTUBRO DE 2020 &#8211; Aprimora os procedimentos de saneamento de  focos de tuberculose bovina em SC<\/a><\/p>\n","protected":false},"excerpt":{"rendered":"<p>DIAGN\u00d3STICO COMPLEMENTAR DE TUBERCULOSE PARA SANEAMENTO DE FOCOS &#8211; LEGISLA\u00c7\u00c3O ESTADUAL Lista de laborat\u00f3rios autorizados para o diagn\u00f3stico sorol\u00f3gico da tuberculose animal (ELISA): Laborat\u00f3rios da Cidasc e credenciados para exames PNCEBT PORTARIA SAR n\u00ba 32, DE 15 DE OUTUBRO DE 2020 &#8211; Aprimora os procedimentos de saneamento de focos de tuberculose bovina em SC<\/p>\n","protected":false},"author":70,"featured_media":0,"parent":0,"menu_order":0,"comment_status":"closed","ping_status":"closed","template":"","meta":{"footnotes":""},"class_list":["post-27541","page","type-page","status-publish","hentry"],"_links":{"self":[{"href":"https:\/\/www.cidasc.sc.gov.br\/defesasanitariaanimal\/wp-json\/wp\/v2\/pages\/27541","targetHints":{"allow":["GET"]}}],"collection":[{"href":"https:\/\/www.cidasc.sc.gov.br\/defesasanitariaanimal\/wp-json\/wp\/v2\/pages"}],"about":[{"href":"https:\/\/www.cidasc.sc.gov.br\/defesasanitariaanimal\/wp-json\/wp\/v2\/types\/page"}],"author":[{"embeddable":true,"href":"https:\/\/www.cidasc.sc.gov.br\/defesasanitariaanimal\/wp-json\/wp\/v2\/users\/70"}],"replies":[{"embeddable":true,"href":"https:\/\/www.cidasc.sc.gov.br\/defesasanitariaanimal\/wp-json\/wp\/v2\/comments?post=27541"}],"version-history":[{"count":3,"href":"https:\/\/www.cidasc.sc.gov.br\/defesasanitariaanimal\/wp-json\/wp\/v2\/pages\/27541\/revisions"}],"predecessor-version":[{"id":29095,"href":"https:\/\/www.cidasc.sc.gov.br\/defesasanitariaanimal\/wp-json\/wp\/v2\/pages\/27541\/revisions\/29095"}],"wp:attachment":[{"href":"https:\/\/www.cidasc.sc.gov.br\/defesasanitariaanimal\/wp-json\/wp\/v2\/media?parent=27541"}],"curies":[{"name":"wp","href":"https:\/\/api.w.org\/{rel}","templated":true}]}}