{"id":27528,"date":"2023-08-31T13:59:51","date_gmt":"2023-08-31T13:59:51","guid":{"rendered":"https:\/\/www.cidasc.sc.gov.br\/defesasanitariaanimal\/?page_id=27528"},"modified":"2023-08-31T13:59:55","modified_gmt":"2023-08-31T13:59:55","slug":"coordenacao-estadual-de-erradicacao-de-brucelose-e-tuberculose-3","status":"publish","type":"page","link":"https:\/\/www.cidasc.sc.gov.br\/defesasanitariaanimal\/coordenacao-estadual-de-erradicacao-de-brucelose-e-tuberculose-3\/","title":{"rendered":"Coordena\u00e7\u00e3o Estadual de Erradica\u00e7\u00e3o de Brucelose e Tuberculose\u00a0"},"content":{"rendered":"\n<div style=\"height:22px\" aria-hidden=\"true\" class=\"wp-block-spacer\"><\/div>\n\n\n\n<p class=\"has-text-align-center\"><strong>VIGIL\u00c2NCIA EM ABATEDOUROS PARA BRUCELOSE BOVINA<\/strong><\/p>\n\n\n\n<div class=\"wp-block-group\"><div class=\"wp-block-group__inner-container is-layout-constrained wp-block-group-is-layout-constrained\">\n<p class=\"has-small-font-size\"><a href=\"http:\/\/www.cidasc.sc.gov.br\/defesasanitariaanimal\/files\/2020\/03\/Instru\u00e7\u00e3o-de-Servi\u00e7o-010-DEDSA-DEINP-Vigil\u00e2ncia-ativa-em-Abatedouros-Brucelose.pdf\">Instru\u00e7\u00e3o de Servi\u00e7o 010 DEDSA DEINP &#8211; Vigil\u00e2ncia ativa em Abatedouros &#8211; Brucelose<\/a><\/p>\n\n\n\n<div class=\"wp-block-file\"><a id=\"wp-block-file--media-5c1b2ad2-3963-49d3-8787-a81ddb3a3f32\" href=\"http:\/\/www.cidasc.sc.gov.br\/defesasanitariaanimal\/files\/2020\/12\/Formul\u00e1rio-de-Requisi\u00e7\u00e3o-Anexo-da-IS-DEDSA-DEINP-N-10-18-09-2020.pdf\">Formul\u00e1rio de Requisi\u00e7\u00e3o &#8211; Anexo da IS DEDSA DEINP N 10 &#8211; Vigil\u00e2ncia Ativa Abatedouros &#8211; Brucelose<\/a><\/div>\n\n\n\n<div class=\"wp-block-file\"><a id=\"wp-block-file--media-135938f0-38ae-4f55-b340-72428e59d2a5\" href=\"http:\/\/www.cidasc.sc.gov.br\/defesasanitariaanimal\/files\/2021\/09\/FORM-Requisi\u00e7\u00e3o-Ensaio-Brucelose-ELISA-leite-1.xlsx\">FORM Requisi\u00e7\u00e3o Ensaio Brucelose &#8211; ELISA Leite<\/a><\/div>\n\n\n\n<div class=\"wp-block-file\"><a id=\"wp-block-file--media-04756245-1ea7-4cd5-93e2-babcb856f19d\" href=\"https:\/\/www.cidasc.sc.gov.br\/defesasanitariaanimal\/files\/2023\/08\/FORM-Requisicao-Investigacao-de-Vinculo-Epidemiologico-com-foco-de-Brucelose-ELISA-leite.pdf\"><a href=\"https:\/\/drive.google.com\/file\/d\/1MMp2kZWFA2Tm2G-zgBUCVijNz-90GHAP\/view?usp=sharing\">FORM Requisi\u00e7\u00e3o Investiga\u00e7\u00e3o de V\u00ednculo Epidemiol\u00f3gico com foco de Brucelose (ELISA leite)<\/a><\/a><\/div>\n\n\n\n<hr class=\"wp-block-separator has-text-color has-cyan-bluish-gray-color has-alpha-channel-opacity has-cyan-bluish-gray-background-color has-background is-style-wide\" \/>\n<\/div><\/div>\n","protected":false},"excerpt":{"rendered":"<p>VIGIL\u00c2NCIA EM ABATEDOUROS PARA BRUCELOSE BOVINA Instru\u00e7\u00e3o de Servi\u00e7o 010 DEDSA DEINP &#8211; Vigil\u00e2ncia ativa em Abatedouros &#8211; Brucelose<\/p>\n","protected":false},"author":70,"featured_media":0,"parent":0,"menu_order":0,"comment_status":"closed","ping_status":"closed","template":"","meta":{"footnotes":""},"class_list":["post-27528","page","type-page","status-publish","hentry"],"_links":{"self":[{"href":"https:\/\/www.cidasc.sc.gov.br\/defesasanitariaanimal\/wp-json\/wp\/v2\/pages\/27528","targetHints":{"allow":["GET"]}}],"collection":[{"href":"https:\/\/www.cidasc.sc.gov.br\/defesasanitariaanimal\/wp-json\/wp\/v2\/pages"}],"about":[{"href":"https:\/\/www.cidasc.sc.gov.br\/defesasanitariaanimal\/wp-json\/wp\/v2\/types\/page"}],"author":[{"embeddable":true,"href":"https:\/\/www.cidasc.sc.gov.br\/defesasanitariaanimal\/wp-json\/wp\/v2\/users\/70"}],"replies":[{"embeddable":true,"href":"https:\/\/www.cidasc.sc.gov.br\/defesasanitariaanimal\/wp-json\/wp\/v2\/comments?post=27528"}],"version-history":[{"count":2,"href":"https:\/\/www.cidasc.sc.gov.br\/defesasanitariaanimal\/wp-json\/wp\/v2\/pages\/27528\/revisions"}],"predecessor-version":[{"id":27530,"href":"https:\/\/www.cidasc.sc.gov.br\/defesasanitariaanimal\/wp-json\/wp\/v2\/pages\/27528\/revisions\/27530"}],"wp:attachment":[{"href":"https:\/\/www.cidasc.sc.gov.br\/defesasanitariaanimal\/wp-json\/wp\/v2\/media?parent=27528"}],"curies":[{"name":"wp","href":"https:\/\/api.w.org\/{rel}","templated":true}]}}