{"id":27522,"date":"2023-08-31T13:55:28","date_gmt":"2023-08-31T13:55:28","guid":{"rendered":"https:\/\/www.cidasc.sc.gov.br\/defesasanitariaanimal\/?page_id=27522"},"modified":"2025-03-28T17:54:54","modified_gmt":"2025-03-28T17:54:54","slug":"coordenacao-estadual-de-erradicacao-de-brucelose-e-tuberculose-2","status":"publish","type":"page","link":"https:\/\/www.cidasc.sc.gov.br\/defesasanitariaanimal\/coordenacao-estadual-de-erradicacao-de-brucelose-e-tuberculose-2\/","title":{"rendered":"Coordena\u00e7\u00e3o Estadual de Erradica\u00e7\u00e3o de Brucelose e Tuberculose"},"content":{"rendered":"\n<div style=\"height:37px\" aria-hidden=\"true\" class=\"wp-block-spacer\"><\/div>\n\n\n\n<p class=\"has-text-align-center\"><strong>VIGIL\u00c2NCIA EM ABATEDOUROS PARA TUBERCULOSE BOVINA<\/strong><\/p>\n\n\n\n<div class=\"wp-block-group\"><div class=\"wp-block-group__inner-container is-layout-constrained wp-block-group-is-layout-constrained\">\n<div class=\"wp-block-file\"><a id=\"wp-block-file--media-c5cb7b9b-e082-451c-804e-394c66ee6555\" href=\"http:\/\/www.cidasc.sc.gov.br\/defesasanitariaanimal\/files\/2025\/03\/IS-11-DEDSA-DEINP-versao-2.pdf\">Instru\u00e7\u00e3o de Servi\u00e7o 011 DEDSA DEINP &#8211; Vigil\u00e2ncia ativa em Abatedouros &#8211; Tuberculose<\/a><\/div>\n\n\n\n<div class=\"wp-block-file\"><a id=\"wp-block-file--media-71533b36-d6c7-4cbf-88f5-5cf59e157556\" href=\"http:\/\/www.cidasc.sc.gov.br\/defesasanitariaanimal\/files\/2025\/03\/Anexo-III.pdf\">Instrutivo de Registro de Notifica\u00e7\u00e3o de Les\u00e3o Sugestiva de Tuberculose no SISBRAVET  &#8211; Anexo III<\/a><\/div>\n\n\n\n<p><a rel=\"noreferrer noopener\" href=\"https:\/\/forms.gle\/cFGZndnmavwNj9rA9\" target=\"_blank\">Requisi\u00e7\u00e3o de exame de les\u00f5es bovinas encontradas em abate<\/a> <\/p>\n<\/div><\/div>\n","protected":false},"excerpt":{"rendered":"<p>VIGIL\u00c2NCIA EM ABATEDOUROS PARA TUBERCULOSE BOVINA Requisi\u00e7\u00e3o de exame de les\u00f5es bovinas encontradas em abate<\/p>\n","protected":false},"author":70,"featured_media":0,"parent":0,"menu_order":0,"comment_status":"closed","ping_status":"closed","template":"","meta":{"footnotes":""},"class_list":["post-27522","page","type-page","status-publish","hentry"],"_links":{"self":[{"href":"https:\/\/www.cidasc.sc.gov.br\/defesasanitariaanimal\/wp-json\/wp\/v2\/pages\/27522","targetHints":{"allow":["GET"]}}],"collection":[{"href":"https:\/\/www.cidasc.sc.gov.br\/defesasanitariaanimal\/wp-json\/wp\/v2\/pages"}],"about":[{"href":"https:\/\/www.cidasc.sc.gov.br\/defesasanitariaanimal\/wp-json\/wp\/v2\/types\/page"}],"author":[{"embeddable":true,"href":"https:\/\/www.cidasc.sc.gov.br\/defesasanitariaanimal\/wp-json\/wp\/v2\/users\/70"}],"replies":[{"embeddable":true,"href":"https:\/\/www.cidasc.sc.gov.br\/defesasanitariaanimal\/wp-json\/wp\/v2\/comments?post=27522"}],"version-history":[{"count":4,"href":"https:\/\/www.cidasc.sc.gov.br\/defesasanitariaanimal\/wp-json\/wp\/v2\/pages\/27522\/revisions"}],"predecessor-version":[{"id":32025,"href":"https:\/\/www.cidasc.sc.gov.br\/defesasanitariaanimal\/wp-json\/wp\/v2\/pages\/27522\/revisions\/32025"}],"wp:attachment":[{"href":"https:\/\/www.cidasc.sc.gov.br\/defesasanitariaanimal\/wp-json\/wp\/v2\/media?parent=27522"}],"curies":[{"name":"wp","href":"https:\/\/api.w.org\/{rel}","templated":true}]}}